{"id":2010,"date":"2021-04-17T16:27:35","date_gmt":"2021-04-17T14:27:35","guid":{"rendered":"https:\/\/semmelweis.hu\/ortopedklinika\/?page_id=2010"},"modified":"2023-02-21T21:04:39","modified_gmt":"2023-02-21T20:04:39","slug":"tdk-eloadasok-listaja","status":"publish","type":"page","link":"https:\/\/semmelweis.hu\/ortopedklinika\/tdk-transzlacios-medicina-program-2\/tdk-konferencia\/tdk-eloadasok-listaja\/","title":{"rendered":"TDK el\u0151ad\u00e1sok list\u00e1ja"},"content":{"rendered":"<p style=\"text-align: justify\"><span style=\"font-size: 18pt\"><strong>2023<\/strong><\/span>\u00a0 \u00a0 \u00a0 \u00a0 \u00a0 \u00a0\u00a0<\/p>\n<p style=\"text-align: justify\"><strong>B\u00e1r\u00e1ny Tam\u00e1s \u00c1OK V., Magyar Krist\u00f3f \u00c1OK V.<\/strong><\/p>\n<p style=\"text-align: justify\"><i>A cs\u00edp\u0151forg\u00e1spont helyzet\u00e9nek hat\u00e1sa az \u00e9letmin\u0151s\u00e9gre \u00e9s funkcionalit\u00e1sra a DDH miatt\u00a0prot\u00e9zisbe\u00fcltet\u00e9sen \u00e1tesett betegn\u00e9l<\/i><\/p>\n<p style=\"text-align: justify\">T\u00e9mavezet\u0151: dr. Skaliczki G\u00e1bor, dr. Vir\u00e1g-Tulassay Eszter<\/p>\n<p style=\"text-align: justify\"><strong>Chan Ju Baek \u00c1OK V.<\/strong><\/p>\n<p style=\"text-align: justify\"><em>Hyaluronate acid and its combinations are superior to steroids in the injection therapy of partial rotator cuff tears: a network meta-analysis<\/em><\/p>\n<p style=\"text-align: justify\">T\u00e9mavezet\u0151: dr. Weninger Viktor, dr. Skaliczki G\u00e1bor<\/p>\n<p style=\"text-align: justify\"><strong>Csan\u00e1di Petra \u00c1OK V.<\/strong><\/p>\n<p style=\"text-align: justify\"><em>Ultrahang vizsg\u00e1lata velesz\u00fcletett dongal\u00e1b deformit\u00e1sn\u00e1l<\/em><\/p>\n<p style=\"text-align: justify\">T\u00e9mavezet\u0151: dr. Szab\u00f3 Mikl\u00f3s K\u00e1roly<\/p>\n<p style=\"text-align: justify\"><strong>Elmar Lutz EM V.<\/strong><\/p>\n<p style=\"text-align: justify\"><em>Diagnostic accuracy of MRI for different ligamentous lesions of the wrist<\/em><\/p>\n<p style=\"text-align: justify\">T\u00e9mavezet\u0151: dr. Herg\u00e1r Luca<\/p>\n<p style=\"text-align: justify\"><strong>Heged\u0171s Bence Levente \u00c1OK VI.<\/strong><\/p>\n<p style=\"text-align: justify\"><i>A Cutibacterium acnes\u00a0cs\u00edrasz\u00e1m\u00e1nak cs\u00f6kkent\u00e9si lehet\u0151s\u00e9gei a v\u00e1ll\u00edz\u00fclet k\u00f6r\u00fcl: szisztematikus \u00e1ttekint\u00e9s \u00e9s metaanal\u00edzis<\/i><\/p>\n<p style=\"text-align: justify\">T\u00e9mavezet\u0151: dr. Weninger Viktor, dr. Skaliczki G\u00e1bor<\/p>\n<p style=\"text-align: justify\"><strong>Kov\u00e1cs Bence \u00c1OK VI., So\u00f3s Gergely \u00c1OK V.<\/strong><\/p>\n<p style=\"text-align: justify\"><em>Az anizotr\u00f3pia, anat\u00f3miai r\u00e9gi\u00f3 \u00e9s tov\u00e1bbi v\u00e1ltoz\u00f3k hat\u00e1sa a csont Young modulus\u00e1ra: Rendszerezett szakirodalmi \u00e1ttekint\u00e9s \u00e9s\u00a0<\/em><i>metaanal\u00edzis<\/i><\/p>\n<p style=\"text-align: justify\">T\u00e9mavezet\u0151: dr. Kov\u00e1cs Kriszti\u00e1n, dr. Kocsis Gy\u00f6rgy<\/p>\n<p style=\"text-align: justify\"><strong>Sz\u00e9p Bettina \u00c1OK IV.<\/strong><\/p>\n<p style=\"text-align: justify\"><i>Struktur\u00e1lt adatgy\u0171jt\u00e9ssel szerzett tapasztalataink idiopathi\u00e1s scoliosis miatt\u00a0<\/i><em>gondozott betegekn\u00e9l<\/em><\/p>\n<p style=\"text-align: justify\">T\u00e9mavezet\u0151: dr. Horv\u00e1th Nikoletta, dr. K\u0151v\u00e1ri Eszter<\/p>\n<hr \/>\n<p style=\"text-align: justify\"><span style=\"font-size: 18pt\"><strong>2022<\/strong><\/span>\u00a0 \u00a0 \u00a0 \u00a0 \u00a0 \u00a0<\/p>\n<p style=\"text-align: justify\"><strong>Ruppert M\u00e1t\u00e9 \u00c1OK V.<\/strong><\/p>\n<p style=\"text-align: justify\"><i>A Critical Shoulder Angle (CSA) v\u00e1ltoz\u00e1s\u00e1nak hat\u00e1sa a\u00a0szubakromi\u00e1lis impingement miatt\u00a0szubakromi\u00e1lis dekompresszi\u00f3n \u00e1tesett betegek hossz\u00fat\u00e1v\u00fa eredm\u00e9nyeire<\/i><\/p>\n<p style=\"text-align: justify\">T\u00e9mavezet\u0151: dr. Skaliczki G\u00e1bor, dr. S\u00e1ndor Zolt\u00e1n<\/p>\n<p style=\"text-align: justify\"><strong>J\u00f3n\u00e1s Georgina \u00c1OK V., Szegedi \u00c1kos \u00c1OK VI.<\/strong><\/p>\n<p style=\"text-align: justify\"><i>A subvastus \u00e9s medialis parapatellaris felt\u00e1r\u00e1s\u00a0biztons\u00e1goss\u00e1g\u00e1nak \u00e9s hat\u00e9konys\u00e1g\u00e1nak \u00f6sszehasonl\u00edt\u00e1sa a k\u00f6zvetlen\u00a0posztoperat\u00edv rehabilit\u00e1ci\u00f3 tekintet\u00e9ben<\/i><\/p>\n<p style=\"text-align: justify\">T\u00e9mavezet\u0151: dr. Bejek Zolt\u00e1n, dr. Stubnya Bence<\/p>\n<hr \/>\n<p style=\"text-align: justify\"><span style=\"font-size: 18pt\"><strong>2<\/strong><\/span><span style=\"font-size: 18pt\"><strong>021<\/strong><\/span>\u00a0\u00a0\u00a0\u00a0\u00a0\u00a0\u00a0\u00a0\u00a0\u00a0\u00a0\u00a0<\/p>\n<p style=\"text-align: justify\"><strong>Boros Rox\u00e1na Krisztina \u00c1OK VI.<\/strong><\/p>\n<p style=\"text-align: justify\"><em>A m\u00fbt\u00e9ti felt\u00e1r\u00e1s \u00e9s v\u00e9rtelens\u00e9g hat\u00e1sa a t\u00e9rd\u00edz\u00fcleti artroplasztika korai rehabilit\u00e1ci\u00f3ra<\/em><\/p>\n<p style=\"text-align: justify\">T\u00e9mavezet\u0151: dr. Bejek Zolt\u00e1n, dr. Stubnya Bence<\/p>\n<hr \/>\n<p style=\"text-align: justify\"><span style=\"font-size: 18pt\"><strong>2020<\/strong><\/span>\u00a0\u00a0\u00a0\u00a0\u00a0\u00a0\u00a0\u00a0\u00a0\u00a0\u00a0\u00a0<\/p>\n<p style=\"text-align: justify\"><strong>Ferenczy Botond SE \u00c1OK V.<\/strong><\/p>\n<p style=\"text-align: justify\"><em>N\u00e9gyes artrod\u00e9zis fejn\u00e9lk\u00fcli, kan\u00fcl\u00e1lt kompresszi\u00f3s csavaroz\u00e1ssal<\/em><\/p>\n<p style=\"text-align: justify\">T\u00e9mavezet\u0151: dr. Hetth\u00e9ssy Judit, dr. Szak\u00e1cs No\u00e9mi<\/p>\n<p style=\"text-align: justify\"><strong>Pong\u00f3 Gabriella SE \u00c1OK V.<\/strong><\/p>\n<p style=\"text-align: justify\"><em>A dorsalis radiocarpalis ganglionok: a nyitott \u00e9s arthroscopos m\u00fbt\u00e9ti megold\u00e1sok \u00f6sszehasonl\u00edt\u00e1sa<\/em><\/p>\n<p style=\"text-align: justify\">T\u00e9mavezet\u0151: dr. Szak\u00e1cs No\u00e9mi, dr. Hetth\u00e9ssy Judit<\/p>\n<p style=\"text-align: justify\"><strong>Stubnya Bence SE \u00c1OK VI.<\/strong><\/p>\n<p style=\"text-align: justify\"><em>Felt\u00e1r\u00e1s m\u00f3dj\u00e1nak hat\u00e1sa a k\u00f6zvetlen posztoperat\u00edv id\u00f5szakra teljes felsz\u00ednp\u00f3tl\u00f3 t\u00e9rdprot\u00e9zis be\u00fcltet\u00e9se eset\u00e9n<\/em><\/p>\n<p style=\"text-align: justify\">T\u00e9mavezet\u0151: dr. Bejek Zolt\u00e1n<\/p>\n<hr \/>\n<p style=\"text-align: justify\"><strong>\u00a0<\/strong><span style=\"font-size: 18pt\"><strong>2019<\/strong><\/span>\u00a0\u00a0\u00a0\u00a0\u00a0\u00a0\u00a0\u00a0\u00a0\u00a0\u00a0\u00a0<\/p>\n<p style=\"text-align: justify\"><strong>Bujt\u00e1s Gerg\u00f5 M\u00e1rk SE \u00c1OK VI.<\/strong><\/p>\n<p style=\"text-align: justify\"><em>Elektrofiziol\u00f3giai vizsg\u00e1latok \u00e9s az idegi ultrahang szerepe carp\u00e1lis alag\u00fatszindr\u00f3ma diagnosztik\u00e1j\u00e1ban \u00e9s ter\u00e1pi\u00e1j\u00e1ban<\/em><\/p>\n<p style=\"text-align: justify\">T\u00e9mavezet\u0151: dr. Hetth\u00e9ssy Judit<\/p>\n<p style=\"text-align: justify\"><strong>Herg\u00e1r Luca SE \u00c1OK IV.<\/strong><\/p>\n<p style=\"text-align: justify\"><em>A carp\u00e1lis alag\u00fat szindr\u00f3ma m\u00fbt\u00e9ti kezel\u00e9s\u00e9nek eredm\u00e9nyei az \u00e9letkor, nem \u00e9s a panaszok id\u00f5tartam\u00e1nak f\u00fcggv\u00e9ny\u00e9ben \u2013 prospekt\u00edv vizsg\u00e1lat<\/em><\/p>\n<p style=\"text-align: justify\">T\u00e9mavezet\u0151: dr. Hetth\u00e9ssy Judit<\/p>\n<p style=\"text-align: justify\"><strong>J\u00e9re Gerg\u00f5 SE \u00c1OK VI.<\/strong><\/p>\n<p style=\"text-align: justify\"><em>\u00cdz\u00fcleti prot\u00e9zis be\u00fcltet\u00e9s ut\u00e1ni korai bakteri\u00e1lis fert\u00f5z\u00e9sek kezel\u00e9se \u201eDAIR elvek\u201d szerint<\/em><\/p>\n<p style=\"text-align: justify\">T\u00e9mavezet\u0151: dr. Skaliczki G\u00e1bor, dr. Sallai Imre<\/p>\n<p style=\"text-align: justify\"><strong>Kiss Henrietta SE \u00c1OK V.<\/strong><\/p>\n<p style=\"text-align: justify\"><em>T\u00f6bbszint\u00fb Botox kezel\u00e9s hat\u00e1s\u00e1nak vizsg\u00e1lata ICP-s betegekn\u00e9l<\/em><\/p>\n<p style=\"text-align: justify\">T\u00e9mavezet\u0151: dr. Terebessy Tam\u00e1s<\/p>\n<p style=\"text-align: justify\"><strong>L\u2019Aun\u00e9 Gerda Katalin SE \u00c1OK VI.<\/strong><\/p>\n<p style=\"text-align: justify\"><em>A CPCHILD\u2122 k\u00e9rd\u00f5\u00edv magyar nyelvre t\u00f6rt\u00e9n\u00f5 adapt\u00e1l\u00e1sa \u00e9s valid\u00e1l\u00e1sa<\/em><\/p>\n<p style=\"text-align: justify\">T\u00e9mavezet\u0151: dr. Terebessy Tam\u00e1s<\/p>\n<p style=\"text-align: justify\"><strong>Szentgy\u00f6rgyi Lea Avarka SE \u00c1OK V., Kiss Bence SE \u00c1OK V.<\/strong><\/p>\n<p style=\"text-align: justify\"><em>Pozit\u00edv teny\u00e9szt\u00e9si erem\u00e9nyek \u00e9rt\u00e9kel\u00e9se asepticus cs\u00edp\u00f5prot\u00e9zis rev\u00edzi\u00f3ja sor\u00e1n<\/em><\/p>\n<p style=\"text-align: justify\">T\u00e9mavezet\u0151: dr. Skaliczki G\u00e1bor<\/p>\n<hr \/>\n<p style=\"text-align: justify\"><span style=\"font-size: 18pt\"><strong>2018<\/strong><\/span>\u00a0\u00a0\u00a0\u00a0\u00a0\u00a0\u00a0\u00a0\u00a0\u00a0\u00a0\u00a0<\/p>\n<p style=\"text-align: justify\"><strong>Boczk\u00f3 Zita Laura SE \u00c1OK V.<\/strong><\/p>\n<p style=\"text-align: justify\"><em>Konzervat\u00edvan vagy m\u00fbt\u00e9ti \u00faton? A velesz\u00fcletett cs\u00edp\u00f5ficam kezel\u00e9se 3 h\u00f3napos kor felett<\/em><\/p>\n<p style=\"text-align: justify\">T\u00e9mavezet\u0151: dr. Domos Gyula, dr. Kiss S\u00e1ndor<\/p>\n<p style=\"text-align: justify\"><strong>G\u00e1l Domokos SE \u00c1OK V.<\/strong><\/p>\n<p style=\"text-align: justify\"><em>\u00daj m\u00f3dszer kidolgoz\u00e1sa az ortop\u00e9diai nagy\u00edz\u00fcleti implant\u00e1tumok k\u00f6r\u00fcl kialakult fert\u00f5z\u00e9sek diagnosztik\u00e1j\u00e1ban<\/em><\/p>\n<p style=\"text-align: justify\">T\u00e9mavezet\u0151: dr. Sallai Imre, dr. Skaliczki G\u00e1bor<\/p>\n<p style=\"text-align: justify\"><strong>L\u2019Aun\u00e9 Gerda Katalin SE \u00c1OK V.<\/strong><\/p>\n<p style=\"text-align: justify\"><em>Spasztikus paretikus j\u00e1r\u00e1sk\u00e9p javul\u00e1sa rugalmas ort\u00e9zis hat\u00e1s\u00e1ra<\/em><\/p>\n<p style=\"text-align: justify\">T\u00e9mavezet\u0151: dr. Terebessy Tam\u00e1s<\/p>\n<p style=\"text-align: justify\"><strong>Szopori R\u00e9ka SE \u00c1OK V.<\/strong><\/p>\n<p style=\"text-align: justify\"><em>Morbidit\u00e1s \u00e9s mortalit\u00e1s cs\u00edp\u0151\u00edz\u00fcleti periprotetikus fert\u00f5z\u00e9s k\u00e9t\u00fcl\u00e9ses rev\u00edzi\u00f3ja eset\u00e9n<\/em><\/p>\n<p style=\"text-align: justify\">T\u00e9mavezet\u0151: dr. Skaliczki G\u00e1bor<\/p>\n<hr \/>\n<p style=\"text-align: justify\"><strong>\u00a0<\/strong><span style=\"font-size: 18pt\"><strong>2017<\/strong><\/span>\u00a0\u00a0\u00a0\u00a0\u00a0\u00a0\u00a0\u00a0\u00a0\u00a0\u00a0\u00a0<\/p>\n<p style=\"text-align: justify\"><strong>Ferenczy \u00c1ron SE \u00c1OK V.<\/strong><\/p>\n<p style=\"text-align: justify\"><em>Cs\u00edp\u0151prot\u00e9zis lux\u00e1ci\u00f3k gyakoris\u00e1ga \u00e9s okai a Semmelweis egyetem Ortop\u00e9diai Klinik\u00e1j\u00e1nak beteganyag\u00e1ban<\/em><\/p>\n<p style=\"text-align: justify\">T\u00e9mavezet\u0151: dr. Holnapy Gergely<\/p>\n<p style=\"text-align: justify\"><strong>Gerg\u00f3 G\u00e1bor SE \u00c1OK V.<\/strong><\/p>\n<p style=\"text-align: justify\"><em>A scoliosis Cheneau f\u0171z\u0151vel t\u00f6rt\u00e9nt kezel\u00e9s\u00e9nek eredm\u00e9nyei a Semmelweis Egyetem Ortop\u00e9diai Klinik\u00e1n<\/em><\/p>\n<p style=\"text-align: justify\">T\u00e9mavezet\u0151: dr. Horv\u00e1th Nikoletta<\/p>\n<p style=\"text-align: justify\"><strong>Ruscs\u00e1k Krisztina SE \u00c1OK VI.<\/strong><\/p>\n<p style=\"text-align: justify\"><em>Izomaktivit\u00e1s, \u00edz\u00fcleti nyomat\u00e9k \u00e9s talpnyom\u00e1s eloszl\u00e1s k\u00fcl\u00f6nb\u00f6z\u0151 fut\u00f3technik\u00e1kban<\/em><\/p>\n<p style=\"text-align: justify\">T\u00e9mavezet\u0151: dr. Terebessy Tam\u00e1s<\/p>\n<hr \/>\n<p style=\"text-align: justify\"><span style=\"font-size: 18pt\"><strong>2016<\/strong><\/span>\u00a0\u00a0\u00a0\u00a0\u00a0\u00a0\u00a0\u00a0\u00a0\u00a0\u00a0\u00a0<\/p>\n<p style=\"text-align: justify\"><strong>Bauer D\u00f3ra SE \u00c1OK V.<\/strong><\/p>\n<p style=\"text-align: justify\"><em>V\u00e1llartroszk\u00f3pi\u00e1val szerzett 10 \u00e9ves tapasztalat a biztons\u00e1g, sz\u00f6v\u00f5dm\u00e9nyek \u00e9s a finansz\u00edroz\u00e1s szempontj\u00e1b\u00f3l<\/em><\/p>\n<p style=\"text-align: justify\">T\u00e9mavezet\u0151: dr. Skaliczki G\u00e1bor<\/p>\n<p style=\"text-align: justify\"><strong>Csercsik Rita SE DM VI.<\/strong><\/p>\n<p style=\"text-align: justify\"><em>Morton neuroma \u2013 Hogyan j\u00e1rjunk el?<\/em><\/p>\n<p style=\"text-align: justify\">T\u00e9mavezet\u0151: dr. Hetth\u00e9ssy Judit R\u00e9ka, dr. M\u00e1dy Ferenc<\/p>\n<p style=\"text-align: justify\"><strong>Kov\u00e1cs Kriszti\u00e1n SE \u00c1OK VI.<\/strong><\/p>\n<p style=\"text-align: justify\"><em>Seb\u00e9szi sz\u00e9l jelent\u00f5s\u00e9ge malignus l\u00e1gyr\u00e9sztumorok ell\u00e1t\u00e1sakor<\/em><\/p>\n<p style=\"text-align: justify\">T\u00e9mavezet\u0151: dr. Perlaky Tam\u00e1s<\/p>\n<p style=\"text-align: justify\"><strong>Suszt\u00e1k N\u00f3ra SE \u00c1OK IV., Sz\u00f6gi Mikl\u00f3s SE \u00c1OK IV.<\/strong><\/p>\n<p style=\"text-align: justify\"><em>Az MR-k\u00e9palkot\u00e1s szenzitivit\u00e1sa \u00e9s specificit\u00e1sa a t.rd.z\u00fclet porcfelsz\u00edneinek megbeteged\u00e9seiben az arthroscopos lelethez viszony\u00edtva<\/em><\/p>\n<p style=\"text-align: justify\">T\u00e9mavezet\u0151: dr. Bartha Lajos<\/p>\n<hr \/>\n<p style=\"text-align: justify\"><span style=\"font-size: 18pt\"><strong>2015<\/strong><\/span>\u00a0\u00a0\u00a0\u00a0\u00a0\u00a0\u00a0\u00a0\u00a0\u00a0\u00a0\u00a0<\/p>\n<p style=\"text-align: justify\"><strong>Hal\u00e1sz Judit SE \u00c1OK V.<\/strong><\/p>\n<p style=\"text-align: justify\"><em>A velesz\u00fcletett cs\u00edp\u00f5ficam kezel\u00e9s\u00e9nek eredm\u00e9nyess\u00e9ge az Ortop\u00e9diai Klinika<\/em><\/p>\n<p style=\"text-align: justify\"><em>cs\u00edp\u00f5ficam regiszter\u00e9nek adatai alapj\u00e1n<\/em><\/p>\n<p style=\"text-align: justify\">T\u00e9mavezet\u0151: dr. Domos Gyula<\/p>\n<p style=\"text-align: justify\"><strong>Kiss L\u00e1szl\u00f3<\/strong><\/p>\n<p style=\"text-align: justify\"><em>Calcaneus stop m\u00f3dszer hat\u00e1s\u00e1nak meg\u00edt\u00e9l\u00e9se gyermekkori l\u00fadtalp eset\u00e9n 3 dimenzi\u00f3s j\u00e1r\u00e1sanal\u00edzissel<\/em><\/p>\n<p style=\"text-align: justify\">T\u00e9mavezet\u0151: dr. Terebessy Tam\u00e1s<\/p>\n<p style=\"text-align: justify\"><strong>P\u00e1l Annam\u00e1ria Andrea <\/strong><strong>SE \u00c1OK V.<\/strong><\/p>\n<p style=\"text-align: justify\"><em>Preoperativ g\u00f3ckutat\u00e1s szerepe a \u00a0cs\u00edp\u0151iz\u00fcleti periprotetikus fert\u0151z\u00e9sek kialakul\u00e1s\u00e1ban<\/em><\/p>\n<p style=\"text-align: justify\">T\u00e9mavezet\u0151: dr. Skaliczki G\u00e1bor<\/p>\n<p style=\"text-align: justify\"><strong>Szij\u00e1rt\u00f3 Annam\u00e1ria SE \u00c1OK VI.<\/strong><\/p>\n<p style=\"text-align: justify\"><em>Als\u00f3 v\u00e9gtagi m\u0171t\u00e9ten \u00e9s gipszr\u00f6gz\u00edt\u00e9sen \u00e1tesett spasztikus gyermekek csonts\u0171r\u0171s\u00e9ge<\/em><\/p>\n<p style=\"text-align: justify\">T\u00e9mavezet\u0151: dr. Terebessy Tam\u00e1s<\/p>\n<hr \/>\n<p style=\"text-align: justify\"><span style=\"font-size: 18pt\"><strong>2014<\/strong><\/span>\u00a0\u00a0\u00a0\u00a0\u00a0\u00a0\u00a0\u00a0\u00a0\u00a0\u00a0\u00a0<\/p>\n<p style=\"text-align: justify\"><strong>Sallai Imre SE \u00c1OK VI.<\/strong><\/p>\n<p style=\"text-align: justify\"><em>R\u00e9szleges rotatork\u00f6peny szakad\u00e1sok arthroscopos ell\u00e1t\u00e1s\u00e1nak eredm\u00e9nyei<\/em><\/p>\n<p style=\"text-align: justify\">T\u00e9mavezet\u0151: dr. Skaliczki G\u00e1bor, dr. Antal Imre<\/p>\n<p style=\"text-align: justify\"><strong>Szij\u00e1rt\u00f3 Annam\u00e1ria SE \u00c1OK V., Sallai Eszter SE \u00c1OK VI.<\/strong><\/p>\n<p style=\"text-align: justify\"><em>Az epiphyseolysis capitis femoris vizsg\u00e1lata 3D j\u00e1r\u00e1sanal\u00edzissel<\/em><\/p>\n<p style=\"text-align: justify\">T\u00e9mavezet\u0151: dr. Terebessy Tam\u00e1s, Gr\u00f3sz G\u00e1bor<\/p>\n<hr \/>\n<p style=\"text-align: justify\"><span style=\"font-size: 18pt\"><strong>2013<\/strong><\/span> \u00a0\u00a0\u00a0\u00a0\u00a0\u00a0\u00a0\u00a0\u00a0\u00a0<\/p>\n<p style=\"text-align: justify\"><strong>Gresits Orsolya SE \u00c1OK V., Sallai Eszter SE \u00c1OK V.<\/strong><\/p>\n<p style=\"text-align: justify\"><em>Dongal\u00e1b regiszter<\/em><\/p>\n<p style=\"text-align: justify\">T\u00e9mavezet\u0151: dr. Terebessy Tam\u00e1s, dr. Domos Gyula<\/p>\n<p style=\"text-align: justify\"><strong>Holl\u00f3 D\u00e1vid SE \u00c1OK VI.<\/strong><\/p>\n<p style=\"text-align: justify\"><em>Velesz\u00fcletett cs\u00edp\u00f5ficam m\u00fbt\u00e9ti repositi\u00f3j\u00e1nak k\u00f6z\u00e9pt\u00e1v\u00fa ut\u00e1nk\u00f6vet\u00e9se<\/em><\/p>\n<p style=\"text-align: justify\">T\u00e9mavezet\u0151: dr. Terebessy Tam\u00e1s, dr. Kiss S\u00e1ndor<\/p>\n<p style=\"text-align: justify\"><strong>Kiss L\u00e1szl\u00f3 SE \u00c1OK IV.<\/strong><\/p>\n<p style=\"text-align: justify\"><em>Pes calcaneovalgus vizsg\u00e1lata 3 dimenzi\u00f3s j\u00e1r\u00e1sanal\u00edzis seg\u00edts\u00e9g\u00e9vel<\/em><\/p>\n<p style=\"text-align: justify\">T\u00e9mavezet\u0151: dr. Terebessy Tam\u00e1s, dr. V\u00e9gv\u00e1ri D\u00f3ra<\/p>\n<p style=\"text-align: justify\"><strong>Lauter Beatrix SE \u00c1OK VI.<\/strong><\/p>\n<p style=\"text-align: justify\"><em>Scoliosis vizsg\u00e1lata h\u00e1romdimenzi\u00f3s j\u00e1r\u00e1sanal\u00edzissel<\/em><\/p>\n<p style=\"text-align: justify\">T\u00e9mavezet\u0151: dr. Terebessy Tam\u00e1s<\/p>\n<p style=\"text-align: justify\"><strong>Sallai Imre SE \u00c1OK V.<\/strong><\/p>\n<p style=\"text-align: justify\"><em>Arthroscopos rot\u00e1tork\u00f6peny rekonstrukci\u00f3 ut\u00e1nvizsg\u00e1lata<\/em><\/p>\n<p style=\"text-align: justify\">T\u00e9mavezet\u0151: dr. Skaliczki G\u00e1bor, dr. Antal Imre\u00a0\u00a0\u00a0\u00a0\u00a0\u00a0\u00a0\u00a0\u00a0\u00a0\u00a0\u00a0\u00a0\u00a0\u00a0\u00a0\u00a0\u00a0\u00a0\u00a0\u00a0\u00a0\u00a0\u00a0\u00a0\u00a0\u00a0\u00a0\u00a0\u00a0\u00a0\u00a0\u00a0\u00a0\u00a0<\/p>\n<p style=\"text-align: justify\"><strong>Stagl Attila SE \u00c1OK VI.<\/strong><\/p>\n<p style=\"text-align: justify\"><em>Cs\u00edp\u00f5prot\u00e9zis be\u00fcltet.s ut\u00e1ni szeptikus sz\u00f6v\u00f5dm\u00e9nyek ut\u00e1nk\u00f6vet\u00e9ses vizsg\u00e1lata<\/em><\/p>\n<p style=\"text-align: justify\">T\u00e9mavezet\u0151: dr. Skaliczki G\u00e1bor<\/p>\n<hr \/>\n<p style=\"text-align: justify\"><span style=\"font-size: 18pt\"><strong>2012<\/strong><\/span>\u00a0\u00a0\u00a0\u00a0\u00a0\u00a0\u00a0\u00a0\u00a0\u00a0\u00a0\u00a0<\/p>\n<p style=\"text-align: justify\"><strong>Debreczeni Attila Tibor SE \u00c1OK VI.<\/strong><\/p>\n<p style=\"text-align: justify\"><em>Be\u00fcltetett csont s\u00fbr\u00fbs\u00e9g\u00e9nek vizsg\u00e1lata impakt\u00e1ci\u00f3s spongiosa plastic\u00e1val v\u00e9gzett v\u00e1parev\u00edzi\u00f3s m\u00fbt\u00e9tek ut\u00e1n<\/em><\/p>\n<p style=\"text-align: justify\">T\u00e9mavezet\u0151: dr. Skaliczki G\u00e1bor<\/p>\n<p style=\"text-align: justify\"><strong>K\u00f5v\u00e1ri Eszter SE \u00c1OK VI. \u2013 Koteczki \u00c1d\u00e1m SE \u00c1OK VI.<\/strong><\/p>\n<p style=\"text-align: justify\"><em>Rot\u00e1tork\u00f6peny rekonstrukci\u00f3 ut\u00e1ni k\u00f6z\u00e9pt\u00e1v\u00fa eredm\u00e9nyek<\/em><\/p>\n<p style=\"text-align: justify\">T\u00e9mavezet\u0151: dr. Skaliczki G\u00e1bor, dr. Antal Imre<\/p>\n<p style=\"text-align: justify\"><strong>Nagy Levente SE \u00c1OK VI.<\/strong><\/p>\n<p style=\"text-align: justify\"><em>V\u00e1ll\u00edz\u00fcleti degenerat\u00edv elv\u00e1ltoz\u00e1sok klinikai \u00e9s MR diagnosztik\u00e1j\u00e1nak pontoss\u00e1ga a m\u00fbt\u00e9ti leletek t\u00fckr\u00e9ben<\/em><\/p>\n<p style=\"text-align: justify\">T\u00e9mavezet\u0151: dr. Skaliczki G\u00e1bor<\/p>\n<p style=\"text-align: justify\"><strong>Sz\u00e9ll Tam\u00e1s SE \u00c1OK V.<\/strong><\/p>\n<p style=\"text-align: justify\"><em>V\u00e1parekonstrukci\u00f3s lehet\u00f5s\u00e9g kiterjedt os ileum defektus eset\u00e9n rev\u00edzi\u00f3s m\u00fbt\u00e9tekben<\/em><\/p>\n<p style=\"text-align: justify\">T\u00e9mavezet\u0151: dr. Skaliczki G\u00e1bor<\/p>\n<p style=\"text-align: justify\"><strong>Zelei Tam\u00e1s SE \u00c1OK VI. \u2013 Klemencsics Istv\u00e1n SE \u00c1OK VI.<\/strong><\/p>\n<p style=\"text-align: justify\"><em>Subacromialis impingement szindr\u00f3ma miatt oper\u00e1lt betegek ultrahangos ut\u00e1nk\u00f6vet\u00e9ses vizsg\u00e1lata<\/em><\/p>\n<p style=\"text-align: justify\">T\u00e9mavezet\u0151: dr. Skaliczki G\u00e1bor<\/p>\n<hr \/>\n<p style=\"text-align: justify\"><span style=\"font-size: 18pt\"><strong>2011<\/strong><\/span>\u00a0\u00a0\u00a0<\/p>\n<p style=\"text-align: justify\"><strong>Csit\u00e1ri Gerg\u00f5 L\u00e1szl\u00f3 SE \u00c1OK V. \u2013 Paksicza Lilla M\u00e1ria SE \u00c1OK V.<\/strong><\/p>\n<p style=\"text-align: justify\"><em>Idiopathi\u00e1s scoliosis hat\u00e1sa a nagy\u00edz\u00fclek helyzet\u00e9re<\/em><\/p>\n<p style=\"text-align: justify\">T\u00e9mavezet\u0151: dr. Terebessy Tam\u00e1s, dr. Holnapy Gergely<\/p>\n<p style=\"text-align: justify\"><strong>Paksicza Lilla M\u00e1ria SE \u00c1OK V. \u2013 Csit\u00e1ri Gerg\u00f5 L\u00e1szl\u00f3 SE \u00c1OK IV.<\/strong><\/p>\n<p style=\"text-align: justify\"><em>Idiopathi\u00e1s scoliosisos gyermekek propriocepci\u00f3j\u00e1nak \u00e9s talpnyom\u00e1s\u00e1nak<\/em><\/p>\n<p style=\"text-align: justify\"><em>vizsg\u00e1lata<\/em><\/p>\n<p style=\"text-align: justify\">T\u00e9mavezet\u0151: dr. Terebessy Tam\u00e1s, dr. Holnapy Gergely<\/p>\n<p style=\"text-align: justify\"><strong>Papp D\u00e1niel SE \u00c1OK VI.<\/strong><\/p>\n<p style=\"text-align: justify\"><em>Magyar gy\u00e1rtm\u00e1ny\u00fa prot\u00e9zissz\u00e1rakkal v\u00e9gzett cs\u00edp\u00f5prot\u00e9zis rev\u00edzi\u00f3s m\u00fbt\u00e9tek hossz\u00fa t\u00e1v\u00fa ut\u00e1nk\u00f6vet\u00e9se az Ortop\u00e9diai Klinik\u00e1n<\/em><\/p>\n<p style=\"text-align: justify\">T\u00e9mavezet\u0151: dr. Rodler Endre<\/p>\n<p style=\"text-align: justify\"><strong>Szukovics Petra \u00c1gota SE \u00c1OK VI. \u2013 Luk\u00e1cs Adrienn SE \u00c1OK VI.<\/strong><\/p>\n<p style=\"text-align: justify\"><em>A tokplasztik\u00e1val kieg\u00e9sz\u00edtett Schede m\u00fbt\u00e9t 3-4 \u00e9ves eredm\u00e9nyei<\/em><\/p>\n<p style=\"text-align: justify\">T\u00e9mavezet\u0151: dr. M\u00e1dy Ferenc<\/p>\n<hr \/>\n<p style=\"text-align: justify\"><span style=\"font-size: 18pt\"><strong>2010<\/strong><\/span>\u00a0\u00a0\u00a0<\/p>\n<p style=\"text-align: justify\"><strong>Ipcsics Erik SE \u00c1OK V. Kolosz\u00e1r G\u00e1bor SE \u00c1OK V.<\/strong><\/p>\n<p style=\"text-align: justify\"><em>Primer t\u00e9rd\u00edz\u00fcleti TFP be\u00fcltet.sek hossz\u00fa t\u00e1v\u00fa eredm\u00e9nyeinek vizsg\u00e1lata \u00e9s ismertet\u00e9se<\/em><\/p>\n<p style=\"text-align: justify\">T\u00e9mavezet\u0151: dr. Bejek Zolt\u00e1n<\/p>\n<p style=\"text-align: justify\"><strong>Major Tibor SE \u00c1OK VI.<\/strong><\/p>\n<p style=\"text-align: justify\"><em>Hum\u00e1n liofiliz\u00e1lt allograft hat\u00e1sa a csontgy\u00f3gyul\u00e1sra patk\u00e1nyfemur csontdefektus modellben<\/em><\/p>\n<p style=\"text-align: justify\">T\u00e9mavezet\u0151: dr. Lacza Zsombor, dr. Skaliczki G\u00e1bor<\/p>\n<p style=\"text-align: justify\"><strong>Szukovics Petra \u00c1gota SE \u00c1OK VI. Luk\u00e1cs Adrienn SE \u00c1OK V.<\/strong><\/p>\n<p style=\"text-align: justify\"><em>A m\u00fbt\u00e9ti m\u00f3dszerek v\u00e1ltoz\u00e1sa a hallux valgus gy\u00f3gy\u00edt\u00e1s\u00e1ban<\/em><\/p>\n<p style=\"text-align: justify\">T\u00e9mavezet\u0151: dr. M\u00e1dy Ferenc<\/p>\n<p style=\"text-align: justify\"><strong>Trencs\u00e9ni Bence SE \u00c1OK VI. Csekei Gizella SE \u00c1OK V.<\/strong><\/p>\n<p style=\"text-align: justify\"><em>V\u00e1patet\u00f5k\u00e9pz\u00e9ses tot\u00e1l cs\u00edp\u0151\u00edz\u00fcleti endoprot\u00e9zisek hossz\u00fa t\u00e1v\u00fa ut\u00e1nk\u00f6vet\u00e9se<\/em><\/p>\n<p style=\"text-align: justify\">T\u00e9mavezet\u0151: dr. Zah\u00e1r \u00c1kos<\/p>\n<p style=\"text-align: justify\"><strong>V\u00e9gv\u00e1ri D\u00f3ra SE \u00c1OK VI.<\/strong><\/p>\n<p style=\"text-align: justify\"><em>A t\u00e9rd funkci\u00f3j\u00e1nak javul\u00e1sa hamstring tenotomi\u00e1t k\u00f6vet\u00f5en Little- k\u00f3ros<\/em><\/p>\n<p style=\"text-align: justify\"><em>gyermekekben<\/em><\/p>\n<p style=\"text-align: justify\">T\u00e9mavezet\u0151: dr. Thomas Dreher, dr. Terebessy Tam\u00e1s<\/p>\n<p style=\"text-align: justify\">\u00a0<\/p>\n","protected":false},"excerpt":{"rendered":"<p>2023\u00a0 \u00a0 \u00a0 \u00a0 \u00a0 \u00a0\u00a0 B\u00e1r\u00e1ny Tam\u00e1s \u00c1OK V., Magyar Krist\u00f3f \u00c1OK V. A cs\u00edp\u0151forg\u00e1spont helyzet\u00e9nek hat\u00e1sa az \u00e9letmin\u0151s\u00e9gre \u00e9s funkcionalit\u00e1sra a DDH miatt\u00a0prot\u00e9zisbe\u00fcltet\u00e9sen \u00e1tesett betegn\u00e9l T\u00e9mavezet\u0151: dr. Skaliczki G\u00e1bor, dr. Vir\u00e1g-Tulassay Eszter Chan Ju Baek \u00c1OK V. Hyaluronate acid and its combinations are superior to steroids in the injection therapy of partial rotator &hellip;<\/p>\n","protected":false},"author":101896,"featured_media":0,"parent":1987,"menu_order":1,"comment_status":"closed","ping_status":"closed","template":"","meta":{"_acf_changed":false,"footnotes":""},"categories":[],"tags":[],"class_list":["post-2010","page","type-page","status-publish","hentry"],"acf":[],"_links":{"self":[{"href":"https:\/\/semmelweis.hu\/ortopedklinika\/wp-json\/wp\/v2\/pages\/2010","targetHints":{"allow":["GET"]}}],"collection":[{"href":"https:\/\/semmelweis.hu\/ortopedklinika\/wp-json\/wp\/v2\/pages"}],"about":[{"href":"https:\/\/semmelweis.hu\/ortopedklinika\/wp-json\/wp\/v2\/types\/page"}],"author":[{"embeddable":true,"href":"https:\/\/semmelweis.hu\/ortopedklinika\/wp-json\/wp\/v2\/users\/101896"}],"replies":[{"embeddable":true,"href":"https:\/\/semmelweis.hu\/ortopedklinika\/wp-json\/wp\/v2\/comments?post=2010"}],"version-history":[{"count":10,"href":"https:\/\/semmelweis.hu\/ortopedklinika\/wp-json\/wp\/v2\/pages\/2010\/revisions"}],"predecessor-version":[{"id":3292,"href":"https:\/\/semmelweis.hu\/ortopedklinika\/wp-json\/wp\/v2\/pages\/2010\/revisions\/3292"}],"up":[{"embeddable":true,"href":"https:\/\/semmelweis.hu\/ortopedklinika\/wp-json\/wp\/v2\/pages\/1987"}],"wp:attachment":[{"href":"https:\/\/semmelweis.hu\/ortopedklinika\/wp-json\/wp\/v2\/media?parent=2010"}],"wp:term":[{"taxonomy":"category","embeddable":true,"href":"https:\/\/semmelweis.hu\/ortopedklinika\/wp-json\/wp\/v2\/categories?post=2010"},{"taxonomy":"post_tag","embeddable":true,"href":"https:\/\/semmelweis.hu\/ortopedklinika\/wp-json\/wp\/v2\/tags?post=2010"}],"curies":[{"name":"wp","href":"https:\/\/api.w.org\/{rel}","templated":true}]}}