{"id":1995,"date":"2021-04-17T15:43:34","date_gmt":"2021-04-17T13:43:34","guid":{"rendered":"https:\/\/semmelweis.hu\/ortopedklinika\/?page_id=1995"},"modified":"2022-03-30T23:12:18","modified_gmt":"2022-03-30T21:12:18","slug":"publikacios-palyazat","status":"publish","type":"page","link":"https:\/\/semmelweis.hu\/ortopedklinika\/tdk-transzlacios-medicina-program-2\/tdk-palyazatok\/publikacios-palyazat\/","title":{"rendered":"Publik\u00e1ci\u00f3s p\u00e1ly\u00e1zat"},"content":{"rendered":"<p style=\"text-align: justify\">A Semmelweis Egyetem Tudom\u00e1nyos Di\u00e1kk\u00f6ri Tan\u00e1csa \u00fagy d\u00f6nt\u00f6tt, hogy az impakttal rendelkez\u0151 tudom\u00e1nyos foly\u00f3iratokban megjelen\u0151 els\u0151szerz\u0151s cikkek szerz\u0151it p\u00e9nzjutalomban r\u00e9szes\u00edti.<\/p>\n<p style=\"text-align: justify\">Egyetem\u00fcnk di\u00e1kk\u00f6r\u00f6s hallgat\u00f3i di\u00e1kk\u00f6ri \u00e9veik alatt egyre t\u00f6bb olyan, in extenso (nem abstract \u00e9s nem review jelleg\u0171) els\u0151szerz\u0151s cikket k\u00f6z\u00f6lnek, amely impakttal rendelkez\u0151 nemzetk\u00f6zi tudom\u00e1nyos foly\u00f3iratban l\u00e1t napvil\u00e1got.<\/p>\n<p style=\"text-align: justify\">Ezen kiemelked\u0151 teljes\u00edtm\u00e9nyek elismer\u00e9s\u00e9re \u00e9s b\u00e1tor\u00edt\u00e1s\u00e1ra a Semmelweis Egyetem Tudom\u00e1nyos Di\u00e1kk\u00f6ri Tan\u00e1csa \u00fagy d\u00f6nt\u00f6tt, hogy e cikkek szerz\u0151it p\u00e9nzjutalomban r\u00e9szes\u00edti, \u00e9s mind a szerz\u0151k, mind t\u00e9mavezet\u0151ik nev\u00e9t honlapj\u00e1n, illetve az Orvosk\u00e9pz\u00e9s foly\u00f3irat has\u00e1bjain nyilv\u00e1noss\u00e1gra hozza. A p\u00e9nzjutalom \u00f6sszege a cikkeket k\u00f6zl\u0151 \u00fajs\u00e1g impakt faktor\u00e1t\u00f3l f\u00fcgg.<\/p>\n<p style=\"text-align: justify\">A p\u00e9nzjutalmakat a tan\u00fas\u00edt\u00f3 oklev\u00e9llel egy\u00fctt az egyetem TDK konferenci\u00e1j\u00e1nak megnyit\u00f3 \u00fcnneps\u00e9g\u00e9n adjuk \u00e1t. A k\u00fclf\u00f6ld\u00f6n k\u00e9sz\u00fclt cikkeket is elfogadjuk, de csak akkor, ha a Semmelweis Egyetem mint kutat\u00f3hely neve is szerepel az adott foly\u00f3iratban. Ez\u00faton is k\u00e9rj\u00fck a di\u00e1kk\u00f6r\u00f6s\u00f6ket \u00e9s a TDK felel\u0151s\u00f6ket, hogy amennyiben ilyen cikkr\u0151l tudom\u00e1st szereznek, jelents\u00e9k be a koordin\u00e1torn\u00e1l.<\/p>\n<p style=\"text-align: justify\">A publik\u00e1ci\u00f3k\u00e9rt j\u00e1r\u00f3 jutalmak minden \u00e9vben\u00a0a TDK Konferencia megnyit\u00f3j\u00e1nker\u00fclnek \u00e1tad\u00e1sra. Minden \u00e9vben kiz\u00e1r\u00f3lag azoknak a hallgat\u00f3knak \u00e1ll m\u00f3dunkban d\u00edjazni a munk\u00e1j\u00e1t, akik arr\u00f3l az\u00a0aktu\u00e1lis TDK konferencia regisztr\u00e1ci\u00f3s hat\u00e1ridej\u00e9nek lej\u00e1rt\u00e1ig\u00a0jelzik a TDT fel\u00e9 a publik\u00e1ci\u00f3 t\u00e9ny\u00e9t.<\/p>\n<p style=\"text-align: justify\">A megjelent tanulm\u00e1nyokat annak\u00a0bibliogr\u00e1fiai adataival, a TDK hallgat\u00f3 \u00e9s t\u00e9mavezet\u0151j\u00e9nek megnevez\u00e9s\u00e9vel a semmelweis.tdk@gmail.com c\u00edmen\u00a0lehet bejelenteni. Az\u00a0\u00fczenet t\u00e1rgya \u201cPublik\u00e1ci\u00f3s p\u00e1ly\u00e1zat\u201d\u00a0legyen.<\/p>\n","protected":false},"excerpt":{"rendered":"<p>A Semmelweis Egyetem Tudom\u00e1nyos Di\u00e1kk\u00f6ri Tan\u00e1csa \u00fagy d\u00f6nt\u00f6tt, hogy az impakttal rendelkez\u0151 tudom\u00e1nyos foly\u00f3iratokban megjelen\u0151 els\u0151szerz\u0151s cikkek szerz\u0151it p\u00e9nzjutalomban r\u00e9szes\u00edti. Egyetem\u00fcnk di\u00e1kk\u00f6r\u00f6s hallgat\u00f3i di\u00e1kk\u00f6ri \u00e9veik alatt egyre t\u00f6bb olyan, in extenso (nem abstract \u00e9s nem review jelleg\u0171) els\u0151szerz\u0151s cikket k\u00f6z\u00f6lnek, amely impakttal rendelkez\u0151 nemzetk\u00f6zi tudom\u00e1nyos foly\u00f3iratban l\u00e1t napvil\u00e1got. Ezen kiemelked\u0151 teljes\u00edtm\u00e9nyek elismer\u00e9s\u00e9re \u00e9s b\u00e1tor\u00edt\u00e1s\u00e1ra a &hellip;<\/p>\n","protected":false},"author":101896,"featured_media":0,"parent":2137,"menu_order":1,"comment_status":"closed","ping_status":"closed","template":"","meta":{"_acf_changed":false,"footnotes":""},"categories":[],"tags":[],"class_list":["post-1995","page","type-page","status-publish","hentry"],"acf":[],"_links":{"self":[{"href":"https:\/\/semmelweis.hu\/ortopedklinika\/wp-json\/wp\/v2\/pages\/1995","targetHints":{"allow":["GET"]}}],"collection":[{"href":"https:\/\/semmelweis.hu\/ortopedklinika\/wp-json\/wp\/v2\/pages"}],"about":[{"href":"https:\/\/semmelweis.hu\/ortopedklinika\/wp-json\/wp\/v2\/types\/page"}],"author":[{"embeddable":true,"href":"https:\/\/semmelweis.hu\/ortopedklinika\/wp-json\/wp\/v2\/users\/101896"}],"replies":[{"embeddable":true,"href":"https:\/\/semmelweis.hu\/ortopedklinika\/wp-json\/wp\/v2\/comments?post=1995"}],"version-history":[{"count":9,"href":"https:\/\/semmelweis.hu\/ortopedklinika\/wp-json\/wp\/v2\/pages\/1995\/revisions"}],"predecessor-version":[{"id":2708,"href":"https:\/\/semmelweis.hu\/ortopedklinika\/wp-json\/wp\/v2\/pages\/1995\/revisions\/2708"}],"up":[{"embeddable":true,"href":"https:\/\/semmelweis.hu\/ortopedklinika\/wp-json\/wp\/v2\/pages\/2137"}],"wp:attachment":[{"href":"https:\/\/semmelweis.hu\/ortopedklinika\/wp-json\/wp\/v2\/media?parent=1995"}],"wp:term":[{"taxonomy":"category","embeddable":true,"href":"https:\/\/semmelweis.hu\/ortopedklinika\/wp-json\/wp\/v2\/categories?post=1995"},{"taxonomy":"post_tag","embeddable":true,"href":"https:\/\/semmelweis.hu\/ortopedklinika\/wp-json\/wp\/v2\/tags?post=1995"}],"curies":[{"name":"wp","href":"https:\/\/api.w.org\/{rel}","templated":true}]}}