{"id":1987,"date":"2021-04-17T15:16:43","date_gmt":"2021-04-17T13:16:43","guid":{"rendered":"https:\/\/semmelweis.hu\/ortopedklinika\/?page_id=1987"},"modified":"2025-02-05T22:38:34","modified_gmt":"2025-02-05T21:38:34","slug":"tdk-konferencia","status":"publish","type":"page","link":"https:\/\/semmelweis.hu\/ortopedklinika\/tdk-transzlacios-medicina-program-2\/tdk-konferencia\/","title":{"rendered":"TDK konferencia"},"content":{"rendered":"<h3 style=\"text-align: justify\">\u00a0<\/h3>\n<h3 style=\"text-align: justify\"><a href=\"https:\/\/semmelweis.hu\/ortopedklinika\/tdk-eloadasok-listaja\/\">TDK el\u0151ad\u00e1sok list\u00e1ja<\/a> \u00a0 \u00a0 \u00a0 \u00a0 \u00a0 \u00a0 \u00a0 \u00a0OTDK el\u0151ad\u00e1sok list\u00e1ja<\/h3>\n<h3 style=\"text-align: justify\"><a href=\"https:\/\/semmelweis.hu\/ortopedklinika\/tdk-dijazottak-listaja\/\">TDK d\u00edjazottak list\u00e1ja<\/a> \u00a0 \u00a0 \u00a0 \u00a0 \u00a0 \u00a0 \u00a0 \u00a0<a href=\"https:\/\/semmelweis.hu\/ortopedklinika\/otdk-dijazottak-listaja\/\">OTDK d\u00edjazottak list\u00e1ja<\/a><\/h3>\n<hr \/>\n<h3>\u00a0<\/h3>\n<h3 style=\"text-align: justify\"><a href=\"https:\/\/semmelweis.hu\/tdk\/tudomanyos-diakkori-konferenciak\/eves-tdk-konferencia\/\">KONFERENCIA FELH\u00cdV\u00c1S 2025<\/a><\/h3>\n<p>&nbsp;<\/p>\n","protected":false},"excerpt":{"rendered":"<p>\u00a0<br \/>\n<a href=\"https:\/\/semmelweis.hu\/ortopedklinika\/tdk-eloadasok-listaja\/\">TDK el\u0151ad\u00e1sok list\u00e1ja<\/a> \u00a0 \u00a0 \u00a0 \u00a0 \u00a0 \u00a0 \u00a0 \u00a0OTDK el\u0151ad\u00e1sok list\u00e1ja<br \/>\n<a href=\"https:\/\/semmelweis.hu\/ortopedklinika\/tdk-dijazottak-listaja\/\">TDK d\u00edjazottak list\u00e1ja<\/a> \u00a0 \u00a0 \u00a0 \u00a0 \u00a0 \u00a0 \u00a0 \u00a0<a href=\"https:\/\/semmelweis.hu\/ortopedklinika\/otdk-dijazottak-listaja\/\">OTDK d\u00edjazottak list\u00e1ja<\/a><\/p>\n<p>\u00a0<br \/>\n<a href=\"https:\/\/semmelweis.hu\/tdk\/tudomanyos-diakkori-konferenciak\/eves-tdk-konferencia\/\">KONFERENCIA FELH\u00cdV\u00c1S 2025<\/a><br \/>\n&nbsp;<\/p>\n","protected":false},"author":101896,"featured_media":0,"parent":2166,"menu_order":5,"comment_status":"closed","ping_status":"closed","template":"","meta":{"_acf_changed":false,"footnotes":""},"categories":[],"tags":[],"class_list":["post-1987","page","type-page","status-publish","hentry"],"acf":[],"_links":{"self":[{"href":"https:\/\/semmelweis.hu\/ortopedklinika\/wp-json\/wp\/v2\/pages\/1987","targetHints":{"allow":["GET"]}}],"collection":[{"href":"https:\/\/semmelweis.hu\/ortopedklinika\/wp-json\/wp\/v2\/pages"}],"about":[{"href":"https:\/\/semmelweis.hu\/ortopedklinika\/wp-json\/wp\/v2\/types\/page"}],"author":[{"embeddable":true,"href":"https:\/\/semmelweis.hu\/ortopedklinika\/wp-json\/wp\/v2\/users\/101896"}],"replies":[{"embeddable":true,"href":"https:\/\/semmelweis.hu\/ortopedklinika\/wp-json\/wp\/v2\/comments?post=1987"}],"version-history":[{"count":10,"href":"https:\/\/semmelweis.hu\/ortopedklinika\/wp-json\/wp\/v2\/pages\/1987\/revisions"}],"predecessor-version":[{"id":3499,"href":"https:\/\/semmelweis.hu\/ortopedklinika\/wp-json\/wp\/v2\/pages\/1987\/revisions\/3499"}],"up":[{"embeddable":true,"href":"https:\/\/semmelweis.hu\/ortopedklinika\/wp-json\/wp\/v2\/pages\/2166"}],"wp:attachment":[{"href":"https:\/\/semmelweis.hu\/ortopedklinika\/wp-json\/wp\/v2\/media?parent=1987"}],"wp:term":[{"taxonomy":"category","embeddable":true,"href":"https:\/\/semmelweis.hu\/ortopedklinika\/wp-json\/wp\/v2\/categories?post=1987"},{"taxonomy":"post_tag","embeddable":true,"href":"https:\/\/semmelweis.hu\/ortopedklinika\/wp-json\/wp\/v2\/tags?post=1987"}],"curies":[{"name":"wp","href":"https:\/\/api.w.org\/{rel}","templated":true}]}}