{"id":1677,"date":"2020-03-31T12:42:59","date_gmt":"2020-03-31T10:42:59","guid":{"rendered":"http:\/\/semmelweis.hu\/ortopedklinika\/?page_id=1677"},"modified":"2024-09-01T22:50:14","modified_gmt":"2024-09-01T20:50:14","slug":"hallgatoink-figyelmebe","status":"publish","type":"page","link":"https:\/\/semmelweis.hu\/ortopedklinika\/oktatas\/hallgatoink-figyelmebe\/","title":{"rendered":"Ortop\u00e9dia &#8211; Magyar oktat\u00e1s"},"content":{"rendered":"<div>\n<h4 style=\"text-align: justify\"><a href=\"https:\/\/semmelweis.hu\/ortopedklinika\/oktatas\/hallgatoink-figyelmebe\/tajekoztato-iv-eves-orvostanhallgatok-szamara\/\"><strong>R\u00c9SZLETES T\u00c1J\u00c9KOZTAT\u00d3<\/strong><\/a><\/h4>\n<h4 style=\"text-align: justify\"><a href=\"https:\/\/semmelweis.hu\/ortopedklinika\/oktatas\/hallgatoink-figyelmebe\/gyakorlati-vizsga-tetelsor\/\"><strong>GYAKORLATI VIZSGA<\/strong><\/a><\/h4>\n<h4 style=\"text-align: justify\"><a href=\"https:\/\/semmelweis.hu\/ortopedklinika\/oktatas\/hallgatoink-figyelmebe\/tetelsor\/\"><strong>T\u00c9TELSOR<\/strong><\/a><\/h4>\n<p>&nbsp;<\/p>\n<h4 style=\"text-align: justify\"><strong>\u00c1LTAL\u00c1NOS INFORM\u00c1CI\u00d3K<\/strong><\/h4>\n<p style=\"text-align: justify\">A traumatol\u00f3gia-ortop\u00e9dia tant\u00e1rgy oktat\u00e1sa sor\u00e1n a blokk els\u0151 fel\u00e9ben a traumatol\u00f3gia, m\u00e1sodik fel\u00e9ben az ortop\u00e9dia oktat\u00e1s zajlik. Ut\u00f3bbi az Ortop\u00e9diai Klinik\u00e1n minden oktat\u00e1si napon reggel 9 \u00f3rakor el\u0151ad\u00e1sokkal kezd\u0151dik, ut\u00e1na k\u00e9t blokkban k\u00f6vetkezik a gyakorlati oktat\u00e1s. Az el\u0151ad\u00e1sokat a t\u00e9m\u00e1ban j\u00e1rtas szakorvosok tartj\u00e1k, a gyakorlati r\u00e9szben egy szakorvos \u00e9s 1-2 szakorvosjel\u00f6lt v\u00e9gzi a gyakorlati oktat\u00e1st. Ennek sor\u00e1n biztos\u00edtjuk a hallgat\u00f3k sz\u00e1m\u00e1ra a betegvizsg\u00e1lat lehet\u0151s\u00e9g\u00e9t, illetve megismerhetik az ambul\u00e1ns rendel\u00e9s, cs\u00edp\u0151sz\u0171r\u00e9s, gipszkezel\u00e9s folyamat\u00e1t \u00e9s a m\u0171t\u0151i tev\u00e9kenys\u00e9get is.\u00a0<\/p>\n<p style=\"text-align: justify\"><span style=\"font-size: 1rem\">A blokk utols\u00f3 tan\u00edt\u00e1si napj\u00e1n a hallgat\u00f3k gyakorlati vizsga keret\u00e9ben sz\u00e1molnak be az oktat\u00e1s sor\u00e1n szerzett gyakorlati tud\u00e1sukr\u00f3l. A k\u00f6z\u00f6s <\/span><span style=\"font-size: 1rem\">traumatol\u00f3gia-ortop\u00e9dia \u00edr\u00e1sbeli tesztvizsga felt\u00e9tele a gyakorlati vizsga eredm\u00e9nyes teljes\u00edt\u00e9se.\u00a0<\/span><\/p>\n<\/div>\n<div style=\"text-align: justify\">\n<p style=\"text-align: justify\">A hallgat\u00f3ink sz\u00e1m\u00e1ra klinikai munka keret\u00e9ben eg\u00e9sz \u00e9vben lehet\u0151s\u00e9get biztos\u00edtunk arra, hogy a Klinika munk\u00e1j\u00e1ban &#8211; m\u0171t\u0151i asszisztenci\u00e1ban, ambul\u00e1ns rendel\u00e9seken &#8211; rendszeresen is r\u00e9szt vegyenek. A tudom\u00e1nyos munka ir\u00e1nt \u00e9rdekl\u0151d\u0151k sz\u00e1m\u00e1ra szint\u00e9n lehet\u0151s\u00e9g van TDK munka v\u00e9gz\u00e9s\u00e9re.<\/p>\n<p style=\"text-align: justify\">A TDK \u00e9s klinikai munk\u00e1ra a tdk.se.ortopedia@gmail.com e-mail c\u00edmen lehet jelentkezni.<\/p>\n<\/div>\n<p style=\"text-align: justify\">Minden hallgat\u00f3nknak eredm\u00e9nyes tanulm\u00e1nyokat, sikeres vizsg\u00e1t \u00e9s hasznos tud\u00e1s megszerz\u00e9s\u00e9t k\u00edv\u00e1njuk!<\/p>\n<h4 style=\"text-align: justify\">\u00a0<\/h4>\n","protected":false},"excerpt":{"rendered":"<p><a href=\"https:\/\/semmelweis.hu\/ortopedklinika\/oktatas\/hallgatoink-figyelmebe\/tajekoztato-iv-eves-orvostanhallgatok-szamara\/\">R\u00c9SZLETES T\u00c1J\u00c9KOZTAT\u00d3<\/a> <a href=\"https:\/\/semmelweis.hu\/ortopedklinika\/oktatas\/hallgatoink-figyelmebe\/gyakorlati-vizsga-tetelsor\/\">GYAKORLATI VIZSGA<\/a> <a href=\"https:\/\/semmelweis.hu\/ortopedklinika\/oktatas\/hallgatoink-figyelmebe\/tetelsor\/\">T\u00c9TELSOR<\/a> &nbsp; \u00c1LTAL\u00c1NOS INFORM\u00c1CI\u00d3K A traumatol\u00f3gia-ortop\u00e9dia tant\u00e1rgy oktat\u00e1sa sor\u00e1n a blokk els\u0151 fel\u00e9ben a traumatol\u00f3gia, m\u00e1sodik fel\u00e9ben az ortop\u00e9dia oktat\u00e1s zajlik. Ut\u00f3bbi az Ortop\u00e9diai Klinik\u00e1n minden oktat\u00e1si napon reggel 9 \u00f3rakor el\u0151ad\u00e1sokkal kezd\u0151dik, ut\u00e1na k\u00e9t blokkban k\u00f6vetkezik a gyakorlati oktat\u00e1s. Az el\u0151ad\u00e1sokat a t\u00e9m\u00e1ban j\u00e1rtas szakorvosok tartj\u00e1k, a gyakorlati r\u00e9szben egy szakorvos \u00e9s 1-2 szakorvosjel\u00f6lt v\u00e9gzi &hellip;<\/p>\n","protected":false},"author":101111,"featured_media":0,"parent":3241,"menu_order":1,"comment_status":"closed","ping_status":"closed","template":"","meta":{"_acf_changed":false,"footnotes":""},"categories":[],"tags":[],"class_list":["post-1677","page","type-page","status-publish","hentry"],"acf":[],"_links":{"self":[{"href":"https:\/\/semmelweis.hu\/ortopedklinika\/wp-json\/wp\/v2\/pages\/1677","targetHints":{"allow":["GET"]}}],"collection":[{"href":"https:\/\/semmelweis.hu\/ortopedklinika\/wp-json\/wp\/v2\/pages"}],"about":[{"href":"https:\/\/semmelweis.hu\/ortopedklinika\/wp-json\/wp\/v2\/types\/page"}],"author":[{"embeddable":true,"href":"https:\/\/semmelweis.hu\/ortopedklinika\/wp-json\/wp\/v2\/users\/101111"}],"replies":[{"embeddable":true,"href":"https:\/\/semmelweis.hu\/ortopedklinika\/wp-json\/wp\/v2\/comments?post=1677"}],"version-history":[{"count":10,"href":"https:\/\/semmelweis.hu\/ortopedklinika\/wp-json\/wp\/v2\/pages\/1677\/revisions"}],"predecessor-version":[{"id":3462,"href":"https:\/\/semmelweis.hu\/ortopedklinika\/wp-json\/wp\/v2\/pages\/1677\/revisions\/3462"}],"up":[{"embeddable":true,"href":"https:\/\/semmelweis.hu\/ortopedklinika\/wp-json\/wp\/v2\/pages\/3241"}],"wp:attachment":[{"href":"https:\/\/semmelweis.hu\/ortopedklinika\/wp-json\/wp\/v2\/media?parent=1677"}],"wp:term":[{"taxonomy":"category","embeddable":true,"href":"https:\/\/semmelweis.hu\/ortopedklinika\/wp-json\/wp\/v2\/categories?post=1677"},{"taxonomy":"post_tag","embeddable":true,"href":"https:\/\/semmelweis.hu\/ortopedklinika\/wp-json\/wp\/v2\/tags?post=1677"}],"curies":[{"name":"wp","href":"https:\/\/api.w.org\/{rel}","templated":true}]}}