{"id":1597,"date":"2019-08-27T11:23:26","date_gmt":"2019-08-27T09:23:26","guid":{"rendered":"http:\/\/semmelweis.hu\/ortopedklinika\/?page_id=1597"},"modified":"2025-09-16T23:31:23","modified_gmt":"2025-09-16T21:31:23","slug":"tdk-hallgatok-figyelmebe","status":"publish","type":"page","link":"https:\/\/semmelweis.hu\/ortopedklinika\/tdk-transzlacios-medicina-program-2\/tdk-hallgatok-figyelmebe\/","title":{"rendered":"TDK h\u00edrek"},"content":{"rendered":"<p style=\"text-align: justify\">\u00a0<\/p>\n<p style=\"text-align: justify\"><span style=\"font-size: 14pt\"><strong>TDK HALLGAT\u00d3K JELENTKEZ\u00c9S\u00c9T V\u00c1RJUK<\/strong><\/span><\/p>\n<p style=\"text-align: justify\"><span style=\"font-size: 14pt\"><strong>Aktu\u00e1lis t\u00e9m\u00e1k<\/strong><\/span><\/p>\n<p data-start=\"142\" data-end=\"562\">Ha ebben a f\u00e9l\u00e9vben el\u0151sz\u00f6r jelentkezel hozz\u00e1nk tudom\u00e1nyos munk\u00e1ra \u2013 teh\u00e1t m\u00e9g nincs mentorod \u00e9s projekted \u2013, k\u00e9r\u00fcnk, hogy k\u00fcldj a <strong data-start=\"273\" data-end=\"302\"><a class=\"decorated-link cursor-pointer\" rel=\"noopener\">tulassay.eszter@gmail.com<\/a><\/strong> c\u00edmre egy r\u00f6vid bemutatkoz\u00f3 \u00f6n\u00e9letrajzot \u00e9s egy motiv\u00e1ci\u00f3s levelet. A lev\u00e9lben \u00edrd meg, mi\u00e9rt szeretn\u00e9l n\u00e1lunk dolgozni, \u00e9s melyik ter\u00fclet \u00e9rdekel legink\u00e1bb (<strong data-start=\"461\" data-end=\"558\">tumorseb\u00e9szet, gyermekortop\u00e9dia, t\u00e9rd- \u00e9s cs\u00edp\u0151seb\u00e9szet, v\u00e1llseb\u00e9szet vagy szeptikus seb\u00e9szet<\/strong>).<\/p>\n<p data-start=\"564\" data-end=\"707\">A be\u00e9rkezett anyagok alapj\u00e1n szem\u00e9lyes besz\u00e9lget\u00e9sre h\u00edvunk, ahol k\u00f6z\u00f6sen kiv\u00e1lasztjuk a hozz\u00e1d ill\u0151 tutort \u00e9s projektet a k\u00f6vetkez\u0151 f\u00e9l\u00e9vre.<\/p>\n<p style=\"text-align: justify\">\u00a0<\/p>\n<p style=\"text-align: justify\"><strong>1.\u00a0Cs\u00edp\u0151 forg\u00e1spont helyre\u00e1ll\u00edt\u00e1s\u00e1nak jelent\u0151s\u00e9ge tot\u00e1l endoprot\u00e9zis be\u00fcltet\u00e9s ut\u00e1n <\/strong><\/p>\n<p>\u00a0 T\u00e9mavezet\u0151: Dr. Skaliczki G\u00e1bor egyetemi docens<\/p>\n<p style=\"text-align: justify\"><strong>2. A k\u00e9z tumorainak diagnosztik\u00e1ja, ell\u00e1t\u00e1sa<\/strong><\/p>\n<p style=\"text-align: justify\">\u00a0 T\u00e9mavezet\u0151: Dr. Szak\u00e1cs No\u00e9mi klinikai szakorvos<\/p>\n<p style=\"text-align: justify\"><strong>3. L\u00e1gyr\u00e9sztumorok klinikopathol\u00f3gi\u00e1ja, kezel\u00e9si elvek\u2028<\/strong><\/p>\n<p style=\"text-align: justify\">\u00a0 T\u00e9mavezet\u0151: Dr. Kiss J\u00e1nos egyetemi adjunktus, Dr. Antal Imre egyetemi adjunktus, Dr. Perlaky Tam\u00e1s egyetemi tan\u00e1rseg\u00e9d<\/p>\n<p style=\"text-align: justify\"><strong>4. Mozg\u00e1sszervi daganatok diagnosztik\u00e1ja\u2028<\/strong><\/p>\n<p style=\"text-align: justify\">\u00a0 T\u00e9mavezet\u0151: Dr. Szendr\u0151i Mikl\u00f3s egyetemi tan\u00e1r,\u00a0Dr. Perlaky Tam\u00e1s egyetemi tan\u00e1rseg\u00e9d<\/p>\n<p style=\"text-align: justify\"><strong>5. Mozg\u00e1sszervi daganatok korszer\u0171 seb\u00e9szi ter\u00e1pi\u00e1ja\u2028<\/strong><\/p>\n<p style=\"text-align: justify\">\u00a0 T\u00e9mavezet\u0151: Dr. Szendr\u0151i Mikl\u00f3s egyetemi tan\u00e1r,\u00a0Dr. Perlaky Tam\u00e1s egyetemi tan\u00e1rseg\u00e9d<\/p>\n<hr \/>\n<blockquote class=\"wp-embedded-content\" data-secret=\"BMzj74uZDu\"><p><a href=\"https:\/\/semmelweis.hu\/tdk\/bevezetes-a-tudomanyos-diakkori-munka-alapjaihoz\/\">Bevezet\u00e9s a Tudom\u00e1nyos Di\u00e1kk\u00f6ri munka alapjaihoz<\/a><\/p><\/blockquote>\n<p><iframe loading=\"lazy\" class=\"wp-embedded-content\" sandbox=\"allow-scripts\" security=\"restricted\" style=\"position: absolute; visibility: hidden;\" title=\"&#8220;Bevezet\u00e9s a Tudom\u00e1nyos Di\u00e1kk\u00f6ri munka alapjaihoz&#8221; &#8212; Tudom\u00e1nyos Di\u00e1kk\u00f6r\" src=\"https:\/\/semmelweis.hu\/tdk\/bevezetes-a-tudomanyos-diakkori-munka-alapjaihoz\/embed\/#?secret=JNu5X9Phuc#?secret=BMzj74uZDu\" data-secret=\"BMzj74uZDu\" width=\"600\" height=\"338\" frameborder=\"0\" marginwidth=\"0\" marginheight=\"0\" scrolling=\"no\"><\/iframe><\/p>\n","protected":false},"excerpt":{"rendered":"<p>\u00a0 TDK HALLGAT\u00d3K JELENTKEZ\u00c9S\u00c9T V\u00c1RJUK Aktu\u00e1lis t\u00e9m\u00e1k Ha ebben a f\u00e9l\u00e9vben el\u0151sz\u00f6r jelentkezel hozz\u00e1nk tudom\u00e1nyos munk\u00e1ra \u2013 teh\u00e1t m\u00e9g nincs mentorod \u00e9s projekted \u2013, k\u00e9r\u00fcnk, hogy k\u00fcldj a <a class=\"decorated-link cursor-pointer\" rel=\"noopener\">tulassay.eszter@gmail.com<\/a> c\u00edmre egy r\u00f6vid bemutatkoz\u00f3 \u00f6n\u00e9letrajzot \u00e9s egy motiv\u00e1ci\u00f3s levelet. A lev\u00e9lben \u00edrd meg, mi\u00e9rt szeretn\u00e9l n\u00e1lunk dolgozni, \u00e9s melyik ter\u00fclet \u00e9rdekel legink\u00e1bb (tumorseb\u00e9szet, gyermekortop\u00e9dia, t\u00e9rd- \u00e9s cs\u00edp\u0151seb\u00e9szet, &hellip;<\/p>\n","protected":false},"author":101111,"featured_media":0,"parent":2166,"menu_order":1,"comment_status":"closed","ping_status":"closed","template":"","meta":{"_acf_changed":false,"footnotes":""},"categories":[],"tags":[],"class_list":["post-1597","page","type-page","status-publish","hentry"],"acf":[],"_links":{"self":[{"href":"https:\/\/semmelweis.hu\/ortopedklinika\/wp-json\/wp\/v2\/pages\/1597","targetHints":{"allow":["GET"]}}],"collection":[{"href":"https:\/\/semmelweis.hu\/ortopedklinika\/wp-json\/wp\/v2\/pages"}],"about":[{"href":"https:\/\/semmelweis.hu\/ortopedklinika\/wp-json\/wp\/v2\/types\/page"}],"author":[{"embeddable":true,"href":"https:\/\/semmelweis.hu\/ortopedklinika\/wp-json\/wp\/v2\/users\/101111"}],"replies":[{"embeddable":true,"href":"https:\/\/semmelweis.hu\/ortopedklinika\/wp-json\/wp\/v2\/comments?post=1597"}],"version-history":[{"count":11,"href":"https:\/\/semmelweis.hu\/ortopedklinika\/wp-json\/wp\/v2\/pages\/1597\/revisions"}],"predecessor-version":[{"id":3543,"href":"https:\/\/semmelweis.hu\/ortopedklinika\/wp-json\/wp\/v2\/pages\/1597\/revisions\/3543"}],"up":[{"embeddable":true,"href":"https:\/\/semmelweis.hu\/ortopedklinika\/wp-json\/wp\/v2\/pages\/2166"}],"wp:attachment":[{"href":"https:\/\/semmelweis.hu\/ortopedklinika\/wp-json\/wp\/v2\/media?parent=1597"}],"wp:term":[{"taxonomy":"category","embeddable":true,"href":"https:\/\/semmelweis.hu\/ortopedklinika\/wp-json\/wp\/v2\/categories?post=1597"},{"taxonomy":"post_tag","embeddable":true,"href":"https:\/\/semmelweis.hu\/ortopedklinika\/wp-json\/wp\/v2\/tags?post=1597"}],"curies":[{"name":"wp","href":"https:\/\/api.w.org\/{rel}","templated":true}]}}