{"id":1587,"date":"2019-08-07T10:28:35","date_gmt":"2019-08-07T08:28:35","guid":{"rendered":"http:\/\/semmelweis.hu\/ortopedklinika\/?page_id=1587"},"modified":"2022-06-02T14:32:17","modified_gmt":"2022-06-02T12:32:17","slug":"semmelweis-kft","status":"publish","type":"page","link":"https:\/\/semmelweis.hu\/ortopedklinika\/betegeknek\/semmelweis-kft\/","title":{"rendered":"Semmelweis Eg\u00e9szs\u00e9g\u00fcgyi Kft"},"content":{"rendered":"<p style=\"text-align: justify\">A Semmelweis Eg\u00e9szs\u00e9g\u00fcgyi Kft., melynek 100%-ban a Semmelweis Egyetem a tulajdonosa, az egyetem klinikai h\u00e1tter\u00e9t, valamint a klinik\u00e1kon dolgoz\u00f3 nagy szak\u00e9rtelemmel \u00e9s tapasztalattal rendelkez\u0151 orvosait ig\u00e9nybe v\u00e9ve olyan szolg\u00e1ltat\u00e1sokat ny\u00fajt, amelyeket a NEAK nem finansz\u00edroz, vagy csak nagyon hossz\u00fa v\u00e1rakoz\u00e1si id\u0151 ut\u00e1n lenne el\u00e9rhet\u0151.<\/p>\n<p>B\u0151vebb inform\u00e1ci\u00f3k\u00e9rt keresse kezel\u0151orvos\u00e1t!<\/p>\n<p><strong>El\u0151jegyz\u00e9s telefonsz\u00e1ma:\u00a0<\/strong><strong> +36 1 550 7007, <\/strong><strong>melyen h\u00e9tk\u00f6znap 8.00-18.00 k\u00f6z\u00f6tt \u00e9rik el munkat\u00e1rsainkat!<\/strong><\/p>\n<p><strong><a href=\"https:\/\/semmelweiskft.hu\/\" target=\"_blank\" rel=\"noopener\">Tov\u00e1bb a Semmelweis Kft. weboldal\u00e1ra \u2192<\/a><\/strong><\/p>\n","protected":false},"excerpt":{"rendered":"<p>A Semmelweis Eg\u00e9szs\u00e9g\u00fcgyi Kft., melynek 100%-ban a Semmelweis Egyetem a tulajdonosa, az egyetem klinikai h\u00e1tter\u00e9t, valamint a klinik\u00e1kon dolgoz\u00f3 nagy szak\u00e9rtelemmel \u00e9s tapasztalattal rendelkez\u0151 orvosait ig\u00e9nybe v\u00e9ve olyan szolg\u00e1ltat\u00e1sokat ny\u00fajt, amelyeket a NEAK nem finansz\u00edroz, vagy csak nagyon hossz\u00fa v\u00e1rakoz\u00e1si id\u0151 ut\u00e1n lenne el\u00e9rhet\u0151. B\u0151vebb inform\u00e1ci\u00f3k\u00e9rt keresse kezel\u0151orvos\u00e1t! El\u0151jegyz\u00e9s telefonsz\u00e1ma:\u00a0 +36 1 550 7007, melyen &hellip;<\/p>\n","protected":false},"author":101111,"featured_media":0,"parent":421,"menu_order":8,"comment_status":"closed","ping_status":"closed","template":"","meta":{"_acf_changed":false,"footnotes":""},"categories":[],"tags":[],"class_list":["post-1587","page","type-page","status-publish","hentry"],"acf":[],"_links":{"self":[{"href":"https:\/\/semmelweis.hu\/ortopedklinika\/wp-json\/wp\/v2\/pages\/1587","targetHints":{"allow":["GET"]}}],"collection":[{"href":"https:\/\/semmelweis.hu\/ortopedklinika\/wp-json\/wp\/v2\/pages"}],"about":[{"href":"https:\/\/semmelweis.hu\/ortopedklinika\/wp-json\/wp\/v2\/types\/page"}],"author":[{"embeddable":true,"href":"https:\/\/semmelweis.hu\/ortopedklinika\/wp-json\/wp\/v2\/users\/101111"}],"replies":[{"embeddable":true,"href":"https:\/\/semmelweis.hu\/ortopedklinika\/wp-json\/wp\/v2\/comments?post=1587"}],"version-history":[{"count":6,"href":"https:\/\/semmelweis.hu\/ortopedklinika\/wp-json\/wp\/v2\/pages\/1587\/revisions"}],"predecessor-version":[{"id":3023,"href":"https:\/\/semmelweis.hu\/ortopedklinika\/wp-json\/wp\/v2\/pages\/1587\/revisions\/3023"}],"up":[{"embeddable":true,"href":"https:\/\/semmelweis.hu\/ortopedklinika\/wp-json\/wp\/v2\/pages\/421"}],"wp:attachment":[{"href":"https:\/\/semmelweis.hu\/ortopedklinika\/wp-json\/wp\/v2\/media?parent=1587"}],"wp:term":[{"taxonomy":"category","embeddable":true,"href":"https:\/\/semmelweis.hu\/ortopedklinika\/wp-json\/wp\/v2\/categories?post=1587"},{"taxonomy":"post_tag","embeddable":true,"href":"https:\/\/semmelweis.hu\/ortopedklinika\/wp-json\/wp\/v2\/tags?post=1587"}],"curies":[{"name":"wp","href":"https:\/\/api.w.org\/{rel}","templated":true}]}}