{"id":1547,"date":"2019-02-18T08:43:31","date_gmt":"2019-02-18T07:43:31","guid":{"rendered":"http:\/\/semmelweis.hu\/ortopedklinika\/?page_id=1547"},"modified":"2025-04-12T12:36:41","modified_gmt":"2025-04-12T10:36:41","slug":"klinikai-munka","status":"publish","type":"page","link":"https:\/\/semmelweis.hu\/ortopedklinika\/oktatas\/klinikai-munka\/","title":{"rendered":"Klinikai munka"},"content":{"rendered":"<p>A klinikai munk\u00e1ra val\u00f3 jelentkez\u00e9s a Semmelweis Egyetem hivatalos Di\u00e1kmunka Platformj\u00e1n kereszt\u00fcl t\u00f6rt\u00e9nik. A fel\u00fcleten kiz\u00e1r\u00f3lag a Klinikai K\u00f6zpont \u00e1ltal j\u00f3v\u00e1hagyott, aktu\u00e1lisan el\u00e9rhet\u0151 munkalehet\u0151s\u00e9gek tal\u00e1lhat\u00f3k meg, amelyekre n\u00e9h\u00e1ny kattint\u00e1ssal, egyszer\u0171en lehet jelentkezni. A platform biztos\u00edtja a jelentkez\u00e9sek nyomon k\u00f6vethet\u0151s\u00e9g\u00e9t \u00e9s a hallgat\u00f3i adminisztr\u00e1ci\u00f3 \u00e1tl\u00e1that\u00f3s\u00e1g\u00e1t is. Az aktu\u00e1lisan el\u00e9rhet\u0151 lehet\u0151s\u00e9gek \u00e9s jelentkez\u00e9si felt\u00e9telek a https:\/\/diakmunka.semmelweis.hu oldalon tal\u00e1lhat\u00f3k.<\/p>\n","protected":false},"excerpt":{"rendered":"<p>A klinikai munk\u00e1ra val\u00f3 jelentkez\u00e9s a Semmelweis Egyetem hivatalos Di\u00e1kmunka Platformj\u00e1n kereszt\u00fcl t\u00f6rt\u00e9nik. A fel\u00fcleten kiz\u00e1r\u00f3lag a Klinikai K\u00f6zpont \u00e1ltal j\u00f3v\u00e1hagyott, aktu\u00e1lisan el\u00e9rhet\u0151 munkalehet\u0151s\u00e9gek tal\u00e1lhat\u00f3k meg, amelyekre n\u00e9h\u00e1ny kattint\u00e1ssal, egyszer\u0171en lehet jelentkezni. A platform biztos\u00edtja a jelentkez\u00e9sek nyomon k\u00f6vethet\u0151s\u00e9g\u00e9t \u00e9s a hallgat\u00f3i adminisztr\u00e1ci\u00f3 \u00e1tl\u00e1that\u00f3s\u00e1g\u00e1t is. Az aktu\u00e1lisan el\u00e9rhet\u0151 lehet\u0151s\u00e9gek \u00e9s jelentkez\u00e9si felt\u00e9telek a https:\/\/diakmunka.semmelweis.hu oldalon &hellip;<\/p>\n","protected":false},"author":101111,"featured_media":0,"parent":3241,"menu_order":2,"comment_status":"closed","ping_status":"closed","template":"","meta":{"_acf_changed":false,"footnotes":""},"categories":[],"tags":[],"class_list":["post-1547","page","type-page","status-publish","hentry"],"acf":[],"_links":{"self":[{"href":"https:\/\/semmelweis.hu\/ortopedklinika\/wp-json\/wp\/v2\/pages\/1547","targetHints":{"allow":["GET"]}}],"collection":[{"href":"https:\/\/semmelweis.hu\/ortopedklinika\/wp-json\/wp\/v2\/pages"}],"about":[{"href":"https:\/\/semmelweis.hu\/ortopedklinika\/wp-json\/wp\/v2\/types\/page"}],"author":[{"embeddable":true,"href":"https:\/\/semmelweis.hu\/ortopedklinika\/wp-json\/wp\/v2\/users\/101111"}],"replies":[{"embeddable":true,"href":"https:\/\/semmelweis.hu\/ortopedklinika\/wp-json\/wp\/v2\/comments?post=1547"}],"version-history":[{"count":10,"href":"https:\/\/semmelweis.hu\/ortopedklinika\/wp-json\/wp\/v2\/pages\/1547\/revisions"}],"predecessor-version":[{"id":3515,"href":"https:\/\/semmelweis.hu\/ortopedklinika\/wp-json\/wp\/v2\/pages\/1547\/revisions\/3515"}],"up":[{"embeddable":true,"href":"https:\/\/semmelweis.hu\/ortopedklinika\/wp-json\/wp\/v2\/pages\/3241"}],"wp:attachment":[{"href":"https:\/\/semmelweis.hu\/ortopedklinika\/wp-json\/wp\/v2\/media?parent=1547"}],"wp:term":[{"taxonomy":"category","embeddable":true,"href":"https:\/\/semmelweis.hu\/ortopedklinika\/wp-json\/wp\/v2\/categories?post=1547"},{"taxonomy":"post_tag","embeddable":true,"href":"https:\/\/semmelweis.hu\/ortopedklinika\/wp-json\/wp\/v2\/tags?post=1547"}],"curies":[{"name":"wp","href":"https:\/\/api.w.org\/{rel}","templated":true}]}}