{"id":1463,"date":"2018-09-05T21:54:38","date_gmt":"2018-09-05T19:54:38","guid":{"rendered":"http:\/\/semmelweis.hu\/ortopedklinika\/?page_id=1463"},"modified":"2024-09-18T15:57:09","modified_gmt":"2024-09-18T13:57:09","slug":"gyakorlati-vizsga-tetelsor","status":"publish","type":"page","link":"https:\/\/semmelweis.hu\/ortopedklinika\/oktatas\/hallgatoink-figyelmebe\/gyakorlati-vizsga-tetelsor\/","title":{"rendered":"Gyakorlati vizsga"},"content":{"rendered":"<p>A blokk utols\u00f3 oktat\u00e1si napj\u00e1n d\u00e9lut\u00e1n (3. h\u00e9t cs\u00fct\u00f6rt\u00f6k) a hallgat\u00f3k sz\u00f3beli gyakorlati vizsg\u00e1n sz\u00e1molnak be a megszerzett gyakorlati tud\u00e1sukr\u00f3l. A gyakorlati vizsg\u00e1n betegvizsg\u00e1lat, a betegvizsg\u00e1lattal, illetve a legfontosabb ortop\u00e9diai betegs\u00e9gekkel kapcsolatos k\u00e9rd\u00e9sek megv\u00e1laszol\u00e1sa, illetve r\u00f6ntgenfelv\u00e9telek \u00e9rt\u00e9kel\u00e9se t\u00f6rt\u00e9nik.<\/p>\n<p>A gyakorlati vizsg\u00e1ra t\u00f6rt\u00e9n\u0151 felk\u00e9sz\u00fcl\u00e9st seg\u00edti az al\u00e1bbi Gyakorlati vizsga t\u00e9telsor, illetve a Moodle fel\u00fcleten l\u00e9v\u0151 &#8222;Alapvet\u0151 tudnival\u00f3k k\u00e9rd\u00e9ssor&#8221; \u00e9s a &#8222;Gyakorlati vizsga r\u00f6ntgenek&#8221; mapp\u00e1ban tal\u00e1lhat\u00f3 r\u00f6ntgenfelv\u00e9telek.\u00a0<\/p>\n<p>&nbsp;<\/p>\n<p><strong>\u00c1ltal\u00e1nos r\u00e9sz<\/strong><\/p>\n<p>1. Anamn\u00e9zis (mozg\u00e1sszervi betegs\u00e9gek \u00e1ltal\u00e1nos anamn\u00e9zise, csecsem\u0151kori cs\u00edp\u0151sz\u0171r\u00e9s anamn\u00e9zise)<br \/>\n2. A v\u00e9gtagok tengely\u00e1ll\u00e1s\u00e1nak vizsg\u00e1lata (fiziol\u00f3gi\u00e1s tengely\u00e1ll\u00e1s, valgus, varus, recurvatio, antecurvatio, torsio)<br \/>\n3. \u00cdz\u00fcleti mozg\u00e1sok vizsg\u00e1lata (akt\u00edv, passz\u00edv mozg\u00e1sok, a mozg\u00e1sterjedelem le\u00edr\u00e1sa, ROM), kontrakt\u00fara le\u00edr\u00e1sa (ir\u00e1ny, m\u00e9rt\u00e9k)<br \/>\n4. Izomt\u00f3nus (hypomyotonia, hypermyotonia, paresis, plegia, petyh\u00fcdt, spasticus b\u00e9nul\u00e1s) \u00e9s izomer\u0151 vizsg\u00e1lata (0-5)<br \/>\n5. V\u00e9gtaghossz (abszol\u00fat, relat\u00edv, funkcion\u00e1lis r\u00f6vid\u00fcl\u00e9s) \u00e9s v\u00e9gtagk\u00f6rfogat m\u00e9r\u00e9se (izomhas, \u00edz\u00fclet felett)<br \/>\n6. J\u00e1r\u00e1svizsg\u00e1lat, s\u00e1nt\u00edt\u00e1s okai, t\u00edpusai<br \/>\n7. \u00cdz\u00fcleti folyad\u00e9kgy\u00fclem vizsg\u00e1lata \u00e9s okai<br \/>\n8. K\u00e9palkot\u00f3- (UH, rtg, CT, MR, izot\u00f3p) \u00e9s laborvizsg\u00e1latok indik\u00e1ci\u00f3ja a mozg\u00e1sszervi betegs\u00e9gekben<br \/>\n9. S\u00fcrg\u0151ss\u00e9gi ortop\u00e9diai betegs\u00e9gek 1: tumorok (t\u00fcnetek, kivizsg\u00e1l\u00e1s, r\u00f6ntgenjelek)<br \/>\n10. S\u00fcrg\u0151ss\u00e9gi ortop\u00e9diai betegs\u00e9gek 2: osteomyelitis \u00e9s szeptikus arthritis<br \/>\n11. S\u00fcrg\u0151ss\u00e9gi ortop\u00e9diai betegs\u00e9gek 3: cs\u00edp\u0151ficam (relat\u00edv s\u00fcrg\u0151ss\u00e9g)<br \/>\n12. S\u00fcrg\u0151ss\u00e9gi ortop\u00e9diai betegs\u00e9gek 4: serd\u00fcl\u0151kori combfejelcs\u00fasz\u00e1s<br \/>\n13. S\u00fcrg\u0151ss\u00e9gi ortop\u00e9diai betegs\u00e9gek 5: motoros neurol\u00f3giai t\u00fcnetekkel j\u00e1r\u00f3 discushernia \u00e9s cauda equina szindr\u00f3ma<br \/>\n14. Gyermek- \u00e9s serd\u00fcl\u0151kori t\u00e9rdf\u00e1jdalom, illetve az \u00e9jszakai f\u00e1jdalom lehets\u00e9ges okai<br \/>\n15. Arthrosis r\u00f6ntgenjelei<\/p>\n<p><strong>R\u00e9szletes r\u00e9sz<\/strong><\/p>\n<p>1. Nyaki mozg\u00e1sok, torticollis vizsg\u00e1lata<br \/>\n2. Gerinc vizsg\u00e1lata (fiziol\u00f3gi\u00e1s g\u00f6rb\u00fcletek \u00e9s azok kialakul\u00e1sa, mozg\u00e1sok vizsg\u00e1lata)<br \/>\n3. Scoliosis vizsg\u00e1lata (funkcion\u00e1lis \u00e9s strukt\u00far\u00e1lis scoliosis elk\u00fcl\u00f6n\u00edt\u00e9se, g\u00f6rb\u00fcletek le\u00edr\u00e1sa, kompenz\u00e1lt-nem kompenz\u00e1lt helyzet, mobilit\u00e1s, Cobb fok)<br \/>\n4. Hyperkyphosis vizsg\u00e1lata (hanyagtart\u00e1s \u00e9s Scheuermann betegs\u00e9g elk\u00fcl\u00f6n\u00edt\u00e9se, angul\u00e1ris \u00e9s regularis kyphosis)<br \/>\n5. V\u00e1ll\u00edz\u00fcleti mozg\u00e1sok vizsg\u00e1lata (passz\u00edv, akt\u00edv), funkcion\u00e1lis tesztek<br \/>\n6. A k\u00f6ny\u00f6k\u00edz\u00fclet \u00e9s az alkar mozg\u00e1sainak vizsg\u00e1lata<br \/>\n7. A csukl\u00f3\u00edz\u00fclet \u00e9s a k\u00e9z mozg\u00e1sainak vizsg\u00e1lata, funkcionalis tesztek<br \/>\n8. Cs\u00edp\u0151\u00edz\u00fcleti mozg\u00e1sok vizsg\u00e1lata, Trendelenburg t\u00fcnet, Drehmann t\u00fcnet<br \/>\n9. Csecsem\u0151k cs\u00edp\u0151vizsg\u00e1lata (Lorenz abductio, Barlow, Ortolani), a cs\u00edp\u0151sz\u0171r\u00e9s rendje, a cs\u00edp\u0151ficam r\u00f6ntgent\u00fcnetei<br \/>\n10. T\u00e9rd\u00edz\u00fcleti mozg\u00e1sok vizsg\u00e1lata, instabilit\u00e1si tesztek, meniscusok vizsg\u00e1lata<br \/>\n11. Fels\u0151 ugr\u00f3\u00edz\u00fcleti mozg\u00e1sok vizsg\u00e1lata<br \/>\n12. Subtalaris \u00edz\u00fclet, l\u00e1bt\u0151 \u00e9s l\u00e1bk\u00f6z\u00e9p mozg\u00e1s\u00e1nak vizsg\u00e1lata<br \/>\n13. A l\u00e1bdeformit\u00e1sok le\u00edr\u00e1sa, a l\u00fadtalp vizsg\u00e1lata<br \/>\n14. Als\u00f3 v\u00e9gtagi szenzomotoros innervatio \u00e9s reflexek vizsg\u00e1lata, Lasegue-t\u00fcnet, Valleix-pontok<br \/>\n15. Fels\u0151 v\u00e9gtagi szenzomotoros innervatio \u00e9s reflexek vizsg\u00e1lata\u00a0<\/p>\n","protected":false},"excerpt":{"rendered":"<p>A blokk utols\u00f3 oktat\u00e1si napj\u00e1n d\u00e9lut\u00e1n (3. h\u00e9t cs\u00fct\u00f6rt\u00f6k) a hallgat\u00f3k sz\u00f3beli gyakorlati vizsg\u00e1n sz\u00e1molnak be a megszerzett gyakorlati tud\u00e1sukr\u00f3l. A gyakorlati vizsg\u00e1n betegvizsg\u00e1lat, a betegvizsg\u00e1lattal, illetve a legfontosabb ortop\u00e9diai betegs\u00e9gekkel kapcsolatos k\u00e9rd\u00e9sek megv\u00e1laszol\u00e1sa, illetve r\u00f6ntgenfelv\u00e9telek \u00e9rt\u00e9kel\u00e9se t\u00f6rt\u00e9nik. A gyakorlati vizsg\u00e1ra t\u00f6rt\u00e9n\u0151 felk\u00e9sz\u00fcl\u00e9st seg\u00edti az al\u00e1bbi Gyakorlati vizsga t\u00e9telsor, illetve a Moodle fel\u00fcleten l\u00e9v\u0151 &#8222;Alapvet\u0151 &hellip;<\/p>\n","protected":false},"author":101111,"featured_media":0,"parent":1677,"menu_order":2,"comment_status":"closed","ping_status":"closed","template":"","meta":{"_acf_changed":false,"footnotes":""},"categories":[],"tags":[],"class_list":["post-1463","page","type-page","status-publish","hentry"],"acf":[],"_links":{"self":[{"href":"https:\/\/semmelweis.hu\/ortopedklinika\/wp-json\/wp\/v2\/pages\/1463","targetHints":{"allow":["GET"]}}],"collection":[{"href":"https:\/\/semmelweis.hu\/ortopedklinika\/wp-json\/wp\/v2\/pages"}],"about":[{"href":"https:\/\/semmelweis.hu\/ortopedklinika\/wp-json\/wp\/v2\/types\/page"}],"author":[{"embeddable":true,"href":"https:\/\/semmelweis.hu\/ortopedklinika\/wp-json\/wp\/v2\/users\/101111"}],"replies":[{"embeddable":true,"href":"https:\/\/semmelweis.hu\/ortopedklinika\/wp-json\/wp\/v2\/comments?post=1463"}],"version-history":[{"count":11,"href":"https:\/\/semmelweis.hu\/ortopedklinika\/wp-json\/wp\/v2\/pages\/1463\/revisions"}],"predecessor-version":[{"id":3475,"href":"https:\/\/semmelweis.hu\/ortopedklinika\/wp-json\/wp\/v2\/pages\/1463\/revisions\/3475"}],"up":[{"embeddable":true,"href":"https:\/\/semmelweis.hu\/ortopedklinika\/wp-json\/wp\/v2\/pages\/1677"}],"wp:attachment":[{"href":"https:\/\/semmelweis.hu\/ortopedklinika\/wp-json\/wp\/v2\/media?parent=1463"}],"wp:term":[{"taxonomy":"category","embeddable":true,"href":"https:\/\/semmelweis.hu\/ortopedklinika\/wp-json\/wp\/v2\/categories?post=1463"},{"taxonomy":"post_tag","embeddable":true,"href":"https:\/\/semmelweis.hu\/ortopedklinika\/wp-json\/wp\/v2\/tags?post=1463"}],"curies":[{"name":"wp","href":"https:\/\/api.w.org\/{rel}","templated":true}]}}