{"id":1382,"date":"2018-07-11T18:17:53","date_gmt":"2018-07-11T16:17:53","guid":{"rendered":"http:\/\/semmelweis.hu\/ortopedklinika\/?page_id=1382"},"modified":"2022-05-06T12:04:16","modified_gmt":"2022-05-06T10:04:16","slug":"requirements-deutsch","status":"publish","type":"page","link":"https:\/\/semmelweis.hu\/ortopedklinika\/en\/requirements-deutsch\/","title":{"rendered":"Bildung &#8211; Ortopaedie"},"content":{"rendered":"<p style=\"text-align: justify;\"><strong>Semmelweis Universit\u00e4t\u00a0 <\/strong><strong>Fakul\u00e4t f\u00fcr Medizine <\/strong><\/p>\n<p style=\"text-align: justify;\">Ortop\u00e9diai Klinika, AOORT<strong>\u00a0<\/strong><\/p>\n<p><strong>Tant\u00e1rgy neve: Ortopaedie<\/strong><\/p>\n<p><strong>Tant\u00e1rgy t\u00edpusa: <\/strong>k\u00f6telez\u0151<\/p>\n<p><strong>\u00a0\u00a0\u00a0\u00a0\u00a0\u00a0\u00a0\u00a0\u00a0\u00a0\u00a0\u00a0\u00a0\u00a0\u00a0\u00a0 k\u00f3dja:<\/strong> AOKORT048_1N<strong>\u00a0<\/strong><\/p>\n<p><strong>\u00a0\u00a0\u00a0\u00a0\u00a0\u00a0\u00a0\u00a0\u00a0\u00a0\u00a0\u00a0\u00a0\u00a0\u00a0\u00a0 kredit\u00e9rt\u00e9ke: <\/strong>3<\/p>\n<p><strong>Tant\u00e1rgy el\u0151ad\u00f3j\u00e1nak neve: Prof. Sz\u0151ke Gy\u00f6rgy<\/strong><\/p>\n<p><strong>Tan\u00e9v: 2018\/2019<\/strong><\/p>\n<p><strong>A tant\u00e1rgy feladata a k\u00e9pz\u00e9s c\u00e9lj\u00e1nak megval\u00f3s\u00edt\u00e1s\u00e1ban:<\/strong><\/p>\n<p>Theoretischer und praktischer Unterricht der Orthop\u00e4die. Theoretischer Teilist die Einf\u00fchrung der Geschichte der Orthop\u00e4die, das Training der Differentialdiagnose und Therapie der pathologischen Zust\u00e4nde des Bewegungsapparates, ihre Diagnostik. Impraktischen Teillernen Siedie Untersuchung des Bewegungsapparates, die Art und Weise, wiepathologische Zust\u00e4ndeerkanntwerden, die Strukturdiagnostischer und therapeutischerAlgorithmen und die Art, eine Arzt-Patient-Beziehungherzustellen.<strong>\u00a0<\/strong><\/p>\n<p><strong>A t\u00e1rgy tematik\u00e1ja (lehet\u0151leg heti bont\u00e1sban, sorsz\u00e1mozva):<\/strong><strong>\u00a0<\/strong><\/p>\n<ol>\n<li>Geschichte der Orthop\u00e4die. M\u00f6glichkeiten der Prophylaxe. Entz\u00fcndlicheErkrankungen des Bewegungapparates<\/li>\n<li>AngeboreneH\u00fcftgelenkluxation. <br \/>\nDysplasia, Subluxation und Luxation des H\u00fcftgelenks. Patho-anatomischeVerh\u00e4ltnisse bei angeborenerH\u00fcftgelenkluxation. Klinische, radiologischeSymptome. Ultrasonographie der H\u00fcfte. Fr\u00fch- und Sp\u00e4tbehandlung der Luxation. OperativeMethoden. PalliativeEingriffe.<\/li>\n<li>Stoffwechselerkrankungen der Knochen. Osteoporose. Sudeck-Dystrophie (M. Paget). Klinische und radiologischeErscheinung. Diagnostik und Behandlung.<\/li>\n<li>Anatomie und Biomechanik der Wirbels\u00e4ule. ErkrankungenimKindesalter. Haltungsinsuffizienzen. <br \/>\nM. Scheuermann. M- Calv\u00e9<\/li>\n<li>Degenerative und entz\u00fcndlicheVer\u00e4nderungen der Wirbels\u00e4ule. Lumbago. Lumboischhialgie. Spondylosyse, spondylolisthese<\/li>\n<li>Skoliose (Entstehungstheorien, pathologischeVer\u00e4nderungen, Klinische und radiologischeErscheinungen). Klassifikation der Skoliosen. <br \/>\nBehandlung der Skoliosen.<\/li>\n<li>Arthrose des H\u00fcftgelenks. Aethiologie, Pathologie, klinische und radiologischeSymptome. Konservative und operativetherapeutischeMa\u00dfnahmen.<\/li>\n<li>H\u00fcftgelenksver\u00e4nderungen und ErkrankungenimKindesalter. Osteochondritisjuveniliscoxae (M. Perthes). Epiphyseolysiscapitisfemoris. Akute und chronischeEntz\u00fcndungen des H\u00fcftgelenks.<\/li>\n<li>Erkrankungen des Kniegelenks. <br \/>\nHabituellePatellaluxation. Genuvarum, valgum, recurvatum. Kniegelenksarthrose. Verletzungen der Menisken und der Kreuzb\u00e4nder. Kniegelenks-Arthroscopie.<\/li>\n<li>Erkrankungen des Fu\u00dfes (Plattfu\u00df, Spitzfu\u00df, TarsaleSynostosen, Hallux valgus). Klumpfu\u00df.<\/li>\n<li>Erkrankungen der Halswirbels\u00e4ule, der\u00a0\u00a0\u00a0 Schulterg\u00fcrtel und der oberenExtremit\u00e4t.<\/li>\n<li>Tumoren und tumor\u00e4hnlicheL\u00e4sionen der Knochen. GutartigeTumoren. Osteoidosteom. Semimaligne und maligneTumoren. (Riesenzelltumor, Chondorm, Osteochondorm, Myeloma multiplex, Ewingsarkom, Osteosarkom) PathologischeEigenschaften. Knochenmetastasen, Wihteiltumoren der Extremitaeten<\/li>\n<li>Neuromuskul\u00e4reErkrankungen. Knochendysplasien. Muskel- und<\/li>\n<\/ol>\n<p>Nervensystemerkrankungen.Fehlbildungen. AngeboreneFehlbildungen der Extremit\u00e4ten. Pferdefuss.<strong>\u00a0<\/strong><\/p>\n<p><strong>A foglalkoz\u00e1sokon val\u00f3 r\u00e9szv\u00e9tel k\u00f6vetelm\u00e9nyei \u00e9s a t\u00e1volmarad\u00e1s p\u00f3tl\u00e1s\u00e1nak lehet\u0151s\u00e9ge:<\/strong><strong>\u00a0<\/strong><\/p>\n<p>Wiruntersuchendie von der Klinikangek\u00fcndigtenPraktiken mit einem Katalog.Wirakzeptierendreibest\u00e4tigteFehlzeiten.Erg\u00e4nzung von Fehlzeitenist in parallelen \u00dcbungenm\u00f6glich.<strong>\u00a0<\/strong><\/p>\n<p><strong>Az igazol\u00e1s m\u00f3dja a foglalkoz\u00e1sokon \u00e9s a vizsg\u00e1n val\u00f3 t\u00e1voll\u00e9t eset\u00e9n:<\/strong><strong>\u00a0<\/strong><\/p>\n<p><strong>EinAerztlichesAttestkannbeim Praktiker oderdemPr\u00fcfervorgelegtverden<\/strong><strong>\u00a0<\/strong><strong>\u00a0<\/strong><\/p>\n<p><strong>A f\u00e9l\u00e9vk\u00f6zi ellen\u0151rz\u00e9sek (besz\u00e1mol\u00f3k, z\u00e1rthelyi dolgozatok) sz\u00e1ma, t\u00e9mak\u00f6re \u00e9s id\u0151pontja, p\u00f3tl\u00e1suk \u00e9s jav\u00edt\u00e1suk lehet\u0151s\u00e9ge:<\/strong><\/p>\n<p><strong>\u00a0<\/strong><\/p>\n<p><strong>A f\u00e9l\u00e9v v\u00e9gi al\u00e1\u00edr\u00e1s k\u00f6vetelm\u00e9nyei (ide\u00e9rtve a hallgat\u00f3 egy\u00e9ni munk\u00e1val megoldand\u00f3 feladatainak sz\u00e1m\u00e1t \u00e9s t\u00edpus\u00e1t is):<\/strong><strong>\u00a0<\/strong><\/p>\n<p>Nachweis\u00fcberdie Teilnahme am Praktikum und die Abschaffung der praktischen Pr\u00fcfung, diedurchdie Unterschrift des Praktikersbest\u00e4tigtwird.<br \/>\nAktiveTeilnahme an \u00dcbungen mit Patientenuntersuchung, Selbstvorbereitung und Berichterstattungzueinembestimmten Thema.<strong>\u00a0<\/strong><\/p>\n<p><strong>Az oszt\u00e1lyzat kialak\u00edt\u00e1s\u00e1nak m\u00f3dja:<\/strong><\/p>\n<p><strong>DasPr\u00fcfungsergebnisergibtsichausvierEintraegenaus der m\u00fcndlichenPr\u00fcfung<\/strong><strong>\u00a0<\/strong><\/p>\n<p><strong>A vizsga t\u00edpusa: Kollokvium, M\u00fcndlich<\/strong><\/p>\n<p><strong>Vizsgak\u00f6vetelm\u00e9nyek:<\/strong><\/p>\n<p>Voraussetzungf\u00fcrdie Teilnahme an der Pr\u00fcfungistdas Abh\u00f6ren der Vorlesungen, diebeglaubigte Teilnahme an den \u00dcbungen und die Abschaffung der praktischen Pr\u00fcfung.<br \/>\nDasPr\u00fcfungsmaterialbestehtausVorlesungen und \u00dcbungensowiedemLehrbuchmaterial.<strong>\u00a0<\/strong><\/p>\n<p><strong>A vizsgajelentkez\u00e9s m\u00f3dja:Neptun<\/strong><\/p>\n<p><strong>A vizsgajelentkez\u00e9s m\u00f3dos\u00edt\u00e1s\u00e1nak rendje:<\/strong><\/p>\n<p><strong>Neptun<\/strong><strong>\u00a0<\/strong><\/p>\n<p><strong>A vizsg\u00e1r\u00f3l val\u00f3 t\u00e1volmarad\u00e1s igazol\u00e1s\u00e1nak m\u00f3dja:<\/strong><strong>\u00a0<\/strong><\/p>\n<p><strong>ArztlichesAttest, AntragbeimProfessorsekretariat<\/strong><strong>\u00a0<\/strong><\/p>\n<p><strong>A tananyag elsaj\u00e1t\u00edt\u00e1s\u00e1hoz felhaszn\u00e1lhat\u00f3 jegyzetek, tank\u00f6nyvek, seg\u00e9dletek \u00e9s szakirodalom list\u00e1ja:<\/strong><strong>\u00a0<\/strong><\/p>\n<p><strong>F.U. Niethard: Orthopaedie und Unfallchirurgie<\/strong><\/p>\n<p><strong>\u00a0<\/strong><strong style=\"font-size: 1rem;\">2<\/strong><\/p>\n","protected":false},"excerpt":{"rendered":"<p>Semmelweis Universit\u00e4t\u00a0 Fakul\u00e4t f\u00fcr Medizine Ortop\u00e9diai Klinika, AOORT\u00a0 Tant\u00e1rgy neve: Ortopaedie Tant\u00e1rgy t\u00edpusa: k\u00f6telez\u0151 \u00a0\u00a0\u00a0\u00a0\u00a0\u00a0\u00a0\u00a0\u00a0\u00a0\u00a0\u00a0\u00a0\u00a0\u00a0\u00a0 k\u00f3dja: AOKORT048_1N\u00a0 \u00a0\u00a0\u00a0\u00a0\u00a0\u00a0\u00a0\u00a0\u00a0\u00a0\u00a0\u00a0\u00a0\u00a0\u00a0\u00a0 kredit\u00e9rt\u00e9ke: 3 Tant\u00e1rgy el\u0151ad\u00f3j\u00e1nak neve: Prof. Sz\u0151ke Gy\u00f6rgy Tan\u00e9v: 2018\/2019 A tant\u00e1rgy feladata a k\u00e9pz\u00e9s c\u00e9lj\u00e1nak megval\u00f3s\u00edt\u00e1s\u00e1ban: Theoretischer und praktischer Unterricht der Orthop\u00e4die. Theoretischer Teilist die Einf\u00fchrung der Geschichte der Orthop\u00e4die, das Training der Differentialdiagnose und Therapie &hellip;<\/p>\n","protected":false},"author":101111,"featured_media":0,"parent":0,"menu_order":2,"comment_status":"closed","ping_status":"closed","template":"","meta":{"_acf_changed":false,"footnotes":""},"categories":[],"tags":[],"class_list":["post-1382","page","type-page","status-publish","hentry"],"acf":[],"_links":{"self":[{"href":"https:\/\/semmelweis.hu\/ortopedklinika\/wp-json\/wp\/v2\/pages\/1382","targetHints":{"allow":["GET"]}}],"collection":[{"href":"https:\/\/semmelweis.hu\/ortopedklinika\/wp-json\/wp\/v2\/pages"}],"about":[{"href":"https:\/\/semmelweis.hu\/ortopedklinika\/wp-json\/wp\/v2\/types\/page"}],"author":[{"embeddable":true,"href":"https:\/\/semmelweis.hu\/ortopedklinika\/wp-json\/wp\/v2\/users\/101111"}],"replies":[{"embeddable":true,"href":"https:\/\/semmelweis.hu\/ortopedklinika\/wp-json\/wp\/v2\/comments?post=1382"}],"version-history":[{"count":4,"href":"https:\/\/semmelweis.hu\/ortopedklinika\/wp-json\/wp\/v2\/pages\/1382\/revisions"}],"predecessor-version":[{"id":2871,"href":"https:\/\/semmelweis.hu\/ortopedklinika\/wp-json\/wp\/v2\/pages\/1382\/revisions\/2871"}],"wp:attachment":[{"href":"https:\/\/semmelweis.hu\/ortopedklinika\/wp-json\/wp\/v2\/media?parent=1382"}],"wp:term":[{"taxonomy":"category","embeddable":true,"href":"https:\/\/semmelweis.hu\/ortopedklinika\/wp-json\/wp\/v2\/categories?post=1382"},{"taxonomy":"post_tag","embeddable":true,"href":"https:\/\/semmelweis.hu\/ortopedklinika\/wp-json\/wp\/v2\/tags?post=1382"}],"curies":[{"name":"wp","href":"https:\/\/api.w.org\/{rel}","templated":true}]}}