{"id":1378,"date":"2018-07-11T18:12:12","date_gmt":"2018-07-11T16:12:12","guid":{"rendered":"http:\/\/semmelweis.hu\/ortopedklinika\/?page_id=1378"},"modified":"2022-05-06T13:34:39","modified_gmt":"2022-05-06T11:34:39","slug":"learning-requirements","status":"publish","type":"page","link":"https:\/\/semmelweis.hu\/ortopedklinika\/en\/education\/learning-requirements\/","title":{"rendered":"Learning Requirements"},"content":{"rendered":"<p><strong>Semmelweis University, Faculty of Medicine\u00a0 \u00a0\u00a0<\/strong><\/p>\n<p><strong>Tant\u00e1rgy neve: <\/strong>Orthopedics<\/p>\n<p><strong>Tant\u00e1rgy t\u00edpusa: <\/strong>k\u00f6telez\u0151\/k\u00f6telez\u0151en v\u00e1laszthat\u00f3\/szabadon v\u00e1laszthat\u00f3 (a megfelel\u0151 al\u00e1h\u00fazand\u00f3)<\/p>\n<p><strong>\u00a0\u00a0\u00a0\u00a0\u00a0\u00a0\u00a0\u00a0\u00a0\u00a0\u00a0\u00a0\u00a0\u00a0\u00a0\u00a0 k\u00f3dja:<\/strong> AOKORT048_1A<\/p>\n<p><strong>\u00a0\u00a0\u00a0\u00a0\u00a0\u00a0\u00a0\u00a0\u00a0\u00a0\u00a0\u00a0\u00a0\u00a0\u00a0\u00a0 kredit\u00e9rt\u00e9ke: 3<\/strong><\/p>\n<p><strong>Tant\u00e1rgy el\u0151ad\u00f3j\u00e1nak neve: <\/strong>Prof. Gy\u00f6rgy Sz\u0151ke<\/p>\n<p><strong>Tan\u00e9v: <\/strong>2018\/2019<\/p>\n<p><strong>A tant\u00e1rgy feladata a k\u00e9pz\u00e9s c\u00e9lj\u00e1nak megval\u00f3s\u00edt\u00e1s\u00e1ban:<\/strong><strong>\u00a0<\/strong><\/p>\n<p style=\"text-align: justify;\">The goal of the semester is the theoretical and practical education of the orthopaedics. Theoretical part: the history of orthopaedics, the pathological changes in locomotor system, the possibilities in diagnostics and differential diagnostics, and therapeutical facilities. In practical part students acquire the examination method of locomotor system to recognize morbidity, the diagnostical and therapeutical algorithmes, and establishment of doctor-patient relationship.<strong>\u00a0<\/strong><\/p>\n<p><strong>A t\u00e1rgy tematik\u00e1ja (lehet\u0151leg heti bont\u00e1sban, sorsz\u00e1mozva):<\/strong><strong>\u00a0<\/strong><\/p>\n<p style=\"text-align: justify;\"><u>Lectures:<\/u><\/p>\n<ul style=\"list-style-type: square;\">\n<li style=\"text-align: justify;\">Subject of Orthopedic Education. Organization.<\/li>\n<li style=\"text-align: justify;\">Orthopedic care in Hungary. Possibilities of prophylaxis.<\/li>\n<li style=\"text-align: justify;\">Inflammatory diseases in orthopaedics.<\/li>\n<li style=\"text-align: justify;\">Anatomy and biomechanics of the spine. Mai posture.<\/li>\n<li style=\"text-align: justify;\">Scheuermann\u2019s disease. Vertebra plana, Calve.<\/li>\n<li style=\"text-align: justify;\">Scoliosis. Theories concerning the etiology of various kinds of scoliosis. Pathological, clinical and radiological symptoms and appearance. Symptomatology and therapy of the functional scoliosis. Symptoms and therapy of scoliosis with recognized etiology (congenital, paralytic, rachitic).<\/li>\n<li style=\"text-align: justify;\">Degenerative diseases of the spine. Etiology of low back pain, clinical symptoms, therapy. Low back of disc origin. Significance of the intervertebral discs under normal and pathological conditions. Symptomatology of the ischias syndrome and its therapy.<\/li>\n<li style=\"text-align: justify;\">Spondylolysis and spondylolisthesis. Lumbalization and Sacralization.<\/li>\n<li style=\"text-align: justify;\">Deformities and diseases of the neck and the upper extremity.<\/li>\n<li style=\"text-align: justify;\">Congenital torticollis, Klippel-Feil deformity. Cervical rib. Sprengel deformity.<\/li>\n<li style=\"text-align: justify;\">Obstetricalisparalysis. Recurrent dislocation of the shoulder. Cervicobrachial syndrome.<\/li>\n<li style=\"text-align: justify;\">Periarthritis of the shoulder. Dupuytren contracture. Kienb\u00f6ck disease. Tennis elbow.<\/li>\n<li style=\"text-align: justify;\">Madelung deformity. Sudeck dystrophy of the upper extremity.<\/li>\n<li style=\"text-align: justify;\">Osteoarthritis of the hip. Etiology, pathology, clinical and radiological symptoms.<\/li>\n<li style=\"text-align: justify;\">Methods of conservative and operative Treatment.<\/li>\n<li style=\"text-align: justify;\">Diseases of the child\u2019s hip. Legg-Perthes-Calve disease. Slipped capital femoral\u00a0epiphysis. Acute and chronic arthritis of the hip.<\/li>\n<li style=\"text-align: justify;\">Congenital dislocation of the hip. Anatomy and development of the hip joint. Concept of\u00a0 dysplasia. Subluxation and luxation. Pathology. Early and late clinical and X-ray signs. Early and late conservative therapy. Various methods of operative treatment. Palliative operation.<\/li>\n<li style=\"text-align: justify;\">Diseases of the knee. Recurrent dislocation of the patella.<\/li>\n<li style=\"text-align: justify;\">Osteochondritis of the tibial tubercle (Osgood-Schlatter disease). Ostechondrosis of the tibia. Varus, valgus and hyperextension deformity. Osteoarthritis. Chondromalacia of the patella. Meniscus lesions.<\/li>\n<li style=\"text-align: justify;\">Diseases of the foot. Congenital clubfoot. Tarsal synostosis. Hallux valgus. Aseptic<\/li>\n<li style=\"text-align: justify;\">necrosis of the bones of the foot. Osteoarthritis of the joints of the foot. Flatfoot.<\/li>\n<li style=\"text-align: justify;\">Neuromuscular diseases. Classification and treatment. Infantile cerebral palsy. Disturbances of the development of the vertebral body and neural arch. Muscular defects. Progressive muscular dystrophy and other diseases of the muscles.<\/li>\n<li style=\"text-align: justify;\">Primary tumors of bones and their classification. Benign bone tumors. Osteoid osteoma. Semimalignant and malignant tumors (giant cell tumor, chondroma, osteosarcoma, chondrosarcoma, multiple myeloma, Ewing sarcoma). Main pathologic features..\u00a0 \u2018<\/li>\n<li style=\"text-align: justify;\">Bone disorders. Osteoporosis, osteomalacia, osteogenesis imperfecta, Paget disease.<\/li>\n<li style=\"text-align: justify;\">Developmental anomalies. Congenital anomalies of the extremities.<\/li>\n<\/ul>\n<p style=\"text-align: justify;\"><strong>Practices: <\/strong><\/p>\n<ul style=\"list-style-type: square;\">\n<li style=\"text-align: justify;\">Instruction of correct behaviour in the Hospital and during practicals. Introduction to the Hospital. Therapeutic aims of Orthopedics. Methods of the clinical practicals. Methodology of learning Orthopedics.<\/li>\n<li style=\"text-align: justify;\">Diagnostic and therapeutic methods of Orthopedics. Anamnesis. Inspection, palpation, examination of motions.<\/li>\n<li style=\"text-align: justify;\">Basics of radiological examination of the musculoskeleta! system. Normal Roentgen anatomy of the bones and joints. Form and function. Methods of examination of limb shortening and alterations of the forms. Contracture. Limping.<\/li>\n<li style=\"text-align: justify;\">Fixation, relief of weight bearing, plaster splints, plaster bandages. Examination of patients. Examination of the diseases and deformities of the spine, malposture (Calves deformity, spondylarthrosis).<\/li>\n<li style=\"text-align: justify;\">Preparation of plaster splints, bandages. Examination of patients with lumbago, ischias syndrome, spondylolysis, spondylolisthesis. Demonstration of Roentgenograms.<\/li>\n<li style=\"text-align: justify;\">Examination of scoliotic patients. Preparation of plaster and other corsets.<\/li>\n<li style=\"text-align: justify;\">Examination of patients. Tuberculous spondylitis. Demonstration of Roentgenograms. Preparation of plaster beds.<\/li>\n<li style=\"text-align: justify;\">Examination of patients with congenital dislocation of the hip. Early and late symptoms of this disease. Demonstration of Roentgenograms.<\/li>\n<li style=\"text-align: justify;\">Examination of patients with congenital dislocation of the hip. Demonstration of the means and methods of therapy and their application.<\/li>\n<li style=\"text-align: justify;\">Examination of patients with juvenile osteochondritis of the hip. Epiphyseolysis. Infantile coxa vara. Demonstration of Roentgenograms and methods of treatment. Preparation of hip spica.<\/li>\n<li style=\"text-align: justify;\">Examination of patients with osteoarthritis of the hip. Examination of contractures of the hip. Demonstration of Roentgenograms.<\/li>\n<li style=\"text-align: justify;\">Examination of patients with recurrent dislocation of the patella, Osteoarthritis, tuberculous arthritis of the knee. Punction of the knee joint. Methods of fixation of this joint, preparation of plaster bandage.<\/li>\n<li style=\"text-align: justify;\">Examination of patients with diseases and deformations of the neck, upper extremity. Torticollis, cervicobrachial syndrome, periarthritis of the shoulder, tuberculosis of the shoulder joint. Demonstration of Roentgenograms. Application of the methods of hand and arm fixation.<\/li>\n<li style=\"text-align: justify;\">Examination of patients with congenital clubfoot and flatfoot. Therapy. Application of the methods of foot and lower leg fixation.<\/li>\n<li style=\"text-align: justify;\">Demonstration of the methods of gymnastics and physiotherapy.<\/li>\n<\/ul>\n<p style=\"text-align: justify;\"><strong>\u00a0<\/strong><strong>A foglalkoz\u00e1sokon val\u00f3 r\u00e9szv\u00e9tel k\u00f6vetelm\u00e9nyei \u00e9s a t\u00e1volmarad\u00e1s p\u00f3tl\u00e1s\u00e1nak lehet\u0151s\u00e9ge:<\/strong><\/p>\n<p style=\"text-align: justify;\">The maximum number of absences in a semester is 3. More than 3 absences invalidate the semester.<strong>\u00a0<\/strong><\/p>\n<p><strong>Az igazol\u00e1s m\u00f3dja a foglalkoz\u00e1sokon \u00e9s a vizsg\u00e1n val\u00f3 t\u00e1voll\u00e9t eset\u00e9n:<\/strong><\/p>\n<p>medical certificate<strong>\u00a0<\/strong><\/p>\n<p><strong>A f\u00e9l\u00e9vk\u00f6zi ellen\u0151rz\u00e9sek (besz\u00e1mol\u00f3k, z\u00e1rthelyi dolgozatok) sz\u00e1ma, t\u00e9mak\u00f6re \u00e9s id\u0151pontja, p\u00f3tl\u00e1suk \u00e9s jav\u00edt\u00e1suk lehet\u0151s\u00e9ge:<\/strong><\/p>\n<p>\u00d8<\/p>\n<p><strong>A f\u00e9l\u00e9v v\u00e9gi al\u00e1\u00edr\u00e1s k\u00f6vetelm\u00e9nyei (ide\u00e9rtve a hallgat\u00f3 egy\u00e9ni munk\u00e1val megoldand\u00f3 feladatainak sz\u00e1m\u00e1t \u00e9s t\u00edpus\u00e1t is):<\/strong><\/p>\n<ul style=\"list-style-type: square;\">\n<li>Certified attendance on practices. Successful practical exam at the time of last practice.<\/li>\n<li>Students have to fill -during semester- the trial test on Semmelweis University\u2019s e-learning system.<\/li>\n<\/ul>\n<p><strong>Az oszt\u00e1lyzat kialak\u00edt\u00e1s\u00e1nak m\u00f3dja:<\/strong><\/p>\n<p>By the result of test performed on computer<strong>\u00a0<\/strong><\/p>\n<p><strong>A vizsga t\u00edpusa: <\/strong>computer test on e-learning system<\/p>\n<p><strong>Vizsgak\u00f6vetelm\u00e9nyek:<\/strong><\/p>\n<p>Attendance on lectures, certified attendance on practices, successful practical exam, and successful filling in of trial test on e-learning system.<\/p>\n<p><strong>A vizsgajelentkez\u00e9s m\u00f3dja: <\/strong>NEPTUN system<\/p>\n<p>Semester Closing exam registration has to be done through the NEPTUN system for the days set by the department up to the limits.<\/p>\n<p><strong>A vizsgajelentkez\u00e9s m\u00f3dos\u00edt\u00e1s\u00e1nak rendje: <\/strong>NEPTUN system<\/p>\n<p>Modifying of exam dates through the NEPTUN system, as it allows.<\/p>\n<p><strong>A vizsg\u00e1r\u00f3l val\u00f3 t\u00e1volmarad\u00e1s igazol\u00e1s\u00e1nak m\u00f3dja:<\/strong><\/p>\n<p>Medical certificate, at professor\u2019s secretariat.<\/p>\n<p><strong>A tananyag elsaj\u00e1t\u00edt\u00e1s\u00e1hoz felhaszn\u00e1lhat\u00f3 jegyzetek, tank\u00f6nyvek, seg\u00e9dletek \u00e9s szakirodalom list\u00e1ja:<\/strong><\/p>\n<p>Orthopedics, edited by M. Szendr\u0151i<\/p>\n<p>Orthopedics \/ Semmelweis University, e-learning system<\/p>\n<p style=\"text-align: justify;\">\u00a0<\/p>\n","protected":false},"excerpt":{"rendered":"<p>Semmelweis University, Faculty of Medicine\u00a0 \u00a0\u00a0 Tant\u00e1rgy neve: Orthopedics Tant\u00e1rgy t\u00edpusa: k\u00f6telez\u0151\/k\u00f6telez\u0151en v\u00e1laszthat\u00f3\/szabadon v\u00e1laszthat\u00f3 (a megfelel\u0151 al\u00e1h\u00fazand\u00f3) \u00a0\u00a0\u00a0\u00a0\u00a0\u00a0\u00a0\u00a0\u00a0\u00a0\u00a0\u00a0\u00a0\u00a0\u00a0\u00a0 k\u00f3dja: AOKORT048_1A \u00a0\u00a0\u00a0\u00a0\u00a0\u00a0\u00a0\u00a0\u00a0\u00a0\u00a0\u00a0\u00a0\u00a0\u00a0\u00a0 kredit\u00e9rt\u00e9ke: 3 Tant\u00e1rgy el\u0151ad\u00f3j\u00e1nak neve: Prof. Gy\u00f6rgy Sz\u0151ke Tan\u00e9v: 2018\/2019 A tant\u00e1rgy feladata a k\u00e9pz\u00e9s c\u00e9lj\u00e1nak megval\u00f3s\u00edt\u00e1s\u00e1ban:\u00a0 The goal of the semester is the theoretical and practical education of the orthopaedics. Theoretical part: the &hellip;<\/p>\n","protected":false},"author":101111,"featured_media":0,"parent":1148,"menu_order":1,"comment_status":"closed","ping_status":"closed","template":"","meta":{"_acf_changed":false,"footnotes":""},"categories":[],"tags":[],"class_list":["post-1378","page","type-page","status-publish","hentry"],"acf":[],"_links":{"self":[{"href":"https:\/\/semmelweis.hu\/ortopedklinika\/wp-json\/wp\/v2\/pages\/1378","targetHints":{"allow":["GET"]}}],"collection":[{"href":"https:\/\/semmelweis.hu\/ortopedklinika\/wp-json\/wp\/v2\/pages"}],"about":[{"href":"https:\/\/semmelweis.hu\/ortopedklinika\/wp-json\/wp\/v2\/types\/page"}],"author":[{"embeddable":true,"href":"https:\/\/semmelweis.hu\/ortopedklinika\/wp-json\/wp\/v2\/users\/101111"}],"replies":[{"embeddable":true,"href":"https:\/\/semmelweis.hu\/ortopedklinika\/wp-json\/wp\/v2\/comments?post=1378"}],"version-history":[{"count":7,"href":"https:\/\/semmelweis.hu\/ortopedklinika\/wp-json\/wp\/v2\/pages\/1378\/revisions"}],"predecessor-version":[{"id":2882,"href":"https:\/\/semmelweis.hu\/ortopedklinika\/wp-json\/wp\/v2\/pages\/1378\/revisions\/2882"}],"up":[{"embeddable":true,"href":"https:\/\/semmelweis.hu\/ortopedklinika\/wp-json\/wp\/v2\/pages\/1148"}],"wp:attachment":[{"href":"https:\/\/semmelweis.hu\/ortopedklinika\/wp-json\/wp\/v2\/media?parent=1378"}],"wp:term":[{"taxonomy":"category","embeddable":true,"href":"https:\/\/semmelweis.hu\/ortopedklinika\/wp-json\/wp\/v2\/categories?post=1378"},{"taxonomy":"post_tag","embeddable":true,"href":"https:\/\/semmelweis.hu\/ortopedklinika\/wp-json\/wp\/v2\/tags?post=1378"}],"curies":[{"name":"wp","href":"https:\/\/api.w.org\/{rel}","templated":true}]}}