{"id":1221,"date":"2017-09-25T09:58:38","date_gmt":"2017-09-25T07:58:38","guid":{"rendered":"http:\/\/semmelweis.hu\/ortopedklinika\/?page_id=1221"},"modified":"2023-02-28T20:48:20","modified_gmt":"2023-02-28T19:48:20","slug":"tdk-szabalyzat","status":"publish","type":"page","link":"https:\/\/semmelweis.hu\/ortopedklinika\/tdk-transzlacios-medicina-program-2\/tdk-szabalyzat\/","title":{"rendered":"TDK szab\u00e1lyzat"},"content":{"rendered":"<ol style=\"text-align: justify\">\n<li><strong>Kett\u0151s regisztr\u00e1ci\u00f3: <\/strong>a TDK-kurzus Neptun rendszerben t\u00f6rt\u00e9n\u0151 felv\u00e9tele mellett a TDK munka minden megkezdett f\u00e9l\u00e9v\u00e9ben a Klinika TDK felel\u0151s\u00e9n\u00e9l is regisztr\u00e1lni kell a <a href=\"https:\/\/forms.gle\/8MAhgT5cdG3GJmcB9\">TDK regisztr\u00e1ci\u00f3s adatlap<\/a> kit\u00f6lt\u00e9s\u00e9vel, az \u0151szi f\u00e9l\u00e9vben <strong>okt\u00f3ber 15-ig<\/strong>, a tavaszi f\u00e9l\u00e9vben <strong>m\u00e1rcius 15-ig<\/strong><a href=\"mailto:tdk.ortopedklinika@gmail.com\" target=\"_blank\" rel=\"noopener noreferrer\">.<\/a>\u00a0A Neptun regisztr\u00e1ci\u00f3 kiz\u00e1r\u00f3lag az adott f\u00e9l\u00e9v tant\u00e1rgyfelv\u00e9teli id\u0151szak\u00e1ban t\u00f6rt\u00e9nik.<br \/>\n<hr \/>\n<\/li>\n<li><strong>TDK igazol\u00e1s:<\/strong> K\u00fcl\u00f6nf\u00e9le p\u00e1ly\u00e1zatokhoz, \u00f6szt\u00f6nd\u00edj- \u00e9s egy\u00e9b k\u00e9relmekhez az Egyetem TDK irod\u00e1ja csak annak a hallgat\u00f3nak tud igazol\u00e1st adni a di\u00e1kk\u00f6ri munk\u00e1r\u00f3l, aki az adott f\u00e9l\u00e9v tant\u00e1rgyfelv\u00e9teli id\u0151szak\u00e1ban felvette a TDK munka t\u00e1rgyat, illetve aki a Klinik\u00e1n is regisztr\u00e1lt \u00e9s a TDK iroda nyilv\u00e1ntart\u00e1sban is egyar\u00e1nt szerepel.<br \/>\n<hr \/>\n<\/li>\n<li><strong>TDK Konferencia: <\/strong>A TDK konferenci\u00e1ra csak az a hallgat\u00f3 jelenthet be el\u0151ad\u00e1st, aki a Semmelweis Egyetem Tudom\u00e1nyos Di\u00e1kk\u00f6r\u00e9nek hivatalosan nyilv\u00e1ntartott tagja, \u00e9s TDK-tags\u00e1g\u00e1t a kutat\u00f3hely a Tudom\u00e1nyos Di\u00e1kk\u00f6ri Tan\u00e1csnak bejelentette. A TDK konferenci\u00e1n csak azok a hallgat\u00f3k tarthatnak els\u0151szerz\u0151s el\u0151ad\u00e1st, akik el\u0151tte legal\u00e1bb k\u00e9t szemeszteren \u00e1t folyamatosan regisztr\u00e1lt di\u00e1kk\u00f6r\u00f6s hallgat\u00f3k voltak az adott kutat\u00f3helyen, illetve a konferencia f\u00e9l\u00e9v\u00e9ben felvett\u00e9k a Neptun rendszerben a TDK munka t\u00e1rgyat. A bejelentett el\u0151ad\u00e1soknak legfeljebb k\u00e9t szerz\u0151je \u00e9s k\u00e9t t\u00e9mavezet\u0151je lehet. Egy hallgat\u00f3 ugyanarr\u00f3l a kutat\u00f3helyr\u0151l csak egy el\u0151ad\u00e1snak lehet els\u0151 szerz\u0151je. PhD hallgat\u00f3 nem lehet szerz\u0151 vagy szerz\u0151t\u00e1rs a TDK-el\u0151ad\u00e1sban.<br \/>\n<hr \/>\n<\/li>\n<li><strong>T\u00f6bbsz\u00f6r\u00f6s TDK:<\/strong> Egy TDK-hallgat\u00f3 egyidej\u0171leg legfeljebb k\u00e9t helyen lehet bejelentett di\u00e1kk\u00f6r\u00f6s. A hallgat\u00f3 \u00fagy ismerhet\u0151 el mindk\u00e9t kutat\u00f3helyen, ha az int\u00e9zm\u00e9nyek TDK-felel\u0151se \u00edr\u00e1sbeli hozz\u00e1j\u00e1rul\u00e1s\u00e1t adja ahhoz, hogy a hallgat\u00f3 a m\u00e1sik kutat\u00f3helyen is TDK-munk\u00e1t v\u00e9gezzen.<br \/>\n<hr \/>\n<\/li>\n<li><strong>Als\u00f3bb \u00e9vfolyamos TDK:<\/strong> Megfelel\u0151 garanci\u00e1k eset\u00e9n &#8211; a t\u00e9mavezet\u0151 \u00e9s a klinika vezet\u0151j\u00e9nek egyet\u00e9rt\u00e9s\u00e9vel \u2013 als\u00f3bb \u00e9vfolyamos hallgat\u00f3k is bekapcsol\u00f3dhatnak a kutat\u00e1sba, akkor is, ha az illet\u0151 szakt\u00e1rgyat m\u00e9g nem hallgatj\u00e1k.<br \/>\n<hr \/>\n<\/li>\n<li><strong>\u00c9rdemjegy:<\/strong> A f\u00e9l\u00e9v v\u00e9g\u00e9n a kit\u00f6lt\u00f6tt \u00e9s a t\u00e9mavezet\u0151 \u00e1ltal al\u00e1\u00edrt \u201eTDK munka \u00e9rt\u00e9kel\u0151 lap\u201c-ot a hallgat\u00f3nak a Klinika Titk\u00e1rs\u00e1g\u00e1n kell leadnia, ez alapj\u00e1n ker\u00fcl az \u00e9rdemjegye a Neptun rendszerbe. A t\u00e9mavezet\u0151 a Klinika Titk\u00e1rs\u00e1g\u00e1ra k\u00fcld\u00f6tt e-mailben is igazolhatja \u00e9s \u00e9rt\u00e9kelheti a hallgat\u00f3 munk\u00e1j\u00e1t.<\/li>\n<\/ol>\n<p>&nbsp;<\/p>\n<p><a href=\"https:\/\/forms.gle\/8MAhgT5cdG3GJmcB9\">TDK regisztr\u00e1ci\u00f3s adatlap<\/a><\/p>\n<p style=\"text-align: justify\"><a href=\"https:\/\/semmelweis.hu\/ortopedklinika\/files\/2020\/02\/TDK-munka-e\u0301rte\u0301kelo\u030b-lap.docx\">TDK munka \u00e9rt\u00e9kel\u0151 lap<\/a><\/p>\n<p>&nbsp;<\/p>\n<p style=\"text-align: justify\"><strong>Tov\u00e1bbi inform\u00e1ci\u00f3k:<\/strong><\/p>\n<ul>\n<li style=\"text-align: justify\"><a href=\"https:\/\/semmelweis.hu\/tdk\/\" target=\"_blank\" rel=\"noopener\">https:\/\/semmelweis.hu\/tdk\/<\/a><\/li>\n<li style=\"text-align: justify\">\u00a0<a href=\"mailto:tdk.ortopedklinika@gmail.com\" target=\"_blank\" rel=\"noopener noreferrer\">tdk.se.ortopedia@gmail.com<\/a><\/li>\n<\/ul>\n<p style=\"text-align: justify\">\u00a0<\/p>\n","protected":false},"excerpt":{"rendered":"<p>Kett\u0151s regisztr\u00e1ci\u00f3: a TDK-kurzus Neptun rendszerben t\u00f6rt\u00e9n\u0151 felv\u00e9tele mellett a TDK munka minden megkezdett f\u00e9l\u00e9v\u00e9ben a Klinika TDK felel\u0151s\u00e9n\u00e9l is regisztr\u00e1lni kell a <a href=\"https:\/\/forms.gle\/8MAhgT5cdG3GJmcB9\">TDK regisztr\u00e1ci\u00f3s adatlap<\/a> kit\u00f6lt\u00e9s\u00e9vel, az \u0151szi f\u00e9l\u00e9vben okt\u00f3ber 15-ig, a tavaszi f\u00e9l\u00e9vben m\u00e1rcius 15-ig <a href=\"mailto:tdk.ortopedklinika@gmail.com\" target=\"_blank\" rel=\"noopener noreferrer\">.<\/a> \u00a0A Neptun regisztr\u00e1ci\u00f3 kiz\u00e1r\u00f3lag az adott f\u00e9l\u00e9v tant\u00e1rgyfelv\u00e9teli id\u0151szak\u00e1ban t\u00f6rt\u00e9nik. TDK igazol\u00e1s: K\u00fcl\u00f6nf\u00e9le p\u00e1ly\u00e1zatokhoz, \u00f6szt\u00f6nd\u00edj- \u00e9s egy\u00e9b k\u00e9relmekhez az Egyetem TDK &hellip;<\/p>\n","protected":false},"author":101111,"featured_media":0,"parent":2166,"menu_order":2,"comment_status":"closed","ping_status":"closed","template":"","meta":{"_acf_changed":false,"footnotes":""},"categories":[],"tags":[],"class_list":["post-1221","page","type-page","status-publish","hentry"],"acf":[],"_links":{"self":[{"href":"https:\/\/semmelweis.hu\/ortopedklinika\/wp-json\/wp\/v2\/pages\/1221","targetHints":{"allow":["GET"]}}],"collection":[{"href":"https:\/\/semmelweis.hu\/ortopedklinika\/wp-json\/wp\/v2\/pages"}],"about":[{"href":"https:\/\/semmelweis.hu\/ortopedklinika\/wp-json\/wp\/v2\/types\/page"}],"author":[{"embeddable":true,"href":"https:\/\/semmelweis.hu\/ortopedklinika\/wp-json\/wp\/v2\/users\/101111"}],"replies":[{"embeddable":true,"href":"https:\/\/semmelweis.hu\/ortopedklinika\/wp-json\/wp\/v2\/comments?post=1221"}],"version-history":[{"count":11,"href":"https:\/\/semmelweis.hu\/ortopedklinika\/wp-json\/wp\/v2\/pages\/1221\/revisions"}],"predecessor-version":[{"id":3298,"href":"https:\/\/semmelweis.hu\/ortopedklinika\/wp-json\/wp\/v2\/pages\/1221\/revisions\/3298"}],"up":[{"embeddable":true,"href":"https:\/\/semmelweis.hu\/ortopedklinika\/wp-json\/wp\/v2\/pages\/2166"}],"wp:attachment":[{"href":"https:\/\/semmelweis.hu\/ortopedklinika\/wp-json\/wp\/v2\/media?parent=1221"}],"wp:term":[{"taxonomy":"category","embeddable":true,"href":"https:\/\/semmelweis.hu\/ortopedklinika\/wp-json\/wp\/v2\/categories?post=1221"},{"taxonomy":"post_tag","embeddable":true,"href":"https:\/\/semmelweis.hu\/ortopedklinika\/wp-json\/wp\/v2\/tags?post=1221"}],"curies":[{"name":"wp","href":"https:\/\/api.w.org\/{rel}","templated":true}]}}