{"id":1189,"date":"2017-09-12T15:41:22","date_gmt":"2017-09-12T13:41:22","guid":{"rendered":"http:\/\/semmelweis.hu\/ortopedklinika\/?page_id=1189"},"modified":"2022-05-06T12:05:52","modified_gmt":"2022-05-06T10:05:52","slug":"orthopadie-vorlesungen","status":"publish","type":"page","link":"https:\/\/semmelweis.hu\/ortopedklinika\/en\/requirements-deutsch\/orthopadie-vorlesungen\/","title":{"rendered":"Orthop\u00e4die Vorlesungen"},"content":{"rendered":"<p style=\"text-align: justify;\">FAKULT\u00c4T F\u00dcR MEDIZIN<\/p>\n<p style=\"text-align: justify;\"><strong>KLINIK F\u00dcR\u00a0 ORTHOP\u00c4DIE<\/strong><\/p>\n<p style=\"text-align: justify;\">(1082 Budapes, \u00dcll\u0151i \u00fat 78\/b., Tel.: 466-6611)<\/p>\n<p style=\"text-align: justify;\">Direktor: Prof. Dr. Gy\u00f6rgy SZ\u0150KE<\/p>\n<p style=\"text-align: justify;\">Zust\u00e4ndig f\u00fcr die Studenten: Dr. Tam\u00e1s Perlaky,<\/p>\n<p style=\"text-align: justify;\">e-mail: pertamas@hotmail.com<\/p>\n<p style=\"text-align: justify;\">\u00a0<\/p>\n<p style=\"text-align: justify;\">ORTHOP\u00c4DIE<\/p>\n<p style=\"text-align: justify;\"><strong>VORLESUNGEN<\/strong> (1 Std. pro Woche)<\/p>\n<p style=\"text-align: justify;\">Ort:Vorlesungsaal, II. Gynecologie (\u00dcll\u0151i \u00fat 78\/a), <strong>Montags, um 14:30<\/strong><\/p>\n<p style=\"text-align: justify;\">\u00a0<\/p>\n<p style=\"text-align: justify;\">\u00a0<\/p>\n<p style=\"text-align: justify;\"><strong>PRAKTIKA<\/strong> (1,5 Std. pro Woche)<\/p>\n<p style=\"text-align: justify;\">Ort: Orthop\u00e4dische Klinik, treffpunkt am 2. Stock Mitte, <strong>Montags um 13:00 (Gruppen 3,4,7,8) ,15:30 (Gruppen 1,2,5,6). Die Gruppen werden am 1. Vorlesung eingeteilt<\/strong><\/p>\n<p style=\"text-align: justify;\">Praktikumsleitern: Dr. Antal \u2013 Dr. Perlaky \u2013 Dr. Horv\u00e1th- Dr. Szalay-Dr. Rodler- Dr. Hetth\u00e9ssy<\/p>\n<p style=\"text-align: justify;\">\u00a0<\/p>\n<table width=\"711\">\n<tbody>\n<tr>\n<td width=\"64\">\n<p>09\/11\/17<\/p>\n<\/td>\n<td width=\"521\">\n<p>Geschichte der Orthop\u00e4die. M\u00f6glichkeiten der Prophylaxe. Entz\u00fcndliche Erkrankungen des Bewegungapparates<\/p>\n<\/td>\n<td width=\"66\">\n<p>Prof. Szendr\u0151i<\/p>\n<\/td>\n<td width=\"59\">\u00a0<\/td>\n<\/tr>\n<tr>\n<td width=\"64\">\n<p>09\/18\/17<\/p>\n<\/td>\n<td width=\"521\">\n<p>Angeborene H\u00fcftgelenkluxation. <br \/>\nDysplasia, Subluxation und Luxation des H\u00fcftgelenks. Patho-anatomische Verh\u00e4ltnisse bei angeborener H\u00fcftgelenkluxation. Klinische, radiologische Symptome. Ultrasonographie der H\u00fcfte. Fr\u00fch- und Sp\u00e4tbehandlung der Luxation. Operative Methoden. Palliative Eingriffe.<\/p>\n<p>&nbsp;<\/p>\n<\/td>\n<td width=\"66\">\n<p>Dr. Sz\u0151ke<\/p>\n<p>&nbsp;<\/p>\n<\/td>\n<td width=\"59\">\n<p>Auf englisch<\/p>\n<\/td>\n<\/tr>\n<tr>\n<td width=\"64\">\n<p>09\/25\/17<\/p>\n<\/td>\n<td width=\"521\">\n<p>Stoffwechselerkrankungen der Knochen. Osteoporose. Sudeck-Dystrophie (M. Paget). Klinische und radiologische Erscheinung. Diagnostik und Behandlung.<\/p>\n<\/td>\n<td width=\"66\">\n<p>Dr. Antal<\/p>\n<\/td>\n<td width=\"59\">\u00a0<\/td>\n<\/tr>\n<tr>\n<td width=\"64\">\n<p>10\/02\/17<\/p>\n<\/td>\n<td width=\"521\">\n<p>Anatomie und Biomechanik der Wirbels\u00e4ule. Erkrankungen im Kindesalter. Haltungsinsuffizienzen. <br \/>\nM. Scheuermann. M- Calv\u00e9<\/p>\n<p>Degenerative und entz\u00fcndliche Ver\u00e4nderungen der Wirbels\u00e4ule. Lumbago. Lumboischhialgie. Spondylosyse, spondylolisthese<\/p>\n<\/td>\n<td width=\"66\">\n<p>Prof. Szendr\u0151i<\/p>\n<\/td>\n<td width=\"59\">\u00a0<\/td>\n<\/tr>\n<tr>\n<td width=\"64\">\n<p>10\/9\/17<\/p>\n<\/td>\n<td width=\"521\">\n<p>Skoliose (Entstehungstheorien, pathologische Ver\u00e4nderungen, Klinische und radiologische Erscheinungen). Klassifikation der Skoliosen. <br \/>\nBehandlung der Skoliosen.<\/p>\n<\/td>\n<td width=\"66\">\n<p>Prof. Szendr\u0151i<\/p>\n<\/td>\n<td width=\"59\">\u00a0<\/td>\n<\/tr>\n<tr>\n<td width=\"64\">\n<p>10\/16\/17<\/p>\n<\/td>\n<td width=\"521\">\n<p>Arthrose des H\u00fcftgelenks. Aethiologie, Pathologie, klinische und radiologische Symptome. Konservative und operative therapeutische Ma\u00dfnahmen.<\/p>\n<\/td>\n<td width=\"66\">\n<p>Prof. Szendr\u0151i<\/p>\n<\/td>\n<td width=\"59\">\u00a0<\/td>\n<\/tr>\n<tr>\n<td width=\"64\">\n<p>10\/30\/17<\/p>\n<\/td>\n<td width=\"521\">\n<p>H\u00fcftgelenksver\u00e4nderungen und Erkrankungen im Kindesalter. Osteochondritis juvenilis coxae (M. Perthes). Epiphyseolysis capitis femoris. Akute und chronische Entz\u00fcndungen des H\u00fcftgelenks.<\/p>\n<\/td>\n<td width=\"66\">\n<p>Prof. Sz\u0151ke<\/p>\n<\/td>\n<td width=\"59\">\n<p>Auf englisch<\/p>\n<\/td>\n<\/tr>\n<tr>\n<td width=\"64\">\n<p>11\/06\/17<\/p>\n<\/td>\n<td width=\"521\">\n<p>Erkrankungen des Kniegelenks. <br \/>\nHabituelle Patellaluxation. Genu varum, valgum, recurvatum. Kniegelenksarthrose. Verletzungen der Menisken und der Kreuzb\u00e4nder. Kniegelenks-Arthroscopie.<\/p>\n<\/td>\n<td width=\"66\">\n<p>Prof. Szendr\u0151i<\/p>\n<p>&nbsp;<\/p>\n<\/td>\n<td width=\"59\">\u00a0<\/td>\n<\/tr>\n<tr>\n<td width=\"64\">\n<p>11\/13\/17<\/p>\n<\/td>\n<td width=\"521\">\n<p>Erkrankungen des Fu\u00dfes (Plattfu\u00df, Spitzfu\u00df, Tarsale Synostosen, Hallux valgus). Klumpfu\u00df.<\/p>\n<\/td>\n<td width=\"66\">\n<p>Dr. Szendr\u0151i<\/p>\n<p>&nbsp;<\/p>\n<\/td>\n<td width=\"59\">\u00a0<\/td>\n<\/tr>\n<tr>\n<td width=\"64\">\n<p>11\/20\/17<\/p>\n<\/td>\n<td width=\"521\">\n<p>Erkrankungen der Halswirbels\u00e4ule, der\u00a0\u00a0\u00a0 Schulterg\u00fcrtel und der oberen Extremit\u00e4t.<\/p>\n<\/td>\n<td width=\"66\">\n<p>Dr. Antal<\/p>\n<\/td>\n<td width=\"59\">\u00a0<\/td>\n<\/tr>\n<tr>\n<td width=\"64\">\n<p>11\/27\/17<\/p>\n<\/td>\n<td width=\"521\">\n<p>Tumoren und tumor\u00e4hnliche L\u00e4sionen der Knochen. Gutartige Tumoren. Osteoidosteom. Semimaligne und maligne Tumoren. (Riesenzelltumor, Chondorm, Osteochondorm, Myeloma multiplex, Ewingsarkom, Osteosarkom) Pathologische Eigenschaften. Knochenmetastasen, Wihteiltumoren der Extremitaeten<\/p>\n<\/td>\n<td width=\"66\">\n<p>Dr. Antal,<\/p>\n<p>&nbsp;<\/p>\n<\/td>\n<td width=\"59\">\u00a0<\/td>\n<\/tr>\n<tr>\n<td width=\"64\">\n<p>12\/04\/17<\/p>\n<\/td>\n<td width=\"521\">\n<p>Neuromuskul\u00e4re Erkrankungen. Knochendysplasien. Muskel- und<\/p>\n<p>\u00a0\u00a0\u00a0\u00a0\u00a0\u00a0\u00a0\u00a0\u00a0\u00a0\u00a0 Nervensystemerkrankungen.<\/p>\n<p>Fehlbildungen. Angeborene Fehlbildungen der Extremit\u00e4ten. Pferdefuss.<\/p>\n<\/td>\n<td width=\"66\">\n<p>Dr. Sz\u0151ke<\/p>\n<\/td>\n<td width=\"59\">\n<p>Auf englisch<\/p>\n<\/td>\n<\/tr>\n<\/tbody>\n<\/table>\n","protected":false},"excerpt":{"rendered":"<p>FAKULT\u00c4T F\u00dcR MEDIZIN KLINIK F\u00dcR\u00a0 ORTHOP\u00c4DIE (1082 Budapes, \u00dcll\u0151i \u00fat 78\/b., Tel.: 466-6611) Direktor: Prof. Dr. Gy\u00f6rgy SZ\u0150KE Zust\u00e4ndig f\u00fcr die Studenten: Dr. Tam\u00e1s Perlaky, e-mail: pertamas@hotmail.com \u00a0 ORTHOP\u00c4DIE VORLESUNGEN (1 Std. pro Woche) Ort:Vorlesungsaal, II. Gynecologie (\u00dcll\u0151i \u00fat 78\/a), Montags, um 14:30 \u00a0 \u00a0 PRAKTIKA (1,5 Std. pro Woche) Ort: Orthop\u00e4dische Klinik, treffpunkt am &hellip;<\/p>\n","protected":false},"author":101111,"featured_media":0,"parent":1382,"menu_order":1,"comment_status":"closed","ping_status":"closed","template":"","meta":{"_acf_changed":false,"footnotes":""},"categories":[],"tags":[],"class_list":["post-1189","page","type-page","status-publish","hentry"],"acf":[],"_links":{"self":[{"href":"https:\/\/semmelweis.hu\/ortopedklinika\/wp-json\/wp\/v2\/pages\/1189","targetHints":{"allow":["GET"]}}],"collection":[{"href":"https:\/\/semmelweis.hu\/ortopedklinika\/wp-json\/wp\/v2\/pages"}],"about":[{"href":"https:\/\/semmelweis.hu\/ortopedklinika\/wp-json\/wp\/v2\/types\/page"}],"author":[{"embeddable":true,"href":"https:\/\/semmelweis.hu\/ortopedklinika\/wp-json\/wp\/v2\/users\/101111"}],"replies":[{"embeddable":true,"href":"https:\/\/semmelweis.hu\/ortopedklinika\/wp-json\/wp\/v2\/comments?post=1189"}],"version-history":[{"count":4,"href":"https:\/\/semmelweis.hu\/ortopedklinika\/wp-json\/wp\/v2\/pages\/1189\/revisions"}],"predecessor-version":[{"id":2872,"href":"https:\/\/semmelweis.hu\/ortopedklinika\/wp-json\/wp\/v2\/pages\/1189\/revisions\/2872"}],"up":[{"embeddable":true,"href":"https:\/\/semmelweis.hu\/ortopedklinika\/wp-json\/wp\/v2\/pages\/1382"}],"wp:attachment":[{"href":"https:\/\/semmelweis.hu\/ortopedklinika\/wp-json\/wp\/v2\/media?parent=1189"}],"wp:term":[{"taxonomy":"category","embeddable":true,"href":"https:\/\/semmelweis.hu\/ortopedklinika\/wp-json\/wp\/v2\/categories?post=1189"},{"taxonomy":"post_tag","embeddable":true,"href":"https:\/\/semmelweis.hu\/ortopedklinika\/wp-json\/wp\/v2\/tags?post=1189"}],"curies":[{"name":"wp","href":"https:\/\/api.w.org\/{rel}","templated":true}]}}