{"id":1071,"date":"2017-01-28T20:19:06","date_gmt":"2017-01-28T19:19:06","guid":{"rendered":"http:\/\/semmelweis.hu\/ortopedklinika\/?page_id=1071"},"modified":"2022-04-01T16:33:38","modified_gmt":"2022-04-01T14:33:38","slug":"timetable-for-practical-courses-english","status":"publish","type":"page","link":"https:\/\/semmelweis.hu\/ortopedklinika\/en\/education\/timetable-for-practical-courses-english\/","title":{"rendered":"Timetable for Practical Courses (English)"},"content":{"rendered":"<table width=\"631\">\n<tbody>\n<tr>\n<td width=\"127\">\n<p><strong>DAY<\/strong><\/p>\n<\/td>\n<td width=\"114\">\n<p><strong>TIME<\/strong><\/p>\n<\/td>\n<td>\n<p><strong>GROUP<\/strong><\/p>\n<\/td>\n<td width=\"210\">\n<p><strong>INSTRUCTOR<\/strong><\/p>\n<\/td>\n<td width=\"108\">\n<p><strong>PLACE<\/strong><\/p>\n<\/td>\n<\/tr>\n<tr>\n<td rowspan=\"4\" width=\"127\">\n<p>MONDAY<\/p>\n<\/td>\n<td rowspan=\"4\" width=\"114\">\n<p>12.30-14.00<\/p>\n<\/td>\n<td>\n<p>M1<\/p>\n<\/td>\n<td width=\"210\">\n<p><strong>DR. HORV\u00c1TH NIKOLETTA<\/strong><\/p>\n<\/td>\n<td width=\"108\">\n<p><strong>KONZ. IV.<\/strong><\/p>\n<\/td>\n<\/tr>\n<tr>\n<td>\n<p>M3<\/p>\n<\/td>\n<td width=\"210\">\n<p><strong>DR. MAYSAM AMIN<\/strong><\/p>\n<\/td>\n<td width=\"108\">\n<p><strong>KONZ. V.<\/strong><\/p>\n<\/td>\n<\/tr>\n<tr>\n<td>\n<p>M4<\/p>\n<\/td>\n<td width=\"210\">\n<p><strong>DR. TEREBESSY TAM\u00c1S<\/strong><\/p>\n<\/td>\n<td width=\"108\">\n<p><strong>KONZ. VI.<\/strong><\/p>\n<\/td>\n<\/tr>\n<tr>\n<td>\n<p>M5<\/p>\n<\/td>\n<td width=\"210\">\n<p><strong>DR. HETTH\u00c9SSY JUDIT<\/strong><\/p>\n<\/td>\n<td width=\"108\">\n<p><strong>KONZ. VII.<\/strong><\/p>\n<\/td>\n<\/tr>\n<tr>\n<td rowspan=\"4\" width=\"127\">\n<p>MONDAY<\/p>\n<\/td>\n<td rowspan=\"4\" width=\"114\">\n<p>15.00-16.30<\/p>\n<\/td>\n<td>\n<p>M6<\/p>\n<\/td>\n<td width=\"210\">\n<p><strong>DR. BEJEK ZOLT\u00c1N<\/strong><\/p>\n<\/td>\n<td width=\"108\">\n<p><strong>KONZ. IV.<\/strong><\/p>\n<\/td>\n<\/tr>\n<tr>\n<td>\n<p>M7<\/p>\n<\/td>\n<td width=\"210\">\n<p><strong>DR. BARTHA LAJOS<\/strong><\/p>\n<\/td>\n<td width=\"108\">\n<p><strong>KONZ. V.<\/strong><\/p>\n<\/td>\n<\/tr>\n<tr>\n<td>\n<p>M9<\/p>\n<\/td>\n<td width=\"210\">\n<p><strong>DR. KISS J\u00c1NOS<\/strong><\/p>\n<\/td>\n<td width=\"108\">\n<p><strong>KONZ. VI.<\/strong><\/p>\n<\/td>\n<\/tr>\n<tr>\n<td>\n<p>M12<\/p>\n<\/td>\n<td width=\"210\">\n<p><strong>DR. HETTH\u00c9SSY JUDIT<\/strong><\/p>\n<\/td>\n<td width=\"108\">\n<p><strong>KONZ. VII.<\/strong><\/p>\n<\/td>\n<\/tr>\n<tr>\n<td rowspan=\"2\" width=\"127\">\n<p>WEDNES-DAY<\/p>\n<\/td>\n<td rowspan=\"2\" width=\"114\">\n<p>9.30-11.00<\/p>\n<\/td>\n<td>\n<p>M10<\/p>\n<\/td>\n<td width=\"210\">\n<p><strong>DR. SZATM\u00c1RI ATTILA <\/strong><\/p>\n<\/td>\n<td width=\"108\">\n<p><strong>KONZ. IV.<\/strong><\/p>\n<\/td>\n<\/tr>\n<tr>\n<td>\n<p>M11<\/p>\n<\/td>\n<td width=\"210\">\n<p><strong>DR. KOCSIS GY\u00d6RGY<\/strong><\/p>\n<\/td>\n<td width=\"108\">\n<p><strong>KONZ. VII.<\/strong><\/p>\n<\/td>\n<\/tr>\n<tr>\n<td rowspan=\"2\" width=\"127\">\n<p>THURS-DAY<\/p>\n<\/td>\n<td rowspan=\"2\" width=\"114\">\n<p>9.45-11.15\u00a0<\/p>\n<\/td>\n<td>\n<p>M2<\/p>\n<\/td>\n<td width=\"210\">\n<p><strong>DR. ANTAL IMRE<\/strong><\/p>\n<\/td>\n<td width=\"108\">\n<p><strong>KONZ. IV.<\/strong><\/p>\n<\/td>\n<\/tr>\n<tr>\n<td>\n<p>M8<\/p>\n<\/td>\n<td width=\"210\">\n<p><strong>DR. SALLAI IMRE<\/strong><\/p>\n<\/td>\n<td width=\"108\">\n<p><strong>KONZ. VII. <\/strong><\/p>\n<\/td>\n<\/tr>\n<tr>\n<td rowspan=\"4\" width=\"127\">\n<p>FRIDAY<\/p>\n<\/td>\n<td rowspan=\"4\" width=\"114\">\n<p>8.30-10.00<\/p>\n<\/td>\n<td>\n<p>M13<\/p>\n<\/td>\n<td width=\"210\">\n<p><strong>DR. HOLNAPY GERGELY<\/strong><\/p>\n<\/td>\n<td width=\"108\">\n<p><strong>KONZ. IV.<\/strong><\/p>\n<\/td>\n<\/tr>\n<tr>\n<td>\n<p>M14<\/p>\n<\/td>\n<td width=\"210\">\n<p><strong>DR. SKALICZKI G\u00c1BOR<\/strong><\/p>\n<\/td>\n<td width=\"108\">\n<p><strong>KONZ. V.<\/strong><\/p>\n<\/td>\n<\/tr>\n<tr>\n<td>\n<p>M15<\/p>\n<\/td>\n<td width=\"210\">\n<p><strong>DR. DOMOS GYULA<\/strong><\/p>\n<\/td>\n<td width=\"108\">\n<p><strong>KONZ. VI.<\/strong><\/p>\n<\/td>\n<\/tr>\n<tr>\n<td>\n<p>M16<\/p>\n<\/td>\n<td width=\"210\">\n<p><strong>DR. PERLAKY TAM\u00c1S<\/strong><\/p>\n<\/td>\n<td width=\"108\">\n<p><strong>KONZ. VII.<\/strong><\/p>\n<\/td>\n<\/tr>\n<\/tbody>\n<\/table>\n<p>&nbsp;<\/p>\n","protected":false},"excerpt":{"rendered":"<p>DAY TIME GROUP INSTRUCTOR PLACE MONDAY 12.30-14.00 M1 DR. HORV\u00c1TH NIKOLETTA KONZ. IV. M3 DR. MAYSAM AMIN KONZ. V. M4 DR. TEREBESSY TAM\u00c1S KONZ. VI. M5 DR. HETTH\u00c9SSY JUDIT KONZ. VII. MONDAY 15.00-16.30 M6 DR. BEJEK ZOLT\u00c1N KONZ. IV. M7 DR. BARTHA LAJOS KONZ. V. M9 DR. KISS J\u00c1NOS KONZ. VI. M12 DR. HETTH\u00c9SSY JUDIT &hellip;<\/p>\n","protected":false},"author":101111,"featured_media":0,"parent":1148,"menu_order":5,"comment_status":"closed","ping_status":"closed","template":"","meta":{"_acf_changed":false,"footnotes":""},"categories":[],"tags":[],"class_list":["post-1071","page","type-page","status-publish","hentry"],"acf":[],"_links":{"self":[{"href":"https:\/\/semmelweis.hu\/ortopedklinika\/wp-json\/wp\/v2\/pages\/1071","targetHints":{"allow":["GET"]}}],"collection":[{"href":"https:\/\/semmelweis.hu\/ortopedklinika\/wp-json\/wp\/v2\/pages"}],"about":[{"href":"https:\/\/semmelweis.hu\/ortopedklinika\/wp-json\/wp\/v2\/types\/page"}],"author":[{"embeddable":true,"href":"https:\/\/semmelweis.hu\/ortopedklinika\/wp-json\/wp\/v2\/users\/101111"}],"replies":[{"embeddable":true,"href":"https:\/\/semmelweis.hu\/ortopedklinika\/wp-json\/wp\/v2\/comments?post=1071"}],"version-history":[{"count":1,"href":"https:\/\/semmelweis.hu\/ortopedklinika\/wp-json\/wp\/v2\/pages\/1071\/revisions"}],"predecessor-version":[{"id":1072,"href":"https:\/\/semmelweis.hu\/ortopedklinika\/wp-json\/wp\/v2\/pages\/1071\/revisions\/1072"}],"up":[{"embeddable":true,"href":"https:\/\/semmelweis.hu\/ortopedklinika\/wp-json\/wp\/v2\/pages\/1148"}],"wp:attachment":[{"href":"https:\/\/semmelweis.hu\/ortopedklinika\/wp-json\/wp\/v2\/media?parent=1071"}],"wp:term":[{"taxonomy":"category","embeddable":true,"href":"https:\/\/semmelweis.hu\/ortopedklinika\/wp-json\/wp\/v2\/categories?post=1071"},{"taxonomy":"post_tag","embeddable":true,"href":"https:\/\/semmelweis.hu\/ortopedklinika\/wp-json\/wp\/v2\/tags?post=1071"}],"curies":[{"name":"wp","href":"https:\/\/api.w.org\/{rel}","templated":true}]}}