{"id":7,"date":"2020-01-30T18:10:59","date_gmt":"2020-01-30T17:10:59","guid":{"rendered":"http:\/\/semmelweis-egyetem.hu\/szerves-vegytan\/?page_id=7"},"modified":"2023-09-20T15:55:34","modified_gmt":"2023-09-20T13:55:34","slug":"kutatas-fejlesztes","status":"publish","type":"page","link":"https:\/\/semmelweis.hu\/orgchem\/kutatas-fejlesztes\/","title":{"rendered":"Kutat\u00e1s-fejleszt\u00e9s"},"content":{"rendered":"<p style=\"text-align: justify\">Az int\u00e9zet kutat\u00e1si ter\u00fclete alapvet\u0151en n\u00e9gy \u00faton indult el:<\/p>\n<ul style=\"text-align: justify\">\n<li><strong>molekulamodellez\u00e9s<\/strong>, melynek keret\u00e9ben kismolekula-receptor k\u00f6lcs\u00f6nhat\u00e1sok vizsg\u00e1lhat\u00f3k, \u201estate of the art\u201d ipari szabv\u00e1ny szoftverekkel. \u00cdgy gy\u00f3gyszermolekul\u00e1k k\u00f6t\u0151d\u00e9si mechanizmusa \u00e9rthet\u0151 meg. Tov\u00e1bb\u00e1 kismolekul\u00e1k, peptidek, foldamerek konform\u00e1ci\u00f3s vizsg\u00e1lata is kivitelezhet\u0151.<\/li>\n<li><strong>z\u00f6ld k\u00e9miai \u00e1talak\u00edt\u00e1sok<\/strong>, melyek alkalmaz\u00e1s\u00e1val k\u00f6rnyezetbar\u00e1t m\u00f3don lehet szerves szint\u00e9ziseket kivitelezni. Ezek a k\u00f6rnyezeti er\u0151forr\u00e1sokat megtartj\u00e1k, sokszor sz\u00e9n-dioxid neutr\u00e1lis old\u00f3szerek vagy v\u00edz, mint old\u00f3szer alkalmaz\u00e1s\u00e1val. Ennek keret\u00e9ben nagyhat\u00e9konys\u00e1g\u00fa \u00e1raml\u00e1sos k\u00e9miai \u00e1talak\u00edt\u00e1sokat is v\u00e9gz\u00fcnk<\/li>\n<li><strong>bifunkci\u00f3s vegy\u00fcletek szint\u00e9zise<\/strong>, melynek keret\u00e9ben enantioszelekt\u00edv m\u00f3don \u00e1ll\u00edtunk el\u0151 aminosavakat \u00e9s ezek sz\u00e1rmaz\u00e9kait. Ezen \u00e9p\u00edt\u0151elemeket alkalmazva katalitikus aktivit\u00e1ssal rendelkez\u0151 foldamerek \u00e9s peptidek is el\u0151\u00e1ll\u00edt\u00e1sra ker\u00fclnek.<\/li>\n<li><strong>heterociklusos k\u00e9mia, <\/strong>ahol potenci\u00e1lisan bioakt\u00edv nitrog\u00e9n tartalm\u00fa heterociklusokat \u00e1ll\u00edtunk el\u0151 nagyhat\u00e9konys\u00e1g\u00fa szint\u00e9zistechnik\u00e1k felhaszn\u00e1l\u00e1s\u00e1val. Az \u00edgy kapott vegy\u00fcletek beker\u00fclnek az int\u00e9zet molekulat\u00e1r\u00e1ba is.<\/li>\n<\/ul>\n<p style=\"text-align: justify\"><a href=\"https:\/\/semmelweis.hu\/orgchem\/files\/2018\/10\/Research-Topics.jpg\"><img loading=\"lazy\" decoding=\"async\" class=\"size-large wp-image-1772 aligncenter\" src=\"https:\/\/semmelweis.hu\/orgchem\/files\/2018\/10\/Research-Topics-1024x604.jpg\" alt=\"\" width=\"690\" height=\"407\" srcset=\"https:\/\/semmelweis.hu\/orgchem\/files\/2018\/10\/Research-Topics-1024x604.jpg 1024w, https:\/\/semmelweis.hu\/orgchem\/files\/2018\/10\/Research-Topics-300x177.jpg 300w, https:\/\/semmelweis.hu\/orgchem\/files\/2018\/10\/Research-Topics-768x453.jpg 768w, https:\/\/semmelweis.hu\/orgchem\/files\/2018\/10\/Research-Topics-508x300.jpg 508w, https:\/\/semmelweis.hu\/orgchem\/files\/2018\/10\/Research-Topics.jpg 1220w\" sizes=\"auto, (max-width: 690px) 100vw, 690px\" \/><\/a><\/p>\n","protected":false},"excerpt":{"rendered":"<p>Az int\u00e9zet kutat\u00e1si ter\u00fclete alapvet\u0151en n\u00e9gy \u00faton indult el: molekulamodellez\u00e9s, melynek keret\u00e9ben kismolekula-receptor k\u00f6lcs\u00f6nhat\u00e1sok vizsg\u00e1lhat\u00f3k, \u201estate of the art\u201d ipari szabv\u00e1ny szoftverekkel. \u00cdgy gy\u00f3gyszermolekul\u00e1k k\u00f6t\u0151d\u00e9si mechanizmusa \u00e9rthet\u0151 meg. Tov\u00e1bb\u00e1 kismolekul\u00e1k, peptidek, foldamerek konform\u00e1ci\u00f3s vizsg\u00e1lata is kivitelezhet\u0151. z\u00f6ld k\u00e9miai \u00e1talak\u00edt\u00e1sok, melyek alkalmaz\u00e1s\u00e1val k\u00f6rnyezetbar\u00e1t m\u00f3don lehet szerves szint\u00e9ziseket kivitelezni. Ezek a k\u00f6rnyezeti er\u0151forr\u00e1sokat megtartj\u00e1k, sokszor sz\u00e9n-dioxid neutr\u00e1lis &hellip;<\/p>\n","protected":false},"author":8,"featured_media":0,"parent":0,"menu_order":0,"comment_status":"closed","ping_status":"closed","template":"","meta":{"_acf_changed":false,"footnotes":""},"categories":[],"tags":[],"class_list":["post-7","page","type-page","status-publish","hentry"],"acf":[],"_links":{"self":[{"href":"https:\/\/semmelweis.hu\/orgchem\/wp-json\/wp\/v2\/pages\/7","targetHints":{"allow":["GET"]}}],"collection":[{"href":"https:\/\/semmelweis.hu\/orgchem\/wp-json\/wp\/v2\/pages"}],"about":[{"href":"https:\/\/semmelweis.hu\/orgchem\/wp-json\/wp\/v2\/types\/page"}],"author":[{"embeddable":true,"href":"https:\/\/semmelweis.hu\/orgchem\/wp-json\/wp\/v2\/users\/8"}],"replies":[{"embeddable":true,"href":"https:\/\/semmelweis.hu\/orgchem\/wp-json\/wp\/v2\/comments?post=7"}],"version-history":[{"count":10,"href":"https:\/\/semmelweis.hu\/orgchem\/wp-json\/wp\/v2\/pages\/7\/revisions"}],"predecessor-version":[{"id":3267,"href":"https:\/\/semmelweis.hu\/orgchem\/wp-json\/wp\/v2\/pages\/7\/revisions\/3267"}],"wp:attachment":[{"href":"https:\/\/semmelweis.hu\/orgchem\/wp-json\/wp\/v2\/media?parent=7"}],"wp:term":[{"taxonomy":"category","embeddable":true,"href":"https:\/\/semmelweis.hu\/orgchem\/wp-json\/wp\/v2\/categories?post=7"},{"taxonomy":"post_tag","embeddable":true,"href":"https:\/\/semmelweis.hu\/orgchem\/wp-json\/wp\/v2\/tags?post=7"}],"curies":[{"name":"wp","href":"https:\/\/api.w.org\/{rel}","templated":true}]}}