{"id":6,"date":"2020-01-30T18:06:49","date_gmt":"2020-01-30T17:06:49","guid":{"rendered":"http:\/\/semmelweis-egyetem.hu\/szerves-vegytan\/?page_id=6"},"modified":"2026-04-21T12:48:58","modified_gmt":"2026-04-21T10:48:58","slug":"oktatas","status":"publish","type":"page","link":"https:\/\/semmelweis.hu\/orgchem\/oktatas\/","title":{"rendered":"Oktat\u00e1ssal kapcsolatos inform\u00e1ci\u00f3k, seg\u00e9danyagok"},"content":{"rendered":"<div><span style=\"font-size: 1rem\">Kedves Hallgat\u00f3k!<\/span><\/div>\n<div>\n<p>Amennyiben b\u00e1rmilyen, az OKTAT\u00c1SSAL kapcsolatos k\u00e9rd\u00e9s\u00fck van &#8211; az el\u0151ad\u00e1sok, szemin\u00e1riumok, illetve a gyakorlatok anyag\u00e1ra\u00a0vonatkoz\u00f3 k\u00e9rd\u00e9s &#8211; forduljanak hozz\u00e1nk bizalommal az al\u00e1bbi e-mail c\u00edmen:<\/p>\n<p><a href=\"mailto:krajsovszky.gabor@semmelweis.hu?subject=Szerves%20Oktat%C3%A1s\">krajsovszky.gabor@semmelweis.hu<\/a><\/p>\n<p>A k\u00e9rd\u00e9sekre megpr\u00f3b\u00e1lunk majd a k\u00f6r\u00fclm\u00e9nyekt\u0151l f\u00fcgg\u0151en gyorsan v\u00e1laszolni. El\u0151re bocs\u00e1tjuk azonban, hogy csak azokra az e-mailekre fogunk v\u00e1laszolni, amelyekben szerepel az illet\u0151 neve \u00e9s csoportsz\u00e1ma. K\u00e9rd\u00e9seiket \u00e9s az arra adott v\u00e1laszokat term\u00e9szetesen bizalmasan kezelj\u00fck.<\/p>\n<\/div>\n<div>\n<p><strong>A t\u00e1rgy le\u00edr\u00e1sa az al\u00e1bbi linkekr\u0151l t\u00f6lthet\u0151ek le:<\/strong><\/p>\n<ul>\n<li><a href=\"https:\/\/semmelweis.hu\/gytk\/files\/2025\/09\/I_II.zip\" target=\"_blank\" rel=\"noopener\"><span style=\"text-decoration: underline\"><span style=\"color: #3366ff;text-decoration: underline\">I. f\u00e9l\u00e9v<\/span><\/span><\/a> (pdf)<\/li>\n<li><a href=\"https:\/\/semmelweis.hu\/gytk\/files\/2025\/09\/II_I.zip\" target=\"_blank\" rel=\"noopener\"><span style=\"text-decoration: underline\"><span style=\"color: #3366ff;text-decoration: underline\">II. f\u00e9l\u00e9v<\/span><\/span><\/a> (pdf)<\/li>\n<\/ul>\n<p><strong>Oktat\u00e1si dokumentumok<\/strong><\/p>\n<ul>\n<li><a href=\"https:\/\/semmelweis.hu\/orgchem\/files\/2026\/04\/SZVI_Oktatasi_tajekoztato_2025-26.pdf\" target=\"_blank\" rel=\"noopener\"><span style=\"text-decoration: underline;color: #3366ff\"><span style=\"color: #3366ff;text-decoration: underline\">Oktat\u00e1si t\u00e1j\u00e9koztat\u00f3 2025-26<\/span><\/span><\/a>\u00a0(pdf)<\/li>\n<li><span style=\"text-decoration: underline;color: #3366ff\"><a href=\"https:\/\/semmelweis.hu\/orgchem\/files\/2022\/06\/SZVI_Laboralapismeretek.pdf\" target=\"_blank\" rel=\"noopener noreferrer\"><span style=\"color: #3366ff;text-decoration: underline\">Laborat\u00f3riumi alapismeretek<\/span><\/a><\/span>\u00a0(pdf)<\/li>\n<li><a href=\"https:\/\/www.semmelweiskiado.hu\/downloads\/1\/127\/semmelweis_kiado_file_1759386887.pdf\" target=\"_blank\" rel=\"noopener\"><span style=\"text-decoration: underline;color: #3366ff\"><span style=\"color: #3366ff;text-decoration: underline\">Semmelweis Egyetem tan\u00e9vk\u00f6nyv 2025-26<\/span><\/span><\/a>\u00a0(link)<\/li>\n<li><span style=\"text-decoration: underline;color: #3366ff\"><a href=\"https:\/\/semmelweis.hu\/orgchem\/files\/2019\/04\/SZVI-2016-17_peldatar_6.pdf\" target=\"_blank\" rel=\"noopener noreferrer\"><span style=\"color: #3366ff;text-decoration: underline\">Szerves k\u00e9miai feladatgy\u0171jtem\u00e9ny<\/span><\/a><\/span>\u00a0(pdf)<\/li>\n<li><span style=\"text-decoration: underline;color: #3366ff\"><a href=\"https:\/\/semmelweis.hu\/orgchem\/files\/2024\/05\/SZVI-2023-24_Szerves_kemia_tesztfeladatok.pdf\" target=\"_blank\" rel=\"noopener\">Szerves k\u00e9mia tesztfeladatok<\/a><\/span> (pdf)<\/li>\n<li><span style=\"text-decoration: underline\"><a href=\"https:\/\/mek.oszk.hu\/17200\/17282\/17282.pdf\" target=\"_blank\" rel=\"noopener noreferrer\"><span style=\"color: #3366ff;text-decoration: underline\">Szerves vegy\u00fcletek izom\u00e9ri\u00e1ja<\/span><\/a><\/span> (pdf)<\/li>\n<li><span style=\"text-decoration: underline;color: #3366ff\"><a href=\"https:\/\/mek.oszk.hu\/18300\/18318\/18318.pdf\" target=\"_blank\" rel=\"noopener noreferrer\"><span style=\"color: #3366ff;text-decoration: underline\">Heterociklusos vegy\u00fcletek<\/span><\/a><\/span> (pdf)<\/li>\n<li><span style=\"text-decoration: underline;color: #3366ff\"><a href=\"https:\/\/mek.oszk.hu\/19900\/19977\/19977.pdf\" target=\"_blank\" rel=\"noopener noreferrer\"><span style=\"color: #3366ff;text-decoration: underline\">V\u00e1logatott fejezetek a szerves k\u00e9mi\u00e1b\u00f3l<\/span><\/a><\/span> (pdf)<\/li>\n<\/ul>\n<div>Online szerves k\u00e9mia feladatgy\u0171jtem\u00e9ny: <span style=\"text-decoration: underline;color: #3366ff\"><a href=\"https:\/\/ttk.elte.hu\/chemlearning\" target=\"_blank\" rel=\"noopener\"><span style=\"text-decoration: underline;color: #3366ff\">ChemLearning<\/span><\/a><\/span>\u00a0(link)<\/div>\n<\/div>\n<div>\u00a0<\/div>\n<div>A Szerves k\u00e9mia tananyag a beiratkozott hallgat\u00f3k sz\u00e1m\u00e1ra el\u00e9rhet\u0151 a megfelel\u0151 kurzusaink Moodle oldalain: <span style=\"text-decoration: underline;color: #3366ff\"><a href=\"https:\/\/itc.semmelweis.hu\/moodle\/\" target=\"_blank\" rel=\"noopener\"><span style=\"text-decoration: underline;color: #3366ff\">https:\/\/itc.semmelweis.hu\/moodle\/<\/span><\/a><\/span><\/div>\n<div>\u00a0<\/div>\n<div><a href=\"https:\/\/semmelweis.hu\/orgchem\/files\/2019\/05\/A-SZERVES-VEGYTANI-INTEZET-TORTENETE-1957\u20131997.pdf\"><span style=\"color: #3366ff;text-decoration: underline\"><strong>A SZERVES VEGYTANI INT\u00c9ZET 1957\u20131997 K\u00d6Z\u00d6TTI T\u00d6RT\u00c9NETE<\/strong><\/span><\/a><\/div>\n<div>\n<p>&nbsp;<\/p>\n<p><strong>T\u0171zv\u00e9delemmel kapcsolatos dokumentumok<\/strong><\/p>\n<ul>\n<li><a href=\"https:\/\/njt.hu\/jogszabaly\/2014-54-20-0A\" target=\"_blank\" rel=\"noopener\"><span style=\"color: #3366ff;text-decoration: underline\">Orsz\u00e1gos T\u0171zv\u00e9delmi Szab\u00e1lyzat<\/span><\/a> (link)<\/li>\n<li><a href=\"https:\/\/semmelweis.hu\/jogigfoig\/files\/2022\/09\/MBSZ_II_Konyv_Tuzvedelmi_szabalyzat_hataly_2022.IX_.10-tol.pdf\" target=\"_blank\" rel=\"noopener\"><span style=\"color: #3366ff;text-decoration: underline\">A Semmelweis Egyetem T\u0171zv\u00e9delmi Szab\u00e1lyzata<\/span><\/a> (link)<\/li>\n<li><a href=\"https:\/\/semmelweis.hu\/jogigfoig\/files\/2023\/12\/MBSZ_V_Konyv_VRSz_hataly_2023.XII_.21.pdf\" target=\"_blank\" rel=\"noopener\"><span style=\"text-decoration: underline;color: #3366ff\">A Semmelweis Egyetem Vagyonv\u00e9delmi \u00e9s Rend\u00e9szeti Szab\u00e1lyzata<\/span><\/a> (link)<\/li>\n<\/ul>\n<\/div>\n","protected":false},"excerpt":{"rendered":"<p>Kedves Hallgat\u00f3k! Amennyiben b\u00e1rmilyen, az OKTAT\u00c1SSAL kapcsolatos k\u00e9rd\u00e9s\u00fck van &#8211; az el\u0151ad\u00e1sok, szemin\u00e1riumok, illetve a gyakorlatok anyag\u00e1ra\u00a0vonatkoz\u00f3 k\u00e9rd\u00e9s &#8211; forduljanak hozz\u00e1nk bizalommal az al\u00e1bbi e-mail c\u00edmen: <a href=\"mailto:krajsovszky.gabor@semmelweis.hu?subject=Szerves%20Oktat%C3%A1s\">krajsovszky.gabor@semmelweis.hu<\/a> A k\u00e9rd\u00e9sekre megpr\u00f3b\u00e1lunk majd a k\u00f6r\u00fclm\u00e9nyekt\u0151l f\u00fcgg\u0151en gyorsan v\u00e1laszolni. El\u0151re bocs\u00e1tjuk azonban, hogy csak azokra az e-mailekre fogunk v\u00e1laszolni, amelyekben szerepel az illet\u0151 neve \u00e9s csoportsz\u00e1ma. K\u00e9rd\u00e9seiket \u00e9s az &hellip;<\/p>\n","protected":false},"author":8,"featured_media":0,"parent":0,"menu_order":0,"comment_status":"closed","ping_status":"closed","template":"","meta":{"_acf_changed":false,"footnotes":""},"categories":[],"tags":[],"class_list":["post-6","page","type-page","status-publish","hentry"],"acf":[],"_links":{"self":[{"href":"https:\/\/semmelweis.hu\/orgchem\/wp-json\/wp\/v2\/pages\/6","targetHints":{"allow":["GET"]}}],"collection":[{"href":"https:\/\/semmelweis.hu\/orgchem\/wp-json\/wp\/v2\/pages"}],"about":[{"href":"https:\/\/semmelweis.hu\/orgchem\/wp-json\/wp\/v2\/types\/page"}],"author":[{"embeddable":true,"href":"https:\/\/semmelweis.hu\/orgchem\/wp-json\/wp\/v2\/users\/8"}],"replies":[{"embeddable":true,"href":"https:\/\/semmelweis.hu\/orgchem\/wp-json\/wp\/v2\/comments?post=6"}],"version-history":[{"count":12,"href":"https:\/\/semmelweis.hu\/orgchem\/wp-json\/wp\/v2\/pages\/6\/revisions"}],"predecessor-version":[{"id":3846,"href":"https:\/\/semmelweis.hu\/orgchem\/wp-json\/wp\/v2\/pages\/6\/revisions\/3846"}],"wp:attachment":[{"href":"https:\/\/semmelweis.hu\/orgchem\/wp-json\/wp\/v2\/media?parent=6"}],"wp:term":[{"taxonomy":"category","embeddable":true,"href":"https:\/\/semmelweis.hu\/orgchem\/wp-json\/wp\/v2\/categories?post=6"},{"taxonomy":"post_tag","embeddable":true,"href":"https:\/\/semmelweis.hu\/orgchem\/wp-json\/wp\/v2\/tags?post=6"}],"curies":[{"name":"wp","href":"https:\/\/api.w.org\/{rel}","templated":true}]}}