{"id":3316,"date":"2020-01-30T16:26:35","date_gmt":"2020-01-30T15:26:35","guid":{"rendered":"https:\/\/semmelweis.hu\/orgchem\/?page_id=3316"},"modified":"2023-10-10T15:25:34","modified_gmt":"2023-10-10T13:25:34","slug":"ausgewaehlte-publikationen","status":"publish","type":"page","link":"https:\/\/semmelweis.hu\/orgchem\/de\/wissenschaftliche-taetigkeit\/ausgewaehlte-publikationen\/","title":{"rendered":"Publikationen"},"content":{"rendered":"<h3 style=\"text-align: center\">Alle Publikationen<\/h3>\n<p style=\"text-align: center\"><span style=\"color: #0000ff\"><a href=\"https:\/\/m2.mtmt.hu\/gui2\/?type=institutes&amp;mode=browse&amp;sel=10352&amp;paging=1;2000\" target=\"_blank\" rel=\"noopener\"><span style=\"text-decoration: underline\">Hungarian Scientific Bibliography database<\/span><\/a><\/span> (link)<\/p>\n<p style=\"text-align: center\">\u00a0<\/p>\n<h3 style=\"text-align: center\">Ausgew\u00e4hlte Publikationen<\/h3>\n<h4 style=\"text-align: center\"><span style=\"font-size: 18pt\">2019-2023<\/span><\/h4>\n<ol>\n<li>M\u00e1ndoki, Andr\u00e1s;\u00a0Orsy, Gy\u00f6rgy;\u00a0P\u00e1szti, Zolt\u00e1n;\u00a0Porcs-Makkay, M\u00e1rta;\u00a0Bogd\u00e1n, D\u00f3ra;\u00a0Gyula, Simig;\u00a0M\u00e1ndity, Istv\u00e1n \u2709;\u00a0Volk, Bal\u00e1zs \u2709<br \/>\n<em>Continuous-flow regioselective reductive alkylation of oxindole with alcohols and aldehydes in a fast and economical manner<\/em><br \/>\n<img loading=\"lazy\" decoding=\"async\" src=\"https:\/\/semmelweis.hu\/orgchem\/files\/2023\/10\/Mandoki_Synthesis_2023_TOC.gif\" alt=\"Mandoki et al., Synthesis, 2023 TOC\" width=\"600\" height=\"266\" \/><br \/>\nSYNTHESIS-STUTTGART\u00a0Paper: In press\u00a0(2023)<br \/>\ndoi: <span style=\"text-decoration: underline;color: #0000ff\"><a href=\"https:\/\/doi.org\/10.1055\/a-2122-4080\" target=\"_blank\" rel=\"noopener\">10.1055\/a-2122-4080<\/a><\/span><\/p>\n<p>&nbsp;<\/p>\n<\/li>\n<li>Zakany, Florina;\u00a0M\u00e1ndity, Istv\u00e1n M.;\u00a0Varga, Zoltan;\u00a0Panyi, Gyorgy;\u00a0Nagy, Peter \u2709;\u00a0Kovacs, Tamas \u2709<br \/>\n<em>Effect of the Lipid Landscape on the Efficacy of Cell-Penetrating Peptides<br \/>\n<\/em><img loading=\"lazy\" decoding=\"async\" class=\"\" src=\"https:\/\/semmelweis.hu\/orgchem\/files\/2023\/10\/Zakany_Cells_2023_TOC.png\" alt=\"Zakany et al., Cells, 2023\" width=\"400\" height=\"299\" \/><br \/>\nCELLS 12: 13 Paper: 1700, 29 p. (2023)<br \/>\ndoi: <span style=\"text-decoration: underline;color: #0000ff\"><a href=\"https:\/\/doi.org\/10.3390\/cells12131700\" target=\"_blank\" rel=\"noopener\">10.3390\/cells12131700<\/a><\/span><\/p>\n<p>&nbsp;<\/p>\n<\/li>\n<li>Kontra, Bence;\u00a0Bogd\u00e1n, D\u00f3ra;\u00a0Alaghehmand, Behta;\u00a0Csomos, Attila;\u00a0Dunkel, Petra \u2709<br \/>\n<em>Synthesis and characterization of 8-aminoquinoline photocages for biological applications<\/em><br \/>\n<img loading=\"lazy\" decoding=\"async\" src=\"https:\/\/semmelweis.hu\/orgchem\/files\/2023\/10\/Kontra_TetrahedronLett_2023_TOC.jpg\" alt=\"Kontra et al., Tetrahedron. Lett., 2023 TOC\" width=\"600\" height=\"159\" \/><br \/>\nTETRAHEDRON LETTERS 124 Paper: 154587, 5 p. (2023)<br \/>\ndoi:<span style=\"text-decoration: underline;color: #0000ff\"><a href=\"https:\/\/doi.org\/10.1016\/j.tetlet.2023.154587\">10.1016\/j.tetlet.2023.154587<\/a><\/span><\/p>\n<p>&nbsp;<\/p>\n<\/li>\n<li>Bogd\u00e1n, D\u00f3ra;\u00a0K\u00e1rp\u00e1ti, Levente;\u00a0M\u00e1ndity, Istv\u00e1n M.<br \/>\n<em>Toward the green synthesis of peptides and peptidic drugs<\/em><br \/>\nIn: T\u00f6r\u00f6k, B; Dransfield, T; T\u00f6r\u00f6k, M\u00a0Contemporary Chemical Approaches for Green and Sustainable Drugs<br \/>\n<img loading=\"lazy\" decoding=\"async\" src=\"https:\/\/semmelweis.hu\/orgchem\/files\/2023\/10\/Bogdan_GreenDrugs_2022_TOC.jpg\" alt=\"Bogdan et al., Green Drugs, TOC\" width=\"356\" height=\"203\" \/><br \/>\nAmszterdam, Hollandia: Elsevier (2022) pp. 421-456.<br \/>\ndoi: <span style=\"text-decoration: underline;color: #0000ff\"><a href=\"https:\/\/doi.org\/10.1016\/B978-0-12-822248-5.00002-4\" target=\"_blank\" rel=\"noopener\">10.1016\/B978-0-12-822248-5.00002-4<\/a><\/span>\u00a0ISBN: <span style=\"color: #0000ff\"><a href=\"https:\/\/www.worldcat.org\/search?q=isbn%3A9780128222485\"><span style=\"text-decoration: underline\">9780128222485<\/span>\u00a0<\/a><\/span><\/p>\n<p>&nbsp;<\/p>\n<\/li>\n<li>Batta, Gyula;\u00a0K\u00e1rp\u00e1ti, Levente<sup>*<\/sup>;\u00a0Henrique, Gabriela Fulaneto;\u00a0T\u00f3th, Gabriella;\u00a0Tarapcs\u00e1k, Szabolcs;\u00a0Kov\u00e1cs, Tam\u00e1s;\u00a0Z\u00e1k\u00e1ny, Florina;\u00a0M\u00e1ndity, Istv\u00e1n M. \u2709;\u00a0Nagy, Peter \u2709<br \/>\n<em>Statin<\/em><em>\u2010<\/em><em>boosted cellular uptake and endosomal escape of penetratin due to reduced membrane dipole potential<\/em><br \/>\n<img loading=\"lazy\" decoding=\"async\" src=\"https:\/\/semmelweis.hu\/orgchem\/files\/2023\/10\/Batta_BrJPharma_2023_TOC.jpg\" alt=\"Batta et al., Br. J. Pharm., 2021 TOC\" width=\"600\" height=\"199\" \/><br \/>\nBRITISH JOURNAL OF PHARMACOLOGY 178: 3667-3681 (2021)<br \/>\ndoi: <span style=\"text-decoration: underline;color: #0000ff\"><a href=\"https:\/\/doi.org\/10.1111\/bph.15509\" target=\"_blank\" rel=\"noopener\">10.1111\/bph.15509<\/a><\/span><\/p>\n<p>&nbsp;<\/p>\n<\/li>\n<li>Balogh, Bal\u00e1zs;\u00a0Iv\u00e1nczi, M\u00e1rton<sup>*<\/sup>;\u00a0Nizami, Bilal<sup>*<\/sup>\u00a0\u2709;\u00a0Beke-Somfai, Tam\u00e1s;\u00a0M\u00e1ndity, Istv\u00e1n M \u2709<br \/>\n<em>ConjuPepDB: a database of peptide\u2013drug conjugates<\/em><br \/>\n<img loading=\"lazy\" decoding=\"async\" class=\"\" src=\"https:\/\/semmelweis.hu\/orgchem\/files\/2023\/10\/Balogh_NuclAcidRes_2021_TOC.jpeg\" alt=\"Balogh et al., Nucl. Acids Rec., 2021 TOC \" width=\"299\" height=\"189\" \/><br \/>\nNUCLEIC ACIDS RESEARCH 49: D1102-D1112\u00a0 (2021)<br \/>\ndoi: <span style=\"text-decoration: underline;color: #0000ff\"><a href=\"https:\/\/doi.org\/10.1093\/nar\/gkaa950\" target=\"_blank\" rel=\"noopener\">10.1093\/nar\/gkaa950<\/a><\/span><\/p>\n<p>&nbsp;<\/p>\n<\/li>\n<li>Orsy, Gy\u00f6rgy;\u00a0F\u00fcl\u00f6p, Ferenc \u2709;\u00a0M\u00e1ndity, Istv\u00e1n M. \u2709<br \/>\n<em>Direct amide formation in a continuous-flow system mediated by carbon disulfide<\/em><br \/>\n<img loading=\"lazy\" decoding=\"async\" src=\"https:\/\/semmelweis.hu\/orgchem\/files\/2023\/10\/Orsy_CatalSciTechnol_2020_TOC.gif\" alt=\"Orsy et al., Catal. Sci.Technol., 2020 TOC\" width=\"600\" height=\"118\" \/><br \/>\nCATALYSIS SCIENCE &amp; TECHNOLOGY 23: 7814-7818 (2020)<br \/>\ndoi: <span style=\"text-decoration: underline;color: #0000ff\"><a href=\"https:\/\/doi.org\/10.1039\/d0cy01603a\" target=\"_blank\" rel=\"noopener\">10.1039\/d0cy01603a<\/a><\/span><\/p>\n<p>&nbsp;<\/p>\n<\/li>\n<li>Czompa, Andrea;\u00a0P\u00e1sztor, Bal\u00e1zs L\u00e1szl\u00f3;\u00a0Sahar, Jennifer Alizadeh;\u00a0Mucsi, Zolt\u00e1n;\u00a0Bogd\u00e1n, D\u00f3ra;\u00a0Lud\u00e1nyi, Krisztina;\u00a0Varga, Zolt\u00e1n;\u00a0M\u00e1ndity, Istv\u00e1n M. \u2709<br \/>\n<em>Scope and limitation of propylene carbonate as a sustainable solvent in the Suzuki\u2013Miyaura reaction<\/em><br \/>\n<img loading=\"lazy\" decoding=\"async\" src=\"https:\/\/semmelweis.hu\/orgchem\/files\/2023\/10\/Czompa_RscAdv_2019_TOC.gif\" alt=\"Czompa et al., RSC Advances, 2019 TOC\" width=\"242\" height=\"189\" \/><br \/>\nRSC ADVANCES 9: 37818-37824 (2019)<br \/>\ndoi: <span style=\"text-decoration: underline;color: #0000ff\"><a href=\"https:\/\/doi.org\/10.1039\/C9RA07044C\" target=\"_blank\" rel=\"noopener\">10.1039\/C9RA07044C<\/a><\/span><\/p>\n<p>&nbsp;<\/p>\n<\/li>\n<li>Orsy, Gyorgy;\u00a0Fulop, Ferenc \u2709;\u00a0Mandity, Istvan M. \u2709<br \/>\n<em><img loading=\"lazy\" decoding=\"async\" class=\"\" src=\"https:\/\/semmelweis.hu\/orgchem\/files\/2023\/10\/Orsy_GreenChem_2019_TOC.png\" alt=\"Orsy et al., Green Chem., 2019 TOC\" width=\"400\" height=\"289\" \/><br \/>\nContinuous-flow catalytic deuterodehalogenation carried out in propylene carbonate<\/em><br \/>\nGREEN CHEMISTRY 21: 956-961 (2019)<br \/>\ndoi: <span style=\"text-decoration: underline;color: #0000ff\"><a href=\"https:\/\/doi.org\/10.1039\/c8gc03192d\" target=\"_blank\" rel=\"noopener\">10.1039\/c8gc03192d<\/a><\/span><\/p>\n<p>&nbsp;<\/p>\n<\/li>\n<li>Nekkaa, Imane;\u00a0Bogd\u00e1n, D\u00f3ra<sup>*<\/sup>;\u00a0G\u00e1ti, Tam\u00e1s;\u00a0B\u00e9ni, Szabolcs;\u00a0Juh\u00e1sz, T\u00fcnde;\u00a0Palk\u00f3, M\u00e1rta;\u00a0Paragi, G\u00e1bor;\u00a0T\u00f3th, G\u00e1bor K.;\u00a0F\u00fcl\u00f6p, Ferenc \u2709;\u00a0M\u00e1ndity, Istv\u00e1n M. \u2709<br \/>\n<em>Flow-chemistry enabled efficient synthesis of \u03b2-peptides: backbone topology vs. helix formation<\/em><br \/>\n<img loading=\"lazy\" decoding=\"async\" src=\"https:\/\/semmelweis.hu\/orgchem\/files\/2023\/10\/Nekka_ChemCommun_2019_TOC.gif\" alt=\"Nekkaa et al., Chem. Commun, 2019 TOC\" width=\"378\" height=\"188\" \/><br \/>\nCHEMICAL COMMUNICATIONS 55: 3061-3064 (2019)<br \/>\ndoi: <span style=\"text-decoration: underline;color: #0000ff\"><a href=\"https:\/\/doi.org\/10.1039\/c8cc10147g\" target=\"_blank\" rel=\"noopener\">10.1039\/c8cc10147g<\/a><\/span><\/li>\n<\/ol>\n","protected":false},"excerpt":{"rendered":"<p>Alle Publikationen <a href=\"https:\/\/m2.mtmt.hu\/gui2\/?type=institutes&amp;mode=browse&amp;sel=10352&amp;paging=1;2000\" target=\"_blank\" rel=\"noopener\">Hungarian Scientific Bibliography database<\/a> (link) \u00a0 Ausgew\u00e4hlte Publikationen 2019-2023 M\u00e1ndoki, Andr\u00e1s;\u00a0Orsy, Gy\u00f6rgy;\u00a0P\u00e1szti, Zolt\u00e1n;\u00a0Porcs-Makkay, M\u00e1rta;\u00a0Bogd\u00e1n, D\u00f3ra;\u00a0Gyula, Simig;\u00a0M\u00e1ndity, Istv\u00e1n \u2709;\u00a0Volk, Bal\u00e1zs \u2709 Continuous-flow regioselective reductive alkylation of oxindole with alcohols and aldehydes in a fast and economical manner SYNTHESIS-STUTTGART\u00a0Paper: In press\u00a0(2023) doi: <a href=\"https:\/\/doi.org\/10.1055\/a-2122-4080\" target=\"_blank\" rel=\"noopener\">10.1055\/a-2122-4080<\/a> &nbsp; Zakany, Florina;\u00a0M\u00e1ndity, Istv\u00e1n M.;\u00a0Varga, Zoltan;\u00a0Panyi, Gyorgy;\u00a0Nagy, Peter \u2709;\u00a0Kovacs, Tamas \u2709 Effect of the Lipid Landscape on &hellip;<\/p>\n","protected":false},"author":164,"featured_media":0,"parent":2219,"menu_order":3,"comment_status":"closed","ping_status":"closed","template":"template-fullwidth.php","meta":{"_acf_changed":false,"footnotes":""},"categories":[],"tags":[],"class_list":["post-3316","page","type-page","status-publish","hentry"],"acf":[],"_links":{"self":[{"href":"https:\/\/semmelweis.hu\/orgchem\/wp-json\/wp\/v2\/pages\/3316","targetHints":{"allow":["GET"]}}],"collection":[{"href":"https:\/\/semmelweis.hu\/orgchem\/wp-json\/wp\/v2\/pages"}],"about":[{"href":"https:\/\/semmelweis.hu\/orgchem\/wp-json\/wp\/v2\/types\/page"}],"author":[{"embeddable":true,"href":"https:\/\/semmelweis.hu\/orgchem\/wp-json\/wp\/v2\/users\/164"}],"replies":[{"embeddable":true,"href":"https:\/\/semmelweis.hu\/orgchem\/wp-json\/wp\/v2\/comments?post=3316"}],"version-history":[{"count":4,"href":"https:\/\/semmelweis.hu\/orgchem\/wp-json\/wp\/v2\/pages\/3316\/revisions"}],"predecessor-version":[{"id":3478,"href":"https:\/\/semmelweis.hu\/orgchem\/wp-json\/wp\/v2\/pages\/3316\/revisions\/3478"}],"up":[{"embeddable":true,"href":"https:\/\/semmelweis.hu\/orgchem\/wp-json\/wp\/v2\/pages\/2219"}],"wp:attachment":[{"href":"https:\/\/semmelweis.hu\/orgchem\/wp-json\/wp\/v2\/media?parent=3316"}],"wp:term":[{"taxonomy":"category","embeddable":true,"href":"https:\/\/semmelweis.hu\/orgchem\/wp-json\/wp\/v2\/categories?post=3316"},{"taxonomy":"post_tag","embeddable":true,"href":"https:\/\/semmelweis.hu\/orgchem\/wp-json\/wp\/v2\/tags?post=3316"}],"curies":[{"name":"wp","href":"https:\/\/api.w.org\/{rel}","templated":true}]}}