{"id":3018,"date":"2021-11-12T13:50:01","date_gmt":"2021-11-12T12:50:01","guid":{"rendered":"https:\/\/semmelweis.hu\/orgchem\/?page_id=3018"},"modified":"2024-05-10T15:03:25","modified_gmt":"2024-05-10T13:03:25","slug":"spezialvorlesungen","status":"publish","type":"page","link":"https:\/\/semmelweis.hu\/orgchem\/de\/lehrtaetigkeit\/spezialvorlesungen\/","title":{"rendered":"Spezialvorlesungen"},"content":{"rendered":"<p>Das Institut betrachtet es als eine ihrer wichtigen Aufgaben, den Studierenden im III.-V. Jahrgang (ab 5-ten Semester, immer im Wintersemester) Spezialvorlesungen anzubieten. Es wird vom organischen Institut das folgende Wahlfach angeboten:<\/p>\n<p><strong><u>Arzneistoffsynthese<\/u>\u00a0<\/strong>(14\u00d73 Std.)<br \/>\nVortragende:\u00a0<span style=\"text-decoration: underline\"><strong><a href=\"https:\/\/semmelweis.hu\/telefonkonyv\/?emp_id=378\" target=\"_blank\" rel=\"noopener\"><span style=\"text-decoration: underline\">Univ.-Doz. Dr. G\u00e1bor Krajsovszky<\/a><\/strong><\/span><em><br \/>\n<\/em>Kurzbeschreibung der Thematik: Die Synthesemethoden von den wichtigsten Gruppen der organischen Arzneistoffen, Pr\u00e4sentation von den Verwendungen der organischen Synthesen durch die Darstellungen f\u00fcr angegebenen Arzneistoffmolek\u00fclen, Interpretation der selektiven und spezifischen Synthesewege.<\/p>\n<p><a href=\"https:\/\/semmelweis.hu\/pharmazie\/files\/2024\/03\/Kursprogramme_Wahlfaecher_2023_24.zip\"><span style=\"text-decoration: underline\">Kursprogramme des Studierenden verschiedene Wahlf\u00e4cher<\/span><\/a> (link)<\/p>\n","protected":false},"excerpt":{"rendered":"<p>Das Institut betrachtet es als eine ihrer wichtigen Aufgaben, den Studierenden im III.-V. Jahrgang (ab 5-ten Semester, immer im Wintersemester) Spezialvorlesungen anzubieten. Es wird vom organischen Institut das folgende Wahlfach angeboten: Arzneistoffsynthese\u00a0(14\u00d73 Std.) Vortragende:\u00a0 <a href=\"https:\/\/semmelweis.hu\/telefonkonyv\/?emp_id=378\" target=\"_blank\" rel=\"noopener\">Univ.-Doz. Dr. G\u00e1bor Krajsovszky<\/a> Kurzbeschreibung der Thematik: Die Synthesemethoden von den wichtigsten Gruppen der organischen Arzneistoffen, Pr\u00e4sentation von den Verwendungen der organischen Synthesen durch die &hellip;<\/p>\n","protected":false},"author":164,"featured_media":0,"parent":2216,"menu_order":4,"comment_status":"closed","ping_status":"closed","template":"","meta":{"_acf_changed":false,"footnotes":""},"categories":[],"tags":[59],"class_list":["post-3018","page","type-page","status-publish","hentry","tag-spezialvorlesungen-de"],"acf":[],"_links":{"self":[{"href":"https:\/\/semmelweis.hu\/orgchem\/wp-json\/wp\/v2\/pages\/3018","targetHints":{"allow":["GET"]}}],"collection":[{"href":"https:\/\/semmelweis.hu\/orgchem\/wp-json\/wp\/v2\/pages"}],"about":[{"href":"https:\/\/semmelweis.hu\/orgchem\/wp-json\/wp\/v2\/types\/page"}],"author":[{"embeddable":true,"href":"https:\/\/semmelweis.hu\/orgchem\/wp-json\/wp\/v2\/users\/164"}],"replies":[{"embeddable":true,"href":"https:\/\/semmelweis.hu\/orgchem\/wp-json\/wp\/v2\/comments?post=3018"}],"version-history":[{"count":10,"href":"https:\/\/semmelweis.hu\/orgchem\/wp-json\/wp\/v2\/pages\/3018\/revisions"}],"predecessor-version":[{"id":3575,"href":"https:\/\/semmelweis.hu\/orgchem\/wp-json\/wp\/v2\/pages\/3018\/revisions\/3575"}],"up":[{"embeddable":true,"href":"https:\/\/semmelweis.hu\/orgchem\/wp-json\/wp\/v2\/pages\/2216"}],"wp:attachment":[{"href":"https:\/\/semmelweis.hu\/orgchem\/wp-json\/wp\/v2\/media?parent=3018"}],"wp:term":[{"taxonomy":"category","embeddable":true,"href":"https:\/\/semmelweis.hu\/orgchem\/wp-json\/wp\/v2\/categories?post=3018"},{"taxonomy":"post_tag","embeddable":true,"href":"https:\/\/semmelweis.hu\/orgchem\/wp-json\/wp\/v2\/tags?post=3018"}],"curies":[{"name":"wp","href":"https:\/\/api.w.org\/{rel}","templated":true}]}}