{"id":2840,"date":"2020-12-18T14:57:24","date_gmt":"2020-12-18T13:57:24","guid":{"rendered":"https:\/\/semmelweis.hu\/orgchem\/?page_id=2840"},"modified":"2022-10-21T13:29:27","modified_gmt":"2022-10-21T11:29:27","slug":"vizsgaztatas-rendje","status":"publish","type":"page","link":"https:\/\/semmelweis.hu\/orgchem\/vizsgaztatas-rendje\/","title":{"rendered":"Vizsg\u00e1ztat\u00e1s rendje"},"content":{"rendered":"<p>A vizsg\u00e1val kapcsolatban a k\u00f6vetkez\u0151 szempontokat k\u00e9rj\u00fck figyelembe venni:<\/p>\n<p>&#8211; Vizsg\u00e1ztat\u00e1s m\u00f3dja: \u00edr\u00e1sbeli + sz\u00f3beli, szem\u00e9lyes megjelen\u00e9ssel a j\u00e1rv\u00e1ny\u00fcgyi helyzetnek megfelel\u0151en (maszk, fert\u0151tlen\u00edt\u00e9s, t\u00e1vols\u00e1gtart\u00e1s)<br \/>\n&#8211; Vizsga helysz\u00edne: H\u0151gyes t\u00f6mb &#8211; E \u00e9p\u00fclet II. emelet<br \/>\n&#8211; Vizsga kezdete minden vizsganap: d\u00e9lel\u0151tt 10 \u00f3ra<br \/>\n&#8211; Vizsga id\u0151tartama: 90 perc<br \/>\n&#8211; Hallgat\u00f3i l\u00e9tsz\u00e1m vizsganaponk\u00e9nt min. 10 f\u0151, max. 20 f\u0151 (k\u00e9rj\u00fck, ehhez tarts\u00e1k magukat, mivel a minimumn\u00e1l kevesebb f\u0151 jelentkez\u00e9se eset\u00e9n nem lesz megtartva a vizsga)<\/p>\n<p>Jobb jegy\u00e9rt val\u00f3 jav\u00edt\u00e1sra is lesz lehet\u0151s\u00e9g (min. 2-es \u00e9rdemjegy eset\u00e9n), ennek m\u00f3dja: Krajsovszky G\u00e1bor tan\u00e1r \u00farn\u00e1l lehet sz\u00f3beli vizsg\u00e1t tenni.<\/p>\n","protected":false},"excerpt":{"rendered":"<p>A vizsg\u00e1val kapcsolatban a k\u00f6vetkez\u0151 szempontokat k\u00e9rj\u00fck figyelembe venni: &#8211; Vizsg\u00e1ztat\u00e1s m\u00f3dja: \u00edr\u00e1sbeli + sz\u00f3beli, szem\u00e9lyes megjelen\u00e9ssel a j\u00e1rv\u00e1ny\u00fcgyi helyzetnek megfelel\u0151en (maszk, fert\u0151tlen\u00edt\u00e9s, t\u00e1vols\u00e1gtart\u00e1s) &#8211; Vizsga helysz\u00edne: H\u0151gyes t\u00f6mb &#8211; E \u00e9p\u00fclet II. emelet &#8211; Vizsga kezdete minden vizsganap: d\u00e9lel\u0151tt 10 \u00f3ra &#8211; Vizsga id\u0151tartama: 90 perc &#8211; Hallgat\u00f3i l\u00e9tsz\u00e1m vizsganaponk\u00e9nt min. 10 f\u0151, max. &hellip;<\/p>\n","protected":false},"author":164,"featured_media":0,"parent":0,"menu_order":4,"comment_status":"closed","ping_status":"closed","template":"template-fullwidth.php","meta":{"_acf_changed":false,"footnotes":""},"categories":[],"tags":[],"class_list":["post-2840","page","type-page","status-publish","hentry"],"acf":[],"_links":{"self":[{"href":"https:\/\/semmelweis.hu\/orgchem\/wp-json\/wp\/v2\/pages\/2840","targetHints":{"allow":["GET"]}}],"collection":[{"href":"https:\/\/semmelweis.hu\/orgchem\/wp-json\/wp\/v2\/pages"}],"about":[{"href":"https:\/\/semmelweis.hu\/orgchem\/wp-json\/wp\/v2\/types\/page"}],"author":[{"embeddable":true,"href":"https:\/\/semmelweis.hu\/orgchem\/wp-json\/wp\/v2\/users\/164"}],"replies":[{"embeddable":true,"href":"https:\/\/semmelweis.hu\/orgchem\/wp-json\/wp\/v2\/comments?post=2840"}],"version-history":[{"count":3,"href":"https:\/\/semmelweis.hu\/orgchem\/wp-json\/wp\/v2\/pages\/2840\/revisions"}],"predecessor-version":[{"id":2950,"href":"https:\/\/semmelweis.hu\/orgchem\/wp-json\/wp\/v2\/pages\/2840\/revisions\/2950"}],"wp:attachment":[{"href":"https:\/\/semmelweis.hu\/orgchem\/wp-json\/wp\/v2\/media?parent=2840"}],"wp:term":[{"taxonomy":"category","embeddable":true,"href":"https:\/\/semmelweis.hu\/orgchem\/wp-json\/wp\/v2\/categories?post=2840"},{"taxonomy":"post_tag","embeddable":true,"href":"https:\/\/semmelweis.hu\/orgchem\/wp-json\/wp\/v2\/tags?post=2840"}],"curies":[{"name":"wp","href":"https:\/\/api.w.org\/{rel}","templated":true}]}}