{"id":2820,"date":"2020-12-18T12:17:51","date_gmt":"2020-12-18T11:17:51","guid":{"rendered":"https:\/\/semmelweis.hu\/orgchem\/?page_id=2820"},"modified":"2021-10-14T13:31:25","modified_gmt":"2021-10-14T11:31:25","slug":"prufungsordnung","status":"publish","type":"page","link":"https:\/\/semmelweis.hu\/orgchem\/de\/e-lehrtatigkeit\/prufungsordnung\/","title":{"rendered":"Pr\u00fcfungsordnung"},"content":{"rendered":"<p><strong>Kolloquium (Organische Chemie I.) und Rigorosum (Organische Chemie II.)<\/strong><\/p>\n<p>Die Leistungskontrolle am Ende des Faches Organische Chemie I. und II. ist je eine m\u00fcndliche Pr\u00fcfung (Kolloquium, bzw. Rigorosum) aus dem Stoff der Vorlesungen, der Seminare, des Praktikums und der Praktikums\u2011vorbereitenden Vorlesungen und aus den damit zusammenh\u00e4ngenden Grundkenntnissen, d.h. auch die, die in den angef\u00fchrten Pr\u00fcfungs\u00adfragen nicht direkt formuliert sind.<\/p>\n","protected":false},"excerpt":{"rendered":"<p>Kolloquium (Organische Chemie I.) und Rigorosum (Organische Chemie II.) Die Leistungskontrolle am Ende des Faches Organische Chemie I. und II. ist je eine m\u00fcndliche Pr\u00fcfung (Kolloquium, bzw. Rigorosum) aus dem Stoff der Vorlesungen, der Seminare, des Praktikums und der Praktikums\u2011vorbereitenden Vorlesungen und aus den damit zusammenh\u00e4ngenden Grundkenntnissen, d.h. auch die, die in den angef\u00fchrten Pr\u00fcfungs\u00adfragen &hellip;<\/p>\n","protected":false},"author":164,"featured_media":0,"parent":2547,"menu_order":0,"comment_status":"closed","ping_status":"closed","template":"template-fullwidth.php","meta":{"_acf_changed":false,"footnotes":""},"categories":[],"tags":[],"class_list":["post-2820","page","type-page","status-publish","hentry"],"acf":[],"_links":{"self":[{"href":"https:\/\/semmelweis.hu\/orgchem\/wp-json\/wp\/v2\/pages\/2820","targetHints":{"allow":["GET"]}}],"collection":[{"href":"https:\/\/semmelweis.hu\/orgchem\/wp-json\/wp\/v2\/pages"}],"about":[{"href":"https:\/\/semmelweis.hu\/orgchem\/wp-json\/wp\/v2\/types\/page"}],"author":[{"embeddable":true,"href":"https:\/\/semmelweis.hu\/orgchem\/wp-json\/wp\/v2\/users\/164"}],"replies":[{"embeddable":true,"href":"https:\/\/semmelweis.hu\/orgchem\/wp-json\/wp\/v2\/comments?post=2820"}],"version-history":[{"count":7,"href":"https:\/\/semmelweis.hu\/orgchem\/wp-json\/wp\/v2\/pages\/2820\/revisions"}],"predecessor-version":[{"id":2961,"href":"https:\/\/semmelweis.hu\/orgchem\/wp-json\/wp\/v2\/pages\/2820\/revisions\/2961"}],"up":[{"embeddable":true,"href":"https:\/\/semmelweis.hu\/orgchem\/wp-json\/wp\/v2\/pages\/2547"}],"wp:attachment":[{"href":"https:\/\/semmelweis.hu\/orgchem\/wp-json\/wp\/v2\/media?parent=2820"}],"wp:term":[{"taxonomy":"category","embeddable":true,"href":"https:\/\/semmelweis.hu\/orgchem\/wp-json\/wp\/v2\/categories?post=2820"},{"taxonomy":"post_tag","embeddable":true,"href":"https:\/\/semmelweis.hu\/orgchem\/wp-json\/wp\/v2\/tags?post=2820"}],"curies":[{"name":"wp","href":"https:\/\/api.w.org\/{rel}","templated":true}]}}