{"id":2321,"date":"2020-02-04T11:51:00","date_gmt":"2020-02-04T10:51:00","guid":{"rendered":"http:\/\/semmelweis.hu\/orgchem\/?page_id=2321"},"modified":"2023-09-20T17:00:24","modified_gmt":"2023-09-20T15:00:24","slug":"diplomarbeit","status":"publish","type":"page","link":"https:\/\/semmelweis.hu\/orgchem\/de\/lehrtaetigkeit\/diplomarbeit\/","title":{"rendered":"Diplomarbeit"},"content":{"rendered":"<p>Diplomarbeitsthemen k\u00f6nnen aus allen vom Institut ausgeschriebenen Themen gew\u00e4hlt werden. Es ist auch m\u00f6glich, ein nicht ausgeschriebenes Thema zu w\u00e4hlen, sofern dies vom <a href=\"https:\/\/semmelweis.hu\/telefonkonyv\/?emp_id=12924\"><strong>Institutsvorstand<\/strong><\/a> genehmigt wird. Zum Verfassen der Diplomarbeit ist die Kenntnis der englischen Sprache notwendig.<\/p>\n<p><strong>Diplomarbeitsthemen 2023\/2024:<\/strong><\/p>\n<ol>\n<li>Pr\u00e4parative Forschungst\u00e4tigkeiten auf dem Gebiet der synthetisch-organischen Chemie<\/li>\n<li>Anwendung Molekularer Modellierungsmethoden in der Pharmazeutischen Chemie<\/li>\n<li>Anwendung von spektroskopischen Methoden in der Strukturaufkl\u00e4rung<\/li>\n<\/ol>\n","protected":false},"excerpt":{"rendered":"<p>Diplomarbeitsthemen k\u00f6nnen aus allen vom Institut ausgeschriebenen Themen gew\u00e4hlt werden. Es ist auch m\u00f6glich, ein nicht ausgeschriebenes Thema zu w\u00e4hlen, sofern dies vom <a href=\"https:\/\/semmelweis.hu\/telefonkonyv\/?emp_id=12924\">Institutsvorstand<\/a> genehmigt wird. Zum Verfassen der Diplomarbeit ist die Kenntnis der englischen Sprache notwendig. Diplomarbeitsthemen 2023\/2024: Pr\u00e4parative Forschungst\u00e4tigkeiten auf dem Gebiet der synthetisch-organischen Chemie Anwendung Molekularer Modellierungsmethoden in der Pharmazeutischen Chemie Anwendung von &hellip;<\/p>\n","protected":false},"author":164,"featured_media":0,"parent":2216,"menu_order":5,"comment_status":"closed","ping_status":"closed","template":"","meta":{"_acf_changed":false,"footnotes":""},"categories":[],"tags":[],"class_list":["post-2321","page","type-page","status-publish","hentry"],"acf":[],"_links":{"self":[{"href":"https:\/\/semmelweis.hu\/orgchem\/wp-json\/wp\/v2\/pages\/2321","targetHints":{"allow":["GET"]}}],"collection":[{"href":"https:\/\/semmelweis.hu\/orgchem\/wp-json\/wp\/v2\/pages"}],"about":[{"href":"https:\/\/semmelweis.hu\/orgchem\/wp-json\/wp\/v2\/types\/page"}],"author":[{"embeddable":true,"href":"https:\/\/semmelweis.hu\/orgchem\/wp-json\/wp\/v2\/users\/164"}],"replies":[{"embeddable":true,"href":"https:\/\/semmelweis.hu\/orgchem\/wp-json\/wp\/v2\/comments?post=2321"}],"version-history":[{"count":5,"href":"https:\/\/semmelweis.hu\/orgchem\/wp-json\/wp\/v2\/pages\/2321\/revisions"}],"predecessor-version":[{"id":3281,"href":"https:\/\/semmelweis.hu\/orgchem\/wp-json\/wp\/v2\/pages\/2321\/revisions\/3281"}],"up":[{"embeddable":true,"href":"https:\/\/semmelweis.hu\/orgchem\/wp-json\/wp\/v2\/pages\/2216"}],"wp:attachment":[{"href":"https:\/\/semmelweis.hu\/orgchem\/wp-json\/wp\/v2\/media?parent=2321"}],"wp:term":[{"taxonomy":"category","embeddable":true,"href":"https:\/\/semmelweis.hu\/orgchem\/wp-json\/wp\/v2\/categories?post=2321"},{"taxonomy":"post_tag","embeddable":true,"href":"https:\/\/semmelweis.hu\/orgchem\/wp-json\/wp\/v2\/tags?post=2321"}],"curies":[{"name":"wp","href":"https:\/\/api.w.org\/{rel}","templated":true}]}}