{"id":2319,"date":"2020-02-04T11:51:00","date_gmt":"2020-02-04T10:51:00","guid":{"rendered":"http:\/\/semmelweis.hu\/orgchem\/?page_id=2319"},"modified":"2023-09-21T15:17:10","modified_gmt":"2023-09-21T13:17:10","slug":"diploma-work","status":"publish","type":"page","link":"https:\/\/semmelweis.hu\/orgchem\/en\/teaching-activity\/diploma-work\/","title":{"rendered":"Diploma work"},"content":{"rendered":"<p>The student may select freely from among the themes offered by the Department. With preliminary approval of the Head of the Department, the student may choose a subject different from those proposed officially. The diploma work should preferably be written in English or otherwise in German.<\/p>\n<p><strong>List of themes for diploma \/ research students work for Year of 2023\/2024:<\/strong><\/p>\n<ol>\n<li>Synthesis and chemical transformations of quinazoline derivatives (G\u00e1bor Krajsovszky, Krisztina S\u00fctt\u0151-Kaczeus, Istv\u00e1n M\u00e1ndity)<\/li>\n<li>Azocoupling under sustainable conditions (Andrea Czompa, Istv\u00e1n M\u00e1ndity)<\/li>\n<li>Simplified Sandmeyer reactions (Andrea Czompa, Istv\u00e1n M\u00e1ndity)<\/li>\n<li>Cross-coupling reactions under \u201egreen\u201d conditions (Andrea Czompa, Istv\u00e1n M\u00e1ndity)<\/li>\n<li>Examinations of interactions of cell penetrating peptide with lipid membrane, by using theoretical chemical calculations (Bal\u00e1zs Balogh, Istv\u00e1n M\u00e1ndity)<\/li>\n<li>Investigation cell-penetrating peptides trough computational modelling (Istv\u00e1n M\u00e1ndity, Bal\u00e1zs Balogh) \u00a0<\/li>\n<li>Synthesis and structural analysis of modified peptides (Nikolett Varr\u00f3, M\u00e1ndity Istv\u00e1n)\u00a0<\/li>\n<li>Chemical flow synthesis of oxindole analogues (Istv\u00e1n M\u00e1ndity)<\/li>\n<li>Solid phase synthesis, purification and quality checking of biologically active peptide (Istv\u00e1n M\u00e1ndity)<\/li>\n<li>Development of artificial peptides (Istv\u00e1n M\u00e1ndity)<\/li>\n<li>Synthesis and applications of photolabile protecting groups (Petra Dunkel)<\/li>\n<li>Development of photoactivatable chemical probes (Petra Dunkel)<\/li>\n<li>Structure determination with NMR spectroscopy (D\u00f3ra Bogd\u00e1n, Eszter Kalydi, Istv\u00e1n M\u00e1ndity)<\/li>\n<\/ol>\n","protected":false},"excerpt":{"rendered":"<p>The student may select freely from among the themes offered by the Department. With preliminary approval of the Head of the Department, the student may choose a subject different from those proposed officially. The diploma work should preferably be written in English or otherwise in German. List of themes for diploma \/ research students work &hellip;<\/p>\n","protected":false},"author":164,"featured_media":0,"parent":169,"menu_order":5,"comment_status":"closed","ping_status":"closed","template":"","meta":{"_acf_changed":false,"footnotes":""},"categories":[],"tags":[],"class_list":["post-2319","page","type-page","status-publish","hentry"],"acf":[],"_links":{"self":[{"href":"https:\/\/semmelweis.hu\/orgchem\/wp-json\/wp\/v2\/pages\/2319","targetHints":{"allow":["GET"]}}],"collection":[{"href":"https:\/\/semmelweis.hu\/orgchem\/wp-json\/wp\/v2\/pages"}],"about":[{"href":"https:\/\/semmelweis.hu\/orgchem\/wp-json\/wp\/v2\/types\/page"}],"author":[{"embeddable":true,"href":"https:\/\/semmelweis.hu\/orgchem\/wp-json\/wp\/v2\/users\/164"}],"replies":[{"embeddable":true,"href":"https:\/\/semmelweis.hu\/orgchem\/wp-json\/wp\/v2\/comments?post=2319"}],"version-history":[{"count":10,"href":"https:\/\/semmelweis.hu\/orgchem\/wp-json\/wp\/v2\/pages\/2319\/revisions"}],"predecessor-version":[{"id":3305,"href":"https:\/\/semmelweis.hu\/orgchem\/wp-json\/wp\/v2\/pages\/2319\/revisions\/3305"}],"up":[{"embeddable":true,"href":"https:\/\/semmelweis.hu\/orgchem\/wp-json\/wp\/v2\/pages\/169"}],"wp:attachment":[{"href":"https:\/\/semmelweis.hu\/orgchem\/wp-json\/wp\/v2\/media?parent=2319"}],"wp:term":[{"taxonomy":"category","embeddable":true,"href":"https:\/\/semmelweis.hu\/orgchem\/wp-json\/wp\/v2\/categories?post=2319"},{"taxonomy":"post_tag","embeddable":true,"href":"https:\/\/semmelweis.hu\/orgchem\/wp-json\/wp\/v2\/tags?post=2319"}],"curies":[{"name":"wp","href":"https:\/\/api.w.org\/{rel}","templated":true}]}}