{"id":2305,"date":"2020-01-31T17:28:45","date_gmt":"2020-01-31T16:28:45","guid":{"rendered":"http:\/\/semmelweis.hu\/orgchem\/?page_id=2305"},"modified":"2023-09-20T16:24:12","modified_gmt":"2023-09-20T14:24:12","slug":"wissenschaftlicher-studentenkreis-tdk","status":"publish","type":"page","link":"https:\/\/semmelweis.hu\/orgchem\/de\/wissenschaftliche-taetigkeit\/wissenschaftlicher-studentenkreis-tdk\/","title":{"rendered":"Wissenschaftlicher Studentenkreis (TDK)"},"content":{"rendered":"<p style=\"text-align: justify\">W\u00e4hrend des Studiums k\u00f6nnen an der Forschung interessierte Studierende in den Wissenschaftlichen Studentenkreis (\u201aTudom\u00e1nyos Di\u00e1kk\u00f6r, TDK\u2018) eintreten. Voraussetzung daf\u00fcr ist das Interesse an einem der am Institut laufenden organischen und pharmazeutisch-chemischen pr\u00e4parativen oder informatisch-chemischen Forschungsarbeit, und ein Abschluss des Faches Organische Chemie (Rigorosum) mindestens mit der Pr\u00fcfungsnote \u201eBefriedigend\u201c (3), sowie dass der Studierende die n\u00f6tige Zeit aufwenden kann. Bei Interesse am Thema k\u00f6nnen beim <strong><a href=\"https:\/\/semmelweis.hu\/telefonkonyv\/?emp_id=378\">Verantwortlichen f\u00fcr den Wissenschaftlichen Studentenkreis<\/a><\/strong>, bzw. vom <strong><a href=\"https:\/\/semmelweis.hu\/telefonkonyv\/?emp_id=12924\">Institutsvorstand<\/a><\/strong> n\u00e4here Informationen eingeholt werden.<br \/>\nDie Ergebnisse der Forschungsarbeit der Studierenden werden j\u00e4hrlich auf der Wissenschaftlichen Konferenz der Studierenden (TDK Konferencia) bekannt gegeben, wo die besten Arbeiten mit Preisen ausgezeichnet werden.<\/p>\n<p><strong>Zur Auswahl stehende Themen f\u00fcr die obligatorische Facharbeit (Diplomarbeit) und <\/strong><strong>Themen f\u00fcr die Arbeit im wissenschaftlichen Studentenkreis (TDK):<\/strong><\/p>\n<ol>\n<li>Pr\u00e4parative Forschungst\u00e4tigkeiten auf dem Gebiet der synthetisch-organischen Chemie<\/li>\n<li>Anwendung molekularer Modellierungsmethoden in der Pharmazeutischen Chemie<\/li>\n<li>Anwendung von spektroskopischen Methoden in der Strukturaufkl\u00e4rung<\/li>\n<\/ol>\n","protected":false},"excerpt":{"rendered":"<p>W\u00e4hrend des Studiums k\u00f6nnen an der Forschung interessierte Studierende in den Wissenschaftlichen Studentenkreis (\u201aTudom\u00e1nyos Di\u00e1kk\u00f6r, TDK\u2018) eintreten. Voraussetzung daf\u00fcr ist das Interesse an einem der am Institut laufenden organischen und pharmazeutisch-chemischen pr\u00e4parativen oder informatisch-chemischen Forschungsarbeit, und ein Abschluss des Faches Organische Chemie (Rigorosum) mindestens mit der Pr\u00fcfungsnote \u201eBefriedigend\u201c (3), sowie dass der Studierende die n\u00f6tige &hellip;<\/p>\n","protected":false},"author":164,"featured_media":0,"parent":2219,"menu_order":2,"comment_status":"closed","ping_status":"closed","template":"","meta":{"_acf_changed":false,"footnotes":""},"categories":[],"tags":[],"class_list":["post-2305","page","type-page","status-publish","hentry"],"acf":[],"_links":{"self":[{"href":"https:\/\/semmelweis.hu\/orgchem\/wp-json\/wp\/v2\/pages\/2305","targetHints":{"allow":["GET"]}}],"collection":[{"href":"https:\/\/semmelweis.hu\/orgchem\/wp-json\/wp\/v2\/pages"}],"about":[{"href":"https:\/\/semmelweis.hu\/orgchem\/wp-json\/wp\/v2\/types\/page"}],"author":[{"embeddable":true,"href":"https:\/\/semmelweis.hu\/orgchem\/wp-json\/wp\/v2\/users\/164"}],"replies":[{"embeddable":true,"href":"https:\/\/semmelweis.hu\/orgchem\/wp-json\/wp\/v2\/comments?post=2305"}],"version-history":[{"count":7,"href":"https:\/\/semmelweis.hu\/orgchem\/wp-json\/wp\/v2\/pages\/2305\/revisions"}],"predecessor-version":[{"id":3273,"href":"https:\/\/semmelweis.hu\/orgchem\/wp-json\/wp\/v2\/pages\/2305\/revisions\/3273"}],"up":[{"embeddable":true,"href":"https:\/\/semmelweis.hu\/orgchem\/wp-json\/wp\/v2\/pages\/2219"}],"wp:attachment":[{"href":"https:\/\/semmelweis.hu\/orgchem\/wp-json\/wp\/v2\/media?parent=2305"}],"wp:term":[{"taxonomy":"category","embeddable":true,"href":"https:\/\/semmelweis.hu\/orgchem\/wp-json\/wp\/v2\/categories?post=2305"},{"taxonomy":"post_tag","embeddable":true,"href":"https:\/\/semmelweis.hu\/orgchem\/wp-json\/wp\/v2\/tags?post=2305"}],"curies":[{"name":"wp","href":"https:\/\/api.w.org\/{rel}","templated":true}]}}