{"id":2289,"date":"2020-01-31T17:28:45","date_gmt":"2020-01-31T16:28:45","guid":{"rendered":"http:\/\/semmelweis.hu\/orgchem\/?page_id=2289"},"modified":"2023-09-21T15:18:30","modified_gmt":"2023-09-21T13:18:30","slug":"union-of-research-students","status":"publish","type":"page","link":"https:\/\/semmelweis.hu\/orgchem\/en\/research-activity\/union-of-research-students\/","title":{"rendered":"Union of Research Students (TDK)"},"content":{"rendered":"<p style=\"text-align: justify\">If students have a keen interest in the organic chemical and drug chemical preparative or computational work at the Department, pass their final examination in organic chemistry with a mark not lower than 3, and have sufficient free time for additional work, they may request admission into the Union of Research Students of the Department. Further information can be obtained from the <strong><a href=\"https:\/\/semmelweis.hu\/telefonkonyv\/?emp_id=377\" target=\"_blank\" rel=\"noopener noreferrer\">Secretary of the Union of Research Students<\/a><\/strong> or the <strong><a href=\"https:\/\/semmelweis.hu\/telefonkonyv\/?emp_id=12924\" target=\"_blank\" rel=\"noopener noreferrer\">Head of the Department<\/a><\/strong>.<\/p>\n<p><strong>List of themes for diploma \/ research students work for Year of 2023\/2024:<\/strong><\/p>\n<ol>\n<li>Synthesis and chemical transformations of quinazoline derivatives (G\u00e1bor Krajsovszky, Krisztina S\u00fctt\u0151-Kaczeus, Istv\u00e1n M\u00e1ndity)<\/li>\n<li>Azocoupling under sustainable conditions (Andrea Czompa, Istv\u00e1n M\u00e1ndity)<\/li>\n<li>Simplified Sandmeyer reactions (Andrea Czompa, Istv\u00e1n M\u00e1ndity)<\/li>\n<li>Cross-coupling reactions under \u201egreen\u201d conditions (Andrea Czompa, Istv\u00e1n M\u00e1ndity)<\/li>\n<li>Examinations of interactions of cell penetrating peptide with lipid membrane, by using theoretical chemical calculations (Bal\u00e1zs Balogh, Istv\u00e1n M\u00e1ndity)<\/li>\n<li>Investigation cell-penetrating peptides trough computational modelling (Istv\u00e1n M\u00e1ndity, Bal\u00e1zs Balogh) \u00a0<\/li>\n<li>Synthesis and structural analysis of modified peptides (Nikolett Varr\u00f3, M\u00e1ndity Istv\u00e1n)\u00a0<\/li>\n<li>Chemical flow synthesis of oxindole analogues (Istv\u00e1n M\u00e1ndity)<\/li>\n<li>Solid phase synthesis, purification and quality checking of biologically active peptide (Istv\u00e1n M\u00e1ndity)<\/li>\n<li>Development of artificial peptides (Istv\u00e1n M\u00e1ndity)<\/li>\n<li>Synthesis and applications of photolabile protecting groups (Petra Dunkel)<\/li>\n<li>Development of photoactivatable chemical probes (Petra Dunkel)<\/li>\n<li>Structure determination with NMR spectroscopy (D\u00f3ra Bogd\u00e1n, Eszter Kalydi, Istv\u00e1n M\u00e1ndity)<\/li>\n<\/ol>\n","protected":false},"excerpt":{"rendered":"<p>If students have a keen interest in the organic chemical and drug chemical preparative or computational work at the Department, pass their final examination in organic chemistry with a mark not lower than 3, and have sufficient free time for additional work, they may request admission into the Union of Research Students of the Department. &hellip;<\/p>\n","protected":false},"author":164,"featured_media":0,"parent":172,"menu_order":2,"comment_status":"closed","ping_status":"closed","template":"","meta":{"_acf_changed":false,"footnotes":""},"categories":[],"tags":[],"class_list":["post-2289","page","type-page","status-publish","hentry"],"acf":[],"_links":{"self":[{"href":"https:\/\/semmelweis.hu\/orgchem\/wp-json\/wp\/v2\/pages\/2289","targetHints":{"allow":["GET"]}}],"collection":[{"href":"https:\/\/semmelweis.hu\/orgchem\/wp-json\/wp\/v2\/pages"}],"about":[{"href":"https:\/\/semmelweis.hu\/orgchem\/wp-json\/wp\/v2\/types\/page"}],"author":[{"embeddable":true,"href":"https:\/\/semmelweis.hu\/orgchem\/wp-json\/wp\/v2\/users\/164"}],"replies":[{"embeddable":true,"href":"https:\/\/semmelweis.hu\/orgchem\/wp-json\/wp\/v2\/comments?post=2289"}],"version-history":[{"count":10,"href":"https:\/\/semmelweis.hu\/orgchem\/wp-json\/wp\/v2\/pages\/2289\/revisions"}],"predecessor-version":[{"id":3306,"href":"https:\/\/semmelweis.hu\/orgchem\/wp-json\/wp\/v2\/pages\/2289\/revisions\/3306"}],"up":[{"embeddable":true,"href":"https:\/\/semmelweis.hu\/orgchem\/wp-json\/wp\/v2\/pages\/172"}],"wp:attachment":[{"href":"https:\/\/semmelweis.hu\/orgchem\/wp-json\/wp\/v2\/media?parent=2289"}],"wp:term":[{"taxonomy":"category","embeddable":true,"href":"https:\/\/semmelweis.hu\/orgchem\/wp-json\/wp\/v2\/categories?post=2289"},{"taxonomy":"post_tag","embeddable":true,"href":"https:\/\/semmelweis.hu\/orgchem\/wp-json\/wp\/v2\/tags?post=2289"}],"curies":[{"name":"wp","href":"https:\/\/api.w.org\/{rel}","templated":true}]}}