{"id":2279,"date":"2020-01-31T15:55:38","date_gmt":"2020-01-31T14:55:38","guid":{"rendered":"http:\/\/semmelweis.hu\/orgchem\/?page_id=2279"},"modified":"2026-03-02T11:28:20","modified_gmt":"2026-03-02T10:28:20","slug":"akademischemitarbeiter","status":"publish","type":"page","link":"https:\/\/semmelweis.hu\/orgchem\/de\/akademischemitarbeiter\/","title":{"rendered":"Akademische Mitarbeiter"},"content":{"rendered":"<p>&nbsp;<\/p>\n<p><img decoding=\"async\" class=\"alignleft\" style=\"max-width: 150px;max-height: 100%\" src=\"https:\/\/semmelweis.hu\/orgchem\/files\/2026\/01\/istvanmandity.jpg\" alt=\"Dr. M\u00e1ndity Istv\u00e1n\" \/><\/p>\n<p><strong>DIREKTOR<\/strong><\/p>\n<p><a href=\"https:\/\/semmelweis.hu\/deutsch\/telefonbuch\/?emp_id=12924\" target=\"_blank\" rel=\"noopener\"><strong>Dr. Istv\u00e1n M\u00e1ndity, habil. Ph.D.<\/strong><\/a><br \/>\nUniversit\u00e4tsdozent<\/p>\n<p>Telefon: (+36-1)217-0851; (+36-1)476-36-00\/53055<br \/>\n(+36)20-670-1186<br \/>\nE-mail: <a href=\"mailto:mandity.istvan@semmelweis.hu\">mandity.istvan@semmelweis.hu<\/a><br \/>\n<a href=\"https:\/\/semmelweis.hu\/orgchem\/files\/2018\/09\/MI_cv_2018_09_EN.pdf\" target=\"_blank\" rel=\"noopener noreferrer\">CV<\/a> \/ <a href=\"https:\/\/semmelweis.hu\/orgchem\/files\/2018\/09\/MI_publist_2018_09_EN.pdf\" target=\"_blank\" rel=\"noopener noreferrer\">Publikationen<\/a><\/p>\n<hr \/>\n<p><img decoding=\"async\" class=\"alignleft\" style=\"max-width: 150px;max-height: 100%\" src=\"https:\/\/semmelweis.hu\/orgchem\/files\/2026\/01\/gaborkrajsovszky.jpg\" alt=\"Dr. Krajsovszky G\u00e1bor\" \/><\/p>\n<p><strong>STELLVERTRETER<\/strong><\/p>\n<p><a href=\"https:\/\/semmelweis.hu\/deutsch\/telefonbuch\/?emp_id=378\" target=\"_blank\" rel=\"noopener\"><strong>Dr. G\u00e1bor Krajsovszky, Ph.D.<\/strong><\/a><br \/>\nUniversit\u00e4tsdozent, Zust\u00e4ndig f\u00fcr den Wissenschaftlichen Studentenkreis, Zust\u00e4ndig f\u00fcr die Studenten (Ungarisch und Deutsch)<br \/>\nTelefon: (+36-1)476-36-00\/53021<br \/>\nE-mail: <a href=\"mailto:krajsovszky.gabor@semmelweis.hu\">krajsovszky.gabor@semmelweis.hu<\/a><br \/>\n<a href=\"https:\/\/semmelweis.hu\/orgchem\/files\/2026\/01\/KG_cv_ger_2026_01.pdf\" target=\"_blank\" rel=\"noopener\">CV<\/a> \/ <a href=\"https:\/\/semmelweis.hu\/orgchem\/files\/2026\/01\/KG_publist_eng_2026_01.pdf\" target=\"_blank\" rel=\"noopener noreferrer\">Publikationen<\/a><\/p>\n<hr \/>\n<p><img decoding=\"async\" class=\"alignleft\" style=\"max-width: 150px;max-height: 100%\" src=\"https:\/\/semmelweis.hu\/orgchem\/files\/2026\/01\/balazsbalogh.jpg\" alt=\"Dr. Balogh Bal\u00e1zs\" \/><\/p>\n<p><strong><a href=\"https:\/\/semmelweis.hu\/deutsch\/telefonbuch\/?emp_id=386\" target=\"_blank\" rel=\"noopener\">Dr. Bal\u00e1zs Balogh, Ph.D.<\/a><br \/>\n<\/strong>Universit\u00e4tsassistent<\/p>\n<p>Telefon: (+36-1)-476-36-00\/53851; (+36)20-825-9944<br \/>\nE-mail: <a href=\"mailto:balogh.balazs@semmelweis.hu\">balogh.balazs@semmelweis.hu<\/a><\/p>\n<p><a href=\"https:\/\/semmelweis.hu\/orgchem\/files\/2025\/01\/BB_CV_2025_Jan_ENG.pdf\" target=\"_blank\" rel=\"noopener\">CV<\/a><br \/>\n<a href=\"https:\/\/semmelweis.hu\/orgchem\/files\/2025\/01\/BB_PubList_2025_jan_ENG.pdf\" target=\"_blank\" rel=\"noopener\">Publikationen<\/a><\/p>\n<hr \/>\n<p><img decoding=\"async\" class=\"alignleft\" style=\"max-width: 150px;max-height: 100%\" src=\"https:\/\/semmelweis.hu\/orgchem\/files\/2026\/01\/dorabogdan.jpg\" alt=\"Dr. Bogd\u00e1n D\u00f3ra\" \/><strong><a href=\"https:\/\/semmelweis.hu\/deutsch\/telefonbuch\/?emp_id=8428\" target=\"_blank\" rel=\"noopener\">Dr. D\u00f3ra Bogd\u00e1n, Ph.D.<\/a><br \/>\n<\/strong>Universit\u00e4tassistentin<\/p>\n<p>Telefon: (+36-1)-476-36-00\/53018; (+36)20-666-3259<br \/>\nE-mail: <a href=\"mailto:bogdan.dora@semmelweis.hu\">bogdan.dora@semmelweis.hu<\/a><\/p>\n<p><a href=\"https:\/\/semmelweis.hu\/orgchem\/files\/2020\/01\/BD_CV_2020_01_ENG.pdf\" target=\"_blank\" rel=\"noopener noreferrer\">CV<\/a><br \/>\n<a href=\"https:\/\/semmelweis.hu\/orgchem\/files\/2021\/06\/BD_publist_2021_06_ENG.pdf\" target=\"_blank\" rel=\"noopener noreferrer\">Publikationen<\/a><\/p>\n<hr \/>\n<p><img decoding=\"async\" class=\"alignleft\" style=\"max-width: 150px;max-height: 100%\" src=\"https:\/\/semmelweis.hu\/orgchem\/files\/2026\/01\/enikocsuka.jpg\" alt=\"Enik\u0151 Csuka\" \/><\/p>\n<p><strong><a href=\"https:\/\/semmelweis.hu\/telefonkonyv\/?emp_id=26449\" target=\"_blank\" rel=\"noopener noreferrer\">Enik\u0151 Csuka<\/a><br \/>\n<\/strong>Wissenschaftliche Assistentin<strong><br \/>\n<\/strong><\/p>\n<p>Telefon: (+36-1)-476-36-00\/53028<br \/>\nE-mail: <a href=\"mailto:csuka.eniko@semmelweis.hu\">csuka.eniko@semmelweis.hu<\/a><\/p>\n<hr \/>\n<p><img decoding=\"async\" class=\"alignleft\" style=\"max-width: 150px;max-height: 100%\" src=\"https:\/\/semmelweis.hu\/orgchem\/files\/2026\/02\/krisztinaczagany.jpg\" alt=\"Czag\u00e1ny Krisztina\" \/><\/p>\n<p><strong><a href=\"https:\/\/semmelweis.hu\/telefonkonyv\/?emp_id=393\" target=\"_blank\" rel=\"noopener noreferrer\">Krisztina Czag\u00e1ny<\/a><br \/>\n<\/strong>Finanzkoordinatorin<strong><br \/>\n<\/strong><\/p>\n<p>Phone: (+36-1)476-36-00\/53005<\/p>\n<p>Mobile: (+36)20-825-0852<br \/>\nE-mail: <a href=\"mailto:czagany.krisztina@semmelweis.hu\">czagany.krisztina@semmelweis.hu<\/a><\/p>\n<hr \/>\n<p><img decoding=\"async\" class=\"alignleft\" style=\"max-width: 150px;height: 100%\" src=\"https:\/\/semmelweis.hu\/orgchem\/files\/2026\/01\/andreaczompa.jpg\" alt=\"Dr. Czompa Andrea\" \/><\/p>\n<p><strong><a href=\"https:\/\/semmelweis.hu\/deutsch\/telefonbuch\/?emp_id=1897\" target=\"_blank\" rel=\"noopener\">Dr. Andrea Czompa, Ph.D.<\/a><br \/>\n<\/strong>Universit\u00e4tsassistentin<\/p>\n<p>Telefon: (+36-1)476-36-00\/53035; (+36)20-825-0840<br \/>\nE-mail: <a href=\"mailto:czompa.andrea@semmelweis.hu\">czompa.andrea@semmelweis.hu<\/a><\/p>\n<p><a href=\"https:\/\/semmelweis.hu\/orgchem\/files\/2025\/09\/CzA_cv_2025_EN.pdf\" target=\"_blank\" rel=\"noopener\">CV<\/a><br \/>\n<a href=\"https:\/\/semmelweis.hu\/orgchem\/files\/2025\/09\/CzA-PublList2025_09_EN.pdf\" target=\"_blank\" rel=\"noopener\">Publikationen<\/a><\/p>\n<hr \/>\n<p><img decoding=\"async\" class=\"alignleft\" style=\"max-width: 150px;max-height: 100%\" src=\"https:\/\/semmelweis.hu\/orgchem\/files\/2026\/01\/ruthdeme.jpg\" alt=\"Dr. Deme Ruth\" \/><strong><a href=\"https:\/\/semmelweis.hu\/deutsch\/telefonbuch\/?emp_id=8058\" target=\"_blank\" rel=\"noopener\">Dr. Ruth Deme, Ph.D.<\/a><br \/>\n<\/strong>Wissenschaftliche Assistentin<\/p>\n<p>Telefon: (+36-1)476-36-00\/53005; (+36)20-663-2764<br \/>\nE-mail: <a href=\"mailto:deme.ruth@semmelweis.hu\">deme.ruth@semmelweis.hu<\/a><\/p>\n<p><a href=\"https:\/\/semmelweis.hu\/orgchem\/files\/2020\/01\/DR_CV_2020_01_ENG.pdf\" target=\"_blank\" rel=\"noopener noreferrer\">CV<\/a><br \/>\n<a href=\"https:\/\/semmelweis.hu\/orgchem\/files\/2021\/09\/DR_publist_2021_09__EN.pdf\" target=\"_blank\" rel=\"noopener noreferrer\">Publikationen<\/a><\/p>\n<hr \/>\n<p><img decoding=\"async\" class=\"alignleft\" style=\"max-width: 150px;max-height: 100%\" src=\"https:\/\/semmelweis.hu\/orgchem\/files\/2025\/08\/DunkelPetra_portre-scaled.jpg\" alt=\"Dr. Dunkel Petra\" \/><\/p>\n<p><strong><a href=\"https:\/\/semmelweis.hu\/deutsch\/telefonbuch\/?emp_id=14322\" target=\"_blank\" rel=\"noopener\">Dr. Petra Dunkel, Ph.D.<\/a><br \/>\n<\/strong>Universit\u00e4tsassistentin, Zust\u00e4ndig f\u00fcr die Studenten (Englisch)<\/p>\n<p>Telefon: (+36-1)476-36-00\/53006, 53038<br \/>\nE-mail: <a href=\"mailto:dunkel.petra@semmelweis.hu\">dunkel.petra@semmelweis.hu<\/a><strong><br \/>\n<\/strong><\/p>\n<p><a href=\"https:\/\/semmelweis.hu\/orgchem\/files\/2025\/08\/CV_DP_20250801_EN1.pdf\" target=\"_blank\" rel=\"noopener noreferrer\">CV<\/a><br \/>\n<a href=\"https:\/\/semmelweis.hu\/orgchem\/files\/2020\/01\/DP_publist_2020_01_ENG.pdf\" target=\"_blank\" rel=\"noopener noreferrer\">Publikationen<\/a><\/p>\n<hr \/>\n<p><img decoding=\"async\" class=\"alignleft\" style=\"max-width: 150px;max-height: 100%\" src=\"https:\/\/semmelweis.hu\/orgchem\/files\/2026\/01\/esztererdei.jpg\" alt=\"dr. Erdei Eszter\" \/> <strong><a href=\"https:\/\/semmelweis.hu\/deutsch\/telefonbuch\/?emp_id=22098\" target=\"_blank\" rel=\"noopener\">Dr. Eszter Erdei<\/a><br \/>\n<\/strong>Wissenschaftliche Assistentin<\/p>\n<p>Telefon: (+36-1)476-36-00\/53055<br \/>\nE-mail: <a href=\"mailto:erdei.eszter@stud.semmelweis-univ.hu\">eszter.erdei@stud.semmelweis-univ.hu<\/a><\/p>\n<p><a href=\"https:\/\/semmelweis.hu\/orgchem\/files\/2023\/10\/EE_cv_2023_10_ENG.pdf\" target=\"_blank\" rel=\"noopener noreferrer\">CV<\/a><\/p>\n<hr \/>\n<p><img decoding=\"async\" class=\"alignleft\" style=\"max-width: 150px;max-height: 100%\" src=\"https:\/\/semmelweis.hu\/orgchem\/files\/2026\/01\/ilonabotos.jpg\" alt=\"Ilona F\u00fcl\u00f6p-Botos\" \/><\/p>\n<p><strong><a href=\"https:\/\/semmelweis.hu\/deutsch\/telefonbuch\/?emp_id=16171\" target=\"_blank\" rel=\"noopener\">Ilona F\u00fcl\u00f6p-Botos<\/a><br \/>\n<\/strong>Lehrassistentin<\/p>\n<p>Telefon: (+36-1)476-36-00\/53045 und 53065<br \/>\nE-mail: <a href=\"fulopne.botos.ilona@semmelweis.hu\">fulopne.botos.ilona@semmelweis.hu<\/a><\/p>\n<p>&nbsp;<\/p>\n<hr \/>\n<p><img decoding=\"async\" class=\"alignleft\" style=\"max-width: 150px;max-height: 100%\" src=\"https:\/\/semmelweis.hu\/orgchem\/files\/2026\/01\/zoltankaleta.jpg\" alt=\"Dr. Kaleta Zolt\u00e1n\" \/><\/p>\n<p><strong><a href=\"https:\/\/semmelweis.hu\/deutsch\/telefonbuch\/?emp_id=21098\" target=\"_blank\" rel=\"noopener\">Dr. Zolt\u00e1n Kaleta, Ph.D.<\/a><br \/>\n<\/strong>Universit\u00e4tsassistent<\/p>\n<p>Telefon: (+36-1)-476-36-00\/53028<br \/>\nE-mail: <a href=\"mailto:kaleta.zoltan@semmelweis.hu\">kaleta.zoltan@semmelweis.hu<\/a><\/p>\n<p><a href=\"https:\/\/semmelweis.hu\/orgchem\/files\/2023\/02\/KZ_CV_2023_02_ENG.pdf\" target=\"_blank\" rel=\"noopener noreferrer\">CV<\/a><\/p>\n<hr \/>\n<p><img decoding=\"async\" class=\"alignleft\" style=\"max-width: 150px;max-height: 100%\" src=\"https:\/\/semmelweis.hu\/orgchem\/files\/2026\/01\/bencekontra.jpg\" alt=\"Kontra Bence\" \/><a href=\"https:\/\/semmelweis.hu\/deutsch\/telefonbuch\/?emp_id=22092\" target=\"_blank\" rel=\"noopener\"><strong>Bence Kontra<\/strong><\/a><br \/>\nDoktorand<\/p>\n<p>telefon: (+36-1)-476-36-00\/53006<br \/>\nE-mail: <a href=\"mailto:kontra.bence@phd.semmelweis.hu\" target=\"_blank\" rel=\"noopener\">kontra.bence@phd.semmelweis.hu<\/a><\/p>\n<p><a href=\"https:\/\/semmelweis.hu\/orgchem\/files\/2023\/10\/KB_cv_2023_10_ENG.pdf\" target=\"_blank\" rel=\"noopener noreferrer\">CV<\/a><\/p>\n<hr \/>\n<p><img decoding=\"async\" class=\"alignleft\" style=\"max-width: 150px;max-height: 100%\" src=\"https:\/\/semmelweis.hu\/orgchem\/files\/2026\/01\/robertludmerczki.jpg\" alt=\"Ludmerczki R\u00f3bert\" \/><strong><a href=\"https:\/\/semmelweis.hu\/deutsch\/telefonbuch\/?emp_id=6872\" target=\"_blank\" rel=\"noopener\">Dr. R\u00f3bert Ludmerczki, Ph.D.<\/a><br \/>\n<\/strong>Wissenschaftlicher Assistent<\/p>\n<p>Telefon: (+36-1)476-36-00\/53851; (+36)20-825-0841<br \/>\nE-mail: <a href=\"mailto:ludmerczki.robert@semmelweis.hu\">ludmerczki.robert@semmelweis.hu<\/a><\/p>\n<p><a href=\"https:\/\/semmelweis.hu\/orgchem\/files\/2020\/01\/LR_CV_2020_01_ENG.pdf\" target=\"_blank\" rel=\"noopener noreferrer\">CV<\/a><br \/>\n<a href=\"https:\/\/semmelweis.hu\/orgchem\/files\/2020\/01\/LR_publist_2020_01_ENG.pdf\" target=\"_blank\" rel=\"noopener noreferrer\">Publikationen<\/a><\/p>\n<hr \/>\n<p><img decoding=\"async\" class=\"alignleft\" style=\"max-width: 150px;max-height: 100%\" src=\"https:\/\/semmelweis.hu\/orgchem\/files\/2026\/01\/andrasmandoki.jpg\" alt=\"Dr. M\u00e1ndoki Andr\u00e1s \" \/><a href=\"https:\/\/semmelweis.hu\/deutsch\/telefonbuch\/?emp_id=22102\" target=\"_blank\" rel=\"noopener\"><strong>Dr. Andr\u00e1s M\u00e1ndoki<\/strong><\/a><br \/>\nResident<\/p>\n<p>telefon: (+36-1)-476-36-00\/53055<br \/>\nE-mail: <a href=\"mailto:mandoki.andras@semmelweis.hu\" target=\"_blank\" rel=\"noopener\">mandoki.andras@semmelweis.hu<\/a><\/p>\n<p><a href=\"https:\/\/semmelweis.hu\/orgchem\/files\/2023\/10\/MA_v_2023_10_ENG.pdf\" target=\"_blank\" rel=\"noopener noreferrer\">CV<\/a><\/p>\n<hr \/>\n<p><img decoding=\"async\" class=\"alignleft\" style=\"max-width: 150px;max-height: 100%\" src=\"https:\/\/semmelweis.hu\/orgchem\/files\/2026\/01\/zsuzsannakaratson.jpg\" alt=\"Kar\u00e1tson Zsuzsanna\" \/><\/p>\n<p><strong><a href=\"https:\/\/semmelweis.hu\/telefonkonyv\/?emp_id=11141\" target=\"_blank\" rel=\"noopener noreferrer\">Zsuzsanna Petr\u00f3-Kar\u00e1tson <\/a><br \/>\n<\/strong>Sekret\u00e4rin<\/p>\n<div>Phone: +(36-1)217-08-51; (+36-1)476-3600\/53055<\/div>\n<p>E-mail: <a href=\"karatson.zsuzsanna@semmelweis.hu\" target=\"_blank\" rel=\"noopener noreferrer\">karatson.zsuzsanna@semmelweis.hu<\/a><\/p>\n<hr \/>\n<p><img decoding=\"async\" class=\"alignleft\" style=\"max-width: 150px;max-height: 100%\" src=\"https:\/\/semmelweis.hu\/orgchem\/files\/2021\/10\/PL-scaled.jpg\" alt=\"Piros L\u00e1szl\u00f3\" \/> <a href=\"https:\/\/semmelweis.hu\/telefonkonyv\/?emp_id=20301\" target=\"_blank\" rel=\"noopener\"><strong>dr. L\u00e1szl\u00f3 Piros<\/strong><\/a><br \/>\nDoktorand<\/p>\n<p>Telefon: (+36-1)476-36-00\/53085<br \/>\nE-mail: <a href=\"mailto:laszlo.piros@stud.semmelweis.hu\" target=\"_blank\" rel=\"noopener\">laszlo.piros@stud.semmelweis.hu<\/a><\/p>\n<p><a href=\"https:\/\/semmelweis.hu\/orgchem\/files\/2022\/09\/PL_cv_2022_09_EN.pdf\" target=\"_blank\" rel=\"noopener noreferrer\">CV<\/a><\/p>\n<hr \/>\n<p><img decoding=\"async\" class=\"alignleft\" style=\"max-width: 150px;max-height: 100%\" src=\"https:\/\/semmelweis.hu\/orgchem\/files\/2022\/08\/PP-scale-scaled.jpg\" alt=\"Poll\u00e1k Patrik\" \/> <a href=\"https:\/\/semmelweis.hu\/telefonkonyv\/?emp_id=20300\" target=\"_blank\" rel=\"noopener\"><strong>Patrik Poll\u00e1k<\/strong><\/a><br \/>\nDoktorand<\/p>\n<p>Telefon: (+36-20)379-1333<br \/>\nE-mail: <a href=\"mailto:pollak.patrik@phd.semmelweis.hu\" target=\"_blank\" rel=\"noopener\">pollak.patrik@phd.semmelweis.hu<\/a>\u00a0<\/p>\n<p><a href=\"https:\/\/semmelweis.hu\/orgchem\/files\/2022\/08\/PP_cv_2022_08_EN.pdf\" target=\"_blank\" rel=\"noopener noreferrer\">CV<\/a><\/p>\n<hr \/>\n<p><img decoding=\"async\" class=\"alignleft\" style=\"max-width: 150px;max-height: 100%\" src=\"https:\/\/semmelweis.hu\/orgchem\/files\/2026\/01\/danielremecz.jpg\" alt=\"Remecz D\u00e1niel\" \/> <strong>D\u00e1niel Remecz<\/strong><br \/>\nDoktorand<\/p>\n<p>E-mail: <a href=\"mailto:remecz.daniel@phd.semmelweis.hu\">remecz.daniel@phd.semmelweis.hu<\/a><\/p>\n<p><a href=\"https:\/\/semmelweis.hu\/orgchem\/files\/2024\/09\/DRe_cv_2024_EN.pdf\" target=\"_blank\" rel=\"noopener noreferrer\">CV<\/a><\/p>\n<hr \/>\n<p><img loading=\"lazy\" decoding=\"async\" class=\"alignleft\" style=\"max-width: 150px;max-height: 100%\" src=\"https:\/\/semmelweis.hu\/orgchem\/files\/2026\/01\/gergoriszter.jpg\" alt=\"Riszter Gerg\u0151 Attila\" width=\"150\" height=\"225\" \/> <a href=\"https:\/\/semmelweis.hu\/telefonkonyv\/?emp_id=21100\" target=\"_blank\" rel=\"noopener\"><strong>Gerg\u0151 Attila Riszter<\/strong><\/a><br \/>\nDoktorand<\/p>\n<p>Telefon: (+36-1)476-36-00\/53028<br \/>\nE-mail: <a href=\"riszter.gergo@phd.semmelweis.hu\">riszter.gergo@phd.semmelweis.hu<\/a>\u00a0<\/p>\n<p><a href=\"https:\/\/semmelweis.hu\/orgchem\/files\/2023\/02\/RG_cv_2023_02_ENG.pdf\" target=\"_blank\" rel=\"noopener noreferrer\">CV<\/a><\/p>\n<hr \/>\n<p><img decoding=\"async\" class=\"alignleft\" style=\"max-width: 150px;max-height: 100%\" src=\"https:\/\/semmelweis.hu\/orgchem\/files\/2026\/01\/krisztinakaczeus.jpg\" alt=\"Kaczeus Krisztina\" \/><\/p>\n<div><a href=\"https:\/\/semmelweis.hu\/telefonkonyv\/?emp_id=17834\" target=\"_blank\" rel=\"noopener\"><strong>Dr. Krisztina S\u00fctt\u0151-Kaczeus<\/strong><\/a><\/div>\n<p>Wissenschaftliche Mitarbeiterin<\/p>\n<div>Telefon: (+36-1)476-36-00\/53085; (+36)30-878-0050<\/div>\n<div>E-mail:\u00a0<a href=\"suttone.kaczeus.krisztina@semmelweis.hu\" target=\"_blank\" rel=\"noopener noreferrer\">suttone.kaczeus.krisztina@semmelweis.hu<\/a><\/div>\n","protected":false},"excerpt":{"rendered":"<p>&nbsp; DIREKTOR <a href=\"https:\/\/semmelweis.hu\/deutsch\/telefonbuch\/?emp_id=12924\" target=\"_blank\" rel=\"noopener\">Dr. Istv\u00e1n M\u00e1ndity, habil. Ph.D.<\/a> Universit\u00e4tsdozent Telefon: (+36-1)217-0851; (+36-1)476-36-00\/53055 (+36)20-670-1186 E-mail: <a href=\"mailto:mandity.istvan@semmelweis.hu\">mandity.istvan@semmelweis.hu<\/a> <a href=\"https:\/\/semmelweis.hu\/orgchem\/files\/2018\/09\/MI_cv_2018_09_EN.pdf\" target=\"_blank\" rel=\"noopener noreferrer\">CV<\/a> \/ <a href=\"https:\/\/semmelweis.hu\/orgchem\/files\/2018\/09\/MI_publist_2018_09_EN.pdf\" target=\"_blank\" rel=\"noopener noreferrer\">Publikationen<\/a> STELLVERTRETER <a href=\"https:\/\/semmelweis.hu\/deutsch\/telefonbuch\/?emp_id=378\" target=\"_blank\" rel=\"noopener\">Dr. G\u00e1bor Krajsovszky, Ph.D.<\/a> Universit\u00e4tsdozent, Zust\u00e4ndig f\u00fcr den Wissenschaftlichen Studentenkreis, Zust\u00e4ndig f\u00fcr die Studenten (Ungarisch und Deutsch) Telefon: (+36-1)476-36-00\/53021 E-mail: <a href=\"mailto:krajsovszky.gabor@semmelweis.hu\">krajsovszky.gabor@semmelweis.hu<\/a> <a href=\"https:\/\/semmelweis.hu\/orgchem\/files\/2026\/01\/KG_cv_ger_2026_01.pdf\" target=\"_blank\" rel=\"noopener\">CV<\/a> \/ <a href=\"https:\/\/semmelweis.hu\/orgchem\/files\/2026\/01\/KG_publist_eng_2026_01.pdf\" target=\"_blank\" rel=\"noopener noreferrer\">Publikationen<\/a> <a href=\"https:\/\/semmelweis.hu\/deutsch\/telefonbuch\/?emp_id=386\" target=\"_blank\" rel=\"noopener\">Dr. Bal\u00e1zs Balogh, Ph.D.<\/a> Universit\u00e4tsassistent Telefon: (+36-1)-476-36-00\/53851; (+36)20-825-9944 E-mail: <a href=\"mailto:balogh.balazs@semmelweis.hu\">balogh.balazs@semmelweis.hu<\/a> <a href=\"https:\/\/semmelweis.hu\/orgchem\/files\/2025\/01\/BB_CV_2025_Jan_ENG.pdf\" target=\"_blank\" rel=\"noopener\">CV<\/a> <a href=\"https:\/\/semmelweis.hu\/orgchem\/files\/2025\/01\/BB_PubList_2025_jan_ENG.pdf\" target=\"_blank\" rel=\"noopener\">Publikationen<\/a> <a href=\"https:\/\/semmelweis.hu\/deutsch\/telefonbuch\/?emp_id=8428\" target=\"_blank\" rel=\"noopener\">Dr. D\u00f3ra Bogd\u00e1n, Ph.D.<\/a> Universit\u00e4tassistentin Telefon: (+36-1)-476-36-00\/53018; (+36)20-666-3259 E-mail: <a href=\"mailto:bogdan.dora@semmelweis.hu\">bogdan.dora@semmelweis.hu<\/a> <a href=\"https:\/\/semmelweis.hu\/orgchem\/files\/2020\/01\/BD_CV_2020_01_ENG.pdf\" target=\"_blank\" rel=\"noopener noreferrer\">CV<\/a> <a href=\"https:\/\/semmelweis.hu\/orgchem\/files\/2021\/06\/BD_publist_2021_06_ENG.pdf\" target=\"_blank\" rel=\"noopener noreferrer\">Publikationen<\/a> <a href=\"https:\/\/semmelweis.hu\/telefonkonyv\/?emp_id=26449\" target=\"_blank\" rel=\"noopener noreferrer\">Enik\u0151 Csuka<\/a> Wissenschaftliche Assistentin Telefon: (+36-1)-476-36-00\/53028 E-mail: <a href=\"mailto:csuka.eniko@semmelweis.hu\">csuka.eniko@semmelweis.hu<\/a> <a href=\"https:\/\/semmelweis.hu\/telefonkonyv\/?emp_id=393\" target=\"_blank\" rel=\"noopener noreferrer\">Krisztina Czag\u00e1ny<\/a> Finanzkoordinatorin Phone: (+36-1)476-36-00\/53005 Mobile: (+36)20-825-0852 E-mail: <a href=\"mailto:czagany.krisztina@semmelweis.hu\">czagany.krisztina@semmelweis.hu<\/a> <a href=\"https:\/\/semmelweis.hu\/deutsch\/telefonbuch\/?emp_id=1897\" target=\"_blank\" rel=\"noopener\">Dr. Andrea Czompa, Ph.D.<\/a> Universit\u00e4tsassistentin Telefon: (+36-1)476-36-00\/53035; (+36)20-825-0840 E-mail: <a href=\"mailto:czompa.andrea@semmelweis.hu\">czompa.andrea@semmelweis.hu<\/a> <a href=\"https:\/\/semmelweis.hu\/orgchem\/files\/2025\/09\/CzA_cv_2025_EN.pdf\" target=\"_blank\" rel=\"noopener\">CV<\/a> <a href=\"https:\/\/semmelweis.hu\/orgchem\/files\/2025\/09\/CzA-PublList2025_09_EN.pdf\" target=\"_blank\" rel=\"noopener\">Publikationen<\/a> <a href=\"https:\/\/semmelweis.hu\/deutsch\/telefonbuch\/?emp_id=8058\" target=\"_blank\" rel=\"noopener\">Dr. Ruth Deme, Ph.D.<\/a> Wissenschaftliche Assistentin &hellip;<\/p>\n","protected":false},"author":164,"featured_media":0,"parent":0,"menu_order":0,"comment_status":"closed","ping_status":"closed","template":"template-fullwidth.php","meta":{"_acf_changed":false,"footnotes":""},"categories":[],"tags":[],"class_list":["post-2279","page","type-page","status-publish","hentry"],"acf":[],"_links":{"self":[{"href":"https:\/\/semmelweis.hu\/orgchem\/wp-json\/wp\/v2\/pages\/2279","targetHints":{"allow":["GET"]}}],"collection":[{"href":"https:\/\/semmelweis.hu\/orgchem\/wp-json\/wp\/v2\/pages"}],"about":[{"href":"https:\/\/semmelweis.hu\/orgchem\/wp-json\/wp\/v2\/types\/page"}],"author":[{"embeddable":true,"href":"https:\/\/semmelweis.hu\/orgchem\/wp-json\/wp\/v2\/users\/164"}],"replies":[{"embeddable":true,"href":"https:\/\/semmelweis.hu\/orgchem\/wp-json\/wp\/v2\/comments?post=2279"}],"version-history":[{"count":10,"href":"https:\/\/semmelweis.hu\/orgchem\/wp-json\/wp\/v2\/pages\/2279\/revisions"}],"predecessor-version":[{"id":3828,"href":"https:\/\/semmelweis.hu\/orgchem\/wp-json\/wp\/v2\/pages\/2279\/revisions\/3828"}],"wp:attachment":[{"href":"https:\/\/semmelweis.hu\/orgchem\/wp-json\/wp\/v2\/media?parent=2279"}],"wp:term":[{"taxonomy":"category","embeddable":true,"href":"https:\/\/semmelweis.hu\/orgchem\/wp-json\/wp\/v2\/categories?post=2279"},{"taxonomy":"post_tag","embeddable":true,"href":"https:\/\/semmelweis.hu\/orgchem\/wp-json\/wp\/v2\/tags?post=2279"}],"curies":[{"name":"wp","href":"https:\/\/api.w.org\/{rel}","templated":true}]}}