{"id":2216,"date":"2020-01-30T18:06:49","date_gmt":"2020-01-30T17:06:49","guid":{"rendered":"http:\/\/semmelweis.hu\/orgchem\/?page_id=2216"},"modified":"2024-09-20T10:17:30","modified_gmt":"2024-09-20T08:17:30","slug":"lehrtaetigkeit","status":"publish","type":"page","link":"https:\/\/semmelweis.hu\/orgchem\/de\/lehrtaetigkeit\/","title":{"rendered":"Lehrt\u00e4tigkeit"},"content":{"rendered":"<p style=\"text-align: justify\">Das Institut f\u00fcr Organische Chemie ist das einzige Institut der Pharmazeutischen Fakult\u00e4t, das ein Grundfach unterrichtet. Deshalb wird auf das Verst\u00e4ndnis der grundlegenden Zusammenh\u00e4nge (als Grundlage f\u00fcr sp\u00e4tere Lehrveranstaltungen, wie zum Beispiel Biochemie f\u00fcr Pharmazeuten, Chemie f\u00fcr Pharmazeuten, Pharmakognosie, Pharmakologie und Toxikologie, usw.) und den Aufbau einer molekularen Sichtweise besonderer Wert gelegt. Diesem Prinzip entsprechen neben dem Pflichtfach Organische Chemie und dem Organisch Chemischen Praktikum auch die mit der organischen und pharmazeutischen Chemie eng zusammenh\u00e4ngenden frei w\u00e4hlbaren F\u00e4cher.<\/p>\n<p style=\"text-align: justify\">\u00dcbermittlung aktueller, den Charakteristiken der Pharmazie entsprechender organischen-chemischer Kenntnisse, die Ausbildung einer organisch-chemischen Denkweise, zusammen mit der Pr\u00e4sentation der typischen synthetischen Methoden zur Herstellung verschiedener Stoffklassen und \u2013 insbesondere \u2013 ihre chemische Reaktivit\u00e4t und deren moderner Interpretation. Pr\u00e4sentation und praktische Anwendung der wichtigsten Methoden und Vorgehensweisen in der Pr\u00e4parativen organischen Chemie.<\/p>\n<p><span style=\"color: #3366ff\"><span style=\"text-decoration: underline\"><a href=\"https:\/\/semmelweis.hu\/pharmazie\/files\/2024\/03\/Kursprogramme_3.-Semester_2023_24.zip\" target=\"_blank\" rel=\"noopener\">Kursprogramme des 3. Semesters<\/a><\/span>\u00a0<\/span>(link)<br \/>\n<span style=\"text-decoration: underline;color: #3366ff\"><a href=\"https:\/\/semmelweis.hu\/pharmazie\/files\/2024\/03\/Kursprogramme_4.-Semester_2023_24.zip\" target=\"_blank\" rel=\"noopener\">Kursprogramme des 4. Semesters<\/a> <\/span>(link)<\/p>\n<ul>\n<li><a href=\"https:\/\/semmelweis.hu\/orgchem\/files\/2024\/09\/SZVI-Studieninformation-2024-25.pdf\" target=\"_blank\" rel=\"noopener\"><span style=\"text-decoration: underline\"><span style=\"color: #3366ff;text-decoration: underline\">Organische Chemie Studieninformation 2024\/25<\/span><\/span><\/a> (PDF)<\/li>\n<li><a href=\"https:\/\/www.semmelweiskiado.hu\/downloads\/1\/124\/semmelweis_kiado_file_1726471145.pdf\" target=\"_blank\" rel=\"noopener\"><span style=\"text-decoration: underline\"><span style=\"color: #3366ff;text-decoration: underline\">Semmelweis Universit\u00e4t Studienf\u00fchrer 2024\/25<\/span><\/span><\/a> (link)<\/li>\n<li><span style=\"text-decoration: underline\"><a href=\"https:\/\/mek.oszk.hu\/17200\/17281\/17281.pdf\" target=\"_blank\" rel=\"noopener noreferrer\"><span style=\"color: #3366ff;text-decoration: underline\">Collection of organic chemical problems<\/span><\/a><\/span> (PDF)<\/li>\n<li><a href=\"https:\/\/semmelweis.hu\/orgchem\/files\/2024\/05\/SZVI-2023-24_Organic_chemistry_test_questions.pdf\" target=\"_blank\" rel=\"noopener\"><span style=\"text-decoration: underline\">Organic Chemistry Test Questions<\/span><\/a> (PDF)<\/li>\n<li><span style=\"text-decoration: underline\"><a href=\"https:\/\/mek.oszk.hu\/17200\/17283\/17283.pdf\" target=\"_blank\" rel=\"noopener noreferrer\"><span style=\"color: #3366ff;text-decoration: underline\">Isomerism in organic compounds<\/span><\/a><\/span> (PDF)<\/li>\n<li><span style=\"text-decoration: underline\"><a href=\"https:\/\/mek.oszk.hu\/19100\/19197\/19197.pdf\" target=\"_blank\" rel=\"noopener noreferrer\"><span style=\"color: #3366ff;text-decoration: underline\">Heterocyclic compounds<\/span><\/a><\/span> (PDF)<\/li>\n<\/ul>\n<p>Die Kursmaterialen \u00fcber Organische Chemie stehen f\u00fcr eingeschriebene Studierende auf den Moodle-Seiten unserer Kurse zur Verf\u00fcgung: <span style=\"text-decoration: underline;color: #3366ff\"><a href=\"https:\/\/itc.semmelweis.hu\/moodle\/\" target=\"_blank\" rel=\"noopener\">https:\/\/itc.semmelweis.hu\/moodle\/<\/a><\/span><\/p>\n<p><strong>Zust\u00e4ndig f\u00fcr die Studenten (Deutsch):<\/strong> (+36-1)476-3600 \/ 53021<strong><br \/>\n<\/strong><strong>Zust\u00e4ndig f\u00fcr den Wissenschaftlichen Studentenkreis:<\/strong> (+36-1)476-3600 \/ 53021<\/p>\n","protected":false},"excerpt":{"rendered":"<p>Das Institut f\u00fcr Organische Chemie ist das einzige Institut der Pharmazeutischen Fakult\u00e4t, das ein Grundfach unterrichtet. Deshalb wird auf das Verst\u00e4ndnis der grundlegenden Zusammenh\u00e4nge (als Grundlage f\u00fcr sp\u00e4tere Lehrveranstaltungen, wie zum Beispiel Biochemie f\u00fcr Pharmazeuten, Chemie f\u00fcr Pharmazeuten, Pharmakognosie, Pharmakologie und Toxikologie, usw.) und den Aufbau einer molekularen Sichtweise besonderer Wert gelegt. Diesem Prinzip entsprechen &hellip;<\/p>\n","protected":false},"author":164,"featured_media":0,"parent":0,"menu_order":0,"comment_status":"closed","ping_status":"closed","template":"","meta":{"_acf_changed":false,"footnotes":""},"categories":[],"tags":[],"class_list":["post-2216","page","type-page","status-publish","hentry"],"acf":[],"_links":{"self":[{"href":"https:\/\/semmelweis.hu\/orgchem\/wp-json\/wp\/v2\/pages\/2216","targetHints":{"allow":["GET"]}}],"collection":[{"href":"https:\/\/semmelweis.hu\/orgchem\/wp-json\/wp\/v2\/pages"}],"about":[{"href":"https:\/\/semmelweis.hu\/orgchem\/wp-json\/wp\/v2\/types\/page"}],"author":[{"embeddable":true,"href":"https:\/\/semmelweis.hu\/orgchem\/wp-json\/wp\/v2\/users\/164"}],"replies":[{"embeddable":true,"href":"https:\/\/semmelweis.hu\/orgchem\/wp-json\/wp\/v2\/comments?post=2216"}],"version-history":[{"count":11,"href":"https:\/\/semmelweis.hu\/orgchem\/wp-json\/wp\/v2\/pages\/2216\/revisions"}],"predecessor-version":[{"id":3628,"href":"https:\/\/semmelweis.hu\/orgchem\/wp-json\/wp\/v2\/pages\/2216\/revisions\/3628"}],"wp:attachment":[{"href":"https:\/\/semmelweis.hu\/orgchem\/wp-json\/wp\/v2\/media?parent=2216"}],"wp:term":[{"taxonomy":"category","embeddable":true,"href":"https:\/\/semmelweis.hu\/orgchem\/wp-json\/wp\/v2\/categories?post=2216"},{"taxonomy":"post_tag","embeddable":true,"href":"https:\/\/semmelweis.hu\/orgchem\/wp-json\/wp\/v2\/tags?post=2216"}],"curies":[{"name":"wp","href":"https:\/\/api.w.org\/{rel}","templated":true}]}}