{"id":2189,"date":"2020-01-30T17:58:13","date_gmt":"2020-01-30T16:58:13","guid":{"rendered":"http:\/\/semmelweis.hu\/orgchem\/?page_id=2189"},"modified":"2023-05-22T16:40:35","modified_gmt":"2023-05-22T14:40:35","slug":"elerhetoseg","status":"publish","type":"page","link":"https:\/\/semmelweis.hu\/orgchem\/elerhetoseg\/","title":{"rendered":"A Szerves Vegytani Int\u00e9zet el\u00e9rhet\u0151s\u00e9gei"},"content":{"rendered":"<table style=\"border-collapse: collapse;width: 100%\">\n<tbody>\n<tr>\n<td style=\"width: 58.8226%\">\n<p><span style=\"font-size: 18pt\"><strong>Int\u00e9zetigazgat\u00f3:\u00a0<\/strong><a href=\"https:\/\/semmelweis.hu\/telefonkonyv\/?emp_id=12924\">Dr. M\u00e1ndity Istv\u00e1n<\/a>, docens<br \/>\n<\/span><span style=\"font-size: 18pt\"><strong>Titk\u00e1rs\u00e1g:<\/strong>\u00a0<a href=\"https:\/\/semmelweis.hu\/telefonkonyv\/?emp_id=11141\">Petr\u00f3n\u00e9 Kar\u00e1tson Zsuzsanna<\/a><br \/>\n<\/span><span style=\"font-size: 18pt\"><strong>e-mail: <\/strong><span style=\"font-size: 12pt\"><a href=\"mailto:karatson.zsuzsanna@semmelweis.hu\"><span style=\"font-size: 18pt\">karatson.zsuzsanna@semmelweis.hu<\/span><\/a><\/span><br \/>\n<\/span><span style=\"font-size: 18pt\"><strong>Telefon:<\/strong> 06-1-2170851; 06-1-476-36-00\/53055<br \/>\n<\/span><span style=\"font-size: 18pt\"><strong>Fax:<\/strong> 06-1-217-0851<br \/>\n<\/span><span style=\"font-size: 18pt\"><strong>C\u00edm:<\/strong> 1092 H\u0151gyes Endre u. 7.<\/span><\/p>\n<\/td>\n<td style=\"width: 41.1774%\">\n\n<!-- iframe plugin v.4.9 wordpress.org\/plugins\/iframe\/ -->\n<iframe loading=\"lazy\" src=\"https:\/\/www.google.com\/maps\/embed?pb=!1m18!1m12!1m3!1d2696.2465905186773!2d19.065726515940373!3d47.48510937917689!2m3!1f0!2f0!3f0!3m2!1i1024!2i768!4f13.1!3m3!1m2!1s0x4741dc579c2a28c3%3A0x7b79b34d0f9dd7b5!2sBudapest%2C%20H%C5%91gyes%20Endre%20u.%207%2C%201092!5e0!3m2!1shu!2shu!4v1580401030298!5m2!1shu!2shu\" width=\"600\" height=\"450\" scrolling=\"yes\" class=\"iframe-class\" frameborder=\"0\"><\/iframe>\n\n<\/td>\n<\/tr>\n<\/tbody>\n<\/table>\n","protected":false},"excerpt":{"rendered":"<p>Int\u00e9zetigazgat\u00f3:\u00a0<a href=\"https:\/\/semmelweis.hu\/telefonkonyv\/?emp_id=12924\">Dr. M\u00e1ndity Istv\u00e1n<\/a>, docens<br \/>\nTitk\u00e1rs\u00e1g:\u00a0<a href=\"https:\/\/semmelweis.hu\/telefonkonyv\/?emp_id=11141\">Petr\u00f3n\u00e9 Kar\u00e1tson Zsuzsanna<\/a><br \/>\ne-mail: <a href=\"mailto:karatson.zsuzsanna@semmelweis.hu\">karatson.zsuzsanna@semmelweis.hu<\/a><br \/>\nTelefon: 06-1-2170851; 06-1-476-36-00\/53055<br \/>\nFax: 06-1-217-0851<br \/>\nC\u00edm: 1092 H\u0151gyes Endre u. 7.<\/p>\n","protected":false},"author":164,"featured_media":0,"parent":0,"menu_order":0,"comment_status":"closed","ping_status":"closed","template":"template-fullwidth.php","meta":{"_acf_changed":false,"footnotes":""},"categories":[],"tags":[],"class_list":["post-2189","page","type-page","status-publish","hentry"],"acf":[],"_links":{"self":[{"href":"https:\/\/semmelweis.hu\/orgchem\/wp-json\/wp\/v2\/pages\/2189","targetHints":{"allow":["GET"]}}],"collection":[{"href":"https:\/\/semmelweis.hu\/orgchem\/wp-json\/wp\/v2\/pages"}],"about":[{"href":"https:\/\/semmelweis.hu\/orgchem\/wp-json\/wp\/v2\/types\/page"}],"author":[{"embeddable":true,"href":"https:\/\/semmelweis.hu\/orgchem\/wp-json\/wp\/v2\/users\/164"}],"replies":[{"embeddable":true,"href":"https:\/\/semmelweis.hu\/orgchem\/wp-json\/wp\/v2\/comments?post=2189"}],"version-history":[{"count":10,"href":"https:\/\/semmelweis.hu\/orgchem\/wp-json\/wp\/v2\/pages\/2189\/revisions"}],"predecessor-version":[{"id":3226,"href":"https:\/\/semmelweis.hu\/orgchem\/wp-json\/wp\/v2\/pages\/2189\/revisions\/3226"}],"wp:attachment":[{"href":"https:\/\/semmelweis.hu\/orgchem\/wp-json\/wp\/v2\/media?parent=2189"}],"wp:term":[{"taxonomy":"category","embeddable":true,"href":"https:\/\/semmelweis.hu\/orgchem\/wp-json\/wp\/v2\/categories?post=2189"},{"taxonomy":"post_tag","embeddable":true,"href":"https:\/\/semmelweis.hu\/orgchem\/wp-json\/wp\/v2\/tags?post=2189"}],"curies":[{"name":"wp","href":"https:\/\/api.w.org\/{rel}","templated":true}]}}