{"id":2176,"date":"2020-02-04T11:51:00","date_gmt":"2020-02-04T10:51:00","guid":{"rendered":"http:\/\/semmelweis.hu\/orgchem\/?page_id=2176"},"modified":"2026-02-25T11:42:01","modified_gmt":"2026-02-25T10:42:01","slug":"szakdolgozat","status":"publish","type":"page","link":"https:\/\/semmelweis.hu\/orgchem\/oktatas\/szakdolgozat\/","title":{"rendered":"Szakdolgozat"},"content":{"rendered":"<p>Szakdolgozati t\u00e9m\u00e1t b\u00e1rmely, az Int\u00e9zet \u00e1ltal ki\u00edrt t\u00e9m\u00e1b\u00f3l v\u00e1laszthat a hallgat\u00f3. A t\u00e9mav\u00e1laszt\u00e1s ett\u0151l elt\u00e9r\u0151 is lehet, ha azt az int\u00e9zetigazgat\u00f3 j\u00f3v\u00e1hagyja. A szakdolgozat k\u00e9sz\u00edt\u00e9s\u00e9hez az angol nyelv ismerete sz\u00fcks\u00e9ges.<\/p>\n<p><strong>2025\/2026 Szakdolgozati \u00e9s TDK-s t\u00e9m\u00e1k:<\/strong><\/p>\n<div id=\"GroupWiseSection_1580820427000_czompa.andrea@pharma.semmelweis-univ.hu_A54326811966000086B8000000000000_\" class=\"GroupWiseMessageBody active\">\n<ol>\n<li>Kinazolin-sz\u00e1rmaz\u00e9kok szint\u00e9zise \u00e9s k\u00e9miai \u00e1talak\u00edt\u00e1sai<br \/>\nT\u00e9mavezet\u0151: Dr. Krajsovszky G\u00e1bor, Dr. S\u00fctt\u0151n\u00e9 Kaczeus Krisztina, Dr. M\u00e1ndity Istv\u00e1n<\/p>\n<\/li>\n<li>Azokapcsol\u00e1sok fenntarthat\u00f3 k\u00f6r\u00fclm\u00e9nyek k\u00f6z\u00f6tt<br \/>\nT\u00e9mavezet\u0151: Dr. Czompa Andrea, Dr. M\u00e1ndity Istv\u00e1n<\/p>\n<\/li>\n<li>Egyszer\u0171s\u00edtett Sandmeyer reakci\u00f3k<br \/>\nT\u00e9mavezet\u0151: Dr. Czompa Andrea, Dr. M\u00e1ndity Istv\u00e1n<\/p>\n<\/li>\n<li>Keresztkapcsol\u00e1si reakci\u00f3k \u201ez\u00f6ld\u201d k\u00f6r\u00fclm\u00e9nyek k\u00f6z\u00f6tt<br \/>\nT\u00e9mavezet\u0151: Dr. Czompa Andrea, Dr. M\u00e1ndity Istv\u00e1n<\/p>\n<\/li>\n<li>Sejtpenetr\u00e1l\u00f3 peptidek k\u00f6lcs\u00f6nhat\u00e1s\u00e1nak vizsg\u00e1lata lipid membr\u00e1nokkal elm\u00e9leti k\u00e9miai sz\u00e1mol\u00e1sokkal<br \/>\nT\u00e9mavezet\u0151: Dr. Balogh Bal\u00e1zs, Dr. M\u00e1ndity Istv\u00e1n<\/p>\n<\/li>\n<li>Antivir\u00e1lis prote\u00e1z g\u00e1tl\u00f3k vizsg\u00e1lata sz\u00e1m\u00edt\u00f3g\u00e9pes k\u00e9miai modellez\u00e9ssel<br \/>\nT\u00e9mavezet\u0151: Dr. M\u00e1ndity Istv\u00e1n, Dr. Balogh Bal\u00e1zs<\/p>\n<\/li>\n<li>M\u00f3dos\u00edtott peptidek szint\u00e9zise \u00e9s szerkezetvizsg\u00e1lata<br \/>\nT\u00e9mavezet\u0151: Dr. M\u00e1ndity Istv\u00e1n, Varr\u00f3 Nikolett<\/p>\n<\/li>\n<li>Oxindol sz\u00e1rmaz\u00e9kok \u00e1raml\u00e1sos k\u00e9miai szint\u00e9zise<br \/>\nT\u00e9mavezet\u0151: Dr. M\u00e1ndity Istv\u00e1n<\/p>\n<\/li>\n<li>Biol\u00f3giailag akt\u00edv peptidek szil\u00e1rd f\u00e1zis\u00fa szint\u00e9zise, tiszt\u00edt\u00e1sa \u00e9s min\u0151s\u00e9gi ellen\u0151rz\u00e9se<br \/>\nT\u00e9mavezet\u0151: Dr. M\u00e1ndity Istv\u00e1n<\/p>\n<\/li>\n<li>Mesters\u00e9ges peptidek fejleszt\u00e9se<br \/>\nT\u00e9mavezet\u0151: Dr. M\u00e1ndity Istv\u00e1n<\/p>\n<\/li>\n<li>Fotolabilis v\u00e9d\u0151csoportok el\u0151\u00e1ll\u00edt\u00e1sa \u00e9s alkalmaz\u00e1sai<br \/>\nT\u00e9mavezet\u0151: Dr. Dunkel Petra<\/p>\n<\/li>\n<li>F\u00e9nnyel aktiv\u00e1lhat\u00f3 k\u00e9miai pr\u00f3b\u00e1k fejleszt\u00e9se<br \/>\nT\u00e9mavezet\u0151: Dr. Dunkel Petra<\/p>\n<\/li>\n<li>Szerkezet felder\u00edt\u00e9s NMR spektroszk\u00f3pi\u00e1val<br \/>\nT\u00e9mavezet\u0151: Dr. Bogd\u00e1n D\u00f3ra, Kalydi Esztert \u00e9s Dr. M\u00e1ndity Istv\u00e1n<\/p>\n<\/li>\n<li>\n<p>Fenntarthat\u00f3 \u00e1raml\u00e1sos k\u00e9miai szint\u00e9zisek irodalmi \u00e1ttekint\u00e9se<br \/>\nT\u00e9mavezet\u0151: M\u00e1ndity Istv\u00e1n, Deme Ruth, M\u00e1ndoki Andr\u00e1s<\/p>\n<\/li>\n<li>\n<p>Alkoholok felhaszn\u00e1l\u00e1sa alkilez\u00e9si reakci\u00f3ban f\u00e9m kataliz\u00e1torok alkalmaz\u00e1s\u00e1val<br \/>\nT\u00e9mavezet\u0151: Dr. Kaleta Zolt\u00e1n<\/p>\n<p>&nbsp;<\/p>\n<\/li>\n<\/ol>\n<p><strong>A Tudom\u00e1nyos Di\u00e1kk\u00f6ri Konferenci\u00e1n indult, illetve d\u00edjazott TDK hallgat\u00f3ink:<\/strong><\/p>\n<p><span style=\"text-decoration: underline\">2026:<br \/>\n<\/span><strong>Horv\u00e1th Eszter M\u00f3nika:<\/strong> <em>Tiokarbamid vegy\u00fcletek ionk\u00f6t\u0151k\u00e9pess\u00e9g- \u00e9s szerkezetvizsg\u00e1lata NMR spektroszk\u00f3pi\u00e1val<\/em>, III. helyez\u00e9s<br \/>\nT\u00e9mavezet\u0151k: Dr. Bogd\u00e1n D\u00f3ra \u00e9s Dr. M\u00e1ndity Istv\u00e1n<br \/>\n<strong>Marczink\u00f3 Levente Ferenc:<\/strong> <em>\u00daj kinazolin-lizin-tiokarbamid szerkezet\u0171 vegy\u00fcletek, mint antibakteri\u00e1lis, valamint biofilm k\u00e9pz\u0151d\u00e9st, tov\u00e1bb\u00e1 efflux pump\u00e1t, g\u00e1tl\u00f3 szerek<\/em>, III. helyez\u00e9s <br \/>\nT\u00e9mavezet\u0151k: Dr. S\u00fctt\u0151n\u00e9 Kaczeus Krisztina, Dr. Krajsovszky G\u00e1bor \u00e9s Dr. M\u00e1ndity Istv\u00e1n<br \/>\n<a href=\"https:\/\/semmelweis.hu\/tdk\/files\/2026\/02\/Tudomanyos-Diakkori-Konferencia-Eredmenyei-2026.pdf\" target=\"_blank\" rel=\"noopener\">https:\/\/semmelweis.hu\/tdk\/files\/2026\/02\/Tudomanyos-Diakkori-Konferencia-Eredmenyei-2026.pdf<\/a><\/p>\n<p><span style=\"text-decoration: underline\">2025:<br \/>\n<\/span><strong>Varga M\u00e1rton:<\/strong> <em>\u00daj COVID-19 prote\u00e1z inhibitor vegy\u00fcletek azonos\u00edt\u00e1sa szerkezet alap\u00fa sz\u00e1m\u00edt\u00f3g\u00e9pes modellez\u00e9ssel<\/em>, II. helyez\u00e9s<br \/>\nT\u00e9mavezet\u0151: Dr. Bogd\u00e1n D\u00f3ra \u00e9s Dr. M\u00e1ndity Istv\u00e1n<br \/>\n<strong>Kov\u00e1cs \u00c1ron:<\/strong> <em>Alkoholok felhaszn\u00e1l\u00e1saalkilez\u00e9sireakci\u00f3ban f\u00e9mkataliz\u00e1torokalkalmaz\u00e1s\u00e1val<\/em><br \/>\nT\u00e9mavezet\u0151: Dr. Kaleta Zolt\u00e1n<br \/>\n<strong>V\u00f6ller Csan\u00e1d:<\/strong> <em>Indolv\u00e1zas alkaloidok szint\u00e9zise<\/em><br \/>\nT\u00e9mavezet\u0151: Dr. Kaleta Zolt\u00e1n<br \/>\n<a href=\"https:\/\/semmelweis.hu\/tdk\/files\/2025\/02\/HUN_Zaro-2025_sum_vegleges.pdf\" target=\"_blank\" rel=\"noopener\">https:\/\/semmelweis.hu\/tdk\/files\/2025\/02\/HUN_Zaro-2025_sum_vegleges.pdf<\/a><\/p>\n<p><span style=\"text-decoration: underline\">2024:<br \/>\n<\/span><span style=\"font-weight: bolder\">Imre Attila:\u00a0<\/span><em>Sejtpenetr\u00e1l\u00f3 peptidek penetr\u00e1ci\u00f3s k\u00e9pess\u00e9g\u00e9nek el\u0151re jelz\u00e9se g\u00e9pi tanul\u00e1ssal\u00a0<\/em><br \/>\nT\u00e9mavezet\u0151k: Dr. Balogh Bal\u00e1zs \u00e9s Dr. M\u00e1ndity Istv\u00e1n<br \/>\n<a href=\"https:\/\/semmelweis.hu\/tdk\/files\/2024\/02\/eredmenyhirdetes_magyar_2024_0208-2.pdf\" target=\"_blank\" rel=\"noopener\">https:\/\/semmelweis.hu\/tdk\/files\/2024\/02\/eredmenyhirdetes_magyar_2024_0208-2.pdf<\/a><\/p>\n<p><span style=\"text-decoration: underline\">2023:<br \/>\n<\/span><strong>Hajgat\u00f3 \u00c1kos:<\/strong> <em>Naftopir\u00e1n-sz\u00e1rmaz\u00e9kok el\u00f5\u00e1ll\u00edt\u00e1sa z\u00f6ld k\u00e9miai old\u00f3szer alkalmaz\u00e1s\u00e1va<\/em><br \/>\nT\u00e9mavezet\u0151k: Dr. Bogd\u00e1n D\u00f3ra<br \/>\n<strong>Imre Attila:<\/strong> <em>Sejtpenetr\u00e1l\u00f3 peptidek k\u00f6lcs\u00f6nhat\u00e1s\u00e1nak vizsg\u00e1lata lipid membr\u00e1nokkal keminformatikai m\u00f3dszerekkel<\/em><br \/>\nT\u00e9mavezet\u0151k: Dr. Balogh Bal\u00e1zs \u00e9s Dr. M\u00e1ndity Istv\u00e1n<br \/>\n<a href=\"https:\/\/semmelweis.hu\/tdk\/files\/2023\/02\/eredmenyhirdetes_magyar_2023.pdf\" target=\"_blank\" rel=\"noopener\">https:\/\/semmelweis.hu\/tdk\/files\/2023\/02\/eredmenyhirdetes_magyar_2023.pdf<\/a><\/p>\n<p><span style=\"text-decoration: underline\">2022:<br \/>\n<\/span><span style=\"font-size: 1rem\"><strong>Abonyi Tekla:<\/strong> <em>Kinolin \u201ephotocage\u201d-vegy\u00fcletek el\u0151\u00e1ll\u00edt\u00e1sa<\/em><strong><br \/>\n<\/strong>T\u00e9mavezet\u0151: Dr. Dunkel Petra<strong><br \/>\nBodonyi Simon J\u00f3zsef:<\/strong> <em>Hantzsch piridin \u00e9s pirid\u00ednium sz\u00e1rmaz\u00e9kok redukci\u00f3s vizsg\u00e1lata k\u00fcl\u00f6nb\u00f6z\u0151 reduk\u00e1l\u00f3szerekkel II. r\u00e9sz<br \/>\n<\/em><\/span><span style=\"font-size: 1rem\">T\u00e9mavezet\u0151: Dr. Herke Kl\u00e1ra<br \/>\n<\/span><strong>Erdei Eszter: <\/strong><em>M\u00f3dos\u00edtott \u03b2-peptid foldamerek szint\u00e9zise,<\/em> II. helyez\u00e9s (Gy\u00f3gyszer\u00e9sztudom\u00e1nyok A szekci\u00f3)<strong><br \/>\n<\/strong>T\u00e9mavezet\u0151k: Dr. M\u00e1ndity Istv\u00e1n (Szerves Vegytani Int\u00e9zet) \u00e9s Varr\u00f3 Nikolett (ELKH TTK)<br \/>\n<strong>Gordos Ambrus:<\/strong> <em>Naftofluoreszceinnel \u00e9s Alexa Fluor 532-vel jel\u00f6lt penetratin sejtfelv\u00e9tel\u00e9nek \u00e9s az endosz\u00f3m\u00e1b\u00f3l t\u00f6rt\u00e9n\u00f5 kijut\u00e1s\u00e1nak vizsg\u00e1lata \u00e1raml\u00e1si citom\u00e9terrel<\/em><br \/>\nT\u00e9mavezet\u0151k: Dr. K\u00e1rp\u00e1ti Levente \u00e9s Dr. M\u00e1ndity Istv\u00e1n<br \/>\n<strong>M\u00e1ndoki Andr\u00e1s:<\/strong> <em>Direkt amidk\u00f6t\u00e9s kialak\u00edt\u00e1s \u00e1raml\u00e1sos k\u00e9miai reaktorban<\/em><br \/>\nT\u00e9mavezet\u00f5: Dr. M\u00e1ndity Istv\u00e1n<br \/>\n<a href=\"https:\/\/semmelweis.hu\/tdk\/files\/2022\/12\/eredmenyhirdetes_magyar_20220215_pdf.pdf\" target=\"_blank\" rel=\"noopener\">https:\/\/semmelweis.hu\/tdk\/files\/2022\/12\/eredmenyhirdetes_magyar_20220215_pdf.pdf<\/a><\/p>\n<p><span style=\"text-decoration: underline\">2021:<\/span><br \/>\n<strong>Csorba D\u00f3ra:<\/strong> <em>F\u00e9nnyel aktiv\u00e1lhat\u00f3 kinolin-v\u00e9d\u00f5csoportok el\u00f5\u00e1ll\u00edt\u00e1sa \u00e9s vizsg\u00e1lata,<\/em> I. helyez\u00e9s (Gy\u00f3gyszer\u00e9sztudom\u00e1nyok A szekci\u00f3), OTDK javasolt<br \/>\nT\u00e9mavezet\u0151: Dr. Dunkel Petra<br \/>\n<strong>M\u00e1ndoki Andr\u00e1s: <\/strong><em>Oxindol-sz\u00e1rmaz\u00e9kok 3-as helyzet\u00fb alkilez\u00e9se \u00e1raml\u00e1sos k\u00e9miai m\u00f3dszerekkel,<\/em> I. helyez\u00e9s (Gy\u00f3gyszer\u00e9sztudom\u00e1nyok A szekci\u00f3), OTDK javasolt\u00a0<br \/>\nT\u00e9mavezet\u0151k: Dr. M\u00e1ndity Istv\u00e1n \u00e9s Dr. Orsy Gy\u00f6rgy<br \/>\n<strong>Demeter Adrienn Katalin:<\/strong> <em>Elj\u00e1r\u00e1s 1,4-Dihidropiridin el\u00f5\u00e1ll\u00edt\u00e1s\u00e1ra,<\/em> II. helyez\u00e9s (Gy\u00f3gyszer\u00e9sztudom\u00e1nyok A szekci\u00f3), OTDK jel\u00f6lt \u00e9s OTDK k\u00fcl\u00f6nd\u00edjazott<br \/>\nT\u00e9mavezet\u0151: Dr. Herke Kl\u00e1ra<br \/>\n<strong>Bancs\u00f3 Bettina:<\/strong> <em>1,4-Diszubsztitu\u00e1lt Hantzsch \u00e9szter sz\u00e1rmaz\u00e9kok oxid\u00e1ci\u00f3ja k\u00fcl\u00f6nb\u00f6z\u00f5 oxid\u00e1l\u00f3szerekkel,<\/em> II. helyez\u00e9s, OTDK jel\u00f6lt (Gy\u00f3gyszer\u00e9sztudom\u00e1nyok A szekci\u00f3)<br \/>\nT\u00e9mavezet\u0151: Dr. Herke Kl\u00e1ra<br \/>\n<a href=\"https:\/\/semmelweis.hu\/tdk\/files\/2021\/02\/EREDMENYEK_2021_final_.pdf\" target=\"_blank\" rel=\"noopener noreferrer\">https:\/\/semmelweis.hu\/tdk\/files\/2021\/02\/EREDMENYEK_2021_final_.pdf<\/a><br \/>\n<a href=\"http:\/\/otdk2021.med.u-szeged.hu\/download\/Eredmenyek_OTDK_2021.pdf\" target=\"_blank\" rel=\"noopener noreferrer\">http:\/\/otdk2021.med.u-szeged.hu\/download\/Eredmenyek_OTDK_2021.pdf<\/a><\/p>\n<p><span style=\"text-decoration: underline\">2020:<\/span><br \/>\n<strong>Bacskai Csilla<\/strong>: <em>Tiokarbamid t\u00edpus\u00fa modellvegy\u00fcletek szerkezetvizsg\u00e1lata \u00e9s ionk\u00f6t\u00f5k\u00e9pess\u00e9g vizsg\u00e1lata <\/em><em>NMR spektroszk\u00f3pi\u00e1val,<\/em> II. helyez\u00e9s (Gy\u00f3gyszer\u00e9sztudom\u00e1nyok B szekci\u00f3), OTDK javasolt<br \/>\nT\u00e9mavezet\u0151k: Dr. Bogd\u00e1n D\u00f3ra \u00e9s Dr. M\u00e1ndity Istv\u00e1n<br \/>\n<strong>Piros L\u00e1szl\u00f3: <\/strong><em>Tiokarbamid-sz\u00e1rmaz\u00e9kok szint\u00e9zise, br\u00f3mkinazolinok Suzuki-keresztkapcsol\u00e1si r<\/em><em>eakci\u00f3i,<\/em> III. helyez\u00e9s (Gy\u00f3gyszer\u00e9sztudom\u00e1nyok B szekci\u00f3)<br \/>\nT\u00e9mavezet\u0151k: Dr. M\u00e1ndity Istv\u00e1n \u00e9s Dr. Krajsovszky G\u00e1bor<br \/>\n<a href=\"https:\/\/semmelweis.hu\/tdk\/files\/2020\/09\/eredmenyhirdetes_magyar_2020-csutortok.pdf\" target=\"_blank\" rel=\"noopener noreferrer\">https:\/\/semmelweis.hu\/tdk\/files\/2020\/09\/eredmenyhirdetes_magyar_2020-csutortok.pdf<\/a><\/p>\n<p><span style=\"text-decoration: underline\">2019:<\/span><br \/>\n<strong>Alizadeh Dzsenifer Sahar<\/strong> \u00e9s <strong>P\u00e1sztor Bal\u00e1zs L\u00e1szl\u00f3<\/strong>: <em>Suzuki reakci\u00f3k fenntarthat\u00f3 k\u00f6r\u00fclm\u00e9nyek k\u00f6z\u00f6tt,<\/em> III. helyez\u00e9s (Gy\u00f3gyszer\u00e9sztudom\u00e1nyok I. szekci\u00f3)<br \/>\nT\u00e9mavezet\u0151k: <span style=\"font-size: 1rem\">Dr. Czompa Andrea \u00e9s Dr. M\u00e1ndity Istv\u00e1n<br \/>\n<a href=\"https:\/\/semmelweis.hu\/tdk\/files\/2019\/04\/EREDMENYEK_Final_PPT.pdf\" target=\"_blank\" rel=\"noopener noreferrer\">https:\/\/semmelweis.hu\/tdk\/files\/2019\/04\/EREDMENYEK_Final_PPT.pdf<\/a><br \/>\n<\/span><\/p>\n<p>&nbsp;<\/p>\n<p><strong>Rektori P\u00e1lyamunk\u00e1t beny\u00fajtott <strong style=\"font-size: 1rem\">d\u00edjazott <\/strong>TDK hallgat\u00f3ink:<\/strong><\/p>\n<p><span style=\"text-decoration: underline\">A 2019-2020-es tan\u00e9vben:<br \/>\n<\/span><span style=\"font-size: 1rem\"><strong>P\u00e1sztor Bal\u00e1zs L\u00e1szl\u00f3<\/strong>: <em>A Suzuki-reakci\u00f3 \u00fajabb m\u0171szeres preparat\u00edv megold\u00e1sai<\/em>, I. d\u00edj<br \/>\n<\/span>T\u00e9mavezet\u0151k:\u00a0 <span style=\"font-size: 1rem\">Dr. Czompa Andrea \u00e9s Dr. M\u00e1ndity Istv\u00e1n<br \/>\n<\/span><strong style=\"font-size: 1rem\">Alizadeh Dzsenifer Sahar<\/strong><span style=\"font-size: 1rem\">: <em>A Suzuki-Miyaura reakci\u00f3 fenntarthat\u00f3 k\u00f6r\u00fclm\u00e9nyek k\u00f6z\u00f6tt<\/em>, dics\u00e9retet kapott<br \/>\nT\u00e9mavezet\u0151k: Dr. Czompa Andrea \u00e9s Dr. M\u00e1ndity Istv\u00e1n<br \/>\n<a href=\"https:\/\/semmelweis.hu\/tdk\/2020\/01\/13\/rektori-palyamunkak-eredmenye-2019-2020\/\" target=\"_blank\" rel=\"noopener noreferrer\">https:\/\/semmelweis.hu\/tdk\/2020\/01\/13\/rektori-palyamunkak-eredmenye-2019-2020\/<\/a><br \/>\n<\/span><\/p>\n<\/div>\n","protected":false},"excerpt":{"rendered":"<p>Szakdolgozati t\u00e9m\u00e1t b\u00e1rmely, az Int\u00e9zet \u00e1ltal ki\u00edrt t\u00e9m\u00e1b\u00f3l v\u00e1laszthat a hallgat\u00f3. A t\u00e9mav\u00e1laszt\u00e1s ett\u0151l elt\u00e9r\u0151 is lehet, ha azt az int\u00e9zetigazgat\u00f3 j\u00f3v\u00e1hagyja. A szakdolgozat k\u00e9sz\u00edt\u00e9s\u00e9hez az angol nyelv ismerete sz\u00fcks\u00e9ges. 2025\/2026 Szakdolgozati \u00e9s TDK-s t\u00e9m\u00e1k: Kinazolin-sz\u00e1rmaz\u00e9kok szint\u00e9zise \u00e9s k\u00e9miai \u00e1talak\u00edt\u00e1sai T\u00e9mavezet\u0151: Dr. Krajsovszky G\u00e1bor, Dr. S\u00fctt\u0151n\u00e9 Kaczeus Krisztina, Dr. M\u00e1ndity Istv\u00e1n Azokapcsol\u00e1sok fenntarthat\u00f3 k\u00f6r\u00fclm\u00e9nyek k\u00f6z\u00f6tt &hellip;<\/p>\n","protected":false},"author":164,"featured_media":0,"parent":6,"menu_order":5,"comment_status":"closed","ping_status":"closed","template":"","meta":{"_acf_changed":false,"footnotes":""},"categories":[],"tags":[],"class_list":["post-2176","page","type-page","status-publish","hentry"],"acf":[],"_links":{"self":[{"href":"https:\/\/semmelweis.hu\/orgchem\/wp-json\/wp\/v2\/pages\/2176","targetHints":{"allow":["GET"]}}],"collection":[{"href":"https:\/\/semmelweis.hu\/orgchem\/wp-json\/wp\/v2\/pages"}],"about":[{"href":"https:\/\/semmelweis.hu\/orgchem\/wp-json\/wp\/v2\/types\/page"}],"author":[{"embeddable":true,"href":"https:\/\/semmelweis.hu\/orgchem\/wp-json\/wp\/v2\/users\/164"}],"replies":[{"embeddable":true,"href":"https:\/\/semmelweis.hu\/orgchem\/wp-json\/wp\/v2\/comments?post=2176"}],"version-history":[{"count":10,"href":"https:\/\/semmelweis.hu\/orgchem\/wp-json\/wp\/v2\/pages\/2176\/revisions"}],"predecessor-version":[{"id":3823,"href":"https:\/\/semmelweis.hu\/orgchem\/wp-json\/wp\/v2\/pages\/2176\/revisions\/3823"}],"up":[{"embeddable":true,"href":"https:\/\/semmelweis.hu\/orgchem\/wp-json\/wp\/v2\/pages\/6"}],"wp:attachment":[{"href":"https:\/\/semmelweis.hu\/orgchem\/wp-json\/wp\/v2\/media?parent=2176"}],"wp:term":[{"taxonomy":"category","embeddable":true,"href":"https:\/\/semmelweis.hu\/orgchem\/wp-json\/wp\/v2\/categories?post=2176"},{"taxonomy":"post_tag","embeddable":true,"href":"https:\/\/semmelweis.hu\/orgchem\/wp-json\/wp\/v2\/tags?post=2176"}],"curies":[{"name":"wp","href":"https:\/\/api.w.org\/{rel}","templated":true}]}}