{"id":2155,"date":"2021-11-12T13:36:27","date_gmt":"2021-11-12T12:36:27","guid":{"rendered":"http:\/\/semmelweis.hu\/orgchem\/?page_id=2155"},"modified":"2025-08-22T15:13:07","modified_gmt":"2025-08-22T13:13:07","slug":"specialkollegiumok","status":"publish","type":"page","link":"https:\/\/semmelweis.hu\/orgchem\/oktatas\/specialkollegiumok\/","title":{"rendered":"Speci\u00e1lkoll\u00e9giumok"},"content":{"rendered":"<p style=\"text-align: justify\">Az Int\u00e9zet kiemelten fontos feladat\u00e1nak tekinti a gy\u00f3gyszer\u00e9szhallgat\u00f3k speci\u00e1lkoll\u00e9giumi oktat\u00e1s\u00e1t is. Az idei tan\u00e9vben a k\u00f6vetkez\u0151 speci\u00e1lkoll\u00e9giumokat hirdetj\u00fck meg:<\/p>\n<p style=\"text-align: justify\"><strong>Gy\u00f3gyszerszint\u00e9zis<\/strong> (14&#215;3 \u00f3ra)<br \/>\n<span style=\"text-decoration: underline\"><em>II. \u00e9vfolyam tavaszi<\/em> f\u00e9l\u00e9v\u00e9re<\/span> j\u00e1r\u00f3 hallgat\u00f3knak, valamint III-IV. \u00e9ves hallgat\u00f3k r\u00e9sz\u00e9re (mindenkor csak a tavaszi f\u00e9l\u00e9vben)<br \/>\n<span style=\"color: #3366ff\"><strong><a href=\"https:\/\/semmelweis.hu\/telefonkonyv\/?emp_id=378\"><span style=\"text-decoration: underline\">Dr. Krajsovszky G\u00e1bor<\/span><\/a> <\/strong><\/span>egyetemi docens<br \/>\nA t\u00e1rgy r\u00f6vid le\u00edr\u00e1sa: a szerves gy\u00f3gyszermolekul\u00e1k fontosabb csoportjainak el\u0151\u00e1ll\u00edt\u00e1si m\u00f3dszerei, a szerves k\u00e9miai szint\u00e9zisek alkalmaz\u00e1s\u00e1nak bemutat\u00e1sa adott gy\u00f3gyszermolekul\u00e1k szint\u00e9zis\u00e9n kereszt\u00fcl, szelekt\u00edv \u00e9s specifikus szint\u00e9zis-utak elemz\u00e9se.<\/p>\n<p><strong>N\u00e9vreakci\u00f3k a szerves k\u00e9mi\u00e1ban<\/strong> (14&#215;2 \u00f3ra)<br \/>\n<span style=\"text-decoration: underline\"><em>II. \u00e9vfolyam tavaszi<\/em> f\u00e9l\u00e9v\u00e9re<\/span> j\u00e1r\u00f3 hallgat\u00f3knak, valamint III-IV. \u00e9ves hallgat\u00f3k r\u00e9sz\u00e9re (ut\u00f3bbiaknak mindk\u00e9t f\u00e9l\u00e9vben)<br \/>\n<span style=\"text-decoration: underline;color: #3366ff\"><strong><a href=\"https:\/\/semmelweis.hu\/telefonkonyv\/?emp_id=1897\">Dr. Czompa Andrea<\/a><\/strong><\/span> egyetemi adjunktus<br \/>\nA t\u00e1rgy r\u00f6vid le\u00edr\u00e1sa: A szerves k\u00e9mi\u00e1ban alkalmazott fontosabb n\u00e9vreakci\u00f3k ismertet\u00e9se, mechanizmusuk t\u00e1rgyal\u00e1sa. Az irodalomban k\u00f6z\u00f6lt n\u00e9vvel jel\u00f6lt reakci\u00f3k \u00e9s m\u00f3dosulatainak alkalmaz\u00e1sa k\u00fcl\u00f6nb\u00f6z\u0151 vegy\u00fcletek el\u0151\u00e1ll\u00edt\u00e1sa kapcs\u00e1n, r\u00e9gen \u00e9s napjainkban. Kemo-, regio- \u00e9s enantioszelektiv szint\u00e9zisek elemz\u00e9se, \u00e1raml\u00e1sos k\u00e9mia, mikrohull\u00e1m seg\u00edts\u00e9g\u00e9vel v\u00e9gzett reakci\u00f3k, \u201eone-pot\u201d, tandem \u00e9s domino szint\u00e9zis-utak bemutat\u00e1sa.<\/p>\n<p><strong>Szerves k\u00e9mia alapok II.<\/strong> (14&#215;1 \u00f3ra)<br \/>\n<span style=\"text-decoration: underline\"><em>II. \u00e9vfolyam \u0151szi f\u00e9l\u00e9v\u00e9re<\/em><\/span> j\u00e1r\u00f3 hallgat\u00f3knak<br \/>\n<a href=\"https:\/\/semmelweis.hu\/telefonkonyv\/?emp_id=8058\" target=\"_blank\" rel=\"noopener\"><span style=\"text-decoration: underline\"><strong>Dr. Deme Ruth<\/strong><\/span><\/a> egyetemi tan\u00e1rseg\u00e9d<br \/>\nA t\u00e1rgy r\u00f6vid le\u00edr\u00e1sa: gyakorlati szerves k\u00e9miai probl\u00e9m\u00e1k megbesz\u00e9l\u00e9se interakt\u00edv \u00f3r\u00e1k keretein bel\u00fcl, els\u0151sorban f\u00f3kusz\u00e1lva az alap szerves k\u00e9miai mechanizmusok meg\u00e9rt\u00e9s\u00e9re \u00e9s a szerves vegy\u00fcletek t\u00e9rszerkezet\u00e9nek \u00e9rtelmez\u00e9s\u00e9re.<\/p>\n<p><strong>V\u00e1logatott fejezetek a szerves k\u00e9mi\u00e1b\u00f3l<\/strong> (14&#215;1 \u00f3ra) <br \/>\n<em style=\"font-size: 1rem\"><u>II. \u00e9vfolyam tavaszi<\/u><\/em><u style=\"font-size: 1rem\"> f\u00e9l\u00e9v\u00e9re<\/u><span style=\"font-size: 1rem\"> j\u00e1r\u00f3 hallgat\u00f3knak, valamint <\/span><u style=\"font-size: 1rem\">III-IV. \u00e9ves hallgat\u00f3k r\u00e9sz\u00e9re<br \/>\n<\/u>(magyar nyelven, mindenkor csak a tavaszi f\u00e9l\u00e9vben)<br \/>\n<span style=\"text-decoration: underline;color: #3366ff\"><strong><a href=\"https:\/\/semmelweis.hu\/telefonkonyv\/?emp_id=378\" target=\"_blank\" rel=\"noopener\">Dr. Krajsovszky G\u00e1bor<\/a><\/strong><\/span> egyetemi docens<br \/>\nA t\u00e1rgy r\u00f6vid le\u00edr\u00e1sa: a szerves k\u00e9mia megfelel\u0151en kiv\u00e1lasztott, \u00e9rdekesebb fejezeteibe ad betekint\u00e9st, alapvet\u0151 elm\u00e9leti \u00e9rtelmez\u00e9ssel \u00e9s adott esetben gyakorlati, biol\u00f3giai relevanci\u00e1kkal.\u00a0<\/p>\n<p><span style=\"text-decoration: color: #3366ff\"><span style=\"text-decoration: underline\"><a href=\"https:\/\/semmelweis.hu\/gytk\/files\/2025\/07\/Szabadon-valaszthato-targyak_2025-1.pdf\" target=\"_blank\" rel=\"noopener\"><span style=\"color: #3366ff;text-decoration: underline\">A t\u00e1rgyak le\u00edr\u00e1sa az al\u00e1bbi linkekr\u0151l t\u00f6lthet\u0151 le<\/span><\/a><\/span><\/span>\u00a0(link)<\/p>\n<p><strong><em>A speci\u00e1lkoll\u00e9giumi tananyag elsaj\u00e1t\u00edt\u00e1s\u00e1hoz felhaszn\u00e1lhat\u00f3 jegyzetek, tank\u00f6nyvek, seg\u00e9dletek \u00e9s szakirodalom list\u00e1ja:<br \/>\n<\/em><\/strong><em>Szab\u00f3 L\u00e1szl\u00f3 \u2212 Krajsovszky G\u00e1bor:<\/em> V\u00e1logatott fejezetek a szerves k\u00e9mi\u00e1b\u00f3l<br \/>\nSemmelweis Egyetem Gy\u00f3gyszer\u00e9sztudom\u00e1nyi Kar<br \/>\nSzerves Vegytani Int\u00e9zet 2019<br \/>\nISBN: 978-615-5722-09-7<br \/>\n<span style=\"color: #3366ff\"><a href=\"https:\/\/mek.oszk.hu\/19900\/19977\/\" target=\"_blank\" rel=\"noopener\"><span style=\"text-decoration: underline\">https:\/\/mek.oszk.hu\/19900\/19977\/<\/span><\/a> <\/span>(link)<\/p>\n","protected":false},"excerpt":{"rendered":"<p>Az Int\u00e9zet kiemelten fontos feladat\u00e1nak tekinti a gy\u00f3gyszer\u00e9szhallgat\u00f3k speci\u00e1lkoll\u00e9giumi oktat\u00e1s\u00e1t is. Az idei tan\u00e9vben a k\u00f6vetkez\u0151 speci\u00e1lkoll\u00e9giumokat hirdetj\u00fck meg: Gy\u00f3gyszerszint\u00e9zis (14&#215;3 \u00f3ra) II. \u00e9vfolyam tavaszi f\u00e9l\u00e9v\u00e9re j\u00e1r\u00f3 hallgat\u00f3knak, valamint III-IV. \u00e9ves hallgat\u00f3k r\u00e9sz\u00e9re (mindenkor csak a tavaszi f\u00e9l\u00e9vben) <a href=\"https:\/\/semmelweis.hu\/telefonkonyv\/?emp_id=378\">Dr. Krajsovszky G\u00e1bor<\/a> egyetemi docens A t\u00e1rgy r\u00f6vid le\u00edr\u00e1sa: a szerves gy\u00f3gyszermolekul\u00e1k fontosabb csoportjainak el\u0151\u00e1ll\u00edt\u00e1si m\u00f3dszerei, a szerves k\u00e9miai szint\u00e9zisek &hellip;<\/p>\n","protected":false},"author":164,"featured_media":0,"parent":6,"menu_order":3,"comment_status":"closed","ping_status":"closed","template":"","meta":{"_acf_changed":false,"footnotes":""},"categories":[],"tags":[],"class_list":["post-2155","page","type-page","status-publish","hentry"],"acf":[],"_links":{"self":[{"href":"https:\/\/semmelweis.hu\/orgchem\/wp-json\/wp\/v2\/pages\/2155","targetHints":{"allow":["GET"]}}],"collection":[{"href":"https:\/\/semmelweis.hu\/orgchem\/wp-json\/wp\/v2\/pages"}],"about":[{"href":"https:\/\/semmelweis.hu\/orgchem\/wp-json\/wp\/v2\/types\/page"}],"author":[{"embeddable":true,"href":"https:\/\/semmelweis.hu\/orgchem\/wp-json\/wp\/v2\/users\/164"}],"replies":[{"embeddable":true,"href":"https:\/\/semmelweis.hu\/orgchem\/wp-json\/wp\/v2\/comments?post=2155"}],"version-history":[{"count":11,"href":"https:\/\/semmelweis.hu\/orgchem\/wp-json\/wp\/v2\/pages\/2155\/revisions"}],"predecessor-version":[{"id":3677,"href":"https:\/\/semmelweis.hu\/orgchem\/wp-json\/wp\/v2\/pages\/2155\/revisions\/3677"}],"up":[{"embeddable":true,"href":"https:\/\/semmelweis.hu\/orgchem\/wp-json\/wp\/v2\/pages\/6"}],"wp:attachment":[{"href":"https:\/\/semmelweis.hu\/orgchem\/wp-json\/wp\/v2\/media?parent=2155"}],"wp:term":[{"taxonomy":"category","embeddable":true,"href":"https:\/\/semmelweis.hu\/orgchem\/wp-json\/wp\/v2\/categories?post=2155"},{"taxonomy":"post_tag","embeddable":true,"href":"https:\/\/semmelweis.hu\/orgchem\/wp-json\/wp\/v2\/tags?post=2155"}],"curies":[{"name":"wp","href":"https:\/\/api.w.org\/{rel}","templated":true}]}}