{"id":2141,"date":"2020-01-29T16:59:20","date_gmt":"2020-01-29T15:59:20","guid":{"rendered":"http:\/\/semmelweis.hu\/orgchem\/?page_id=2141"},"modified":"2020-01-30T17:52:02","modified_gmt":"2020-01-30T16:52:02","slug":"einfuehrung","status":"publish","type":"page","link":"https:\/\/semmelweis.hu\/orgchem\/de\/einfuehrung\/","title":{"rendered":"Einf\u00fchrung"},"content":{"rendered":"<p style=\"text-align: justify\">Das Institut f\u00fcr Organische Chemie ist das einzige Institut der Pharmazeutischen Fakult\u00e4t, das ein Grundfach unterrichtet. Deshalb wird auf das Verst\u00e4ndnis der grundlegenden Zusammenh\u00e4nge (als Grundlage f\u00fcr sp\u00e4tere Lehrveranstaltungen, wie zum Beispiel Biochemie f\u00fcr Pharmazeuten, Chemie f\u00fcr Pharmazeuten, Pharmakognosie, Pharmakologie und Toxikologie, usw.) und den Aufbau einer molekularen Sichtweise besonderer Wert gelegt. Diesem Prinzip entsprechen neben dem Pflichtfach Organische Chemie und dem Organisch Chemischen Praktikum auch die mit der organischen und pharmazeutischen Chemie eng zusammenh\u00e4ngenden frei w\u00e4hlbaren F\u00e4cher. Zum Beispiel scheint auch die im Institut seit 1998 zur Verf\u00fcgung stehende \u2013 und auch in der Forschung intensiv genutzte \u2013 molekulare Modellierung zusammen mit weiteren informatisch-chemischen Methoden im Lehrprogramm auf.<\/p>\n<p style=\"text-align: justify\">Besonders in den vergangenen Jahren wurden neben den Vorlesungen und Praktika auch immer mehr Seminare angeboten, um \u2013 die Probleml\u00f6sungskompetenz der Studierenden vor Augen haltend \u2013 den Unterrichtsstoff besser verinnerlichen und die erworbenen Kenntnisse besser anwenden zu k\u00f6nnen.<\/p>\n<p style=\"text-align: justify\">Teil des Lehrplanes ist auch das Verfassen einer Diplomarbeit. Entsprechend unserer Preferenz entstehen am Institut haupts\u00e4chlich auf experimenteller Arbeit basierende Diplomarbeiten.<\/p>\n<p style=\"text-align: justify\">Von den am Institut t\u00e4tigen Studierenden, die Mitglieder im wissenschaftlichen Studentenkreis sind, wurden mehrere auf der zugeh\u00f6rigen Konferenz ausgezeichnet. Nat\u00fcrlich nimmt das Institut auch an der Doktoratsausbildung teil. Weiters legen wir besonderen Wert auf internationale Verbindungen und Zusammenarbeit in Forschung und Lehre, insbesondere mit Partneruniversit\u00e4ten in EU-L\u00e4ndern. Wir haben ERASMUS Programme und Einigungen betreffend der Doktoratsstudien initiiert, und nehmen an internationalen Forschungsprojekten teil.<\/p>\n<p style=\"text-align: justify\">In der Pharmazeuten-Weiterbildung und Fachpharmazeutenbildung sind wir auch aktiv, zum Beispiel organisieren wir das Fach Pharmazeutische Chemie, sowie die zweij\u00e4hrige postgraduelle Fachweiterbildung f\u00fcr Wirkstoffforschung und \u2013entwicklung.<\/p>\n<figure id=\"attachment_1725\" aria-describedby=\"caption-attachment-1725\" style=\"width: 690px\" class=\"wp-caption aligncenter\"><a href=\"https:\/\/semmelweis.hu\/orgchem\/files\/2018\/09\/SZVI-csoportkep.jpg\"><img loading=\"lazy\" decoding=\"async\" class=\"wp-image-1725 size-large\" src=\"https:\/\/semmelweis.hu\/orgchem\/files\/2018\/09\/SZVI-csoportkep-1024x512.jpg\" alt=\"Szerves Vegytani Int\u00e9zet \/ Department of Organic Chemistry\" width=\"690\" height=\"345\" srcset=\"https:\/\/semmelweis.hu\/orgchem\/files\/2018\/09\/SZVI-csoportkep-1024x512.jpg 1024w, https:\/\/semmelweis.hu\/orgchem\/files\/2018\/09\/SZVI-csoportkep-300x150.jpg 300w, https:\/\/semmelweis.hu\/orgchem\/files\/2018\/09\/SZVI-csoportkep-768x384.jpg 768w, https:\/\/semmelweis.hu\/orgchem\/files\/2018\/09\/SZVI-csoportkep-580x290.jpg 580w\" sizes=\"auto, (max-width: 690px) 100vw, 690px\" \/><\/a><figcaption id=\"caption-attachment-1725\" class=\"wp-caption-text\">Szerves Vegytani Int\u00e9zet \/ Department of Organic Chemistry<\/figcaption><\/figure>\n<p style=\"text-align: justify\">Einer der Hauptforschungsgebiete des Instituts war die theoretische und synthetische Chemie der Diazine und ihre in der Natur vorkommenden Derivate. In letzter Zeit erreichten wir wichtige Ergebnisse insbesondere im Bereich der Pyridazine und Uracile betreffenden Synthesestrategien, die mithilfe von Palladium-katalysierten Kohlenstoff-Kohlenstoff-Bindung Bildungsreaktionen verwirklicht wurden, sowie bei der Untersuchung des Mechanismus bestimmter thermischer Umlagerungen und deren synthetischer Weiter\u00adentwicklung.<\/p>\n<p style=\"text-align: justify\">Das andere Hauptgebiet unserer Forschungsarbeit bildeten pharmazeutisch-chemische Arbeiten, z. B. die Planung und Synthese antiarhythmischer Stoffe, Verbindungen die auf alpha-Adrenorezeptoren und das Enzym semicarbazid-sensitive Aminoxidase wirken. Das Institut kooperiert mit universit\u00e4ren und akademischen Instituten (z.\u00a0B. Semmelweis Universi\u00e4t: Institut f\u00fcr Pharmacodynamik, Institut f\u00fcr Pharmakologie und Pharmakotherapie, Institut f\u00fcr Augenheilkunde, Institut f\u00fcr Dermatologie, II.\u00a0Institut f\u00fcr Interne Medizin, P\u00e1zm\u00e1ny P\u00e9ter Katholische Universit\u00e4t, Universit\u00e4t Debrecen, Universit\u00e4t P\u00e9cs und Universit\u00e4t Szeged, Chemisches Forschungsinstitut der Ungarischen Akademie der Wissenschaften, Universit\u00e4t Wien, University Palermo, University Cagliari, National University Singapore), sowie mit pharmazeutischen Firmen. Das Institut f\u00fcr Organische Chemie ist im nationalen und internationalen fachlichen Kreis renommiert\/anerkannt, wie auch die erworbenen wichtigen nationalen und internationalen Ausschreibungen (z. B. VKSz 14), sowie die in den bedeutendsten organisch- und pharmazeutisch-chemischen Zeitschriften ver\u00f6ffentlichten Publikationen \u2013 die Forschungsarbeit der letzten paar Jahre hat als Ergebnis mehr als 50, haupts\u00e4chlich international publizierte Artikel als Ergebnis \u2013, Patente und die rege Teilnahme an Konferenzen zeigen.<\/p>\n<p style=\"text-align: justify\">Ab Jahr 2017 wandte sich das Forschungsgebiet vom Institut teilweise an Peptidchemie, an bifunktionellen Verbindungen, ferner an Verwendung von Verfahren der \u201eGr\u00fcnen Chemie\u201c (d. h. Aufbrauchen der Kohlendioxid-neutrale L\u00f6sungsmittel, Entwicklung die im Wasser durchgef\u00fchrten Reaktionswege, Verwendung der flie\u00dfend-chemischen Technologie). Anderseits, ab Errichtung des Instituts wird die Chemie der Heterozyklen als Grundlagenforschungst\u00e4tigkeit des Instituts fast st\u00e4ndig studiert.<\/p>\n","protected":false},"excerpt":{"rendered":"<p style=\"text-align: justify\">Das Institut f\u00fcr Organische Chemie ist das einzige Institut der Pharmazeutischen Fakult\u00e4t, das ein Grundfach unterrichtet. Deshalb wird auf das Verst\u00e4ndnis der grundlegenden Zusammenh\u00e4nge (als Grundlage f\u00fcr sp\u00e4tere Lehrveranstaltungen, wie zum Beispiel Biochemie f\u00fcr Pharmazeuten, Chemie f\u00fcr Pharmazeuten, Pharmakognosie, Pharmakologie und Toxikologie, usw.) und den Aufbau einer molekularen Sichtweise besonderer Wert gelegt. Diesem Prinzip entsprechen neben dem Pflichtfach Organische Chemie und dem Organisch Chemischen Praktikum auch die mit der organischen und pharmazeutischen Chemie eng zusammenh\u00e4ngenden frei w\u00e4hlbaren F\u00e4cher. Zum Beispiel scheint auch die im Institut seit 1998 zur Verf\u00fcgung stehende \u2013 und auch in der Forschung intensiv genutzte \u2013 molekulare Modellierung zusammen mit weiteren informatisch-chemischen Methoden im Lehrprogramm auf.<\/p>\n","protected":false},"author":164,"featured_media":1725,"parent":0,"menu_order":0,"comment_status":"closed","ping_status":"closed","template":"","meta":{"_acf_changed":false,"footnotes":""},"categories":[],"tags":[],"class_list":["post-2141","page","type-page","status-publish","has-post-thumbnail","hentry"],"acf":[],"_links":{"self":[{"href":"https:\/\/semmelweis.hu\/orgchem\/wp-json\/wp\/v2\/pages\/2141","targetHints":{"allow":["GET"]}}],"collection":[{"href":"https:\/\/semmelweis.hu\/orgchem\/wp-json\/wp\/v2\/pages"}],"about":[{"href":"https:\/\/semmelweis.hu\/orgchem\/wp-json\/wp\/v2\/types\/page"}],"author":[{"embeddable":true,"href":"https:\/\/semmelweis.hu\/orgchem\/wp-json\/wp\/v2\/users\/164"}],"replies":[{"embeddable":true,"href":"https:\/\/semmelweis.hu\/orgchem\/wp-json\/wp\/v2\/comments?post=2141"}],"version-history":[{"count":5,"href":"https:\/\/semmelweis.hu\/orgchem\/wp-json\/wp\/v2\/pages\/2141\/revisions"}],"predecessor-version":[{"id":2210,"href":"https:\/\/semmelweis.hu\/orgchem\/wp-json\/wp\/v2\/pages\/2141\/revisions\/2210"}],"wp:featuredmedia":[{"embeddable":true,"href":"https:\/\/semmelweis.hu\/orgchem\/wp-json\/wp\/v2\/media\/1725"}],"wp:attachment":[{"href":"https:\/\/semmelweis.hu\/orgchem\/wp-json\/wp\/v2\/media?parent=2141"}],"wp:term":[{"taxonomy":"category","embeddable":true,"href":"https:\/\/semmelweis.hu\/orgchem\/wp-json\/wp\/v2\/categories?post=2141"},{"taxonomy":"post_tag","embeddable":true,"href":"https:\/\/semmelweis.hu\/orgchem\/wp-json\/wp\/v2\/tags?post=2141"}],"curies":[{"name":"wp","href":"https:\/\/api.w.org\/{rel}","templated":true}]}}