{"id":2132,"date":"2019-12-05T15:03:05","date_gmt":"2019-12-05T14:03:05","guid":{"rendered":"http:\/\/semmelweis.hu\/orgchem\/?page_id=2132"},"modified":"2020-01-30T18:15:14","modified_gmt":"2020-01-30T17:15:14","slug":"history","status":"publish","type":"page","link":"https:\/\/semmelweis.hu\/orgchem\/en\/about-us\/history\/","title":{"rendered":"History"},"content":{"rendered":"<p style=\"text-align: justify\">The Department of Organic Chemistry was founded in 1957 and its first head was Prof. Ott\u00f3 Clauder. The infrastructure of the Department (the students\u2019 and tutors\u2019 laboratories, the equipment for preparative work and the library) was gradually built up and finally a spectroscopic unit was established. In 1977, Prof. L\u00e1szl\u00f3 Szab\u00f3 took over as head of the Department and after it, in 1997 Dr. \u00c1kos Kocsis was appointed as acting director. After that from 1997 Prof. P\u00e9ter M\u00e1tyus was the head of the Department. Since 2016 to June 2017 Dr. G\u00e1bor Krajsovszky was the acting director. The present head of the Department is Dr. Istv\u00e1n M\u00e1ndity.<\/p>\n","protected":false},"excerpt":{"rendered":"<p>The Department of Organic Chemistry was founded in 1957 and its first head was Prof. Ott\u00f3 Clauder. The infrastructure of the Department (the students\u2019 and tutors\u2019 laboratories, the equipment for preparative work and the library) was gradually built up and finally a spectroscopic unit was established. In 1977, Prof. L\u00e1szl\u00f3 Szab\u00f3 took over as head &hellip;<\/p>\n","protected":false},"author":164,"featured_media":0,"parent":164,"menu_order":0,"comment_status":"closed","ping_status":"closed","template":"","meta":{"_acf_changed":false,"footnotes":""},"categories":[],"tags":[],"class_list":["post-2132","page","type-page","status-publish","hentry"],"acf":[],"_links":{"self":[{"href":"https:\/\/semmelweis.hu\/orgchem\/wp-json\/wp\/v2\/pages\/2132","targetHints":{"allow":["GET"]}}],"collection":[{"href":"https:\/\/semmelweis.hu\/orgchem\/wp-json\/wp\/v2\/pages"}],"about":[{"href":"https:\/\/semmelweis.hu\/orgchem\/wp-json\/wp\/v2\/types\/page"}],"author":[{"embeddable":true,"href":"https:\/\/semmelweis.hu\/orgchem\/wp-json\/wp\/v2\/users\/164"}],"replies":[{"embeddable":true,"href":"https:\/\/semmelweis.hu\/orgchem\/wp-json\/wp\/v2\/comments?post=2132"}],"version-history":[{"count":3,"href":"https:\/\/semmelweis.hu\/orgchem\/wp-json\/wp\/v2\/pages\/2132\/revisions"}],"predecessor-version":[{"id":2225,"href":"https:\/\/semmelweis.hu\/orgchem\/wp-json\/wp\/v2\/pages\/2132\/revisions\/2225"}],"up":[{"embeddable":true,"href":"https:\/\/semmelweis.hu\/orgchem\/wp-json\/wp\/v2\/pages\/164"}],"wp:attachment":[{"href":"https:\/\/semmelweis.hu\/orgchem\/wp-json\/wp\/v2\/media?parent=2132"}],"wp:term":[{"taxonomy":"category","embeddable":true,"href":"https:\/\/semmelweis.hu\/orgchem\/wp-json\/wp\/v2\/categories?post=2132"},{"taxonomy":"post_tag","embeddable":true,"href":"https:\/\/semmelweis.hu\/orgchem\/wp-json\/wp\/v2\/tags?post=2132"}],"curies":[{"name":"wp","href":"https:\/\/api.w.org\/{rel}","templated":true}]}}