{"id":1626,"date":"2018-09-20T15:15:39","date_gmt":"2018-09-20T13:15:39","guid":{"rendered":"http:\/\/semmelweis.hu\/orgchem\/?page_id=1626"},"modified":"2019-12-05T15:50:30","modified_gmt":"2019-12-05T14:50:30","slug":"curriculum-vitaes","status":"publish","type":"page","link":"https:\/\/semmelweis.hu\/orgchem\/en\/curriculum-vitaes\/","title":{"rendered":"Curriculum Vitaes"},"content":{"rendered":"\n<table id=\"tablepress-18\" class=\"tablepress tablepress-id-18\">\n<tbody class=\"row-striping row-hover\">\n<tr class=\"row-1\">\n\t<td class=\"column-1\"><strong><a href=\"https:\/\/semmelweis.hu\/telefonkonyv\/?emp_id=12924\" target=\"_blank\">Dr. Istv\u00e1n M\u00e1ndity, PhD<\/a><\/strong><br \/>\n<img decoding=\"async\" src=\"https:\/\/semmelweis.hu\/orgchem\/files\/2018\/09\/MI.jpg\" alt=\"Dr. Istv\u00e1n M\u00e1ndity\" style=\"max-width:150px;max-height:100%\"><br \/>\n<a href=\"https:\/\/semmelweis.hu\/orgchem\/files\/2018\/09\/MI_cv_2018_09_EN.pdf\" target=\"_blank\">Curriculum Vitae<\/a><br \/>\n<a href=\"https:\/\/semmelweis.hu\/orgchem\/files\/2018\/09\/MI_publist_2018_09_EN.pdf\" target=\"_blank\">Publications<\/a><\/td><td class=\"column-2\"><strong><a href=\"https:\/\/semmelweis.hu\/telefonkonyv\/?emp_id=378\" target=\"_blank\">Dr. G\u00e1bor Krajsovszky, PhD<\/a><\/strong><br \/>\n<img decoding=\"async\" src=\"https:\/\/semmelweis.hu\/orgchem\/files\/2018\/09\/KG.jpg\" alt=\"Dr. G\u00e1bor Krajsovszky\" style=\"max-width:150px;max-height:100%\"><br \/>\n<a href=\"https:\/\/semmelweis.hu\/orgchem\/files\/2020\/01\/KG_cv_2020_01_ENG.pdf\" target=\"_blank\">Curriculum Vitae<\/a><br \/>\n<a href=\"https:\/\/semmelweis.hu\/orgchem\/files\/2018\/09\/KG_publist_2018_09_EN.pdf\" target=\"_blank\">Publications<\/a><\/td><td class=\"column-3\"><strong><a href=\"https:\/\/semmelweis.hu\/telefonkonyv\/?emp_id=377\" target=\"_blank\">Dr. P\u00e9ter T\u00e9t\u00e9nyi, PhD<\/a><\/strong><br \/>\n<img decoding=\"async\" src=\"https:\/\/semmelweis.hu\/orgchem\/files\/2018\/09\/TP.jpg\" alt=\"Dr. P\u00e9ter T\u00e9t\u00e9nyi\" style=\"max-width:150px;max-height:100%\"><br \/>\n<a href=\"https:\/\/semmelweis.hu\/orgchem\/files\/2018\/09\/TP_cv_2018_09_EN.pdf\" target=\"_blank\">Curriculum Vitae<\/a><br \/>\n<a href=\"https:\/\/semmelweis.hu\/orgchem\/files\/2018\/09\/TP_publist_2018_09_EN.pdf\" target=\"_blank\">Publications<\/a><\/td><td class=\"column-4\"><strong><a href=\"https:\/\/semmelweis.hu\/telefonkonyv\/?emp_id=1897\" target=\"_blank\">Dr. Andrea Czompa, PhD<\/a><\/strong><br \/>\n<img decoding=\"async\" src=\"https:\/\/semmelweis.hu\/orgchem\/files\/2018\/10\/CzA_7.jpg\" alt=\"Dr. Andrea Czompa\" style=\"max-width:100%;max-height:225px\"><br \/>\n<a href=\"https:\/\/semmelweis.hu\/orgchem\/files\/2018\/09\/CzA_cv_2018_09_EN.pdf\" target=\"_blank\">Curriculum Vitae<\/a><br \/>\n<a href=\"https:\/\/semmelweis.hu\/orgchem\/files\/2018\/09\/CzA_publist_2018_09_EN.pdf\" target=\"_blank\">Publications<\/a><\/td><td class=\"column-5\"><strong><a href=\"https:\/\/semmelweis.hu\/telefonkonyv\/?emp_id=11616\" target=\"_blank\">Dr. Levente K\u00e1rp\u00e1ti, PhD<\/a><\/strong><br \/>\n<img decoding=\"async\" src=\"https:\/\/semmelweis.hu\/orgchem\/files\/2018\/10\/KL_2.jpg\" alt=\"Dr. K\u00e1rp\u00e1ti Levente\" style=\"width:150px;height:225px\"><br \/>\n<a href=\"https:\/\/semmelweis.hu\/orgchem\/files\/2018\/09\/KL_cv_2018_09_EN.pdf\" target=\"_blank\">Curriculum Vitae<\/a><br \/>\n<a href=\"https:\/\/semmelweis.hu\/orgchem\/files\/2018\/09\/KL_publist_2018_09_EN.pdf\" target=\"_blank\">Publications<\/a><\/td>\n<\/tr>\n<tr class=\"row-2\">\n\t<td class=\"column-1\"><strong><a href=\"https:\/\/semmelweis.hu\/telefonkonyv\/?emp_id=386\" target=\"_blank\">Dr. Bal\u00e1zs Balogh, PhD<\/a><\/strong><br \/>\n<img decoding=\"async\" src=\"https:\/\/semmelweis.hu\/orgchem\/files\/2018\/10\/BB_2.jpg\" alt=\"Dr. Bal\u00e1zs Balogh\" style=\"max-width:150px;max-height:100%\"><br \/>\n<a href=\"https:\/\/semmelweis.hu\/orgchem\/files\/2018\/09\/BB_cv_2018_09_EN.pdf\" target=\"_blank\">Curriculum Vitae<\/a><br \/>\n<a href=\"https:\/\/semmelweis.hu\/orgchem\/files\/2018\/09\/BB_publist_2018_09_EN.pdf\" target=\"_blank\">Publications<\/a><\/td><td class=\"column-2\"><strong><a href=\"https:\/\/semmelweis.hu\/telefonkonyv\/?emp_id=8058\" target=\"_blank\">Dr. Ruth Deme,<br \/>\nPhD<\/a><\/strong><br \/>\n<img decoding=\"async\" src=\"https:\/\/semmelweis.hu\/orgchem\/files\/2018\/10\/DR_2.jpg\" alt=\"Dr. Ruth Deme\" style=\"max-width:150px;max-height:100%\"><br \/>\n<a href=\"https:\/\/semmelweis.hu\/orgchem\/files\/2020\/01\/DR_CV_2020_01_ENG.pdf\" target=\"_blank\">Curriculum Vitae<\/a><br \/>\n<a href=\"https:\/\/semmelweis.hu\/orgchem\/files\/2018\/09\/DR_publist_2018_09_EN.pdf\" target=\"_blank\">Publications<\/a><\/td><td class=\"column-3\"><strong><a href=\"https:\/\/semmelweis.hu\/telefonkonyv\/?emp_id=14323\" target=\"_blank\">Dr. Kl\u00e1ra Herke, PhD<\/a><\/strong><br \/>\n<img decoding=\"async\" src=\"https:\/\/semmelweis.hu\/orgchem\/files\/2018\/10\/HK_4.jpg\" alt=\"Dr. Kl\u00e1ra Herke\" style=\"max-width:150px;max-height:100%\"><br \/>\n<a href=\"https:\/\/semmelweis.hu\/orgchem\/files\/2018\/09\/HK_cv_2018_09_EN.pdf\" target=\"_blank\">Curriculum Vitae<\/a><br \/>\n<a href=\"https:\/\/semmelweis.hu\/orgchem\/files\/2018\/09\/HK_publist_2018_09_EN.pdf\" target=\"_blank\">Publications<\/a><\/td><td class=\"column-4\"><strong><a href=\"https:\/\/semmelweis.hu\/telefonkonyv\/?emp_id=14322\" target=\"_blank\">Dr. Petra Dunkel, PhD<\/a><\/strong><br \/>\n<img decoding=\"async\" src=\"https:\/\/semmelweis.hu\/orgchem\/files\/2018\/10\/DP_2.jpg\" alt=\"Dr. Petra Dunkel\" style=\"max-width:150px;max-height:100%\"><br \/>\n<a href=\"https:\/\/semmelweis.hu\/orgchem\/files\/2020\/01\/DP_CV_2020_01_ENG.pdf\" target=\"_blank\">Curriculum Vitae<\/a><br \/>\n<a href=\"https:\/\/semmelweis.hu\/orgchem\/files\/2020\/01\/DP_publist_2020_01_ENG.pdf\" target=\"_blank\">Publications<\/a><\/td><td class=\"column-5\"><strong><a href=\"https:\/\/semmelweis.hu\/telefonkonyv\/?emp_id=8428\" target=\"_blank\">Dr. D\u00f3ra Bogd\u00e1n<\/a><\/strong><br \/>\n<br \/>\n<img decoding=\"async\" src=\"https:\/\/semmelweis.hu\/orgchem\/files\/2018\/10\/BD_2.jpg\" alt=\"Dr. D\u00f3ra Bogd\u00e1n\" style=\"max-width:150px;max-height:100%\"><br \/>\n<a href=\"https:\/\/semmelweis.hu\/orgchem\/files\/2020\/01\/BD_CV_2020_01_ENG.pdf\" target=\"_blank\">Curriculum Vitae<\/a><br \/>\n<a href=\"https:\/\/semmelweis.hu\/orgchem\/files\/2020\/01\/BD_publist_2020_01.pdf\" target=\"_blank\">Publications<\/a><\/td>\n<\/tr>\n<tr class=\"row-3\">\n\t<td class=\"column-1\"><strong><a href=\"https:\/\/semmelweis.hu\/telefonkonyv\/?emp_id=8428\" target=\"_blank\">R\u00f3bert Ludmerczki<\/a><\/strong><br \/>\n<br \/>\n<img decoding=\"async\" src=\"https:\/\/semmelweis.hu\/orgchem\/files\/2018\/10\/LR_2.jpg\" alt=\"R\u00f3bert Ludmerczki\" style=\"max-width:150px;max-height:100%\"><br \/>\n<a href=\"https:\/\/semmelweis.hu\/orgchem\/files\/2020\/01\/LR_CV_2020_01_ENG.pdf\" target=\"_blank\">Curriculum Vitae<\/a><br \/>\n<a href=\"https:\/\/semmelweis.hu\/orgchem\/files\/2020\/01\/LR_publist_2020_01_ENG.pdf\" target=\"_blank\">Publications<\/a><\/td><td class=\"column-2\"><strong><a href=\"https:\/\/semmelweis.hu\/telefonkonyv\/?emp_id=8053\" target=\"_blank\">Kata Antal<\/a><\/strong><br \/>\n<br \/>\n<img decoding=\"async\" src=\"https:\/\/semmelweis.hu\/orgchem\/files\/2018\/12\/AK.jpg\" alt=\" Kata Antal\" style=\"max-width:150px;max-height:100%\"><br \/>\n<a href=\"https:\/\/semmelweis.hu\/orgchem\/files\/2018\/12\/AK_cv_2018_11_EN.pdf\" target=\"_blank\">Curriculum Vitae<\/a><br \/>\n<a href=\"https:\/\/semmelweis.hu\/orgchem\/files\/2018\/12\/AK_publist_2018_11_EN.pdf\" target=\"_blank\">Publications<\/a><\/td><td class=\"column-3\"><strong>Dorottya Szak\u00e1l, PhD student<\/a><\/strong><br \/>\n<img decoding=\"async\" src=\"https:\/\/semmelweis.hu\/orgchem\/files\/2018\/10\/SzD_2.jpg\" alt=\"Dorottya Szak\u00e1l\" style=\"max-width:150px;max-height:100%\"><br \/>\n<a href=\"https:\/\/semmelweis.hu\/orgchem\/files\/2018\/09\/SzD_cv_2018_09_EN.pdf\" target=\"_blank\">Curriculum Vitae<\/a><\/td><td class=\"column-4\"><strong>dr. Krist\u00f3f Felegyi, PhD student<\/a><\/strong><br \/>\n<img decoding=\"async\" src=\"https:\/\/semmelweis.hu\/orgchem\/files\/2018\/10\/FK_2.jpg\" alt=\"Krist\u00f3f Felegyi\" style=\"max-width:150px;max-height:100%\"><br \/>\n<a href=\"https:\/\/semmelweis.hu\/orgchem\/files\/2018\/09\/FK_cv_2018_09_EN.pdf\" target=\"_blank\">Curriculum Vitae<\/a><\/td><td class=\"column-5\"><strong>dr. M\u00e1rton Iv\u00e1nczi,<br \/>\n PhD student<\/a><\/strong><br \/>\n<img decoding=\"async\" src=\"https:\/\/semmelweis.hu\/orgchem\/files\/2020\/01\/IM_3.jpg\" alt=\"M\u00e1rton Iv\u00e1nczi\" style=\"max-width:150px;max-height:100%\"><br \/>\n<a href=\"https:\/\/semmelweis.hu\/orgchem\/files\/2020\/01\/IM_cv_2020_01_ENG.pdf\" target=\"_blank\">Curriculum Vitae<\/a><\/td>\n<\/tr>\n<\/tbody>\n<\/table>\n\n","protected":false},"excerpt":{"rendered":"","protected":false},"author":164,"featured_media":0,"parent":0,"menu_order":0,"comment_status":"closed","ping_status":"closed","template":"template-fullwidth.php","meta":{"_acf_changed":false,"footnotes":""},"categories":[],"tags":[],"class_list":["post-1626","page","type-page","status-publish","hentry"],"acf":[],"_links":{"self":[{"href":"https:\/\/semmelweis.hu\/orgchem\/wp-json\/wp\/v2\/pages\/1626","targetHints":{"allow":["GET"]}}],"collection":[{"href":"https:\/\/semmelweis.hu\/orgchem\/wp-json\/wp\/v2\/pages"}],"about":[{"href":"https:\/\/semmelweis.hu\/orgchem\/wp-json\/wp\/v2\/types\/page"}],"author":[{"embeddable":true,"href":"https:\/\/semmelweis.hu\/orgchem\/wp-json\/wp\/v2\/users\/164"}],"replies":[{"embeddable":true,"href":"https:\/\/semmelweis.hu\/orgchem\/wp-json\/wp\/v2\/comments?post=1626"}],"version-history":[{"count":3,"href":"https:\/\/semmelweis.hu\/orgchem\/wp-json\/wp\/v2\/pages\/1626\/revisions"}],"predecessor-version":[{"id":1630,"href":"https:\/\/semmelweis.hu\/orgchem\/wp-json\/wp\/v2\/pages\/1626\/revisions\/1630"}],"wp:attachment":[{"href":"https:\/\/semmelweis.hu\/orgchem\/wp-json\/wp\/v2\/media?parent=1626"}],"wp:term":[{"taxonomy":"category","embeddable":true,"href":"https:\/\/semmelweis.hu\/orgchem\/wp-json\/wp\/v2\/categories?post=1626"},{"taxonomy":"post_tag","embeddable":true,"href":"https:\/\/semmelweis.hu\/orgchem\/wp-json\/wp\/v2\/tags?post=1626"}],"curies":[{"name":"wp","href":"https:\/\/api.w.org\/{rel}","templated":true}]}}