{"id":1462,"date":"2018-09-19T10:20:58","date_gmt":"2018-09-19T08:20:58","guid":{"rendered":"http:\/\/semmelweis.hu\/orgchem\/?page_id=1462"},"modified":"2019-12-05T15:51:06","modified_gmt":"2019-12-05T14:51:06","slug":"oneletrajzok-2","status":"publish","type":"page","link":"https:\/\/semmelweis.hu\/orgchem\/oneletrajzok-2\/","title":{"rendered":"\u00d6n\u00e9letrajzok"},"content":{"rendered":"\n<table id=\"tablepress-17\" class=\"tablepress tablepress-id-17\">\n<tbody class=\"row-striping row-hover\">\n<tr class=\"row-1\">\n\t<td class=\"column-1\"><strong><a href=\"https:\/\/semmelweis.hu\/telefonkonyv\/?emp_id=12924\" target=\"_blank\">Dr. M\u00e1ndity Istv\u00e1n,<br \/>\nPhD<\/a><\/strong><br \/>\n<img decoding=\"async\" src=\"https:\/\/semmelweis.hu\/orgchem\/files\/2018\/09\/MI.jpg\" alt=\"Dr. M\u00e1ndity Istv\u00e1n\" style=\"max-width:150px;max-height:100%\"><br \/>\n<a href=\"https:\/\/semmelweis.hu\/orgchem\/files\/2018\/09\/MI_cv_2018_09_HUN.pdf\" target=\"_blank\">\u00d6n\u00e9letrajz<\/a><br \/>\n<a href=\"https:\/\/semmelweis.hu\/orgchem\/files\/2018\/09\/MI_publist_2018_09_HUN.pdf\" target=\"_blank\">Publik\u00e1ci\u00f3k<\/a><\/td><td class=\"column-2\"><strong><a href=\"https:\/\/semmelweis.hu\/telefonkonyv\/?emp_id=378\" target=\"_blank\">Dr. Krajsovszky<br \/>\nG\u00e1bor, PhD<\/a><\/strong><br \/>\n<img decoding=\"async\" src=\"https:\/\/semmelweis.hu\/orgchem\/files\/2018\/09\/KG.jpg\" alt=\"Dr. Krajsovszky G\u00e1bor\" style=\"max-width:150px;max-height:100%\"><br \/>\n<a href=\"https:\/\/semmelweis.hu\/orgchem\/files\/2020\/01\/KG_cv_2020_01_HUN.pdf\" target=\"_blank\">\u00d6n\u00e9letrajz<\/a><br \/>\n<a href=\"https:\/\/semmelweis.hu\/orgchem\/files\/2018\/09\/KG_publist_2018_09_HUN.pdf\" target=\"_blank\">Publik\u00e1ci\u00f3k<\/a><\/td><td class=\"column-3\"><strong><a href=\"https:\/\/semmelweis.hu\/telefonkonyv\/?emp_id=377\" target=\"_blank\">Dr. T\u00e9t\u00e9nyi P\u00e9ter,<br \/>\nPhD<\/a><\/strong><br \/>\n<img decoding=\"async\" src=\"https:\/\/semmelweis.hu\/orgchem\/files\/2018\/09\/TP.jpg\" alt=\"Dr. T\u00e9t\u00e9nyi P\u00e9ter\" style=\"max-width:150px;max-height:100%\"><br \/>\n<a href=\"https:\/\/semmelweis.hu\/orgchem\/files\/2018\/09\/TP_cv_2018_09_HUN.pdf\" target=\"_blank\">\u00d6n\u00e9letrajz<\/a><br \/>\n<a href=\"https:\/\/semmelweis.hu\/orgchem\/files\/2018\/09\/TP_publist_2018_09_HUN.pdf\" target=\"_blank\">Publik\u00e1ci\u00f3k<\/a><\/td><td class=\"column-4\"><strong><a href=\"https:\/\/semmelweis.hu\/telefonkonyv\/?emp_id=1897\" target=\"_blank\">Dr. Czompa Andrea,<br \/>\nPhD<\/a><\/strong><br \/>\n<img decoding=\"async\" src=\"https:\/\/semmelweis.hu\/orgchem\/files\/2018\/10\/CzA_7.jpg\" alt=\"Dr. Czompa Andrea\" style=\"max-width:100%;height:225px\"><br \/>\n<a href=\"https:\/\/semmelweis.hu\/orgchem\/files\/2018\/09\/CzA_cv_2018_09_HUN.pdf\" target=\"_blank\">\u00d6n\u00e9letrajz<\/a><br \/>\n<a href=\"https:\/\/semmelweis.hu\/orgchem\/files\/2018\/09\/CzA_publist_2018_09_HUN.pdf\" target=\"_blank\">Publik\u00e1ci\u00f3k<\/a><\/td><td class=\"column-5\"><strong><a href=\"https:\/\/semmelweis.hu\/telefonkonyv\/?emp_id=11616\" target=\"_blank\">Dr. K\u00e1rp\u00e1ti Levente,<br \/>\nPhD<\/a><\/strong><br \/>\n<img decoding=\"async\" src=\"https:\/\/semmelweis.hu\/orgchem\/files\/2018\/10\/KL_2.jpg\" alt=\"Dr. K\u00e1rp\u00e1ti Levente\" style=\"width:150px;max-height:225px\"><br \/>\n<a href=\"https:\/\/semmelweis.hu\/orgchem\/files\/2018\/09\/KL_cv_2018_09_HUN.pdf\" target=\"_blank\">\u00d6n\u00e9letrajz<\/a><br \/>\n<a href=\"https:\/\/semmelweis.hu\/orgchem\/files\/2018\/09\/KL_publist_2018_09_HUN.pdf\" target=\"_blank\">Publik\u00e1ci\u00f3k<\/a><\/td>\n<\/tr>\n<tr class=\"row-2\">\n\t<td class=\"column-1\"><strong><a href=\"https:\/\/semmelweis.hu\/telefonkonyv\/?emp_id=386\" target=\"_blank\">Dr. Balogh Bal\u00e1zs,<br \/>\nPhD<\/a><\/strong><br \/>\n<img decoding=\"async\" src=\"https:\/\/semmelweis.hu\/orgchem\/files\/2018\/10\/BB_2.jpg\" alt=\"Dr. Balogh Bal\u00e1zs\" style=\"max-width:150px;max-height:100%\"><br \/>\n<a href=\"https:\/\/semmelweis.hu\/orgchem\/files\/2018\/09\/BB_cv_2018_09_HUN.pdf\" target=\"_blank\">\u00d6n\u00e9letrajz<\/a><br \/>\n<a href=\"https:\/\/semmelweis.hu\/orgchem\/files\/2018\/09\/BB_publist_2018_09_HUN.pdf\" target=\"_blank\">Publik\u00e1ci\u00f3k<\/a><\/td><td class=\"column-2\"><strong><a href=\"https:\/\/semmelweis.hu\/telefonkonyv\/?emp_id=8058\" target=\"_blank\">Dr. Deme Ruth,<br \/>\nPhD<\/a><\/strong><br \/>\n<img decoding=\"async\" src=\"https:\/\/semmelweis.hu\/orgchem\/files\/2018\/10\/DR_2.jpg\" alt=\"Dr. Deme Ruth\" style=\"max-width:150px;max-height:100%\"><br \/>\n<a href=\"https:\/\/semmelweis.hu\/orgchem\/files\/2020\/01\/DR_CV_2020_01_HUN.pdf\" target=\"_blank\">\u00d6n\u00e9letrajz<\/a><br \/>\n<a href=\"https:\/\/semmelweis.hu\/orgchem\/files\/2018\/09\/DR_publist_2018_09_HUN.pdf\" target=\"_blank\">Publik\u00e1ci\u00f3k<\/a><\/td><td class=\"column-3\"><strong><a href=\"https:\/\/semmelweis.hu\/telefonkonyv\/?emp_id=14323\" target=\"_blank\">Dr. Herke Kl\u00e1ra,<br \/>\nPhD<\/a><\/strong><br \/>\n<img decoding=\"async\" src=\"https:\/\/semmelweis.hu\/orgchem\/files\/2018\/10\/HK_4.jpg\" alt=\"Dr. Herke Kl\u00e1ra\" style=\"max-width:150px;max-height:100%\"><br \/>\n<a href=\"https:\/\/semmelweis.hu\/orgchem\/files\/2018\/09\/HK_cv_2018_09_HUN.pdf\" target=\"_blank\">\u00d6n\u00e9letrajz<\/a><br \/>\n<a href=\"https:\/\/semmelweis.hu\/orgchem\/files\/2018\/09\/HK_publist_2018_09_HUN.pdf\" target=\"_blank\">Publik\u00e1ci\u00f3k<\/a><\/td><td class=\"column-4\"><strong><a href=\"https:\/\/semmelweis.hu\/telefonkonyv\/?emp_id=14322\" target=\"_blank\">Dr. Dunkel Petra,<br \/>\nPhD<\/a><\/strong><br \/>\n<img decoding=\"async\" src=\"https:\/\/semmelweis.hu\/orgchem\/files\/2018\/10\/DP_2.jpg\" alt=\"Dr. Dunkel Petra\" style=\"max-width:150px;max-height:100%\"><br \/>\n<a href=\"https:\/\/semmelweis.hu\/orgchem\/files\/2020\/01\/DP_CV_2020_01_HUN.pdf\" target=\"_blank\">\u00d6n\u00e9letrajz<\/a><br \/>\n<a href=\"https:\/\/semmelweis.hu\/orgchem\/files\/2020\/01\/DP_publist_2020_01_HUN.pdf\" target=\"_blank\">Publik\u00e1ci\u00f3k<\/a><\/td><td class=\"column-5\"><strong><a href=\"https:\/\/semmelweis.hu\/telefonkonyv\/?emp_id=8428\" target=\"_blank\">Dr. Bogd\u00e1n D\u00f3ra<\/a><\/strong><br \/>\n<br \/>\n<img decoding=\"async\" src=\"https:\/\/semmelweis.hu\/orgchem\/files\/2018\/10\/BD_2.jpg\" alt=\"Dr. Bogd\u00e1n D\u00f3ra\" style=\"max-width:150px;max-height:100%\"><br \/>\n<a href=\"https:\/\/semmelweis.hu\/orgchem\/files\/2020\/01\/BD_CV_2020_01_HUN.pdf\" target=\"_blank\">\u00d6n\u00e9letrajz<\/a><br \/>\n<a href=\"https:\/\/semmelweis.hu\/orgchem\/files\/2020\/01\/BD_publist_2020_01.pdf\" target=\"_blank\">Publik\u00e1ci\u00f3k<\/a><\/td>\n<\/tr>\n<tr class=\"row-3\">\n\t<td class=\"column-1\"><strong><a href=\"https:\/\/semmelweis.hu\/telefonkonyv\/?emp_id=8428\" target=\"_blank\">Ludmerczki R\u00f3bert<\/a><\/strong><br \/>\n<br \/>\n<img decoding=\"async\" src=\"https:\/\/semmelweis.hu\/orgchem\/files\/2018\/10\/LR_2.jpg\" alt=\"Ludmerczki R\u00f3bert\" style=\"max-width:150px;max-height:100%\"><br \/>\n<a href=\"https:\/\/semmelweis.hu\/orgchem\/files\/2020\/01\/LR_CV_2020_01_HUN.pdf\" target=\"_blank\">\u00d6n\u00e9letrajz<\/a><br \/>\n<a href=\"https:\/\/semmelweis.hu\/orgchem\/files\/2020\/01\/LR_publist_2020_01_HUN.pdf\" target=\"_blank\">Publik\u00e1ci\u00f3k<\/a><\/td><td class=\"column-2\"><strong><a href=\"https:\/\/semmelweis.hu\/telefonkonyv\/?emp_id=8053\" target=\"_blank\">Antal Kata<\/a><\/strong><br \/>\n<br \/>\n<img decoding=\"async\" src=\"https:\/\/semmelweis.hu\/orgchem\/files\/2018\/12\/AK.jpg\" alt=\"Antal Kata\" style=\"max-width:150px;max-height:100%\"><br \/>\n<a href=\"https:\/\/semmelweis.hu\/orgchem\/files\/2018\/12\/AK_cv_2018_11_HUN.pdf\" target=\"_blank\">\u00d6n\u00e9letrajz<\/a><br \/>\n<a href=\"https:\/\/semmelweis.hu\/orgchem\/files\/2018\/12\/AK_publist_2018_11_HUN.pdf\" target=\"_blank\">Publik\u00e1ci\u00f3k<\/a><\/td><td class=\"column-3\"><strong>Szak\u00e1l Dorottya,<br \/>\nPhD hallgat\u00f3<\/a><\/strong><br \/>\n<img decoding=\"async\" src=\"https:\/\/semmelweis.hu\/orgchem\/files\/2018\/10\/SzD_2.jpg\" alt=\"Szak\u00e1l Dorottya\" style=\"max-width:150px;max-height:100%\"><br \/>\n<a href=\"https:\/\/semmelweis.hu\/orgchem\/files\/2018\/09\/SzD_cv_2018_09_HUN.pdf\" target=\"_blank\">\u00d6n\u00e9letrajz<\/a><\/td><td class=\"column-4\"><strong>dr. Felegyi Krist\u00f3f,<br \/>\nPhD hallgat\u00f3 <\/a><\/strong><br \/>\n<img decoding=\"async\" src=\"https:\/\/semmelweis.hu\/orgchem\/files\/2018\/10\/FK_2.jpg\" alt=\"Felegyi Krist\u00f3f\" style=\"max-width:150px;max-height:100%\"><br \/>\n<a href=\"https:\/\/semmelweis.hu\/orgchem\/files\/2018\/09\/FK_cv_2018_09_HUN.pdf\" target=\"_blank\">\u00d6n\u00e9letrajz<\/a><\/td><td class=\"column-5\"><strong>dr. Iv\u00e1nczi M\u00e1rton,<br \/>\nPhD hallgat\u00f3 <\/a><\/strong><br \/>\n<img decoding=\"async\" src=\"https:\/\/semmelweis.hu\/orgchem\/files\/2020\/01\/IM_3.jpg\" alt=\"Iv\u00e1nczi M\u00e1rton\" style=\"max-width:150px;max-height:100%\"><br \/>\n<a href=\"https:\/\/semmelweis.hu\/orgchem\/files\/2020\/01\/IM_cv_2020_01_HUN.pdf\" target=\"_blank\">\u00d6n\u00e9letrajz<\/a><\/td>\n<\/tr>\n<\/tbody>\n<\/table>\n<!-- #tablepress-17 from cache -->\n","protected":false},"excerpt":{"rendered":"","protected":false},"author":164,"featured_media":0,"parent":0,"menu_order":0,"comment_status":"closed","ping_status":"closed","template":"template-fullwidth.php","meta":{"_acf_changed":false,"footnotes":""},"categories":[],"tags":[],"class_list":["post-1462","page","type-page","status-publish","hentry"],"acf":[],"_links":{"self":[{"href":"https:\/\/semmelweis.hu\/orgchem\/wp-json\/wp\/v2\/pages\/1462","targetHints":{"allow":["GET"]}}],"collection":[{"href":"https:\/\/semmelweis.hu\/orgchem\/wp-json\/wp\/v2\/pages"}],"about":[{"href":"https:\/\/semmelweis.hu\/orgchem\/wp-json\/wp\/v2\/types\/page"}],"author":[{"embeddable":true,"href":"https:\/\/semmelweis.hu\/orgchem\/wp-json\/wp\/v2\/users\/164"}],"replies":[{"embeddable":true,"href":"https:\/\/semmelweis.hu\/orgchem\/wp-json\/wp\/v2\/comments?post=1462"}],"version-history":[{"count":4,"href":"https:\/\/semmelweis.hu\/orgchem\/wp-json\/wp\/v2\/pages\/1462\/revisions"}],"predecessor-version":[{"id":1763,"href":"https:\/\/semmelweis.hu\/orgchem\/wp-json\/wp\/v2\/pages\/1462\/revisions\/1763"}],"wp:attachment":[{"href":"https:\/\/semmelweis.hu\/orgchem\/wp-json\/wp\/v2\/media?parent=1462"}],"wp:term":[{"taxonomy":"category","embeddable":true,"href":"https:\/\/semmelweis.hu\/orgchem\/wp-json\/wp\/v2\/categories?post=1462"},{"taxonomy":"post_tag","embeddable":true,"href":"https:\/\/semmelweis.hu\/orgchem\/wp-json\/wp\/v2\/tags?post=1462"}],"curies":[{"name":"wp","href":"https:\/\/api.w.org\/{rel}","templated":true}]}}