{"id":957,"date":"2016-09-05T13:51:17","date_gmt":"2016-09-05T11:51:17","guid":{"rendered":"http:\/\/semmelweis.hu\/oralis-diagnosztika\/?page_id=957"},"modified":"2025-08-28T14:44:20","modified_gmt":"2025-08-28T12:44:20","slug":"oralis-medicina","status":"publish","type":"page","link":"https:\/\/semmelweis.hu\/oralis-diagnosztika\/oktatas\/oralis-medicina\/","title":{"rendered":"Oralis Medicina"},"content":{"rendered":"<table style=\"width: 51.0381%;height: 987px\" width=\"624\">\n<tbody>\n<tr style=\"height: 33px\">\n<td style=\"width: 15%;text-align: center;height: 33px\" width=\"87\">\u00a0<\/td>\n<td style=\"width: 60.9677%;text-align: center;height: 33px\" width=\"386\">Or\u00e1lis medicina el\u0151ad\u00e1sok\u00a0<\/td>\n<td style=\"width: 37.9032%;height: 33px\" width=\"151\">\u00a0<\/td>\n<\/tr>\n<tr style=\"height: 33px\">\n<td style=\"width: 15%;text-align: center;height: 33px\">\u00a0<\/td>\n<td style=\"width: 60.9677%;text-align: center;height: 33px\">2025-2026 1. f\u00e9l\u00e9v 5. \u00e9vfolyam<\/td>\n<td style=\"width: 37.9032%;height: 33px\">\u00a0<\/td>\n<\/tr>\n<tr style=\"height: 33px\">\n<td style=\"width: 15%;text-align: center;height: 33px\">\u00a0<\/td>\n<td style=\"width: 60.9677%;text-align: center;height: 33px\">\u00c1rk\u00f6vy el\u0151ad\u00f3terem<\/td>\n<td style=\"width: 37.9032%;height: 33px\">\u00a0<\/td>\n<\/tr>\n<tr style=\"height: 33px\">\n<td style=\"width: 15%;text-align: center;height: 33px\">\u00a0<\/td>\n<td style=\"width: 60.9677%;text-align: center;height: 33px\">H\u00e9tf\u0151 8.00-8.45\u00a0<\/td>\n<td style=\"width: 37.9032%;height: 33px\">\u00a0<\/td>\n<\/tr>\n<tr style=\"height: 33px\">\n<td style=\"width: 15%;height: 33px\">\u00a0<\/td>\n<td style=\"width: 60.9677%;height: 33px\">\u00a0<\/td>\n<td style=\"width: 37.9032%;height: 33px\">\u00a0<\/td>\n<\/tr>\n<tr style=\"height: 93px\">\n<td style=\"width: 15%;height: 93px\" width=\"87\">2025.09.01<\/td>\n<td style=\"width: 60.9677%;height: 93px\" width=\"386\">Az Oralis medicina t\u00e1rgya, jelent\u0151s\u00e9ge. A betegvizsg\u00e1lat menete. Elemi jelens\u00e9gek a sz\u00e1jny\u00e1lkah\u00e1rty\u00e1n<\/td>\n<td style=\"width: 37.9032%;height: 93px\" width=\"151\">Prof. Dr. Dob\u00f3 Nagy Csaba<\/td>\n<\/tr>\n<tr style=\"height: 33px\">\n<td style=\"width: 15%;height: 33px\" width=\"87\">2025.09.08<\/td>\n<td style=\"width: 60.9677%;height: 33px\" width=\"386\">Or\u00e1lis infekci\u00f3k I \u2013 gomb\u00e1k okozta megbeteged\u00e9sek<\/td>\n<td style=\"width: 37.9032%;height: 33px\" width=\"151\">Dr. Br\u00f3dy Andrea<\/td>\n<\/tr>\n<tr style=\"height: 63px\">\n<td style=\"width: 15%;height: 63px\" width=\"87\">2025.09.15<\/td>\n<td style=\"width: 60.9677%;height: 63px\" width=\"386\">Or\u00e1lis infekci\u00f3k II \u2013 v\u00edrusok \u00e9s bakt\u00e9riumok okozta megbeteged\u00e9sek<\/td>\n<td style=\"width: 37.9032%;height: 63px\" width=\"151\">Dr. Br\u00f3dy Andrea<\/td>\n<\/tr>\n<tr style=\"height: 33px\">\n<td style=\"width: 15%;height: 33px\" width=\"87\">2025.09.22<\/td>\n<td style=\"width: 60.9677%;height: 33px\" width=\"386\">Sz\u00e1j\u00fcregi daganatok<\/td>\n<td style=\"width: 37.9032%;height: 33px\" width=\"151\">Dr. Simonffy L\u00e1szl\u00f3<\/td>\n<\/tr>\n<tr style=\"height: 33px\">\n<td style=\"width: 15%;height: 33px\" width=\"87\">2025.09.29<\/td>\n<td style=\"width: 60.9677%;height: 33px\" width=\"386\">Immunol\u00f3giai k\u00f3rk\u00e9pek a sz\u00e1j\u00fcregben<\/td>\n<td style=\"width: 37.9032%;height: 33px\" width=\"151\">Dr. Horv\u00e1th D\u00e1niel<\/td>\n<\/tr>\n<tr style=\"height: 33px\">\n<td style=\"width: 15%;height: 33px\" width=\"87\">2025.10.06<\/td>\n<td style=\"width: 60.9677%;height: 33px\" width=\"386\">\u00a0Sziszt\u00e9m\u00e1s betegs\u00e9gek sz\u00e1j\u00fcregi manifeszt\u00e1ci\u00f3i<\/td>\n<td style=\"width: 37.9032%;height: 33px\" width=\"151\">Dr. Br\u00f3dy Andrea<\/td>\n<\/tr>\n<tr style=\"height: 63px\">\n<td style=\"width: 15%;height: 63px\" width=\"87\">2025.10.13<\/td>\n<td style=\"width: 60.9677%;height: 63px\" width=\"386\">A v\u00e9rk\u00e9pz\u0151rendszeri betegs\u00e9gek sz\u00e1j\u00fcregi vonatkoz\u00e1sai<\/td>\n<td style=\"width: 37.9032%;height: 63px\" width=\"151\">Dr. V\u00e1lyi P\u00e9ter<\/td>\n<\/tr>\n<tr style=\"height: 33px\">\n<td style=\"width: 15%;height: 33px\" width=\"87\">2025.10.20<\/td>\n<td style=\"width: 60.9677%;height: 33px\" width=\"386\">A ny\u00e1lmirigyek betegs\u00e9gei \u00a0\u00a0\u00a0\u00a0\u00a0\u00a0\u00a0\u00a0\u00a0\u00a0\u00a0\u00a0\u00a0\u00a0\u00a0\u00a0\u00a0\u00a0\u00a0\u00a0\u00a0\u00a0\u00a0\u00a0\u00a0\u00a0\u00a0\u00a0\u00a0\u00a0\u00a0<\/td>\n<td style=\"width: 37.9032%;height: 33px\" width=\"151\">Dr. Gresz Veronika<\/td>\n<\/tr>\n<tr style=\"height: 63px\">\n<td style=\"width: 15%;height: 63px\" width=\"87\">2025.10.27<\/td>\n<td style=\"width: 60.9677%;height: 63px\" width=\"386\">Genetikai rendelleness\u00e9gek. Ritka betegs\u00e9gek az orofaci\u00e1lis r\u00e9gi\u00f3ban<\/td>\n<td style=\"width: 37.9032%;height: 63px\" width=\"151\">Dr. V\u00e1lyi P\u00e9ter<\/td>\n<\/tr>\n<tr style=\"height: 123px\">\n<td style=\"width: 15%;height: 123px\" width=\"87\">2025.11.03<\/td>\n<td style=\"width: 60.9677%;height: 123px\" width=\"386\">A sz\u00e1j\u00fcregi r\u00e1kmegel\u0151z\u0151 \u00e1llapotok \u00e9s differenci\u00e1ldiagnosztik\u00e1juk. A HPV jelent\u0151s\u00e9ge a sz\u00e1j\u00fcregi r\u00e1kok etiol\u00f3gi\u00e1j\u00e1ban. A sz\u00e1j\u00fcregi daganatok primer, szekunder \u00e9s tercier prevenci\u00f3ja<\/td>\n<td style=\"width: 37.9032%;height: 123px\" width=\"151\">Dr. Mensch K\u00e1roly<\/td>\n<\/tr>\n<tr style=\"height: 63px\">\n<td style=\"width: 15%;height: 63px\" width=\"87\">2025.11.10<\/td>\n<td style=\"width: 60.9677%;height: 63px\" width=\"386\">Molekul\u00e1ris onkol\u00f3giai diagnosztika jelent\u0151s\u00e9ge a sz\u00e1j\u00fcregi tumorok sikeres kezel\u00e9s\u00e9ben<\/td>\n<td style=\"width: 37.9032%;height: 63px\" width=\"151\">Prof. Dr. T\u00edm\u00e1r J\u00f3zsef<\/td>\n<\/tr>\n<tr style=\"height: 63px\">\n<td style=\"width: 15%;height: 63px\" width=\"87\">2025.11.17<\/td>\n<td style=\"width: 60.9677%;height: 63px\" width=\"386\">Feh\u00e9r sz\u00edn\u0171 sz\u00e1jny\u00e1lkah\u00e1rtya elv\u00e1ltoz\u00e1sok differenci\u00e1l diagnosztik\u00e1ja a klinikiumban<\/td>\n<td style=\"width: 37.9032%;height: 63px\">Dr. Horv\u00e1th D\u00e1niel<\/td>\n<\/tr>\n<tr style=\"height: 63px\">\n<td style=\"width: 15%;height: 63px\" width=\"87\">2025.11.24<\/td>\n<td style=\"width: 60.9677%;height: 63px\" width=\"386\">A sz\u00e1jny\u00e1lkah\u00e1rtya feh\u00e9r elv\u00e1ltoz\u00e1sai \u00e9s differenci\u00e1l diagnosztik\u00e1juk<\/td>\n<td style=\"width: 37.9032%;height: 63px\" width=\"151\">Dr. Scheich B\u00e1lint<\/td>\n<\/tr>\n<tr style=\"height: 63px\">\n<td style=\"width: 15%;height: 63px\" width=\"87\">2025.12.01<\/td>\n<td style=\"width: 60.9677%;height: 63px\" width=\"386\">Az ajak \u00e9s a nyelv betegs\u00e9gei \u2013 interakt\u00edv diagnosztika<\/td>\n<td style=\"width: 37.9032%;height: 63px\" width=\"151\">Dr. Br\u00f3dy Andrea<\/td>\n<\/tr>\n<\/tbody>\n<\/table>\n","protected":false},"excerpt":{"rendered":"<p>\u00a0 Or\u00e1lis medicina el\u0151ad\u00e1sok\u00a0 \u00a0 \u00a0 2025-2026 1. f\u00e9l\u00e9v 5. \u00e9vfolyam \u00a0 \u00a0 \u00c1rk\u00f6vy el\u0151ad\u00f3terem \u00a0 \u00a0 H\u00e9tf\u0151 8.00-8.45\u00a0 \u00a0 \u00a0 \u00a0 \u00a0 2025.09.01 Az Oralis medicina t\u00e1rgya, jelent\u0151s\u00e9ge. A betegvizsg\u00e1lat menete. Elemi jelens\u00e9gek a sz\u00e1jny\u00e1lkah\u00e1rty\u00e1n Prof. Dr. Dob\u00f3 Nagy Csaba 2025.09.08 Or\u00e1lis infekci\u00f3k I \u2013 gomb\u00e1k okozta megbeteged\u00e9sek Dr. Br\u00f3dy Andrea 2025.09.15 Or\u00e1lis infekci\u00f3k &hellip;<\/p>\n","protected":false},"author":126,"featured_media":0,"parent":29,"menu_order":1,"comment_status":"closed","ping_status":"closed","template":"","meta":{"_acf_changed":false,"footnotes":""},"categories":[],"tags":[],"class_list":["post-957","page","type-page","status-publish","hentry"],"acf":[],"_links":{"self":[{"href":"https:\/\/semmelweis.hu\/oralis-diagnosztika\/wp-json\/wp\/v2\/pages\/957","targetHints":{"allow":["GET"]}}],"collection":[{"href":"https:\/\/semmelweis.hu\/oralis-diagnosztika\/wp-json\/wp\/v2\/pages"}],"about":[{"href":"https:\/\/semmelweis.hu\/oralis-diagnosztika\/wp-json\/wp\/v2\/types\/page"}],"author":[{"embeddable":true,"href":"https:\/\/semmelweis.hu\/oralis-diagnosztika\/wp-json\/wp\/v2\/users\/126"}],"replies":[{"embeddable":true,"href":"https:\/\/semmelweis.hu\/oralis-diagnosztika\/wp-json\/wp\/v2\/comments?post=957"}],"version-history":[{"count":10,"href":"https:\/\/semmelweis.hu\/oralis-diagnosztika\/wp-json\/wp\/v2\/pages\/957\/revisions"}],"predecessor-version":[{"id":3563,"href":"https:\/\/semmelweis.hu\/oralis-diagnosztika\/wp-json\/wp\/v2\/pages\/957\/revisions\/3563"}],"up":[{"embeddable":true,"href":"https:\/\/semmelweis.hu\/oralis-diagnosztika\/wp-json\/wp\/v2\/pages\/29"}],"wp:attachment":[{"href":"https:\/\/semmelweis.hu\/oralis-diagnosztika\/wp-json\/wp\/v2\/media?parent=957"}],"wp:term":[{"taxonomy":"category","embeddable":true,"href":"https:\/\/semmelweis.hu\/oralis-diagnosztika\/wp-json\/wp\/v2\/categories?post=957"},{"taxonomy":"post_tag","embeddable":true,"href":"https:\/\/semmelweis.hu\/oralis-diagnosztika\/wp-json\/wp\/v2\/tags?post=957"}],"curies":[{"name":"wp","href":"https:\/\/api.w.org\/{rel}","templated":true}]}}