{"id":7,"date":"2012-02-04T15:49:26","date_gmt":"2012-02-04T15:49:26","guid":{"rendered":"http:\/\/semmelweis-egyetem.hu\/oralis-diagnosztika\/?page_id=7"},"modified":"2025-11-27T16:39:28","modified_gmt":"2025-11-27T15:39:28","slug":"altalanos-informaciok","status":"publish","type":"page","link":"https:\/\/semmelweis.hu\/oralis-diagnosztika\/altalanos-informaciok\/","title":{"rendered":"A Tansz\u00e9kr\u0151l"},"content":{"rendered":"<p>Az Or\u00e1lis Diagnosztikai Klinika a Fogorvostudom\u00e1nyi Kar egyik legfiatalabb klinik\u00e1ja. Az \u00d6n\u00e1ll\u00f3 Radiol\u00f3giai R\u00e9szleg 2003-ban j\u00f6tt l\u00e9tre a Miksz\u00e1th K\u00e1lm\u00e1n t\u00e9ren, k\u00e9s\u0151bb 2007-ben pedig az Or\u00e1lis Diagnosztikai R\u00e9szleg, egy id\u0151ben azzal, amikor a Kar az \u00faj \u00e9p\u00fcletbe k\u00f6lt\u00f6z\u00f6tt.<\/p>\n<p>A harmadik emeleten megtal\u00e1lhat\u00f3 integr\u00e1lt egys\u00e9g 2011-t\u0151l kezdve akt\u00edvan r\u00e9szt vesz a fog\u00e1szati diagnosztikai tev\u00e9kenys\u00e9gek sz\u00e9les ter\u00fclet\u00e9n, a s\u00fcrg\u0151ss\u00e9gi ell\u00e1t\u00e1sban valamint az els\u0151dleges fog\u00e1szati kezel\u00e9sben. J\u00f3l k\u00e9pzett, a fog\u00e1szat t\u00f6bb ter\u00fclet\u00e9n j\u00e1rtas szakmai g\u00e1rd\u00e1val v\u00e9gzi a sz\u00e9les spektrum\u00fa tud\u00e1st \u00e9s j\u00e1rtass\u00e1got ig\u00e9nyl\u0151 fog\u00e1szati diagnosztik\u00e1nak magas szint\u0171 m\u0171vel\u00e9s\u00e9t. A fog\u00e1szati diagnosztika \u00e9s a s\u00fcrg\u0151ss\u00e9gi ell\u00e1t\u00e1s egy helyen t\u00f6rt\u00e9n\u0151 elhelyez\u00e9se lehet\u0151v\u00e9 teszi, az \u00faj betegek \u00e9s s\u00fcrg\u0151ss\u00e9gi esetek egy helyen t\u00f6rt\u00e9n\u0151 ell\u00e1t\u00e1s\u00e1t. A kezdeti diagn\u00f3zis fel\u00e1ll\u00edt\u00e1sa ut\u00e1n a beteget vagy helyben kezelik, vagy tov\u00e1bbk\u00fcldik valamelyik speci\u00e1lis klinik\u00e1ra a tov\u00e1bbi ell\u00e1t\u00e1s \u00e9rdek\u00e9ben.<\/p>\n<p>A Klinika dento-alveol\u00e1ris seb\u00e9szeti profillal is rendelkezik \u00e9s a szakk\u00e9pzett orvosi team a modern technik\u00e1k \u00e9s m\u00f3dszerek seg\u00edts\u00e9g\u00e9vel implant\u00e1l\u00e1ssal is foglalkozik. A fog\u00e1szati radiol\u00f3giai r\u00e9szleg kett\u0151 panor\u00e1ma r\u00f6ntgennel \u00e9s \u00f6t intraor\u00e1lis\u00a0 r\u00f6ntgeng\u00e9ppel rendelkezik, valamint digitalis intraor\u00e1lis szenzorokkal, amelyek lehet\u0151v\u00e9 teszi a k\u00e9pi felv\u00e9telek digitaliz\u00e1l\u00e1s\u00e1t. Minden sz\u00e1m\u00edt\u00f3g\u00e9pen megtal\u00e1lhat\u00f3 egy PACS r\u00f6ntgen program, amely \u00f6ssze van kapcsolva minden klinik\u00e1val, \u00edgy a p\u00e1ciensek felv\u00e9telei azonnal megtekinthet\u0151k, illetve ez lehet\u0151v\u00e9 teszi a gyorsabb beteg adminisztr\u00e1ci\u00f3t, valamint a kutat\u00e1st is seg\u00edti. A h\u00e1romdimenzi\u00f3s CBCT jelent\u0151sen jav\u00edtja a fog\u00e1szati diagn\u00f3zis sz\u00ednvonal\u00e1t. A 3D-s technika nagy seg\u00edts\u00e9get jelent a fog\u00e1szati implantol\u00f3gia megtervez\u00e9s\u00e9ben is. Az Or\u00e1lis Medicina R\u00e9szleg szakrendel\u00e9st biztos\u00edt minden d\u00e9lel\u0151tt a beutal\u00f3val vagy an\u00e9lk\u00fcl \u00e9rkez\u0151 p\u00e1ciensek sz\u00e1m\u00e1ra. A Klinika szorosan egy\u00fcttm\u0171k\u00f6dve dolgozik a t\u00f6bbi partner klinik\u00e1val, fenntartva a folyamatos kommunik\u00e1ci\u00f3t.<\/p>\n<p>A Klinika \u00e1ltal oktatott tant\u00e1rgyak k\u00f6z\u00fcl az Or\u00e1lis Diagnosztika alapvet\u0151en integrat\u00edv jelleg\u0171 tant\u00e1rgy az \u00f6t\u00f6dik szemeszterben, amely 14 elm\u00e9leti \u00e9s 28 gyakorlati \u00f3rasz\u00e1mban ker\u00fcl oktat\u00e1sra, amelynek c\u00e9lja, hogy a hallgat\u00f3k j\u00e1rtass\u00e1got szerezzenek a m\u00e1r ismert, illetve a tant\u00e1rgy keret\u00e9ben elsaj\u00e1t\u00edtand\u00f3 diagnosztikai elj\u00e1r\u00e1sok alkalmaz\u00e1si ter\u00fcleteiben \u00e9s klinikai haszn\u00e1lat\u00e1ban. Az Or\u00e1lis Medicina tant\u00e1rgy a curriculum 9. szemeszter\u00e9ben heti egy el\u0151ad\u00e1s form\u00e1j\u00e1ban szerepel, a gyakorlati oktat\u00e1st az 5. szemeszterben 14 \u00f3r\u00e1val az Or\u00e1lis Diagnosztika gyakorlat integr\u00e1lja, amelynek c\u00e9lja a sz\u00e1j\u00fcregi elv\u00e1ltoz\u00e1sok korai felismer\u00e9se \u00e9s diagnosztik\u00e1ja. \u00a0Az \u00c1ltal\u00e1nos \u00e9s fog\u00e1szati radiol\u00f3gia egy k\u00e9tszemeszteres tant\u00e1rgy, amely 14 elm\u00e9leti \u00e9s 42 gyakorlati \u00f3r\u00e1ban ker\u00fcl oktat\u00e1sra. Ennek sor\u00e1n a hallgat\u00f3k elsaj\u00e1t\u00edtj\u00e1k a patol\u00f3giai \u00e9s klinikai r\u00f6ntgendiagnosztika alapjait, valamint az \u00e1ltal\u00e1nos radiol\u00f3giai ismereteket, tov\u00e1bb\u00e1 megismerkednek a norm\u00e1lis r\u00f6ntgenanat\u00f3mi\u00e1val, a patol\u00f3gi\u00e1s folyamatok r\u00f6ntgenk\u00e9p\u00e9nek felismer\u00e9s\u00e9vel \u00e9s a fogorvosi beavatkoz\u00e1sok r\u00f6ntgenvonatkoz\u00e1saival A radiol\u00f3giai oktat\u00e1st a Sug\u00e1rv\u00e9delmi ismeretek tant\u00e1rgy el\u0151zi meg, amely egy egyszemeszteres k\u00e9pz\u00e9s. A Sug\u00e1rv\u00e9delmi ismeretek tant\u00e1rgy teljes\u00edt\u00e9se hat\u00f3s\u00e1gi bizony\u00edtv\u00e1nyt biztos\u00edt a hallgat\u00f3knak, amely lehet\u0151v\u00e9 teszi sz\u00e1mukra, hogy saj\u00e1t betegeikr\u0151l \u00f6n\u00e1ll\u00f3an r\u00f6ntgenfelv\u00e9teleket k\u00e9sz\u00edthessenek. Ez egyed\u00fcl\u00e1ll\u00f3 az orsz\u00e1gban. A szabadon v\u00e1laszthat\u00f3 t\u00e1rgyak olyan speci\u00e1lis r\u00e9szekkel foglalkoznak, mint a sz\u00e1j\u00fcregi r\u00e1k. Az \u00c1ltal\u00e1nos Orvostudom\u00e1nyi Karral \u00e9s Gy\u00f3gyszer\u00e9sztudom\u00e1nyi Karral szorosan egy\u00fcttm\u0171k\u00f6dve szervezz\u00fck a Nanotechnol\u00f3gia m\u0171szerei tant\u00e1rgyat. Siker\u00fclt kifejleszten\u00fcnk egy olyan k\u00e9pz\u00e9si h\u00e1l\u00f3zatot, amely megfelel a 21. sz\u00e1zadi fogorvostan-hallgat\u00f3k elv\u00e1r\u00e1sainak \u00e9s ig\u00e9nyeinek. Ez a 3D diagnosztika \u00e9s az \u00faj sz\u00e9kmelletti technik\u00e1k alkalmaz\u00e1sa \u00faj t\u00e1vlatokat nyit meg az oktat\u00e1s ter\u00fclet\u00e9n.<\/p>\n<p>A Klinika dolgoz\u00f3i rendszeresen publik\u00e1lnak nemzetk\u00f6zi \u00e9s hazai fog\u00e1szati lapokban. A Klinika a kutat\u00e1s ter\u00e9n is jelent\u0151s szerepet v\u00e1llal, hisz helyet ad az Anyagtudom\u00e1nyi Kutat\u00f3k\u00f6zpontnak (MSRI), amely akt\u00edvan r\u00e9szt vesz nemzetk\u00f6zi kollabor\u00e1ns projektekben, bele\u00e9rtve a fog\u00e1szati anyagok racion\u00e1lis tervez\u00e9s\u00e9t, olyan partnerekkel egy\u00fcttm\u0171k\u00f6dve, mint a Londoni \u00e9s Cambridgei Egyetem, a Toront\u00f3i Egyetem \u00e9s a Hong Kongi Egyetem.<\/p>\n","protected":false},"excerpt":{"rendered":"<p>Az Or\u00e1lis Diagnosztikai Tansz\u00e9k a Fogorvostudom\u00e1nyi Kar egyik legfiatalabb tansz\u00e9ke. 2011-ben az \u00d6n\u00e1ll\u00f3 Radiol\u00f3giai R\u00e9szleg, az Or\u00e1lis Diagnosztikai R\u00e9szleg \u00e9s a Dento-alveol\u00e1ris Seb\u00e9szeti Oszt\u00e1ly \u00f6sszevon\u00e1s\u00e1val alakult meg.<\/p>\n<p>A tansz\u00e9k akt\u00edvan r\u00e9szt vesz a fog\u00e1szati diagnosztikai tev\u00e9kenys\u00e9gek sz\u00e9les ter\u00fcletein, a s\u00fcrg\u0151ss\u00e9gi ell\u00e1t\u00e1sban valamint az els\u0151dleges fog\u00e1szati kezel\u00e9sben. A fog\u00e1szati diagnosztika \u00e9s a s\u00fcrg\u0151ss\u00e9gi ell\u00e1t\u00e1s k\u00f6z\u00f6s elhelyez\u00e9se lehet\u0151v\u00e9 teszi az \u00faj betegek \u00e9s s\u00fcrg\u0151ss\u00e9gi esetek egy helyen t\u00f6rt\u00e9n\u0151 ell\u00e1t\u00e1s\u00e1t. A kezdeti diagn\u00f3zis fel\u00e1ll\u00edt\u00e1sa ut\u00e1n a beteget vagy helyben kezelik, vagy tov\u00e1bbk\u00fcldik valamelyik speci\u00e1lis klinik\u00e1ra a tov\u00e1bbi ell\u00e1t\u00e1s \u00e9rdek\u00e9ben.<\/p>\n","protected":false},"author":126,"featured_media":2202,"parent":0,"menu_order":1,"comment_status":"open","ping_status":"open","template":"","meta":{"_acf_changed":false,"footnotes":""},"categories":[],"tags":[],"class_list":["post-7","page","type-page","status-publish","has-post-thumbnail","hentry"],"acf":[],"_links":{"self":[{"href":"https:\/\/semmelweis.hu\/oralis-diagnosztika\/wp-json\/wp\/v2\/pages\/7","targetHints":{"allow":["GET"]}}],"collection":[{"href":"https:\/\/semmelweis.hu\/oralis-diagnosztika\/wp-json\/wp\/v2\/pages"}],"about":[{"href":"https:\/\/semmelweis.hu\/oralis-diagnosztika\/wp-json\/wp\/v2\/types\/page"}],"author":[{"embeddable":true,"href":"https:\/\/semmelweis.hu\/oralis-diagnosztika\/wp-json\/wp\/v2\/users\/126"}],"replies":[{"embeddable":true,"href":"https:\/\/semmelweis.hu\/oralis-diagnosztika\/wp-json\/wp\/v2\/comments?post=7"}],"version-history":[{"count":5,"href":"https:\/\/semmelweis.hu\/oralis-diagnosztika\/wp-json\/wp\/v2\/pages\/7\/revisions"}],"predecessor-version":[{"id":3588,"href":"https:\/\/semmelweis.hu\/oralis-diagnosztika\/wp-json\/wp\/v2\/pages\/7\/revisions\/3588"}],"wp:featuredmedia":[{"embeddable":true,"href":"https:\/\/semmelweis.hu\/oralis-diagnosztika\/wp-json\/wp\/v2\/media\/2202"}],"wp:attachment":[{"href":"https:\/\/semmelweis.hu\/oralis-diagnosztika\/wp-json\/wp\/v2\/media?parent=7"}],"wp:term":[{"taxonomy":"category","embeddable":true,"href":"https:\/\/semmelweis.hu\/oralis-diagnosztika\/wp-json\/wp\/v2\/categories?post=7"},{"taxonomy":"post_tag","embeddable":true,"href":"https:\/\/semmelweis.hu\/oralis-diagnosztika\/wp-json\/wp\/v2\/tags?post=7"}],"curies":[{"name":"wp","href":"https:\/\/api.w.org\/{rel}","templated":true}]}}