{"id":5,"date":"2012-02-04T15:44:35","date_gmt":"2012-02-04T15:44:35","guid":{"rendered":"http:\/\/semmelweis-egyetem.hu\/oralis-diagnosztika\/?page_id=5"},"modified":"2025-07-09T10:31:04","modified_gmt":"2025-07-09T08:31:04","slug":"elerhetoseg","status":"publish","type":"page","link":"https:\/\/semmelweis.hu\/oralis-diagnosztika\/elerhetoseg\/","title":{"rendered":"El\u00e9rhet\u0151s\u00e9g"},"content":{"rendered":"<p>1088 Budapest, Szentkir\u00e1ly u. 47.<br \/>\nTel: 459-1500\/59161, 59164, 317-1044<br \/>\nFax: 459-1500\/59165<br \/>\ne-mail: <a href=\"mailto:oralis.diagnosztika@semmelweis.hu\">oralis.diagnosztika@semmelweis.hu<\/a><\/p>\n<p>&nbsp;<\/p>\n\n<!-- iframe plugin v.4.9 wordpress.org\/plugins\/iframe\/ -->\n<iframe loading=\"lazy\" style=\"border: 0;\" src=\"https:\/\/www.google.com\/maps\/embed?pb=!1m18!1m12!1m3!1d1348.0371339721407!2d19.065985455785253!3d47.48846654342734!2m3!1f0!2f0!3f0!3m2!1i1024!2i768!4f13.1!3m3!1m2!1s0x4741dc5987501ab5%3A0x69982b6cdbb9b1a6!2sBudapest%2C+Szentkir%C3%A1lyi+u.+47%2C+1088!5e0!3m2!1shu!2shu!4v1499347333275\" width=\"100%\" height=\"450\" frameborder=\"0\" allowfullscreen=\"allowfullscreen\" scrolling=\"yes\" class=\"iframe-class\"><\/iframe>\n\n","protected":false},"excerpt":{"rendered":"<p>1088 Budapest, Szentkir\u00e1ly u. 47.<br \/>\nTel: 459-1500\/59161, 59164, 317-1044<br \/>\nFax: 459-1500\/59165<br \/>\ne-mail: <a href=\"mailto:oralis.diagnosztika@semmelweis.hu\">oralis.diagnosztika@semmelweis.hu<\/a><br \/>\n&nbsp;<\/p>\n","protected":false},"author":126,"featured_media":0,"parent":0,"menu_order":6,"comment_status":"open","ping_status":"open","template":"","meta":{"_acf_changed":false,"footnotes":""},"categories":[],"tags":[],"class_list":["post-5","page","type-page","status-publish","hentry"],"acf":[],"_links":{"self":[{"href":"https:\/\/semmelweis.hu\/oralis-diagnosztika\/wp-json\/wp\/v2\/pages\/5","targetHints":{"allow":["GET"]}}],"collection":[{"href":"https:\/\/semmelweis.hu\/oralis-diagnosztika\/wp-json\/wp\/v2\/pages"}],"about":[{"href":"https:\/\/semmelweis.hu\/oralis-diagnosztika\/wp-json\/wp\/v2\/types\/page"}],"author":[{"embeddable":true,"href":"https:\/\/semmelweis.hu\/oralis-diagnosztika\/wp-json\/wp\/v2\/users\/126"}],"replies":[{"embeddable":true,"href":"https:\/\/semmelweis.hu\/oralis-diagnosztika\/wp-json\/wp\/v2\/comments?post=5"}],"version-history":[{"count":6,"href":"https:\/\/semmelweis.hu\/oralis-diagnosztika\/wp-json\/wp\/v2\/pages\/5\/revisions"}],"predecessor-version":[{"id":3542,"href":"https:\/\/semmelweis.hu\/oralis-diagnosztika\/wp-json\/wp\/v2\/pages\/5\/revisions\/3542"}],"wp:attachment":[{"href":"https:\/\/semmelweis.hu\/oralis-diagnosztika\/wp-json\/wp\/v2\/media?parent=5"}],"wp:term":[{"taxonomy":"category","embeddable":true,"href":"https:\/\/semmelweis.hu\/oralis-diagnosztika\/wp-json\/wp\/v2\/categories?post=5"},{"taxonomy":"post_tag","embeddable":true,"href":"https:\/\/semmelweis.hu\/oralis-diagnosztika\/wp-json\/wp\/v2\/tags?post=5"}],"curies":[{"name":"wp","href":"https:\/\/api.w.org\/{rel}","templated":true}]}}