{"id":430,"date":"2013-04-09T10:51:30","date_gmt":"2013-04-09T10:51:30","guid":{"rendered":"http:\/\/semmelweis-egyetem.hu\/oralis-diagnosztika\/?page_id=430"},"modified":"2024-10-10T11:19:33","modified_gmt":"2024-10-10T09:19:33","slug":"tetelsor","status":"publish","type":"page","link":"https:\/\/semmelweis.hu\/oralis-diagnosztika\/oktatas\/altalanos-es-fogaszati-radiologia-ii\/tetelsor\/","title":{"rendered":"T\u00e9telsor"},"content":{"rendered":"<p align=\"center\"><b>\u00c1ltal\u00e1nos \u00e9s Fog\u00e1szati Radiol\u00f3gia <\/b><\/p>\n<p align=\"center\">szigorlati t\u00e9telek 2024\/2025<\/p>\n<ol>\n<li>A fog, fogmeder csont \u00e9s a spongiosa r\u00f6ntgenk\u00e9pe.<\/li>\n<li>A regio incisiva maxillaris, fels\u0151 metsz\u0151fogak \u00e9s a szemfog r\u00f6ntgenanat\u00f3mi\u00e1ja. A fels\u0151 metsz\u0151fogak \u00e9s a szemfog periapicalis felv\u00e9telei.<\/li>\n<li>A fels\u0151 kis- \u00e9s nagy\u0151rl\u0151k r\u00f6ntgenanat\u00f3mi\u00e1ja. A fels\u0151 kis-\u00e9s nagy\u0151rl\u0151k periapicalis felv\u00e9telei.<\/li>\n<li>A sinus maxillaris r\u00f6ntgenanat\u00f3mi\u00e1ja. A regio molaris maxillaris r\u00f6ntgenanat\u00f3mi\u00e1ja.<\/li>\n<li>Az als\u00f3 metsz\u0151fogak \u00e9s a szemfog r\u00f6ntgenanat\u00f3mi\u00e1ja. Az als\u00f3 metsz\u0151fogak \u00e9s a szemfog periapicalis felv\u00e9telei.<\/li>\n<li>Az als\u00f3 kis- \u00e9s nagy\u0151rl\u0151k r\u00f6ntgenanat\u00f3mi\u00e1ja. Az als\u00f3 kis- \u00e9s nagy\u0151rl\u0151k periapicalis felv\u00e9telei.<\/li>\n<li>A mandibula anat\u00f3miai k\u00e9pleteinek r\u00f6ntgenk\u00e9pe.<\/li>\n<li>Felv\u00e9telek p\u00e1rhuzamos technik\u00e1val.<\/li>\n<li>Koronafelv\u00e9telek indik\u00e1ci\u00f3i. Koronafelv\u00e9tel a fogakhoz helyezett filmre, koronafelv\u00e9tel sz\u00e1rnyas filmre.<\/li>\n<li>R\u00e1harap\u00e1sos felv\u00e9telek indik\u00e1ci\u00f3i. Fels\u0151 \u00e9s als\u00f3 r\u00e1harap\u00e1sos felv\u00e9telek. Gyermekek fogfelv\u00e9telei.<\/li>\n<li>R\u00f6ntgen-status.<\/li>\n<li>Lokaliz\u00e1l\u00e1s.<\/li>\n<li>Extraor\u00e1lis r\u00f6ntgenfelv\u00e9teli technika. \u00c1llcs\u00facs felv\u00e9tel, felf\u00fajt bucca felv\u00e9tel.<\/li>\n<li>Koponyafelv\u00e9telek.<\/li>\n<li>Az \u00e1llkapocs\u00edz\u00fclet \u00e9s a mandibula felv\u00e9telei.<\/li>\n<li>T\u00e1vfelv\u00e9tel.<\/li>\n<li>Panor\u00e1ma felv\u00e9telek extraor\u00e1lis sug\u00e1rforr\u00e1sb\u00f3l.<\/li>\n<li>R\u00f6ntgen-terminol\u00f3gia, r\u00f6ntgen-diagn\u00f3zis.<\/li>\n<li>A fogfejl\u0151d\u00e9s \u00e9s a tejfogak r\u00f6ntgenvizsg\u00e1lata. A tejfogak felsz\u00edv\u00f3d\u00e1sa, a marad\u00f3fogak \u00e1tt\u00f6r\u00e9se.<\/li>\n<li>A fogazati fejl\u0151d\u00e9si rendelleness\u00e9gekr\u0151l \u00e1ltal\u00e1ban. Alaki, nagys\u00e1gbeli \u00e9s helyzeti rendelleness\u00e9gek.<\/li>\n<li>Hypodontia, hyperodontia. A gy\u00f6kerek sz\u00e1mbeli rendelleness\u00e9gei.<\/li>\n<li>A retentio r\u00f6ntgenol\u00f3gi\u00e1ja. A retentio okai \u00e9s k\u00f6vetkezm\u00e9nyei. A tejfogak retenti\u00f3ja \u00e9s persistenti\u00e1ja.<\/li>\n<li>Szerkezeti rendelleness\u00e9gek, kett\u0151z\u00f6tt fogak, \u00e1llcsonthasad\u00e9k.<\/li>\n<li>A fogszuvasod\u00e1s r\u00f6ntgenk\u00e9pe \u00e9s \u00e9rt\u00e9kelhet\u0151s\u00e9ge. A fogszuvasod\u00e1s felismer\u00e9s\u00e9t megk\u00f6nny\u00edt\u0151 r\u00f6ntgentechnikai elj\u00e1r\u00e1sok.<\/li>\n<li>A fogszuvasod\u00e1s r\u00f6ntgendiagnosztikai t\u00e9ved\u00e9sei. A fogszuvasod\u00e1ssal \u00f6sszef\u00fcgg\u0151 r\u00f6ntgenvizsg\u00e1latok javallatai.<\/li>\n<li>Tertier dentin. A fogak kop\u00e1sa a r\u00f6ntgenk\u00e9pen.<\/li>\n<li>Periodontitis apicalis chronica. A parodontitis apicalis acuta r\u00f6ntgenvonatkoz\u00e1sai.<\/li>\n<li>Parodontitis apicalis chronica.<\/li>\n<li>Egy\u00e9b t\u00e1j\u00e9koz\u00f3d\u00e1sok a r\u00f6ntgenk\u00e9pr\u0151l: A parodontitis apicalis chronica helye \u00e9s kiterjed\u00e9se, okai, a gy\u00f6k\u00e9rcs\u00facs elv\u00e1ltoz\u00e1sai. T\u00e9ved\u00e9si lehet\u0151s\u00e9gek a parodontitis apicalis chronica egyes alakjainak az elk\u00fcl\u00f6n\u00edt\u00e9s\u00e9ben.<\/li>\n<li>A parodontitis apicalis chronica felismer\u00e9s\u00e9t megnehez\u00edt\u0151 anat\u00f3miai \u00e9s r\u00f6ntgentechnikai okok. M\u00e1s eredet\u0171 vet\u00fcletek \u00f6sszet\u00e9veszt\u00e9se parodontitis apicalis chronic\u00e1val.<\/li>\n<li>A fog\u00e1gybetegs\u00e9gek r\u00f6ntgenvizsg\u00e1lata.<\/li>\n<li>A fog\u00e1gybetegs\u00e9gek diagnosztik\u00e1j\u00e1t nehez\u00edt\u0151 k\u00f6r\u00fclm\u00e9nyek. A fog\u00e1gybetegs\u00e9gek gy\u00f3gykezel\u00e9s\u00e9nek r\u00f6ntgenvonatkoz\u00e1sai.<\/li>\n<li>A fogak felsz\u00edv\u00f3d\u00e1s\u00e1nak \u00e1ltal\u00e1nos jellemz\u00e9se. A korona \u00e9s a gy\u00f6k\u00e9r felsz\u00edv\u00f3d\u00e1sa.<\/li>\n<li>Cement t\u00falk\u00e9pz\u0151d\u00e9s. Csont t\u00falk\u00e9pz\u0151d\u00e9s.<\/li>\n<li>A fogcs\u00edra \u00e9s az el\u0151t\u00f6rt fogak s\u00e9r\u00fcl\u00e9sei.<\/li>\n<li>\u00c1llcsonts\u00e9r\u00fcl\u00e9sek. A csontvel\u0151gyullad\u00e1s r\u00f6ntgenvonatkoz\u00e1sai.<\/li>\n<li>A cyst\u00e1k feloszt\u00e1sa, \u00e1ltal\u00e1nos jellemz\u00e9se.<\/li>\n<li>Fogeredet\u0171 cyst\u00e1k.<\/li>\n<li>A nem fogeredet\u0171 cyst\u00e1k.<\/li>\n<li>Fog eredet\u0171 daganatok.<\/li>\n<li>A nem fogeredet\u0171 daganatok.<\/li>\n<li>A nagy ny\u00e1lmirigyek betegs\u00e9geinek r\u00f6ntgenvonatkoz\u00e1sai.<\/li>\n<li>T\u00f6m\u00e9sek, bet\u00e9tek r\u00f6ntgenvizsg\u00e1lata. Koron\u00e1k, hidak, prot\u00e9zisek, implant\u00e1tumok r\u00f6ntgenk\u00e9pe.<\/li>\n<li>R\u00f6ntgenfelv\u00e9telek gy\u00f6k\u00e9rkezel\u00e9s el\u0151tt \u00e9s gy\u00f6k\u00e9rkezel\u00e9s k\u00f6zben.<\/li>\n<li>A gy\u00f6k\u00e9rkezel\u00e9s eredm\u00e9ny\u00e9nek ellen\u0151rz\u00e9se. Az endodontiai seb\u00e9szettel kapcsolatos r\u00f6ntgenvizsg\u00e1latok.<\/li>\n<li>R\u00f6ntgenvizsg\u00e1latok a fogelt\u00e1vol\u00edt\u00e1sa el\u0151tt. Sz\u00f6v\u0151dm\u00e9nyek fogelt\u00e1vol\u00edt\u00e1s k\u00f6zben.<\/li>\n<li>R\u00f6ntgenvizsg\u00e1latok fogelt\u00e1vol\u00edt\u00e1s ut\u00e1n.<\/li>\n<li>G\u00f3cbetegs\u00e9g \u00e9s a fogak r\u00f6ntgenvizsg\u00e1lata.<\/li>\n<li>Az arc\u00fcreggyullad\u00e1s \u00e9s a fogak r\u00f6ntgenvizsg\u00e1lata.<\/li>\n<li>Digit\u00e1lis radiogr\u00e1fia.<\/li>\n<\/ol>\n","protected":false},"excerpt":{"rendered":"<p>\u00c1ltal\u00e1nos \u00e9s Fog\u00e1szati Radiol\u00f3gia szigorlati t\u00e9telek 2024\/2025 A fog, fogmeder csont \u00e9s a spongiosa r\u00f6ntgenk\u00e9pe. A regio incisiva maxillaris, fels\u0151 metsz\u0151fogak \u00e9s a szemfog r\u00f6ntgenanat\u00f3mi\u00e1ja. A fels\u0151 metsz\u0151fogak \u00e9s a szemfog periapicalis felv\u00e9telei. A fels\u0151 kis- \u00e9s nagy\u0151rl\u0151k r\u00f6ntgenanat\u00f3mi\u00e1ja. A fels\u0151 kis-\u00e9s nagy\u0151rl\u0151k periapicalis felv\u00e9telei. A sinus maxillaris r\u00f6ntgenanat\u00f3mi\u00e1ja. A regio molaris maxillaris r\u00f6ntgenanat\u00f3mi\u00e1ja. Az &hellip;<\/p>\n","protected":false},"author":126,"featured_media":0,"parent":3203,"menu_order":1,"comment_status":"open","ping_status":"open","template":"","meta":{"_acf_changed":false,"footnotes":""},"categories":[],"tags":[],"class_list":["post-430","page","type-page","status-publish","hentry"],"acf":[],"_links":{"self":[{"href":"https:\/\/semmelweis.hu\/oralis-diagnosztika\/wp-json\/wp\/v2\/pages\/430","targetHints":{"allow":["GET"]}}],"collection":[{"href":"https:\/\/semmelweis.hu\/oralis-diagnosztika\/wp-json\/wp\/v2\/pages"}],"about":[{"href":"https:\/\/semmelweis.hu\/oralis-diagnosztika\/wp-json\/wp\/v2\/types\/page"}],"author":[{"embeddable":true,"href":"https:\/\/semmelweis.hu\/oralis-diagnosztika\/wp-json\/wp\/v2\/users\/126"}],"replies":[{"embeddable":true,"href":"https:\/\/semmelweis.hu\/oralis-diagnosztika\/wp-json\/wp\/v2\/comments?post=430"}],"version-history":[{"count":10,"href":"https:\/\/semmelweis.hu\/oralis-diagnosztika\/wp-json\/wp\/v2\/pages\/430\/revisions"}],"predecessor-version":[{"id":3481,"href":"https:\/\/semmelweis.hu\/oralis-diagnosztika\/wp-json\/wp\/v2\/pages\/430\/revisions\/3481"}],"up":[{"embeddable":true,"href":"https:\/\/semmelweis.hu\/oralis-diagnosztika\/wp-json\/wp\/v2\/pages\/3203"}],"wp:attachment":[{"href":"https:\/\/semmelweis.hu\/oralis-diagnosztika\/wp-json\/wp\/v2\/media?parent=430"}],"wp:term":[{"taxonomy":"category","embeddable":true,"href":"https:\/\/semmelweis.hu\/oralis-diagnosztika\/wp-json\/wp\/v2\/categories?post=430"},{"taxonomy":"post_tag","embeddable":true,"href":"https:\/\/semmelweis.hu\/oralis-diagnosztika\/wp-json\/wp\/v2\/tags?post=430"}],"curies":[{"name":"wp","href":"https:\/\/api.w.org\/{rel}","templated":true}]}}