{"id":42,"date":"2012-10-08T09:19:40","date_gmt":"2012-10-08T09:19:40","guid":{"rendered":"http:\/\/semmelweis-egyetem.hu\/oralis-diagnosztika\/?page_id=42"},"modified":"2025-09-03T14:32:07","modified_gmt":"2025-09-03T12:32:07","slug":"sugarvedelem","status":"publish","type":"page","link":"https:\/\/semmelweis.hu\/oralis-diagnosztika\/oktatas\/sugarvedelem\/","title":{"rendered":"Sug\u00e1rv\u00e9delem"},"content":{"rendered":"<h1 style=\"text-align: center\">Sug\u00e1rv\u00e9delem<\/h1>\n<p style=\"text-align: center\"><strong>2025\/2026. 1. f\u00e9l\u00e9v<\/strong><\/p>\n<p style=\"text-align: center\"><strong style=\"font-size: 1rem\">3. \u00e9vfolyam<\/strong><\/p>\n<p>&nbsp;<\/p>\n<p>&nbsp;<\/p>\n<table style=\"width: 73.1609%\" width=\"696\">\n<tbody>\n<tr>\n<td style=\"width: 55.1282%\" width=\"384\">\n<p><strong>c\u00edm<\/strong><\/p>\n<\/td>\n<td style=\"width: 28.7749%\" width=\"180\">\n<p><strong>el\u0151ad\u00f3<\/strong><\/p>\n<\/td>\n<td style=\"width: 56.8565%\" width=\"132\">\n<p><strong>d\u00e1tum<\/strong><\/p>\n<\/td>\n<\/tr>\n<tr>\n<td style=\"width: 55.1282%\" width=\"384\">\n<p>Atomfizikai ismeretek. Radioaktivit\u00e1s<\/p>\n<\/td>\n<td style=\"width: 28.7749%\" width=\"180\">\n<p>Dr. Veres D\u00e1niel<\/p>\n<\/td>\n<td style=\"width: 56.8565%\" width=\"132\">\n<p>szeptember 11.<\/p>\n<\/td>\n<\/tr>\n<tr>\n<td style=\"width: 55.1282%\" width=\"384\">\n<p>Az ioniz\u00e1l\u00f3 sug\u00e1rz\u00e1s \u00e9s az anyag k\u00f6lcs\u00f6nhat\u00e1sa.<\/p>\n<p>Fizikai d\u00f3zisfogalmak \u00e9s az ioniz\u00e1l\u00f3 sug\u00e1rz\u00e1s m\u00e9r\u00e9se<\/p>\n<\/td>\n<td style=\"width: 28.7749%\" width=\"180\">\n<p>Dr. Kiss Bal\u00e1zs<\/p>\n<\/td>\n<td style=\"width: 56.8565%\" width=\"132\">\n<p>szeptember 18.<\/p>\n<\/td>\n<\/tr>\n<tr>\n<td style=\"width: 55.1282%\" width=\"384\">\n<p>A sug\u00e1rv\u00e9delem alapelvei, d\u00f3ziskorl\u00e1tok.<\/p>\n<\/td>\n<td style=\"width: 28.7749%\" width=\"180\">\n<p>Dr. Vecsei B\u00e1lint<\/p>\n<\/td>\n<td style=\"width: 56.8565%\" width=\"132\">\n<p>szeptember 25.<\/p>\n<\/td>\n<\/tr>\n<tr>\n<td style=\"width: 55.1282%\" width=\"384\">\n<p><span style=\"font-family: inherit;font-size: inherit\">A sug\u00e1rterhel\u00e9s fajt\u00e1i, szintjei (lakoss\u00e1gi sug\u00e1rterhel\u00e9s)<\/span><\/p>\n<\/td>\n<td style=\"width: 28.7749%\" width=\"180\">\n<p><span style=\"font-family: inherit;font-size: inherit\">Taba Gabriella<\/span><\/p>\n<\/td>\n<td style=\"width: 56.8565%\" width=\"132\">\n<p>okt\u00f3ber 2.<\/p>\n<\/td>\n<\/tr>\n<tr>\n<td style=\"width: 55.1282%\" width=\"384\">Sug\u00e1rbiol\u00f3giai ismeretek<\/td>\n<td style=\"width: 28.7749%\" width=\"180\">Dr. Szab\u00f3 Bence Tam\u00e1s<\/td>\n<td style=\"width: 56.8565%\" width=\"132\">\n<p>okt\u00f3ber 9.<\/p>\n<\/td>\n<\/tr>\n<tr>\n<td style=\"width: 55.1282%\" width=\"384\">\n<p>P\u00e1ciensekre vonatkoz\u00f3 sug\u00e1rv\u00e9delmi ismeretek; Sug\u00e1rv\u00e9delem a fog\u00e1szatban (munkahelyi sug\u00e1rv\u00e9delem)<\/p>\n<\/td>\n<td style=\"width: 28.7749%\" width=\"180\">\n<p>Dr. Szab\u00f3 Viktor<\/p>\n<\/td>\n<td style=\"width: 56.8565%\" width=\"132\">\n<p>okt\u00f3ber 16.<\/p>\n<\/td>\n<\/tr>\n<tr>\n<td style=\"width: 83.9031%\" colspan=\"2\" width=\"564\">\n<p style=\"text-align: center\"><em>Nemzeti \u00fcnnep<\/em><\/p>\n<\/td>\n<td style=\"width: 56.8565%\" width=\"132\">\n<p>okt\u00f3ber 23.<\/p>\n<\/td>\n<\/tr>\n<tr>\n<td style=\"width: 55.1282%\" width=\"384\">\n<p>Orvosi sug\u00e1rterhel\u00e9s<\/p>\n<\/td>\n<td style=\"width: 28.7749%\" width=\"180\">\n<p>Dr. Szab\u00f3 Bence Tam\u00e1s<\/p>\n<\/td>\n<td style=\"width: 56.8565%\" width=\"132\">\n<p>okt\u00f3ber 30.<\/p>\n<\/td>\n<\/tr>\n<tr>\n<td style=\"width: 55.1282%\" width=\"384\">\n<p>R\u00f6ntgenberendez\u00e9sek \u00e9s r\u00f6ntgenhelyis\u00e9g<\/p>\n<\/td>\n<td style=\"width: 28.7749%\" width=\"180\">\n<p>Dr. Vecsei B\u00e1lint<\/p>\n<\/td>\n<td style=\"width: 56.8565%\" width=\"132\">\n<p>november 6.<\/p>\n<\/td>\n<\/tr>\n<tr>\n<td style=\"width: 55.1282%\" width=\"384\">\n<p>A sug\u00e1rv\u00e9delem jogszab\u00e1lyi megalapoz\u00e1sa<\/p>\n<\/td>\n<td style=\"width: 28.7749%\" width=\"180\">\n<p>Salik \u00c1d\u00e1m<\/p>\n<\/td>\n<td style=\"width: 56.8565%\" width=\"132\">\n<p>november 13.<\/p>\n<\/td>\n<\/tr>\n<tr>\n<td style=\"width: 55.1282%\" width=\"384\">\n<p>A sug\u00e1reg\u00e9szs\u00e9g\u00fcgyi hat\u00f3s\u00e1gi ellen\u0151rz\u00e9s rendszere<\/p>\n<\/td>\n<td style=\"width: 28.7749%\" width=\"180\">\n<p>Salik \u00c1d\u00e1m<\/p>\n<\/td>\n<td style=\"width: 56.8565%\" width=\"132\">\n<p>november 20.<\/p>\n<\/td>\n<\/tr>\n<tr>\n<td style=\"width: 55.1282%\" width=\"384\">\n<p>Az ioniz\u00e1l\u00f3 sug\u00e1rz\u00e1s alkalmaz\u00e1s\u00e1nak munk\u00e1ltat\u00f3ra \u00e9s munkav\u00e1llal\u00f3ra vonatkoz\u00f3 \u00e1ltal\u00e1nos szab\u00e1lyai<\/p>\n<\/td>\n<td style=\"width: 28.7749%\" width=\"180\">\n<p>Salik \u00c1d\u00e1m<\/p>\n<\/td>\n<td style=\"width: 56.8565%\" width=\"132\">\n<p>november 27.<\/p>\n<\/td>\n<\/tr>\n<tr>\n<td style=\"width: 55.1282%\" width=\"384\">\n<p>Balesetelh\u00e1r\u00edt\u00e1si ismeretek<\/p>\n<\/td>\n<td style=\"width: 28.7749%\" width=\"180\">\n<p>Salik \u00c1d\u00e1m<\/p>\n<\/td>\n<td style=\"width: 56.8565%\" width=\"132\">\n<p>december 4.<\/p>\n<\/td>\n<\/tr>\n<tr>\n<td style=\"width: 55.1282%\" width=\"384\">\n<p>Konzult\u00e1ci\u00f3, \u00edr\u00e1sbeli tesztvizsga<\/p>\n<\/td>\n<td style=\"width: 28.7749%\" width=\"180\">\n<p>Dr. Szab\u00f3 Bence Tam\u00e1s<\/p>\n<\/td>\n<td style=\"width: 56.8565%\" width=\"132\">\n<p>december 11.<\/p>\n<\/td>\n<\/tr>\n<\/tbody>\n<\/table>\n<p>&nbsp;<\/p>\n<p>Az el\u0151ad\u00e1sok id\u0151pontja: cs\u00fct\u00f6rt\u00f6k 14<u><sup>15<\/sup><\/u>-15<u><sup>30<\/sup><\/u><\/p>\n<p>Az el\u0151ad\u00e1sok helye: \u00c1rk\u00f6vy el\u0151ad\u00f3 terem, f\u00f6ldszint, Budapest, Szentkir\u00e1lyi u. 47.<\/p>\n<p>Budapest, 2025. szeptember 2.<\/p>\n<p>&nbsp;<\/p>\n<p>Dr. Szab\u00f3 Bence Tam\u00e1s<\/p>\n<p>egyetemi docens<\/p>\n","protected":false},"excerpt":{"rendered":"<p>Sug\u00e1rv\u00e9delem 2025\/2026. 1. f\u00e9l\u00e9v 3. \u00e9vfolyam &nbsp; &nbsp; c\u00edm el\u0151ad\u00f3 d\u00e1tum Atomfizikai ismeretek. Radioaktivit\u00e1s Dr. Veres D\u00e1niel szeptember 11. Az ioniz\u00e1l\u00f3 sug\u00e1rz\u00e1s \u00e9s az anyag k\u00f6lcs\u00f6nhat\u00e1sa. Fizikai d\u00f3zisfogalmak \u00e9s az ioniz\u00e1l\u00f3 sug\u00e1rz\u00e1s m\u00e9r\u00e9se Dr. Kiss Bal\u00e1zs szeptember 18. A sug\u00e1rv\u00e9delem alapelvei, d\u00f3ziskorl\u00e1tok. Dr. Vecsei B\u00e1lint szeptember 25. A sug\u00e1rterhel\u00e9s fajt\u00e1i, szintjei (lakoss\u00e1gi sug\u00e1rterhel\u00e9s) Taba Gabriella &hellip;<\/p>\n","protected":false},"author":126,"featured_media":0,"parent":29,"menu_order":3,"comment_status":"closed","ping_status":"closed","template":"","meta":{"_acf_changed":false,"footnotes":""},"categories":[],"tags":[],"class_list":["post-42","page","type-page","status-publish","hentry"],"acf":[],"_links":{"self":[{"href":"https:\/\/semmelweis.hu\/oralis-diagnosztika\/wp-json\/wp\/v2\/pages\/42","targetHints":{"allow":["GET"]}}],"collection":[{"href":"https:\/\/semmelweis.hu\/oralis-diagnosztika\/wp-json\/wp\/v2\/pages"}],"about":[{"href":"https:\/\/semmelweis.hu\/oralis-diagnosztika\/wp-json\/wp\/v2\/types\/page"}],"author":[{"embeddable":true,"href":"https:\/\/semmelweis.hu\/oralis-diagnosztika\/wp-json\/wp\/v2\/users\/126"}],"replies":[{"embeddable":true,"href":"https:\/\/semmelweis.hu\/oralis-diagnosztika\/wp-json\/wp\/v2\/comments?post=42"}],"version-history":[{"count":10,"href":"https:\/\/semmelweis.hu\/oralis-diagnosztika\/wp-json\/wp\/v2\/pages\/42\/revisions"}],"predecessor-version":[{"id":3580,"href":"https:\/\/semmelweis.hu\/oralis-diagnosztika\/wp-json\/wp\/v2\/pages\/42\/revisions\/3580"}],"up":[{"embeddable":true,"href":"https:\/\/semmelweis.hu\/oralis-diagnosztika\/wp-json\/wp\/v2\/pages\/29"}],"wp:attachment":[{"href":"https:\/\/semmelweis.hu\/oralis-diagnosztika\/wp-json\/wp\/v2\/media?parent=42"}],"wp:term":[{"taxonomy":"category","embeddable":true,"href":"https:\/\/semmelweis.hu\/oralis-diagnosztika\/wp-json\/wp\/v2\/categories?post=42"},{"taxonomy":"post_tag","embeddable":true,"href":"https:\/\/semmelweis.hu\/oralis-diagnosztika\/wp-json\/wp\/v2\/tags?post=42"}],"curies":[{"name":"wp","href":"https:\/\/api.w.org\/{rel}","templated":true}]}}