{"id":41,"date":"2012-10-08T09:17:55","date_gmt":"2012-10-08T09:17:55","guid":{"rendered":"http:\/\/semmelweis-egyetem.hu\/oralis-diagnosztika\/?page_id=41"},"modified":"2026-01-19T12:41:33","modified_gmt":"2026-01-19T11:41:33","slug":"radiologia","status":"publish","type":"page","link":"https:\/\/semmelweis.hu\/oralis-diagnosztika\/oktatas\/radiologia\/","title":{"rendered":"\u00c1ltal\u00e1nos \u00e9s fog\u00e1szati radiol\u00f3gia I."},"content":{"rendered":"<p style=\"text-align: center\"><strong><span style=\"font-family: 'pt serif'\">El\u0151ad\u00e1sok<\/span><\/strong><\/p>\n<p style=\"text-align: center\"><strong><span style=\"font-family: 'pt serif'\">\u00c1ltal\u00e1nos \u00e9s Fog\u00e1szati Radiol\u00f3gia<\/span><\/strong><\/p>\n<p style=\"text-align: center\"><strong><span style=\"font-family: 'pt serif'\">2025\/2026. 2. f\u00e9l\u00e9v<\/span><\/strong><\/p>\n<p style=\"text-align: center\"><strong style=\"font-family: 'pt serif';font-size: 1rem\">3. \u00e9vfolyam<\/strong><\/p>\n<p>&nbsp;<\/p>\n<table width=\"647\">\n<tbody>\n<tr>\n<td width=\"383\">\n<p><span style=\"font-family: 'pt serif'\">c\u00edm<\/span><\/p>\n<\/td>\n<td colspan=\"2\" width=\"162\">\n<p><span style=\"font-family: 'pt serif'\"><strong>el\u0151ad\u00f3<\/strong><\/span><\/p>\n<\/td>\n<td width=\"102\">\n<p><span style=\"font-family: 'pt serif'\"><strong>id\u0151pont<\/strong><\/span><\/p>\n<\/td>\n<\/tr>\n<tr>\n<td width=\"383\">\n<p><span style=\"font-family: 'pt serif'\"><em>Anat\u00f3miai k\u00e9pletek<\/em><\/span><\/p>\n<\/td>\n<td colspan=\"2\" width=\"162\">\n<p><span style=\"font-family: 'pt serif'\">Dr. Vecsei B\u00e1lint<\/span><\/p>\n<\/td>\n<td width=\"102\">\n<p><span style=\"font-family: 'pt serif'\">febru\u00e1r 16.<\/span><\/p>\n<\/td>\n<\/tr>\n<tr>\n<td width=\"383\">\n<p><span style=\"font-family: 'pt serif'\"><em>A caries r\u00f6ntgendiagnosztik\u00e1ja <\/em><\/span><\/p>\n<\/td>\n<td colspan=\"2\" width=\"162\">\n<p><span style=\"font-family: 'pt serif'\">Dr. Szab\u00f3 Bence<\/span><\/p>\n<\/td>\n<td width=\"102\">\n<p><span style=\"font-family: 'pt serif'\">febru\u00e1r 23.<\/span><\/p>\n<\/td>\n<\/tr>\n<tr>\n<td width=\"383\">\n<p><span style=\"font-family: 'pt serif'\"><em>Apicalis parodontium betegs\u00e9gei, gy\u00f6k\u00e9rkezel\u00e9s<\/em><\/span><\/p>\n<\/td>\n<td colspan=\"2\" width=\"162\">\n<p><span style=\"font-family: 'pt serif'\">Dr. Dob\u00f3 Nagy Csaba<\/span><\/p>\n<\/td>\n<td width=\"102\">\n<p><span style=\"font-family: 'pt serif'\">m\u00e1rcius 2.<\/span><\/p>\n<\/td>\n<\/tr>\n<tr>\n<td width=\"383\">\n<p><span style=\"font-family: 'pt serif'\"><em>Margin\u00e1lis parodontium r\u00f6ntgendiagnosztik\u00e1ja<\/em><\/span><\/p>\n<\/td>\n<td colspan=\"2\" width=\"162\">\n<p><span style=\"font-family: 'pt serif'\">Dr. Dob\u00f3 Nagy Csaba<\/span><\/p>\n<\/td>\n<td width=\"102\">\n<p><span style=\"font-family: 'pt serif'\">m\u00e1rcius 9.<\/span><\/p>\n<\/td>\n<\/tr>\n<tr>\n<td width=\"383\">\n<p><span style=\"font-family: 'pt serif'\"><em>Cyst\u00e1k <\/em><\/span><\/p>\n<\/td>\n<td colspan=\"2\" width=\"162\">\n<p><span style=\"font-family: 'pt serif'\">Dr. Vecsei B\u00e1lint<\/span><\/p>\n<\/td>\n<td width=\"102\">\n<p><span style=\"font-family: 'pt serif'\">m\u00e1rcius 16.<\/span><\/p>\n<\/td>\n<\/tr>\n<tr>\n<td width=\"383\">\n<p><span style=\"font-family: 'pt serif'\"><em>Hypercementosis, daganatok, fejl\u0151d\u00e9si rendelleness\u00e9gek<\/em><\/span><\/p>\n<\/td>\n<td colspan=\"2\" width=\"162\">\n<p><span style=\"font-family: 'pt serif'\">Dr. Ackermann G\u00e1bor<\/span><\/p>\n<\/td>\n<td width=\"102\">\n<p><span style=\"font-family: 'pt serif'\">m\u00e1rcius 23.<\/span><\/p>\n<\/td>\n<\/tr>\n<tr>\n<td width=\"383\">\n<p><span style=\"font-family: 'pt serif'\"><em>Fogak felsz\u00edv\u00f3d\u00e1sa\u00a0 <\/em><\/span><\/p>\n<\/td>\n<td width=\"161\">\n<p><span style=\"font-family: 'pt serif'\">Dr. Vecsei B\u00e1lint<\/span><\/p>\n<\/td>\n<td colspan=\"2\" width=\"103\">\n<p><span style=\"font-family: 'pt serif'\">m\u00e1rcius 30.<\/span><\/p>\n<\/td>\n<\/tr>\n<tr>\n<td width=\"383\">\n<p><span style=\"font-family: 'pt serif'\"><em>Extractio<\/em><\/span><\/p>\n<\/td>\n<td colspan=\"2\" width=\"162\">\n<p><span style=\"font-family: 'pt serif'\">Dr. Szab\u00f3 Bence<\/span><\/p>\n<\/td>\n<td width=\"102\">\n<p><span style=\"font-family: 'pt serif'\">\u00e1prilis 13.<\/span><\/p>\n<\/td>\n<\/tr>\n<tr>\n<td width=\"383\">\n<p><span style=\"font-family: 'pt serif'\"><em>Paranasalis sinusok r\u00f6ntgenvizsg\u00e1lata<\/em><\/span><\/p>\n<\/td>\n<td colspan=\"2\" width=\"162\">\n<p><span style=\"font-family: 'pt serif'\">Dr. Szab\u00f3 Bence<\/span><\/p>\n<\/td>\n<td width=\"102\">\n<p><span style=\"font-family: 'pt serif'\">\u00e1prilis 20.<\/span><\/p>\n<\/td>\n<\/tr>\n<tr>\n<td width=\"383\">\n<p><span style=\"font-family: 'pt serif'\"><em>Panor\u00e1ma\u00a0 lek\u00e9pez\u00e9s, \u201econe-beam\u201d CT<\/em><\/span><\/p>\n<\/td>\n<td colspan=\"2\" width=\"162\">\n<p><span style=\"font-family: 'pt serif'\">Dr. Dob\u00f3 Nagy Csaba<\/span><\/p>\n<\/td>\n<td width=\"102\">\n<p><span style=\"font-family: 'pt serif'\">\u00e1prilis 27.<\/span><\/p>\n<\/td>\n<\/tr>\n<tr>\n<td width=\"383\">\n<p><span style=\"font-family: 'pt serif'\"><em>Digit\u00e1lis radiogr\u00e1fia<\/em><\/span><\/p>\n<\/td>\n<td colspan=\"2\" width=\"162\">\n<p><span style=\"font-family: 'pt serif'\">Dr. Szab\u00f3 Bence<\/span><\/p>\n<\/td>\n<td width=\"102\">\n<p><span style=\"font-family: 'pt serif'\">m\u00e1jus 4.<\/span><\/p>\n<\/td>\n<\/tr>\n<tr>\n<td width=\"383\">\n<p><span style=\"font-family: 'pt serif'\"><em>A r\u00f6ntgenk\u00e9p interpret\u00e1l\u00e1sa<\/em><\/span><\/p>\n<\/td>\n<td colspan=\"2\" width=\"162\">\n<p><span style=\"font-family: 'pt serif'\">Dr. Dob\u00f3 Nagy Csaba<\/span><\/p>\n<\/td>\n<td width=\"102\">\n<p><span style=\"font-family: 'pt serif'\">m\u00e1jus 11.<\/span><\/p>\n<\/td>\n<\/tr>\n<tr>\n<td width=\"383\">\n<p><span style=\"font-family: 'pt serif'\"><em>Tesztvizsga<\/em><\/span><\/p>\n<\/td>\n<td colspan=\"2\" width=\"162\">\n<p><span style=\"font-family: 'pt serif'\">Dr. Szab\u00f3 Viktor<\/span><\/p>\n<\/td>\n<td width=\"102\">\n<p><span style=\"font-family: 'pt serif'\">m\u00e1jus 18.<\/span><\/p>\n<\/td>\n<\/tr>\n<\/tbody>\n<\/table>\n<p>&nbsp;<\/p>\n<p><span style=\"font-family: 'pt serif'\">Az el\u0151ad\u00e1sok helye: \u00c1rk\u00f6vy tanterme<\/span><\/p>\n<p><span style=\"font-family: 'pt serif'\">Az el\u0151ad\u00e1sok id\u0151pontja: h\u00e9tf\u0151 12<sup>30<\/sup>-13<sup>15<\/sup><\/span><\/p>\n<p><span style=\"font-family: 'pt serif'\">Budapest, 2025. janu\u00e1r 19.<\/span><\/p>\n<p><span style=\"font-family: 'pt serif'\"><strong>\u00a0<\/strong><\/span><\/p>\n<p style=\"text-align: left\"><strong><span style=\"font-family: 'pt serif'\">Dr. Dob\u00f3 Nagy Csaba<\/span><\/strong><\/p>\n<p style=\"text-align: left\"><strong><span style=\"font-family: 'pt serif'\"><em>egyetemi tan\u00e1r<\/em><\/span><\/strong><\/p>\n<p><span style=\"font-family: 'pt serif'\"><strong><em>\u00a0<\/em><\/strong><\/span><\/p>\n<p style=\"text-align: center\"><strong><span style=\"font-family: 'pt serif'\">Gyakorlatok<\/span><\/strong><\/p>\n<p style=\"text-align: center\"><strong><span style=\"font-family: 'pt serif'\">\u00c1ltal\u00e1nos \u00e9s Fog\u00e1szati Radiol\u00f3gia<\/span><\/strong><\/p>\n<p style=\"text-align: center\"><strong><span style=\"font-family: 'pt serif'\">2023\/2024. 2. f\u00e9l\u00e9v<\/span><\/strong><\/p>\n<p style=\"text-align: center\"><strong style=\"font-family: 'pt serif';font-size: 1rem\">3. \u00e9vfolyam<\/strong><\/p>\n<p style=\"text-align: center\"><strong><span style=\"font-family: 'pt serif'\">\u00a0<\/span><\/strong><\/p>\n<table>\n<tbody>\n<tr>\n<td width=\"71\">\n<p><span style=\"font-family: 'pt serif'\">1. h\u00e9t<\/span><\/p>\n<\/td>\n<td width=\"579\">\n<p><span style=\"font-family: 'pt serif'\">A fogak r\u00e9szletes r\u00f6ntgenanat\u00f3mi\u00e1ja<\/span><\/p>\n<\/td>\n<\/tr>\n<tr>\n<td width=\"71\">\n<p><span style=\"font-family: 'pt serif'\">2. h\u00e9t<\/span><\/p>\n<\/td>\n<td width=\"579\">\n<p><span style=\"font-family: 'pt serif'\">Az anat\u00f3miai k\u00e9pletek r\u00f6ntgenvet\u00fclete (a sinus maxillaris-szal bez\u00e1r\u00f3lag)<\/span><\/p>\n<\/td>\n<\/tr>\n<tr>\n<td width=\"71\">\n<p><span style=\"font-family: 'pt serif'\">3. h\u00e9t<\/span><\/p>\n<\/td>\n<td width=\"579\">\n<p><span style=\"font-family: 'pt serif'\">Anat\u00f3miai k\u00e9pletek folytat\u00e1sa, Fogfejl\u0151d\u00e9s, Tejfogak<\/span><\/p>\n<\/td>\n<\/tr>\n<tr>\n<td width=\"71\">\n<p><span style=\"font-family: 'pt serif'\">4. h\u00e9t<\/span><\/p>\n<\/td>\n<td width=\"579\">\n<p><span style=\"font-family: 'pt serif'\">Fogfelismer\u00e9s, caries, anat\u00f3miai k\u00e9pletek gyakorl\u00e1sa<\/span><\/p>\n<\/td>\n<\/tr>\n<tr>\n<td width=\"71\">\n<p><span style=\"font-family: 'pt serif'\">5. h\u00e9t<\/span><\/p>\n<\/td>\n<td width=\"579\">\n<p><span style=\"font-family: 'pt serif'\">Anat\u00f3miai k\u00e9pletek, Fogfejl\u0151d\u00e9s, Extractio<\/span><\/p>\n<\/td>\n<\/tr>\n<tr>\n<td width=\"71\">\n<p><span style=\"font-family: 'pt serif'\">6. h\u00e9t<\/span><\/p>\n<\/td>\n<td width=\"579\">\n<p><span style=\"font-family: 'pt serif'\">Az apicalis parodontium gyullad\u00e1sai<\/span><\/p>\n<\/td>\n<\/tr>\n<tr>\n<td width=\"71\">\n<p><span style=\"font-family: 'pt serif'\">7. h\u00e9t<\/span><\/p>\n<\/td>\n<td width=\"579\">\n<p><span style=\"font-family: 'pt serif'\">A margin\u00e1lis parodontium betegs\u00e9gei<\/span><\/p>\n<\/td>\n<\/tr>\n<tr>\n<td width=\"71\">\n<p><span style=\"font-family: 'pt serif'\">8. h\u00e9t<\/span><\/p>\n<\/td>\n<td width=\"579\">\n<p><span style=\"font-family: 'pt serif'\">Cyst\u00e1k<\/span><\/p>\n<\/td>\n<\/tr>\n<tr>\n<td width=\"71\">\n<p><span style=\"font-family: 'pt serif'\">9. h\u00e9t<\/span><\/p>\n<\/td>\n<td width=\"579\">\n<p><span style=\"font-family: 'pt serif'\">Hypercementosis, Fogak s\u00e9r\u00fcl\u00e9sei, Daganatok, Resectio<\/span><\/p>\n<\/td>\n<\/tr>\n<tr>\n<td width=\"71\">\n<p><span style=\"font-family: 'pt serif'\">10. h\u00e9t<\/span><\/p>\n<\/td>\n<td width=\"579\">\n<p><span style=\"font-family: 'pt serif'\">Fejl\u0151d\u00e9si rendelleness\u00e9gek, <strong>dolgozat<\/strong><\/span><\/p>\n<\/td>\n<\/tr>\n<tr>\n<td width=\"71\">\n<p><span style=\"font-family: 'pt serif'\">11. h\u00e9t<\/span><\/p>\n<\/td>\n<td width=\"579\">\n<p><span style=\"font-family: 'pt serif'\">Komplex gyakorlat, v\u00e1logatott k\u00e9pek<\/span><\/p>\n<\/td>\n<\/tr>\n<tr>\n<td width=\"71\">\n<p><span style=\"font-family: 'pt serif'\">12. h\u00e9t<\/span><\/p>\n<\/td>\n<td width=\"579\">\n<p><span style=\"font-family: 'pt serif'\">Periapik\u00e1lis r\u00f6ntgenfelv\u00e9telek k\u00e9sz\u00edt\u00e9se sz\u00f6gfelez\u0151s technik\u00e1val, <strong>jav\u00edt\u00f3 dolgozat<\/strong><\/span><\/p>\n<\/td>\n<\/tr>\n<tr>\n<td width=\"71\">\n<p><span style=\"font-family: 'pt serif'\">13. h\u00e9t<\/span><\/p>\n<\/td>\n<td width=\"579\">\n<p><span style=\"font-family: 'pt serif'\">Periapik\u00e1lis r\u00f6ntgenfelv\u00e9telek k\u00e9sz\u00edt\u00e9se hossz\u00fatubus technik\u00e1val<\/span><\/p>\n<\/td>\n<\/tr>\n<tr>\n<td width=\"71\">\n<p><span style=\"font-family: 'pt serif'\">14. h\u00e9t<\/span><\/p>\n<\/td>\n<td width=\"579\">\n<p><span style=\"font-family: 'pt serif'\">A szigorlati k\u00e9pek elemz\u00e9se, <strong>jav\u00edt\u00f3 dolgozat<\/strong><\/span><\/p>\n<\/td>\n<\/tr>\n<\/tbody>\n<\/table>\n<p><span style=\"font-family: 'pt serif'\"><strong>\u00a0<\/strong><\/span><\/p>\n<p><span style=\"font-family: 'pt serif'\"><strong>\u00a0<\/strong><\/span><\/p>\n<p><span style=\"font-family: 'pt serif'\"><strong>Gyakorlati beoszt\u00e1s:<\/strong><\/span><\/p>\n<p><span style=\"font-family: 'pt serif'\"><strong>\u00a0<\/strong><\/span><\/p>\n<table>\n<tbody>\n<tr>\n<td width=\"144\">\n<p><span style=\"font-family: 'pt serif'\"><strong>id\u0151pont<\/strong><\/span><\/p>\n<\/td>\n<td width=\"248\">\n<p><span style=\"font-family: 'pt serif'\"><strong>helysz\u00edn<\/strong><\/span><\/p>\n<\/td>\n<td width=\"157\">\n<p><span style=\"font-family: 'pt serif'\"><strong>gyakorlatvezet\u0151<\/strong><\/span><\/p>\n<\/td>\n<\/tr>\n<tr>\n<td width=\"144\">\n<p><span style=\"font-family: 'pt serif'\">h\u00e9tf\u0151 13<sup>30<\/sup>-15<sup>00<\/sup><\/span><\/p>\n<\/td>\n<td width=\"248\">\n<p><span style=\"font-family: 'pt serif'\">319 Radiol\u00f3gia szemin\u00e1riumi terem<\/span><\/p>\n<\/td>\n<td width=\"157\">\n<p><span style=\"font-family: 'pt serif'\">Dr. Szab\u00f3 Viktor<\/span><\/p>\n<\/td>\n<\/tr>\n<tr>\n<td width=\"144\">\n<p><span style=\"font-family: 'pt serif'\">kedd 8<sup>00<\/sup>-9<sup>30<\/sup><\/span><\/p>\n<\/td>\n<td width=\"248\">\n<p><span style=\"font-family: 'pt serif'\">319 Radiol\u00f3gia szemin\u00e1riumi terem<\/span><\/p>\n<\/td>\n<td width=\"157\">\n<p><span style=\"font-family: 'pt serif'\">Dr. Szab\u00f3 Bence<\/span><\/p>\n<\/td>\n<\/tr>\n<tr>\n<td width=\"144\">\n<p><span style=\"font-family: 'pt serif'\">kedd 10<sup>00<\/sup>-11<sup>30<\/sup><\/span><\/p>\n<\/td>\n<td width=\"248\">\n<p><span style=\"font-family: 'pt serif'\">319 Radiol\u00f3gia szemin\u00e1riumi terem<\/span><\/p>\n<\/td>\n<td width=\"157\">\n<p><span style=\"font-family: 'pt serif'\">Dr. Dob\u00f3 Nagy Csaba<\/span><\/p>\n<\/td>\n<\/tr>\n<tr>\n<td width=\"144\">\n<p><span style=\"font-family: 'pt serif'\">kedd 11<sup>45<\/sup>-13<sup>15<\/sup><\/span><\/p>\n<\/td>\n<td width=\"248\">\n<p><span style=\"font-family: 'pt serif'\">319 Radiol\u00f3gia szemin\u00e1riumi terem<\/span><\/p>\n<\/td>\n<td width=\"157\">\n<p><span style=\"font-family: 'pt serif'\">Dr. Dob\u00f3 Nagy Csaba<\/span><\/p>\n<\/td>\n<\/tr>\n<tr>\n<td width=\"144\">\n<p><span style=\"font-family: 'pt serif'\">kedd 14<sup>45<\/sup>-16<sup>15<\/sup><\/span><\/p>\n<\/td>\n<td width=\"248\">\n<p><span style=\"font-family: 'pt serif'\">319 Radiol\u00f3gia szemin\u00e1riumi terem<\/span><\/p>\n<\/td>\n<td width=\"157\">\n<p><span style=\"font-family: 'pt serif'\">Dr. Ackermann G\u00e1bor<\/span><\/p>\n<\/td>\n<\/tr>\n<tr>\n<td width=\"144\">\n<p><span style=\"font-family: 'pt serif'\">cs\u00fct\u00f6rt\u00f6k 9<sup>00<\/sup>-10<sup>30<\/sup><\/span><\/p>\n<\/td>\n<td width=\"248\">\n<p><span style=\"font-family: 'pt serif'\">319 Radiol\u00f3gia szemin\u00e1riumi terem<\/span><\/p>\n<\/td>\n<td width=\"157\">\n<p><span style=\"font-family: 'pt serif'\">Dr. Szab\u00f3 Bence<\/span><\/p>\n<\/td>\n<\/tr>\n<tr>\n<td width=\"144\">\n<p><span style=\"font-family: 'pt serif'\">cs\u00fct\u00f6rt\u00f6k13<sup>30<\/sup>-15<sup>00<\/sup><\/span><\/p>\n<\/td>\n<td width=\"248\">\n<p><span style=\"font-family: 'pt serif'\">319 Radiol\u00f3gia szemin\u00e1riumi terem<\/span><\/p>\n<\/td>\n<td width=\"157\">\n<p><span style=\"font-family: 'pt serif'\">Dr. Vecsei B\u00e1lint<\/span><\/p>\n<\/td>\n<\/tr>\n<tr>\n<td width=\"144\">\n<p><span style=\"font-family: 'pt serif'\">p\u00e9ntek 8<sup>00<\/sup>-9<sup>30<\/sup><\/span><\/p>\n<\/td>\n<td width=\"248\">\n<p><span style=\"font-family: 'pt serif'\">319 Radiol\u00f3gia szemin\u00e1riumi terem<\/span><\/p>\n<\/td>\n<td width=\"157\">\n<p><span style=\"font-family: 'pt serif'\">Dr. Szab\u00f3 Viktor<\/span><\/p>\n<\/td>\n<\/tr>\n<\/tbody>\n<\/table>\n<p>&nbsp;<\/p>\n<p>&nbsp;<\/p>\n<p><span style=\"font-family: 'pt serif'\">Budapest, 2026. janu\u00e1r 19.<\/span><\/p>\n<p>&nbsp;<\/p>\n<p>&nbsp;<\/p>\n<h6><span style=\"font-family: 'pt serif'\">\u00a0\u00a0\u00a0\u00a0\u00a0\u00a0\u00a0\u00a0\u00a0\u00a0\u00a0\u00a0\u00a0\u00a0\u00a0\u00a0\u00a0\u00a0\u00a0\u00a0\u00a0\u00a0\u00a0\u00a0\u00a0\u00a0\u00a0\u00a0\u00a0\u00a0\u00a0\u00a0\u00a0\u00a0\u00a0\u00a0\u00a0\u00a0\u00a0\u00a0\u00a0\u00a0\u00a0\u00a0\u00a0\u00a0\u00a0\u00a0\u00a0\u00a0\u00a0\u00a0\u00a0\u00a0\u00a0\u00a0\u00a0\u00a0\u00a0\u00a0\u00a0\u00a0\u00a0\u00a0\u00a0\u00a0\u00a0\u00a0\u00a0\u00a0\u00a0\u00a0\u00a0\u00a0\u00a0\u00a0\u00a0\u00a0\u00a0\u00a0\u00a0\u00a0\u00a0\u00a0\u00a0\u00a0\u00a0\u00a0\u00a0\u00a0\u00a0\u00a0\u00a0\u00a0\u00a0\u00a0\u00a0\u00a0\u00a0\u00a0\u00a0\u00a0\u00a0\u00a0\u00a0 Dr. Dob\u00f3 Nagy Csaba<\/span><\/h6>\n<p><span style=\"font-family: 'pt serif'\">\u00a0\u00a0\u00a0\u00a0\u00a0\u00a0\u00a0\u00a0\u00a0\u00a0\u00a0\u00a0\u00a0\u00a0\u00a0\u00a0\u00a0\u00a0\u00a0\u00a0\u00a0\u00a0\u00a0\u00a0\u00a0\u00a0\u00a0\u00a0\u00a0\u00a0\u00a0\u00a0\u00a0\u00a0\u00a0\u00a0\u00a0\u00a0\u00a0\u00a0\u00a0\u00a0\u00a0\u00a0\u00a0\u00a0\u00a0\u00a0\u00a0\u00a0\u00a0\u00a0\u00a0\u00a0\u00a0\u00a0\u00a0\u00a0\u00a0\u00a0\u00a0\u00a0\u00a0\u00a0\u00a0\u00a0\u00a0\u00a0\u00a0\u00a0\u00a0\u00a0\u00a0\u00a0\u00a0\u00a0\u00a0\u00a0\u00a0\u00a0\u00a0\u00a0\u00a0\u00a0\u00a0\u00a0\u00a0\u00a0\u00a0\u00a0\u00a0\u00a0\u00a0\u00a0\u00a0\u00a0\u00a0\u00a0\u00a0\u00a0\u00a0\u00a0\u00a0\u00a0\u00a0 \u00a0\u00a0 egyetemi tan\u00e1r<\/span><\/p>\n<p>&nbsp;<\/p>\n","protected":false},"excerpt":{"rendered":"<p>El\u0151ad\u00e1sok \u00c1ltal\u00e1nos \u00e9s Fog\u00e1szati Radiol\u00f3gia 2025\/2026. 2. f\u00e9l\u00e9v 3. \u00e9vfolyam &nbsp; c\u00edm el\u0151ad\u00f3 id\u0151pont Anat\u00f3miai k\u00e9pletek Dr. Vecsei B\u00e1lint febru\u00e1r 16. A caries r\u00f6ntgendiagnosztik\u00e1ja Dr. Szab\u00f3 Bence febru\u00e1r 23. Apicalis parodontium betegs\u00e9gei, gy\u00f6k\u00e9rkezel\u00e9s Dr. Dob\u00f3 Nagy Csaba m\u00e1rcius 2. Margin\u00e1lis parodontium r\u00f6ntgendiagnosztik\u00e1ja Dr. Dob\u00f3 Nagy Csaba m\u00e1rcius 9. Cyst\u00e1k Dr. Vecsei B\u00e1lint m\u00e1rcius 16. Hypercementosis, &hellip;<\/p>\n","protected":false},"author":126,"featured_media":0,"parent":29,"menu_order":2,"comment_status":"closed","ping_status":"closed","template":"","meta":{"_acf_changed":false,"footnotes":""},"categories":[],"tags":[],"class_list":["post-41","page","type-page","status-publish","hentry"],"acf":[],"_links":{"self":[{"href":"https:\/\/semmelweis.hu\/oralis-diagnosztika\/wp-json\/wp\/v2\/pages\/41","targetHints":{"allow":["GET"]}}],"collection":[{"href":"https:\/\/semmelweis.hu\/oralis-diagnosztika\/wp-json\/wp\/v2\/pages"}],"about":[{"href":"https:\/\/semmelweis.hu\/oralis-diagnosztika\/wp-json\/wp\/v2\/types\/page"}],"author":[{"embeddable":true,"href":"https:\/\/semmelweis.hu\/oralis-diagnosztika\/wp-json\/wp\/v2\/users\/126"}],"replies":[{"embeddable":true,"href":"https:\/\/semmelweis.hu\/oralis-diagnosztika\/wp-json\/wp\/v2\/comments?post=41"}],"version-history":[{"count":10,"href":"https:\/\/semmelweis.hu\/oralis-diagnosztika\/wp-json\/wp\/v2\/pages\/41\/revisions"}],"predecessor-version":[{"id":3609,"href":"https:\/\/semmelweis.hu\/oralis-diagnosztika\/wp-json\/wp\/v2\/pages\/41\/revisions\/3609"}],"up":[{"embeddable":true,"href":"https:\/\/semmelweis.hu\/oralis-diagnosztika\/wp-json\/wp\/v2\/pages\/29"}],"wp:attachment":[{"href":"https:\/\/semmelweis.hu\/oralis-diagnosztika\/wp-json\/wp\/v2\/media?parent=41"}],"wp:term":[{"taxonomy":"category","embeddable":true,"href":"https:\/\/semmelweis.hu\/oralis-diagnosztika\/wp-json\/wp\/v2\/categories?post=41"},{"taxonomy":"post_tag","embeddable":true,"href":"https:\/\/semmelweis.hu\/oralis-diagnosztika\/wp-json\/wp\/v2\/tags?post=41"}],"curies":[{"name":"wp","href":"https:\/\/api.w.org\/{rel}","templated":true}]}}