{"id":40,"date":"2012-10-08T09:16:07","date_gmt":"2012-10-08T09:16:07","guid":{"rendered":"http:\/\/semmelweis-egyetem.hu\/oralis-diagnosztika\/?page_id=40"},"modified":"2025-09-03T11:35:47","modified_gmt":"2025-09-03T09:35:47","slug":"tematikak","status":"publish","type":"page","link":"https:\/\/semmelweis.hu\/oralis-diagnosztika\/oktatas\/tematikak\/","title":{"rendered":"Or\u00e1lis Diagnosztika"},"content":{"rendered":"<table>\n<tbody>\n<tr>\n<td style=\"text-align: center\" colspan=\"3\" width=\"580\">\n<p><strong>Or\u00e1lis diagnosztika el\u0151ad\u00e1s<\/strong><\/p>\n<\/td>\n<\/tr>\n<tr>\n<td style=\"text-align: center\" colspan=\"3\" width=\"580\">\n<p><strong>2025-2026. 1 f\u00e9l\u00e9v 3. \u00e9vfolyam<\/strong><\/p>\n<\/td>\n<\/tr>\n<tr>\n<td style=\"text-align: center\" colspan=\"3\" width=\"580\">\n<p><strong>SE FOK OC \u00c1rk\u00f6vy terem<\/strong><\/p>\n<\/td>\n<\/tr>\n<tr>\n<td style=\"text-align: center\" colspan=\"3\" width=\"580\">\n<p><strong>Cs\u00fct\u00f6rt\u00f6k 15.30-16.15<\/strong><\/p>\n<\/td>\n<\/tr>\n<tr>\n<td width=\"98\">\n<p>2025.09.11<\/p>\n<\/td>\n<td width=\"322\">\n<p>Bevezet\u00e9s az or\u00e1lis diagnosztik\u00e1ba<\/p>\n<\/td>\n<td width=\"160\">\n<p>Dr. V\u00e1lyi P\u00e9ter<\/p>\n<\/td>\n<\/tr>\n<tr>\n<td width=\"98\">\n<p>2025.09.18<\/p>\n<\/td>\n<td width=\"322\">\n<p>Bevezet\u00e9s az or\u00e1lis diagnosztik\u00e1ba II &#8211; Anamn\u00e9zisfelv\u00e9tel, rizik\u00f3p\u00e1ciensek<\/p>\n<\/td>\n<td width=\"160\">\n<p>Dr. V\u00e1lyi P\u00e9ter<\/p>\n<\/td>\n<\/tr>\n<tr>\n<td width=\"98\">\n<p>2025.09.25<\/p>\n<\/td>\n<td width=\"322\">\n<p>Kommunik\u00e1ci\u00f3 a fogorvosi rendel\u0151ben<\/p>\n<\/td>\n<td width=\"160\">\n<p>Dr. Br\u00f3dy Andrea<\/p>\n<\/td>\n<\/tr>\n<tr>\n<td width=\"98\">\n<p>2025.10.02<\/p>\n<\/td>\n<td width=\"322\">\n<p>Extra- \u00e9s intraor\u00e1lis vizsg\u00e1lat. A sz\u00e1j ny\u00e1lkah\u00e1rty\u00e1j\u00e1nak vizsg\u00e1lata. Stomato-onkol\u00f3giai sz\u0171r\u00e9s.<\/p>\n<\/td>\n<td width=\"160\">\n<p>Dr. V\u00e1lyi P\u00e9ter<\/p>\n<\/td>\n<\/tr>\n<tr>\n<td width=\"98\">\n<p>2025.10.09<\/p>\n<\/td>\n<td width=\"322\">\n<p>A caries diagnosztik\u00e1ja. M\u00f3dszerek, eszk\u00f6z\u00f6k. A fogak nem caries okozta elv\u00e1ltoz\u00e1sai.<\/p>\n<\/td>\n<td width=\"160\">\n<p>Dr. K\u0151hidai Zs\u00f3fia<\/p>\n<\/td>\n<\/tr>\n<tr>\n<td width=\"98\">\n<p>2025.10.16<\/p>\n<\/td>\n<td width=\"322\">\n<p>Pulpadiagnosztika<\/p>\n<\/td>\n<td width=\"160\">\n<p>Dr. Dob\u00f3 Nagy Csaba<\/p>\n<\/td>\n<\/tr>\n<tr>\n<td width=\"98\">\n<p>2025.10.23<\/p>\n<\/td>\n<td width=\"322\">\n<p>NEMZETI \u00dcNNEP<\/p>\n<\/td>\n<td width=\"160\">\n<p>&nbsp;<\/p>\n<\/td>\n<\/tr>\n<tr>\n<td width=\"98\">\n<p>2025.10.30<\/p>\n<\/td>\n<td width=\"322\">\n<p>A parodontium \u00e9s a sz\u00e1jhigi\u00e9ne vizsg\u00e1lat\u00e1nak m\u00f3dszerei.<\/p>\n<\/td>\n<td width=\"160\">\n<p>Dr. V\u00e1lyi P\u00e9ter<\/p>\n<\/td>\n<\/tr>\n<tr>\n<td width=\"98\">\n<p>2025.11.06<\/p>\n<\/td>\n<td width=\"322\">\n<p>Az \u00e1llkapocs\u00edz\u00fcletet, az \u00e1llcsontokat \u00e9s a fogsorokat \u00e9rint\u0151 elv\u00e1ltoz\u00e1sok diagnosztik\u00e1ja \u00e9s kezel\u00e9s\u00fck tervez\u00e9se.<\/p>\n<\/td>\n<td width=\"160\">\n<p>Dr. Schmidt P\u00e9ter<\/p>\n<\/td>\n<\/tr>\n<tr>\n<td width=\"98\">\n<p>2025.11.13<\/p>\n<\/td>\n<td width=\"322\">\n<p>Foghi\u00e1nyok diagnosztikai \u00e9rt\u00e9kel\u00e9se, fogp\u00f3tl\u00e1s tervez\u00e9se.<\/p>\n<\/td>\n<td width=\"160\">\n<p>Dr. Ambrus Szilvia<\/p>\n<\/td>\n<\/tr>\n<tr>\n<td width=\"98\">\n<p>2025.11.20<\/p>\n<\/td>\n<td width=\"322\">\n<p>Orthodontiai diagnosztika.<\/p>\n<\/td>\n<td width=\"160\">\n<p>Dr. Gresz Veronika<\/p>\n<\/td>\n<\/tr>\n<tr>\n<td width=\"98\">\n<p>2025.11.27<\/p>\n<\/td>\n<td width=\"322\">\n<p>Ny\u00e1lmirigyek \u00e9s m\u0171k\u00f6d\u00e9s\u00fck diagnosztik\u00e1ja<\/p>\n<\/td>\n<td width=\"160\">\n<p>Dr. Gresz Veronika<\/p>\n<\/td>\n<\/tr>\n<tr>\n<td width=\"98\">\n<p>2025.12.04<\/p>\n<\/td>\n<td width=\"322\">\n<p>A dent\u00e1lis g\u00f3c. A sz\u00e1j\u00fcregi gyullad\u00e1sok szerepe a sziszt\u00e9m\u00e1s betegs\u00e9gek patogenezis\u00e9ben<\/p>\n<\/td>\n<td width=\"160\">\n<p>Dr. V\u00e1lyi P\u00e9ter<\/p>\n<\/td>\n<\/tr>\n<tr>\n<td width=\"98\">\n<p>2025.12.11<\/p>\n<\/td>\n<td width=\"322\">\n<p>A f\u00e1jdalom \u00e9rt\u00e9kel\u00e9se a fogorvosi diagnosztik\u00e1ban<\/p>\n<\/td>\n<td width=\"160\">\n<p>Dr. Dob\u00f3 Nagy Csaba<\/p>\n<\/td>\n<\/tr>\n<\/tbody>\n<\/table>\n<p>&nbsp;<\/p>\n<p>Budapest, 2025. augusztus 28.<\/p>\n<p>Dr. V\u00e1lyi P\u00e9ter<\/p>\n<p>egyetemi docens<\/p>\n<p>&nbsp;<\/p>\n","protected":false},"excerpt":{"rendered":"<p>Or\u00e1lis diagnosztika el\u0151ad\u00e1s 2025-2026. 1 f\u00e9l\u00e9v 3. \u00e9vfolyam SE FOK OC \u00c1rk\u00f6vy terem Cs\u00fct\u00f6rt\u00f6k 15.30-16.15 2025.09.11 Bevezet\u00e9s az or\u00e1lis diagnosztik\u00e1ba Dr. V\u00e1lyi P\u00e9ter 2025.09.18 Bevezet\u00e9s az or\u00e1lis diagnosztik\u00e1ba II &#8211; Anamn\u00e9zisfelv\u00e9tel, rizik\u00f3p\u00e1ciensek Dr. V\u00e1lyi P\u00e9ter 2025.09.25 Kommunik\u00e1ci\u00f3 a fogorvosi rendel\u0151ben Dr. Br\u00f3dy Andrea 2025.10.02 Extra- \u00e9s intraor\u00e1lis vizsg\u00e1lat. A sz\u00e1j ny\u00e1lkah\u00e1rty\u00e1j\u00e1nak vizsg\u00e1lata. Stomato-onkol\u00f3giai sz\u0171r\u00e9s. Dr. &hellip;<\/p>\n","protected":false},"author":126,"featured_media":0,"parent":29,"menu_order":1,"comment_status":"closed","ping_status":"closed","template":"","meta":{"_acf_changed":false,"footnotes":""},"categories":[],"tags":[],"class_list":["post-40","page","type-page","status-publish","hentry"],"acf":[],"_links":{"self":[{"href":"https:\/\/semmelweis.hu\/oralis-diagnosztika\/wp-json\/wp\/v2\/pages\/40","targetHints":{"allow":["GET"]}}],"collection":[{"href":"https:\/\/semmelweis.hu\/oralis-diagnosztika\/wp-json\/wp\/v2\/pages"}],"about":[{"href":"https:\/\/semmelweis.hu\/oralis-diagnosztika\/wp-json\/wp\/v2\/types\/page"}],"author":[{"embeddable":true,"href":"https:\/\/semmelweis.hu\/oralis-diagnosztika\/wp-json\/wp\/v2\/users\/126"}],"replies":[{"embeddable":true,"href":"https:\/\/semmelweis.hu\/oralis-diagnosztika\/wp-json\/wp\/v2\/comments?post=40"}],"version-history":[{"count":10,"href":"https:\/\/semmelweis.hu\/oralis-diagnosztika\/wp-json\/wp\/v2\/pages\/40\/revisions"}],"predecessor-version":[{"id":3213,"href":"https:\/\/semmelweis.hu\/oralis-diagnosztika\/wp-json\/wp\/v2\/pages\/40\/revisions\/3213"}],"up":[{"embeddable":true,"href":"https:\/\/semmelweis.hu\/oralis-diagnosztika\/wp-json\/wp\/v2\/pages\/29"}],"wp:attachment":[{"href":"https:\/\/semmelweis.hu\/oralis-diagnosztika\/wp-json\/wp\/v2\/media?parent=40"}],"wp:term":[{"taxonomy":"category","embeddable":true,"href":"https:\/\/semmelweis.hu\/oralis-diagnosztika\/wp-json\/wp\/v2\/categories?post=40"},{"taxonomy":"post_tag","embeddable":true,"href":"https:\/\/semmelweis.hu\/oralis-diagnosztika\/wp-json\/wp\/v2\/tags?post=40"}],"curies":[{"name":"wp","href":"https:\/\/api.w.org\/{rel}","templated":true}]}}