{"id":391,"date":"2013-04-02T08:05:42","date_gmt":"2013-04-02T08:05:42","guid":{"rendered":"http:\/\/semmelweis-egyetem.hu\/oralis-diagnosztika\/?page_id=391"},"modified":"2023-12-13T14:26:32","modified_gmt":"2023-12-13T13:26:32","slug":"tetelsor","status":"publish","type":"page","link":"https:\/\/semmelweis.hu\/oralis-diagnosztika\/oktatas\/tematikak\/tetelsor\/","title":{"rendered":"T\u00e9telsorok"},"content":{"rendered":"<p style=\"text-align: center\">T\u00c9TELSOR \u2013OR\u00c1LIS DIAGNOSZTIKA TANSZ\u00c9K 2023\/2024 I. SZEMESZTER<br \/>\n(FOKOODT243_1M)<\/p>\n<p style=\"text-align: left\">1. A betegvizsg\u00e1lat l\u00e9p\u00e9sei, sorrendje.<br \/>\n2. Az anamn\u00e9zisfelv\u00e9tel. C\u00e9l, l\u00e9p\u00e9sei.<br \/>\n3. Kommunik\u00e1ci\u00f3s probl\u00e9m\u00e1k a fogorvosi rendel\u0151ben<br \/>\n4. A betegfelv\u00e9tel dokument\u00e1ci\u00f3j\u00e1nak form\u00e1i. A konzilium k\u00e9r\u00e9sek szab\u00e1lyai. Milyen<br \/>\nadatv\u00e9delmi szab\u00e1lyokat kell szem el\u0151tt tartani?<br \/>\n5. A Stomato-onkol\u00f3giai betegvizsg\u00e1lat. Jelent\u0151s\u00e9ge, m\u00f3dszere, l\u00e9p\u00e9sei.<br \/>\n6. Az extraor\u00e1lis vizsg\u00e1lat. Nyaki nyirokcsom\u00f3k tapint\u00e1sa. Kiemelt ter\u00fcletek. A k\u00f3ros<br \/>\nnyirokcsom\u00f3k jellemz\u00e9se, vizsg\u00e1lat\u00e1nak \u00e9rt\u00e9kel\u00e9se<br \/>\n7. A sz\u00e1jny\u00e1lkah\u00e1rtya vizsg\u00e1lata. K\u00f3ros elv\u00e1ltoz\u00e1sok differenci\u00e1ldiagnosztik\u00e1ja.<br \/>\n8. A caries felismer\u00e9s\u00e9nek korszer\u0171 m\u00f3dszerei. Carieses \u00e9s \u00e9p fogsz\u00f6vetek<br \/>\nelk\u00fcl\u00f6n\u00edt\u00e9s\u00e9nek lehet\u0151s\u00e9gei.<br \/>\n9. A fog kem\u00e9nysz\u00f6veteinek nem carieses elv\u00e1ltoz\u00e1sai.<br \/>\n10. Diagnosztikai krit\u00e9riumok a fogp\u00f3tl\u00e1stanban.<br \/>\n11. Parodontol\u00f3giai diagnosztika.<br \/>\n12. Sz\u0171r\u0151vizsg\u00e1latok sor\u00e1n alkalmazhat\u00f3 diagnosztikus m\u00f3dszerek, indexek.<br \/>\n13. A temporo-mandibularis \u00edz\u00fclet diagnosztik\u00e1ja.<br \/>\n14. Diagnosztikus m\u00f3dszerek az endodonci\u00e1ban.<br \/>\n15. Ortodonciai diagnosztika.<br \/>\n16. Ny\u00e1lmirigy diagnosztikai m\u00f3dszerek.<br \/>\n17. Fej-nyak r\u00e9gi\u00f3 f\u00e1jdalm\u00e1nak differenci\u00e1ldiagnosztik\u00e1ja.<br \/>\n18. Id\u0151s betegek diagnosztikai vizsg\u00e1lata<br \/>\n19. Fej- nyak ter\u00fcleten kialakul\u00f3 daganatok korai felismer\u00e9se. Jelent\u0151s\u00e9ge, m\u00f3dszere,<br \/>\n\u00e1rulkod\u00f3 jelek.<br \/>\n20. A sz\u00e1j\u00fcregi gyullad\u00e1sok szerepe a sziszt\u00e9m\u00e1s betegs\u00e9gek patogenezis\u00e9ben<\/p>\n","protected":false},"excerpt":{"rendered":"<p>T\u00c9TELSOR \u2013OR\u00c1LIS DIAGNOSZTIKA TANSZ\u00c9K 2023\/2024 I. SZEMESZTER (FOKOODT243_1M) 1. A betegvizsg\u00e1lat l\u00e9p\u00e9sei, sorrendje. 2. Az anamn\u00e9zisfelv\u00e9tel. C\u00e9l, l\u00e9p\u00e9sei. 3. Kommunik\u00e1ci\u00f3s probl\u00e9m\u00e1k a fogorvosi rendel\u0151ben 4. A betegfelv\u00e9tel dokument\u00e1ci\u00f3j\u00e1nak form\u00e1i. A konzilium k\u00e9r\u00e9sek szab\u00e1lyai. Milyen adatv\u00e9delmi szab\u00e1lyokat kell szem el\u0151tt tartani? 5. A Stomato-onkol\u00f3giai betegvizsg\u00e1lat. Jelent\u0151s\u00e9ge, m\u00f3dszere, l\u00e9p\u00e9sei. 6. Az extraor\u00e1lis vizsg\u00e1lat. Nyaki nyirokcsom\u00f3k tapint\u00e1sa. Kiemelt &hellip;<\/p>\n","protected":false},"author":126,"featured_media":0,"parent":40,"menu_order":2,"comment_status":"closed","ping_status":"closed","template":"","meta":{"_acf_changed":false,"footnotes":""},"categories":[],"tags":[],"class_list":["post-391","page","type-page","status-publish","hentry"],"acf":[],"_links":{"self":[{"href":"https:\/\/semmelweis.hu\/oralis-diagnosztika\/wp-json\/wp\/v2\/pages\/391","targetHints":{"allow":["GET"]}}],"collection":[{"href":"https:\/\/semmelweis.hu\/oralis-diagnosztika\/wp-json\/wp\/v2\/pages"}],"about":[{"href":"https:\/\/semmelweis.hu\/oralis-diagnosztika\/wp-json\/wp\/v2\/types\/page"}],"author":[{"embeddable":true,"href":"https:\/\/semmelweis.hu\/oralis-diagnosztika\/wp-json\/wp\/v2\/users\/126"}],"replies":[{"embeddable":true,"href":"https:\/\/semmelweis.hu\/oralis-diagnosztika\/wp-json\/wp\/v2\/comments?post=391"}],"version-history":[{"count":10,"href":"https:\/\/semmelweis.hu\/oralis-diagnosztika\/wp-json\/wp\/v2\/pages\/391\/revisions"}],"predecessor-version":[{"id":3346,"href":"https:\/\/semmelweis.hu\/oralis-diagnosztika\/wp-json\/wp\/v2\/pages\/391\/revisions\/3346"}],"up":[{"embeddable":true,"href":"https:\/\/semmelweis.hu\/oralis-diagnosztika\/wp-json\/wp\/v2\/pages\/40"}],"wp:attachment":[{"href":"https:\/\/semmelweis.hu\/oralis-diagnosztika\/wp-json\/wp\/v2\/media?parent=391"}],"wp:term":[{"taxonomy":"category","embeddable":true,"href":"https:\/\/semmelweis.hu\/oralis-diagnosztika\/wp-json\/wp\/v2\/categories?post=391"},{"taxonomy":"post_tag","embeddable":true,"href":"https:\/\/semmelweis.hu\/oralis-diagnosztika\/wp-json\/wp\/v2\/tags?post=391"}],"curies":[{"name":"wp","href":"https:\/\/api.w.org\/{rel}","templated":true}]}}