{"id":3194,"date":"2022-08-22T16:37:09","date_gmt":"2022-08-22T14:37:09","guid":{"rendered":"https:\/\/semmelweis.hu\/oralis-diagnosztika\/?page_id=3194"},"modified":"2026-01-19T12:26:09","modified_gmt":"2026-01-19T11:26:09","slug":"allgemeine-und-zahnaerztliche-radiologie-ii","status":"publish","type":"page","link":"https:\/\/semmelweis.hu\/oralis-diagnosztika\/de\/studium\/allgemeine-und-zahnaerztliche-radiologie-ii\/","title":{"rendered":"Allgemeine und zahn\u00e4rztliche Radiologie II."},"content":{"rendered":"<p style=\"text-align: center\"><strong>Allgemeine und zahn\u00e4rztliche Radiologie II.<\/strong><\/p>\n<p style=\"text-align: center\"><strong>2025\/2026. 2. Semester<\/strong><\/p>\n<p style=\"text-align: center\"><strong>4 Studienjahr<\/strong><\/p>\n<p style=\"text-align: center\"><strong>\u00a0<\/strong><\/p>\n<table>\n<tbody>\n<tr>\n<td width=\"62\">\n<p><strong>Woche<\/strong><\/p>\n<\/td>\n<td width=\"254\">\n<p><strong>Titel<\/strong><\/p>\n<\/td>\n<td width=\"166\">\n<p><strong>Vortraggeber<\/strong><\/p>\n<\/td>\n<td width=\"122\">\n<p><strong>Datum<\/strong><\/p>\n<\/td>\n<\/tr>\n<tr>\n<td width=\"62\">\n<p>1<\/p>\n<\/td>\n<td width=\"254\">\n<p>\u00dcbersicht der OPG-Bildgebung<\/p>\n<\/td>\n<td width=\"166\">\n<p>Dr. Szab\u00f3, Bence<\/p>\n<\/td>\n<td width=\"122\">\n<p>6. Februar<\/p>\n<\/td>\n<\/tr>\n<tr>\n<td width=\"62\">\n<p>2<\/p>\n<\/td>\n<td width=\"254\">\n<p>R\u00f6ntgenanatomie der Hartgewebe am OPG<\/p>\n<\/td>\n<td width=\"166\">\n<p>Dr. Szab\u00f3, Bence<\/p>\n<\/td>\n<td width=\"122\">\n<p>13. Februar<\/p>\n<\/td>\n<\/tr>\n<tr>\n<td width=\"62\">\n<p>3<\/p>\n<\/td>\n<td width=\"254\">\n<p>R\u00f6ntgenanatomie der Weichgewebe am OPG<\/p>\n<\/td>\n<td width=\"166\">\n<p>Dr. Szab\u00f3, Bence<\/p>\n<\/td>\n<td width=\"122\">\n<p>20. Februar<\/p>\n<\/td>\n<\/tr>\n<tr>\n<td width=\"62\">\n<p>4<\/p>\n<\/td>\n<td width=\"254\">\n<p>Interpretation der Orthopantomographie, Aufnahmefehler<\/p>\n<\/td>\n<td width=\"166\">\n<p>Dr. Szab\u00f3, Bence<\/p>\n<\/td>\n<td width=\"122\">\n<p>27. Februar<\/p>\n<\/td>\n<\/tr>\n<tr>\n<td width=\"62\">\n<p>5<\/p>\n<\/td>\n<td width=\"254\">\n<p>Periapikale und parodontale Infektionen<\/p>\n<\/td>\n<td width=\"166\">\n<p>Dr. Szab\u00f3, Bence<\/p>\n<\/td>\n<td width=\"122\">\n<p>6. M\u00e4rz<\/p>\n<\/td>\n<\/tr>\n<tr>\n<td width=\"62\">\n<p>6<\/p>\n<\/td>\n<td width=\"254\">\n<p>Anomalien, Missbildungen<\/p>\n<\/td>\n<td width=\"166\">\n<p>Dr. Szab\u00f3, Bence<\/p>\n<\/td>\n<td width=\"122\">\n<p>13. M\u00e4rz<\/p>\n<\/td>\n<\/tr>\n<tr>\n<td width=\"62\">\n<p>7<\/p>\n<\/td>\n<td width=\"254\">\n<p>Odontogene und nicht-odontogene Zysten<\/p>\n<\/td>\n<td width=\"166\">\n<p>Dr. Szab\u00f3, Bence<\/p>\n<\/td>\n<td width=\"122\">\n<p>20. M\u00e4rz<\/p>\n<\/td>\n<\/tr>\n<tr>\n<td width=\"62\">\n<p>8<\/p>\n<\/td>\n<td width=\"254\">\n<p>Dysplasien, Hyperzementose, Regressive Ver\u00e4nderungen an Z\u00e4hnen und Kiefern<\/p>\n<\/td>\n<td width=\"166\">\n<p>Dr. Szab\u00f3, Bence<\/p>\n<\/td>\n<td width=\"122\">\n<p>27. M\u00e4rz<\/p>\n<\/td>\n<\/tr>\n<tr>\n<td width=\"62\">\n<p>9<\/p>\n<\/td>\n<td colspan=\"2\" width=\"420\">\n<p style=\"text-align: center\"><em>Ostermontag<\/em><\/p>\n<\/td>\n<td width=\"122\">\n<p>3. April<\/p>\n<\/td>\n<\/tr>\n<tr>\n<td width=\"62\">\n<p>10<\/p>\n<\/td>\n<td width=\"254\">\n<p><strong>1. Klausur<\/strong><\/p>\n<\/td>\n<td width=\"166\">\n<p>Dr. Szab\u00f3, Bence<\/p>\n<\/td>\n<td width=\"122\">\n<p>10. April<\/p>\n<\/td>\n<\/tr>\n<tr>\n<td width=\"62\">\n<p>11<\/p>\n<\/td>\n<td width=\"254\">\n<p>Pathologische Erkrankungen der Nasennebenh\u00f6hlen<\/p>\n<\/td>\n<td width=\"166\">\n<p>Dr. Szab\u00f3, Bence<\/p>\n<\/td>\n<td width=\"122\">\n<p>17. April<\/p>\n<\/td>\n<\/tr>\n<tr>\n<td width=\"62\">\n<p>12<\/p>\n<\/td>\n<td width=\"254\">\n<p>Zufallsbefunde am Orthopantomogramm<\/p>\n<\/td>\n<td width=\"166\">\n<p>Dr. Szab\u00f3, Bence<\/p>\n<\/td>\n<td width=\"122\">\n<p>24. April<\/p>\n<\/td>\n<\/tr>\n<tr>\n<td width=\"62\">\n<p>13<\/p>\n<\/td>\n<td colspan=\"2\" width=\"420\">\n<p style=\"text-align: center\"><em>Feiertag<\/em><\/p>\n<\/td>\n<td width=\"122\">\n<p>1. Mai<\/p>\n<\/td>\n<\/tr>\n<tr>\n<td width=\"62\">\n<p>14<\/p>\n<\/td>\n<td width=\"254\">\n<p>Pathologie des Kiefergelenks, 2. Klausur<\/p>\n<\/td>\n<td width=\"166\">\n<p>Dr. Szab\u00f3, Bence<\/p>\n<\/td>\n<td width=\"122\">\n<p>8. Mai<\/p>\n<\/td>\n<\/tr>\n<\/tbody>\n<\/table>\n<p>&nbsp;<\/p>\n<p>Praktikum dauert: 13<u><sup>00<\/sup><\/u>-13<u><sup>45<\/sup><\/u>, an jedem Freitag<\/p>\n<p>Ort des Seminars: Radiologischer Seminarraum, Budapest, Szentkir\u00e1lyi Str. 47.<\/p>\n<p>Budapest, 12. Januar 2026<\/p>\n<p>&nbsp;<\/p>\n<p>Dr. Dob\u00f3-Nagy Csaba<\/p>\n<p><em>Leiter<\/em><\/p>\n<p>&nbsp;<\/p>\n","protected":false},"excerpt":{"rendered":"<p>Allgemeine und zahn\u00e4rztliche Radiologie II. 2025\/2026. 2. Semester 4 Studienjahr \u00a0 Woche Titel Vortraggeber Datum 1 \u00dcbersicht der OPG-Bildgebung Dr. Szab\u00f3, Bence 6. Februar 2 R\u00f6ntgenanatomie der Hartgewebe am OPG Dr. Szab\u00f3, Bence 13. Februar 3 R\u00f6ntgenanatomie der Weichgewebe am OPG Dr. Szab\u00f3, Bence 20. Februar 4 Interpretation der Orthopantomographie, Aufnahmefehler Dr. Szab\u00f3, Bence 27. &hellip;<\/p>\n","protected":false},"author":126,"featured_media":0,"parent":1339,"menu_order":4,"comment_status":"closed","ping_status":"closed","template":"","meta":{"_acf_changed":false,"footnotes":""},"categories":[],"tags":[],"class_list":["post-3194","page","type-page","status-publish","hentry"],"acf":[],"_links":{"self":[{"href":"https:\/\/semmelweis.hu\/oralis-diagnosztika\/wp-json\/wp\/v2\/pages\/3194","targetHints":{"allow":["GET"]}}],"collection":[{"href":"https:\/\/semmelweis.hu\/oralis-diagnosztika\/wp-json\/wp\/v2\/pages"}],"about":[{"href":"https:\/\/semmelweis.hu\/oralis-diagnosztika\/wp-json\/wp\/v2\/types\/page"}],"author":[{"embeddable":true,"href":"https:\/\/semmelweis.hu\/oralis-diagnosztika\/wp-json\/wp\/v2\/users\/126"}],"replies":[{"embeddable":true,"href":"https:\/\/semmelweis.hu\/oralis-diagnosztika\/wp-json\/wp\/v2\/comments?post=3194"}],"version-history":[{"count":10,"href":"https:\/\/semmelweis.hu\/oralis-diagnosztika\/wp-json\/wp\/v2\/pages\/3194\/revisions"}],"predecessor-version":[{"id":3603,"href":"https:\/\/semmelweis.hu\/oralis-diagnosztika\/wp-json\/wp\/v2\/pages\/3194\/revisions\/3603"}],"up":[{"embeddable":true,"href":"https:\/\/semmelweis.hu\/oralis-diagnosztika\/wp-json\/wp\/v2\/pages\/1339"}],"wp:attachment":[{"href":"https:\/\/semmelweis.hu\/oralis-diagnosztika\/wp-json\/wp\/v2\/media?parent=3194"}],"wp:term":[{"taxonomy":"category","embeddable":true,"href":"https:\/\/semmelweis.hu\/oralis-diagnosztika\/wp-json\/wp\/v2\/categories?post=3194"},{"taxonomy":"post_tag","embeddable":true,"href":"https:\/\/semmelweis.hu\/oralis-diagnosztika\/wp-json\/wp\/v2\/tags?post=3194"}],"curies":[{"name":"wp","href":"https:\/\/api.w.org\/{rel}","templated":true}]}}