{"id":3144,"date":"2022-05-09T14:28:51","date_gmt":"2022-05-09T12:28:51","guid":{"rendered":"https:\/\/semmelweis.hu\/oralis-diagnosztika\/?page_id=3144"},"modified":"2025-07-30T14:54:14","modified_gmt":"2025-07-30T12:54:14","slug":"minosegiranyitas","status":"publish","type":"page","link":"https:\/\/semmelweis.hu\/oralis-diagnosztika\/altalanos-informaciok\/minosegiranyitas\/","title":{"rendered":"Min\u0151s\u00e9gir\u00e1ny\u00edt\u00e1s"},"content":{"rendered":"<p>Az Or\u00e1lis Diagnosztikai Tansz\u00e9k ISO 9001:2015 szabv\u00e1ny szerint tan\u00fas\u00edtott szervezeti egys\u00e9g, min\u0151s\u00e9gir\u00e1ny\u00edt\u00e1si rendszere megfelel az ISO 9001:2015 \u00e9s a Magyar Eg\u00e9szs\u00e9g\u00fcgyi Ell\u00e1t\u00e1si Standardok 2.0v (MEES) k\u00f6vetelm\u00e9nyeinek.<\/p>\n<p><a href=\"https:\/\/semmelweis.hu\/minoseg\/mir-dokumentacio\/fok\/oralis-diagnosztikai-tanszek\/\">Az Or\u00e1lis Diagnosztikai Tansz\u00e9k MIR dokument\u00e1ci\u00f3ja a Semmelweis Egyetem Integr\u00e1lt Ir\u00e1ny\u00edt\u00e1si Rendszer alhonlapon \u00e9rhet\u0151 el.<\/a><\/p>\n<p><strong>A fel\u00fclet csak az egyetem bels\u0151 h\u00e1l\u00f3zat\u00e1b\u00f3l \u00e9rhet\u0151 el!<\/strong><\/p>\n","protected":false},"excerpt":{"rendered":"<p>Az Or\u00e1lis Diagnosztikai Tansz\u00e9k ISO 9001:2015 szabv\u00e1ny szerint tan\u00fas\u00edtott szervezeti egys\u00e9g, min\u0151s\u00e9gir\u00e1ny\u00edt\u00e1si rendszere megfelel az ISO 9001:2015 \u00e9s a Magyar Eg\u00e9szs\u00e9g\u00fcgyi Ell\u00e1t\u00e1si Standardok 2.0v (MEES) k\u00f6vetelm\u00e9nyeinek.<br \/>\n<a href=\"https:\/\/semmelweis.hu\/minoseg\/mir-dokumentacio\/fok\/oralis-diagnosztikai-tanszek\/\">Az Or\u00e1lis Diagnosztikai Tansz\u00e9k MIR dokument\u00e1ci\u00f3ja a Semmelweis Egyetem Integr\u00e1lt Ir\u00e1ny\u00edt\u00e1si Rendszer alhonlapon \u00e9rhet\u0151 el.<\/a><br \/>\nA fel\u00fclet csak az egyetem bels\u0151 h\u00e1l\u00f3zat\u00e1b\u00f3l \u00e9rhet\u0151 el!<\/p>\n","protected":false},"author":126,"featured_media":0,"parent":7,"menu_order":0,"comment_status":"closed","ping_status":"closed","template":"","meta":{"_acf_changed":false,"footnotes":""},"categories":[],"tags":[],"class_list":["post-3144","page","type-page","status-publish","hentry"],"acf":[],"_links":{"self":[{"href":"https:\/\/semmelweis.hu\/oralis-diagnosztika\/wp-json\/wp\/v2\/pages\/3144","targetHints":{"allow":["GET"]}}],"collection":[{"href":"https:\/\/semmelweis.hu\/oralis-diagnosztika\/wp-json\/wp\/v2\/pages"}],"about":[{"href":"https:\/\/semmelweis.hu\/oralis-diagnosztika\/wp-json\/wp\/v2\/types\/page"}],"author":[{"embeddable":true,"href":"https:\/\/semmelweis.hu\/oralis-diagnosztika\/wp-json\/wp\/v2\/users\/126"}],"replies":[{"embeddable":true,"href":"https:\/\/semmelweis.hu\/oralis-diagnosztika\/wp-json\/wp\/v2\/comments?post=3144"}],"version-history":[{"count":3,"href":"https:\/\/semmelweis.hu\/oralis-diagnosztika\/wp-json\/wp\/v2\/pages\/3144\/revisions"}],"predecessor-version":[{"id":3554,"href":"https:\/\/semmelweis.hu\/oralis-diagnosztika\/wp-json\/wp\/v2\/pages\/3144\/revisions\/3554"}],"up":[{"embeddable":true,"href":"https:\/\/semmelweis.hu\/oralis-diagnosztika\/wp-json\/wp\/v2\/pages\/7"}],"wp:attachment":[{"href":"https:\/\/semmelweis.hu\/oralis-diagnosztika\/wp-json\/wp\/v2\/media?parent=3144"}],"wp:term":[{"taxonomy":"category","embeddable":true,"href":"https:\/\/semmelweis.hu\/oralis-diagnosztika\/wp-json\/wp\/v2\/categories?post=3144"},{"taxonomy":"post_tag","embeddable":true,"href":"https:\/\/semmelweis.hu\/oralis-diagnosztika\/wp-json\/wp\/v2\/tags?post=3144"}],"curies":[{"name":"wp","href":"https:\/\/api.w.org\/{rel}","templated":true}]}}