{"id":3133,"date":"2022-03-10T15:53:45","date_gmt":"2022-03-10T14:53:45","guid":{"rendered":"https:\/\/semmelweis.hu\/oralis-diagnosztika\/?page_id=3133"},"modified":"2023-01-25T09:54:01","modified_gmt":"2023-01-25T08:54:01","slug":"betegjogi-kepviselo","status":"publish","type":"page","link":"https:\/\/semmelweis.hu\/oralis-diagnosztika\/betegellatas\/betegjogi-kepviselo\/","title":{"rendered":"Betegjogi k\u00e9pvisel\u0151"},"content":{"rendered":"<p>Panasz\u00e1val a ter\u00fcletileg illet\u00e9kes betegjogi k\u00e9pvisel\u0151h\u00f6z is fordulhat.<\/p>\n<p><strong>Ter\u00fcletileg illet\u00e9kes betegjogi k\u00e9pvisel\u0151:<\/strong><\/p>\n<p><strong>Dr. Lengyel Ingrid<\/strong><\/p>\n<p><strong>El\u00e9rhet\u0151s\u00e9ge:<\/strong><\/p>\n<ul>\n<li>Telefonsz\u00e1ma: <span style=\"font-size: 14pt\">+36<\/span>-20\/4899-609<\/li>\n<li><span style=\"font-size: 1rem\">E-mail c\u00edme: ingrid.lengyel@ijsz.bm.gov.hu<\/span><\/li>\n<li>FOGAD\u00d3\u00d3RA HELYE, IDEJE: telefonos egyeztet\u00e9st k\u00f6vet\u0151en<\/li>\n<\/ul>\n<p>A betegjogi k\u00e9pvisel\u0151 az eg\u00e9szs\u00e9g\u00fcgyi int\u00e9zm\u00e9nyt\u0151l f\u00fcggetlen szem\u00e9ly, az Integr\u00e1lt Jogv\u00e9delmi Szolg\u00e1lat munkat\u00e1rsa.<\/p>\n<p>\n<span style=\"font-size: 14pt\">A fenti el\u00e9rhet\u0151s\u00e9gek sikertelens\u00e9ge eset\u00e9n az IJSZ z\u00f6ldsz\u00e1ma h\u00edvhat\u00f3: +36-80\/620-055<\/span><br \/>\n<span style=\"font-size: 14pt\">On affairs of patients\u2019 rights foreign language patients should contact the following phone number: +36\/20\/4899-614<\/span><\/p>\n<p><strong>Integr\u00e1lt Jogv\u00e9delmi Szolg\u00e1lat\u00a0<\/strong><\/p>\n<p>Levelez\u00e9si c\u00edm: 1365 Budapest, Pf.:646<br \/>\nK\u00f6zponti telefon: +36 1 8969 000<br \/>\nWeb: www.ijsz.hu<\/p>\n","protected":false},"excerpt":{"rendered":"<p>Panasz\u00e1val a ter\u00fcletileg illet\u00e9kes betegjogi k\u00e9pvisel\u0151h\u00f6z is fordulhat. Ter\u00fcletileg illet\u00e9kes betegjogi k\u00e9pvisel\u0151: Dr. Lengyel Ingrid El\u00e9rhet\u0151s\u00e9ge: Telefonsz\u00e1ma: +36-20\/4899-609 E-mail c\u00edme: ingrid.lengyel@ijsz.bm.gov.hu FOGAD\u00d3\u00d3RA HELYE, IDEJE: telefonos egyeztet\u00e9st k\u00f6vet\u0151en A betegjogi k\u00e9pvisel\u0151 az eg\u00e9szs\u00e9g\u00fcgyi int\u00e9zm\u00e9nyt\u0151l f\u00fcggetlen szem\u00e9ly, az Integr\u00e1lt Jogv\u00e9delmi Szolg\u00e1lat munkat\u00e1rsa. A fenti el\u00e9rhet\u0151s\u00e9gek sikertelens\u00e9ge eset\u00e9n az IJSZ z\u00f6ldsz\u00e1ma h\u00edvhat\u00f3: +36-80\/620-055 On affairs of patients\u2019 rights &hellip;<\/p>\n","protected":false},"author":101997,"featured_media":0,"parent":1889,"menu_order":0,"comment_status":"closed","ping_status":"closed","template":"","meta":{"_acf_changed":false,"footnotes":""},"categories":[],"tags":[],"class_list":["post-3133","page","type-page","status-publish","hentry"],"acf":[],"_links":{"self":[{"href":"https:\/\/semmelweis.hu\/oralis-diagnosztika\/wp-json\/wp\/v2\/pages\/3133","targetHints":{"allow":["GET"]}}],"collection":[{"href":"https:\/\/semmelweis.hu\/oralis-diagnosztika\/wp-json\/wp\/v2\/pages"}],"about":[{"href":"https:\/\/semmelweis.hu\/oralis-diagnosztika\/wp-json\/wp\/v2\/types\/page"}],"author":[{"embeddable":true,"href":"https:\/\/semmelweis.hu\/oralis-diagnosztika\/wp-json\/wp\/v2\/users\/101997"}],"replies":[{"embeddable":true,"href":"https:\/\/semmelweis.hu\/oralis-diagnosztika\/wp-json\/wp\/v2\/comments?post=3133"}],"version-history":[{"count":5,"href":"https:\/\/semmelweis.hu\/oralis-diagnosztika\/wp-json\/wp\/v2\/pages\/3133\/revisions"}],"predecessor-version":[{"id":3248,"href":"https:\/\/semmelweis.hu\/oralis-diagnosztika\/wp-json\/wp\/v2\/pages\/3133\/revisions\/3248"}],"up":[{"embeddable":true,"href":"https:\/\/semmelweis.hu\/oralis-diagnosztika\/wp-json\/wp\/v2\/pages\/1889"}],"wp:attachment":[{"href":"https:\/\/semmelweis.hu\/oralis-diagnosztika\/wp-json\/wp\/v2\/media?parent=3133"}],"wp:term":[{"taxonomy":"category","embeddable":true,"href":"https:\/\/semmelweis.hu\/oralis-diagnosztika\/wp-json\/wp\/v2\/categories?post=3133"},{"taxonomy":"post_tag","embeddable":true,"href":"https:\/\/semmelweis.hu\/oralis-diagnosztika\/wp-json\/wp\/v2\/tags?post=3133"}],"curies":[{"name":"wp","href":"https:\/\/api.w.org\/{rel}","templated":true}]}}