{"id":297,"date":"2012-11-14T12:07:44","date_gmt":"2012-11-14T12:07:44","guid":{"rendered":"http:\/\/semmelweis-egyetem.hu\/oralis-diagnosztika\/?page_id=297"},"modified":"2012-11-14T12:08:16","modified_gmt":"2012-11-14T12:08:16","slug":"hibak-a-felvetelkeszites-es-filmkidolgozas-kapcsan","status":"publish","type":"page","link":"https:\/\/semmelweis.hu\/oralis-diagnosztika\/oktatas\/radiologia\/intraoralis-rontgenkepek-elemzese\/hibak-a-felvetelkeszites-es-filmkidolgozas-kapcsan\/","title":{"rendered":"Hib\u00e1k a felv\u00e9telk\u00e9szit\u00e9s \u00e9s filmkidolgoz\u00e1s kapcs\u00e1n"},"content":{"rendered":"<table width=\"192\" border=\"0\" cellspacing=\"0\" cellpadding=\"0\">\n<colgroup>\n<col span=\"3\" width=\"64\" \/> <\/colgroup>\n<tbody>\n<tr>\n<td style=\"text-align: center;\" align=\"right\" width=\"64\" height=\"20\"><a href=\"https:\/\/semmelweis.hu\/oralis-diagnosztika\/files\/2012\/11\/21-1.doc\">1<\/a><\/td>\n<td style=\"text-align: center;\" align=\"right\" width=\"64\"><a href=\"https:\/\/semmelweis.hu\/oralis-diagnosztika\/files\/2012\/11\/21-2.doc\">2<\/a><\/td>\n<td style=\"text-align: center;\" align=\"right\" width=\"64\"><a href=\"https:\/\/semmelweis.hu\/oralis-diagnosztika\/files\/2012\/11\/21-3.doc\">3<\/a><\/td>\n<\/tr>\n<tr>\n<td style=\"text-align: center;\" align=\"right\" height=\"20\"><a href=\"https:\/\/semmelweis.hu\/oralis-diagnosztika\/files\/2012\/11\/21-4.doc\">4<\/a><\/td>\n<td style=\"text-align: center;\" align=\"right\"><a href=\"https:\/\/semmelweis.hu\/oralis-diagnosztika\/files\/2012\/11\/21-5.doc\">5<\/a><\/td>\n<td style=\"text-align: center;\" align=\"right\"><a href=\"https:\/\/semmelweis.hu\/oralis-diagnosztika\/files\/2012\/11\/21-6.doc\">6<\/a><\/td>\n<\/tr>\n<\/tbody>\n<\/table>\n","protected":false},"excerpt":{"rendered":"<p><a href=\"https:\/\/semmelweis.hu\/oralis-diagnosztika\/files\/2012\/11\/21-1.doc\">1<\/a><br \/>\n<a href=\"https:\/\/semmelweis.hu\/oralis-diagnosztika\/files\/2012\/11\/21-2.doc\">2<\/a><br \/>\n<a href=\"https:\/\/semmelweis.hu\/oralis-diagnosztika\/files\/2012\/11\/21-3.doc\">3<\/a><\/p>\n<p><a href=\"https:\/\/semmelweis.hu\/oralis-diagnosztika\/files\/2012\/11\/21-4.doc\">4<\/a><br \/>\n<a href=\"https:\/\/semmelweis.hu\/oralis-diagnosztika\/files\/2012\/11\/21-5.doc\">5<\/a><br \/>\n<a href=\"https:\/\/semmelweis.hu\/oralis-diagnosztika\/files\/2012\/11\/21-6.doc\">6<\/a><\/p>\n","protected":false},"author":126,"featured_media":0,"parent":48,"menu_order":0,"comment_status":"open","ping_status":"open","template":"","meta":{"_acf_changed":false,"footnotes":""},"categories":[],"tags":[],"class_list":["post-297","page","type-page","status-publish","hentry"],"acf":[],"_links":{"self":[{"href":"https:\/\/semmelweis.hu\/oralis-diagnosztika\/wp-json\/wp\/v2\/pages\/297","targetHints":{"allow":["GET"]}}],"collection":[{"href":"https:\/\/semmelweis.hu\/oralis-diagnosztika\/wp-json\/wp\/v2\/pages"}],"about":[{"href":"https:\/\/semmelweis.hu\/oralis-diagnosztika\/wp-json\/wp\/v2\/types\/page"}],"author":[{"embeddable":true,"href":"https:\/\/semmelweis.hu\/oralis-diagnosztika\/wp-json\/wp\/v2\/users\/126"}],"replies":[{"embeddable":true,"href":"https:\/\/semmelweis.hu\/oralis-diagnosztika\/wp-json\/wp\/v2\/comments?post=297"}],"version-history":[{"count":0,"href":"https:\/\/semmelweis.hu\/oralis-diagnosztika\/wp-json\/wp\/v2\/pages\/297\/revisions"}],"up":[{"embeddable":true,"href":"https:\/\/semmelweis.hu\/oralis-diagnosztika\/wp-json\/wp\/v2\/pages\/48"}],"wp:attachment":[{"href":"https:\/\/semmelweis.hu\/oralis-diagnosztika\/wp-json\/wp\/v2\/media?parent=297"}],"wp:term":[{"taxonomy":"category","embeddable":true,"href":"https:\/\/semmelweis.hu\/oralis-diagnosztika\/wp-json\/wp\/v2\/categories?post=297"},{"taxonomy":"post_tag","embeddable":true,"href":"https:\/\/semmelweis.hu\/oralis-diagnosztika\/wp-json\/wp\/v2\/tags?post=297"}],"curies":[{"name":"wp","href":"https:\/\/api.w.org\/{rel}","templated":true}]}}