{"id":2941,"date":"2021-03-16T16:24:54","date_gmt":"2021-03-16T15:24:54","guid":{"rendered":"https:\/\/semmelweis.hu\/oralis-diagnosztika\/?page_id=2941"},"modified":"2025-07-21T10:06:46","modified_gmt":"2025-07-21T08:06:46","slug":"szakdolgozat","status":"publish","type":"page","link":"https:\/\/semmelweis.hu\/oralis-diagnosztika\/oktatas\/szakdolgozat\/","title":{"rendered":"Szakdolgozat"},"content":{"rendered":"<p>Magyar nyelv\u0171 szakdolgozat c\u00edmek a 2025\/2026-os tan\u00e9vben<\/p>\n<table width=\"796\">\n<tbody>\n<tr>\n<td width=\"639\">A parodontitis szerepe a colorectalis carcinoma patogenezis\u00e9ben<\/td>\n<td width=\"157\">Dr. V\u00e1lyi P\u00e9ter<\/td>\n<\/tr>\n<tr>\n<td>A parodontitis szerepe a gyullad\u00e1sos b\u00e9lbetegs\u00e9gek patogenezis\u00e9ben<\/td>\n<td>Dr. V\u00e1lyi P\u00e9ter<\/td>\n<\/tr>\n<tr>\n<td>A sz\u00e1jny\u00e1lkah\u00e1rtya sz\u00ednes elv\u00e1ltoz\u00e1sai \u00e9s differenci\u00e1l diagnosztik\u00e1juk<\/td>\n<td>Dr. Br\u00f3dy Andrea<\/td>\n<\/tr>\n<tr>\n<td>Diabetes mellitus \u00e9s az implant\u00e1ci\u00f3 kapcsolata<\/td>\n<td>Dr. V\u00e9gh \u00c1d\u00e1m<\/td>\n<\/tr>\n<tr>\n<td>HPV elleni v\u00e9d\u0151olt\u00e1sok szerepe a sz\u00e1j\u00fcregi HPV fert\u0151z\u00e9s megel\u0151z\u00e9s\u00e9ben<\/td>\n<td>Dr. Mensch K\u00e1roly<\/td>\n<\/tr>\n<tr>\n<td>Mesters\u00e9ges intelligencia szerepe az eg\u00e9szs\u00e9g\u00fcgyi adatok feldolgoz\u00e1s\u00e1ban<\/td>\n<td>Dr. Horv\u00e1th D\u00e1niel<\/td>\n<\/tr>\n<tr>\n<td>Modern diagnosztikai elj\u00e1r\u00e1sok az or\u00e1lis medicin\u00e1ban<\/td>\n<td>Dr. Horv\u00e1th D\u00e1niel<\/td>\n<\/tr>\n<\/tbody>\n<\/table>\n<p>&nbsp;<\/p>\n","protected":false},"excerpt":{"rendered":"<p>Magyar nyelv\u0171 szakdolgozat c\u00edmek a 2025\/2026-os tan\u00e9vben A parodontitis szerepe a colorectalis carcinoma patogenezis\u00e9ben Dr. V\u00e1lyi P\u00e9ter A parodontitis szerepe a gyullad\u00e1sos b\u00e9lbetegs\u00e9gek patogenezis\u00e9ben Dr. V\u00e1lyi P\u00e9ter A sz\u00e1jny\u00e1lkah\u00e1rtya sz\u00ednes elv\u00e1ltoz\u00e1sai \u00e9s differenci\u00e1l diagnosztik\u00e1juk Dr. Br\u00f3dy Andrea Diabetes mellitus \u00e9s az implant\u00e1ci\u00f3 kapcsolata Dr. V\u00e9gh \u00c1d\u00e1m HPV elleni v\u00e9d\u0151olt\u00e1sok szerepe a sz\u00e1j\u00fcregi HPV fert\u0151z\u00e9s megel\u0151z\u00e9s\u00e9ben &hellip;<\/p>\n","protected":false},"author":126,"featured_media":0,"parent":29,"menu_order":0,"comment_status":"closed","ping_status":"closed","template":"","meta":{"_acf_changed":false,"footnotes":""},"categories":[],"tags":[],"class_list":["post-2941","page","type-page","status-publish","hentry"],"acf":[],"_links":{"self":[{"href":"https:\/\/semmelweis.hu\/oralis-diagnosztika\/wp-json\/wp\/v2\/pages\/2941","targetHints":{"allow":["GET"]}}],"collection":[{"href":"https:\/\/semmelweis.hu\/oralis-diagnosztika\/wp-json\/wp\/v2\/pages"}],"about":[{"href":"https:\/\/semmelweis.hu\/oralis-diagnosztika\/wp-json\/wp\/v2\/types\/page"}],"author":[{"embeddable":true,"href":"https:\/\/semmelweis.hu\/oralis-diagnosztika\/wp-json\/wp\/v2\/users\/126"}],"replies":[{"embeddable":true,"href":"https:\/\/semmelweis.hu\/oralis-diagnosztika\/wp-json\/wp\/v2\/comments?post=2941"}],"version-history":[{"count":3,"href":"https:\/\/semmelweis.hu\/oralis-diagnosztika\/wp-json\/wp\/v2\/pages\/2941\/revisions"}],"predecessor-version":[{"id":3550,"href":"https:\/\/semmelweis.hu\/oralis-diagnosztika\/wp-json\/wp\/v2\/pages\/2941\/revisions\/3550"}],"up":[{"embeddable":true,"href":"https:\/\/semmelweis.hu\/oralis-diagnosztika\/wp-json\/wp\/v2\/pages\/29"}],"wp:attachment":[{"href":"https:\/\/semmelweis.hu\/oralis-diagnosztika\/wp-json\/wp\/v2\/media?parent=2941"}],"wp:term":[{"taxonomy":"category","embeddable":true,"href":"https:\/\/semmelweis.hu\/oralis-diagnosztika\/wp-json\/wp\/v2\/categories?post=2941"},{"taxonomy":"post_tag","embeddable":true,"href":"https:\/\/semmelweis.hu\/oralis-diagnosztika\/wp-json\/wp\/v2\/tags?post=2941"}],"curies":[{"name":"wp","href":"https:\/\/api.w.org\/{rel}","templated":true}]}}