{"id":286,"date":"2012-11-14T12:04:32","date_gmt":"2012-11-14T12:04:32","guid":{"rendered":"http:\/\/semmelweis-egyetem.hu\/oralis-diagnosztika\/?page_id=286"},"modified":"2015-02-26T14:59:40","modified_gmt":"2015-02-26T13:59:40","slug":"gyokerkezeles-kapcsan-keszult-felvetelek","status":"publish","type":"page","link":"https:\/\/semmelweis.hu\/oralis-diagnosztika\/oktatas\/radiologia\/intraoralis-rontgenkepek-elemzese\/gyokerkezeles-kapcsan-keszult-felvetelek\/","title":{"rendered":"Gy\u00f6k\u00e9rkezel\u00e9s kapcs\u00e1n k\u00e9sz\u00fclt felv\u00e9telek"},"content":{"rendered":"<table border=\"0\" width=\"192\" cellspacing=\"0\" cellpadding=\"0\">\n<colgroup>\n<col span=\"3\" width=\"64\" \/> <\/colgroup>\n<tbody>\n<tr>\n<td style=\"text-align: center\" align=\"right\" width=\"64\" height=\"20\"><a href=\"https:\/\/semmelweis.hu\/oralis-diagnosztika\/files\/2012\/11\/19-1.doc\">1<\/a><\/td>\n<td style=\"text-align: center\" align=\"right\" width=\"64\"><a href=\"https:\/\/semmelweis.hu\/oralis-diagnosztika\/files\/2012\/11\/19-2.doc\">2<\/a><\/td>\n<td style=\"text-align: center\" align=\"right\" width=\"64\"><a href=\"https:\/\/semmelweis.hu\/oralis-diagnosztika\/files\/2012\/11\/19-3.doc\">3<\/a><\/td>\n<\/tr>\n<tr>\n<td style=\"text-align: center\" align=\"right\" height=\"20\"><a href=\"https:\/\/semmelweis.hu\/oralis-diagnosztika\/files\/2012\/11\/19-4.doc\">4<\/a><\/td>\n<td style=\"text-align: center\" align=\"right\"><a href=\"https:\/\/semmelweis.hu\/oralis-diagnosztika\/files\/2015\/02\/19-5.doc\">5<\/a><\/td>\n<td style=\"text-align: center\" align=\"right\"><a href=\"https:\/\/semmelweis.hu\/oralis-diagnosztika\/files\/2012\/11\/19-6.doc\">6<\/a><\/td>\n<\/tr>\n<tr>\n<td style=\"text-align: center\" align=\"right\" height=\"20\"><a href=\"https:\/\/semmelweis.hu\/oralis-diagnosztika\/files\/2012\/11\/19-7.doc\">7<\/a><\/td>\n<td style=\"text-align: center\" align=\"right\"><a href=\"https:\/\/semmelweis.hu\/oralis-diagnosztika\/files\/2012\/11\/19-8.doc\">8<\/a><\/td>\n<td style=\"text-align: center\" align=\"right\"><a href=\"https:\/\/semmelweis.hu\/oralis-diagnosztika\/files\/2012\/11\/19-9.doc\">9<\/a><\/td>\n<\/tr>\n<\/tbody>\n<\/table>\n<p>&nbsp;<\/p>\n","protected":false},"excerpt":{"rendered":"<p><a href=\"https:\/\/semmelweis.hu\/oralis-diagnosztika\/files\/2012\/11\/19-1.doc\">1<\/a><br \/>\n<a href=\"https:\/\/semmelweis.hu\/oralis-diagnosztika\/files\/2012\/11\/19-2.doc\">2<\/a><br \/>\n<a href=\"https:\/\/semmelweis.hu\/oralis-diagnosztika\/files\/2012\/11\/19-3.doc\">3<\/a><\/p>\n<p><a href=\"https:\/\/semmelweis.hu\/oralis-diagnosztika\/files\/2012\/11\/19-4.doc\">4<\/a><br \/>\n<a href=\"https:\/\/semmelweis.hu\/oralis-diagnosztika\/files\/2015\/02\/19-5.doc\">5<\/a><br \/>\n<a href=\"https:\/\/semmelweis.hu\/oralis-diagnosztika\/files\/2012\/11\/19-6.doc\">6<\/a><\/p>\n<p><a href=\"https:\/\/semmelweis.hu\/oralis-diagnosztika\/files\/2012\/11\/19-7.doc\">7<\/a><br \/>\n<a href=\"https:\/\/semmelweis.hu\/oralis-diagnosztika\/files\/2012\/11\/19-8.doc\">8<\/a><br \/>\n<a href=\"https:\/\/semmelweis.hu\/oralis-diagnosztika\/files\/2012\/11\/19-9.doc\">9<\/a><\/p>\n<p>&nbsp;<\/p>\n","protected":false},"author":126,"featured_media":0,"parent":48,"menu_order":0,"comment_status":"open","ping_status":"open","template":"","meta":{"_acf_changed":false,"footnotes":""},"categories":[],"tags":[],"class_list":["post-286","page","type-page","status-publish","hentry"],"acf":[],"_links":{"self":[{"href":"https:\/\/semmelweis.hu\/oralis-diagnosztika\/wp-json\/wp\/v2\/pages\/286","targetHints":{"allow":["GET"]}}],"collection":[{"href":"https:\/\/semmelweis.hu\/oralis-diagnosztika\/wp-json\/wp\/v2\/pages"}],"about":[{"href":"https:\/\/semmelweis.hu\/oralis-diagnosztika\/wp-json\/wp\/v2\/types\/page"}],"author":[{"embeddable":true,"href":"https:\/\/semmelweis.hu\/oralis-diagnosztika\/wp-json\/wp\/v2\/users\/126"}],"replies":[{"embeddable":true,"href":"https:\/\/semmelweis.hu\/oralis-diagnosztika\/wp-json\/wp\/v2\/comments?post=286"}],"version-history":[{"count":2,"href":"https:\/\/semmelweis.hu\/oralis-diagnosztika\/wp-json\/wp\/v2\/pages\/286\/revisions"}],"predecessor-version":[{"id":704,"href":"https:\/\/semmelweis.hu\/oralis-diagnosztika\/wp-json\/wp\/v2\/pages\/286\/revisions\/704"}],"up":[{"embeddable":true,"href":"https:\/\/semmelweis.hu\/oralis-diagnosztika\/wp-json\/wp\/v2\/pages\/48"}],"wp:attachment":[{"href":"https:\/\/semmelweis.hu\/oralis-diagnosztika\/wp-json\/wp\/v2\/media?parent=286"}],"wp:term":[{"taxonomy":"category","embeddable":true,"href":"https:\/\/semmelweis.hu\/oralis-diagnosztika\/wp-json\/wp\/v2\/categories?post=286"},{"taxonomy":"post_tag","embeddable":true,"href":"https:\/\/semmelweis.hu\/oralis-diagnosztika\/wp-json\/wp\/v2\/tags?post=286"}],"curies":[{"name":"wp","href":"https:\/\/api.w.org\/{rel}","templated":true}]}}