{"id":2757,"date":"2020-10-26T09:33:34","date_gmt":"2020-10-26T08:33:34","guid":{"rendered":"https:\/\/semmelweis.hu\/oralis-diagnosztika\/?page_id=2757"},"modified":"2022-05-10T17:10:38","modified_gmt":"2022-05-10T15:10:38","slug":"omhv","status":"publish","type":"page","link":"https:\/\/semmelweis.hu\/oralis-diagnosztika\/oktatas\/omhv\/","title":{"rendered":"OMHV"},"content":{"rendered":"<p><a href=\"https:\/\/semmelweis.hu\/oralis-diagnosztika\/files\/2022\/05\/Intezkedesi-terv-2022_2023-II-M.docx.pdf\">Int\u00e9zked\u00e9si terv<\/a> az OMHV adatok alapj\u00e1n.<\/p>\n<p><strong>A f\u00e1jl csak az egyetem bels\u0151 h\u00e1l\u00f3zat\u00e1b\u00f3l \u00e9rhet\u0151 el!<\/strong><\/p>\n<p>&nbsp;<\/p>\n","protected":false},"excerpt":{"rendered":"<p><a href=\"https:\/\/semmelweis.hu\/oralis-diagnosztika\/files\/2022\/05\/Intezkedesi-terv-2022_2023-II-M.docx.pdf\">Int\u00e9zked\u00e9si terv<\/a> az OMHV adatok alapj\u00e1n.<br \/>\nA f\u00e1jl csak az egyetem bels\u0151 h\u00e1l\u00f3zat\u00e1b\u00f3l \u00e9rhet\u0151 el!<br \/>\n&nbsp;<\/p>\n","protected":false},"author":126,"featured_media":0,"parent":29,"menu_order":12,"comment_status":"closed","ping_status":"closed","template":"","meta":{"_acf_changed":false,"footnotes":""},"categories":[],"tags":[],"class_list":["post-2757","page","type-page","status-publish","hentry"],"acf":[],"_links":{"self":[{"href":"https:\/\/semmelweis.hu\/oralis-diagnosztika\/wp-json\/wp\/v2\/pages\/2757","targetHints":{"allow":["GET"]}}],"collection":[{"href":"https:\/\/semmelweis.hu\/oralis-diagnosztika\/wp-json\/wp\/v2\/pages"}],"about":[{"href":"https:\/\/semmelweis.hu\/oralis-diagnosztika\/wp-json\/wp\/v2\/types\/page"}],"author":[{"embeddable":true,"href":"https:\/\/semmelweis.hu\/oralis-diagnosztika\/wp-json\/wp\/v2\/users\/126"}],"replies":[{"embeddable":true,"href":"https:\/\/semmelweis.hu\/oralis-diagnosztika\/wp-json\/wp\/v2\/comments?post=2757"}],"version-history":[{"count":5,"href":"https:\/\/semmelweis.hu\/oralis-diagnosztika\/wp-json\/wp\/v2\/pages\/2757\/revisions"}],"predecessor-version":[{"id":3179,"href":"https:\/\/semmelweis.hu\/oralis-diagnosztika\/wp-json\/wp\/v2\/pages\/2757\/revisions\/3179"}],"up":[{"embeddable":true,"href":"https:\/\/semmelweis.hu\/oralis-diagnosztika\/wp-json\/wp\/v2\/pages\/29"}],"wp:attachment":[{"href":"https:\/\/semmelweis.hu\/oralis-diagnosztika\/wp-json\/wp\/v2\/media?parent=2757"}],"wp:term":[{"taxonomy":"category","embeddable":true,"href":"https:\/\/semmelweis.hu\/oralis-diagnosztika\/wp-json\/wp\/v2\/categories?post=2757"},{"taxonomy":"post_tag","embeddable":true,"href":"https:\/\/semmelweis.hu\/oralis-diagnosztika\/wp-json\/wp\/v2\/tags?post=2757"}],"curies":[{"name":"wp","href":"https:\/\/api.w.org\/{rel}","templated":true}]}}