{"id":2543,"date":"2020-05-15T13:10:56","date_gmt":"2020-05-15T11:10:56","guid":{"rendered":"https:\/\/semmelweis.hu\/oralis-diagnosztika\/?page_id=2543"},"modified":"2020-05-19T12:13:41","modified_gmt":"2020-05-19T10:13:41","slug":"hirek","status":"publish","type":"page","link":"https:\/\/semmelweis.hu\/oralis-diagnosztika\/hirek\/","title":{"rendered":"H\u00edrek"},"content":{"rendered":"<p>A Fogorvostudom\u00e1nyi Kar MDPHD programj\u00e1t \u00e9rint\u0151 bemutatkoz\u00f3 diasorok itt \u00e9rhet\u0151ek el:<\/p>\n<p>Dr. Borb\u00e9ly Judit<br \/>\n<a href=\"https:\/\/semmelweis.hu\/oralis-diagnosztika\/files\/2020\/05\/MDPHD-Borb\u00e9ly-Fogp\u00f3tl\u00e1stani-Klinika.pdf\">Digit\u00e1lis fog\u00e1szati munkacsoport<\/a><br \/>\nFogp\u00f3tl\u00e1stani Klinika<\/p>\n<p>Dr. Herczeg Anna \u00e9s Dr. Lohinai Zsolt<br \/>\n<a href=\"https:\/\/semmelweis.hu\/oralis-diagnosztika\/files\/2020\/05\/PHD-t\u00e9ma_Herczeg-Anna-Lohinai-Zsolt.pptx\">A kl\u00f3r-dioxid endodonciai alkalmaz\u00e1s\u00e1nak lehet\u0151s\u00e9ge<\/a><br \/>\nKonzerv\u00e1l\u00f3 Fog\u00e1szati Klinika<\/p>\n<p>Dr. K\u00f6rm\u00f6czi Kinga<br \/>\n<a href=\"https:\/\/semmelweis.hu\/oralis-diagnosztika\/files\/2020\/05\/K_Kinga_PhD_.pdf\">Ultra-finomszemcs\u00e9s tit\u00e1n implant\u00e1tum-alapanyag \u00f6sszehasonl\u00edt\u00f3 vizsg\u00e1lata<\/a><br \/>\nArc- \u00c1llcsont- Sz\u00e1jseb\u00e9szeti \u00e9s Fog\u00e1szati Klinika<\/p>\n<p>Dr. V\u00e1g J\u00e1nos<br \/>\n<a href=\"https:\/\/semmelweis.hu\/oralis-diagnosztika\/files\/2020\/05\/Phd-t\u00e9m\u00e1k-V\u00e1g-J\u00e1nos.pdf\">Aktu\u00e1lis PhD t\u00e9m\u00e1inak bemutat\u00e1sa<\/a><br \/>\nKonzerv\u00e1l\u00f3 Fog\u00e1szati Klinika<\/p>\n<p>Dr. Varga G\u00e1bor<br \/>\n<a href=\"https:\/\/semmelweis.hu\/oralis-diagnosztika\/files\/2020\/05\/2020-Varga-Gabor-PhD-kepzes.pdf\">Bemutatkoz\u00e1s \u00e9s a figyelem felh\u00edv\u00e1sa a doktori.hu honlapra<\/a><br \/>\nOr\u00e1lbiol\u00f3giai Tansz\u00e9k<\/p>\n<p>Dr. Zsembery \u00c1kos <br \/>\n<a href=\"https:\/\/semmelweis.hu\/oralis-diagnosztika\/files\/2020\/05\/MDPHD-Zsembery-Bemutatkoz\u00e1s-2020-05-11.pptx\">A h\u00e1msejtek iontranszport zavara \u00e9s a bakteri\u00e1lis biofilm k\u00e9pz\u00e9s kapcsolata \u2013 avagy \u00fatban a bikarbon\u00e1t anti-bakteri\u00e1lis (anti-vir\u00e1lis?) hat\u00e1s\u00e1nak meg\u00e9rt\u00e9s\u00e9ben\u00a0<\/a><br \/>\nOr\u00e1lbiol\u00f3giai Tansz\u00e9k<\/p>\n<p>&nbsp;<\/p>\n","protected":false},"excerpt":{"rendered":"<p>A Fogorvostudom\u00e1nyi Kar MDPHD programj\u00e1t \u00e9rint\u0151 bemutatkoz\u00f3 diasorok itt \u00e9rhet\u0151ek el: Dr. Borb\u00e9ly Judit <a href=\"https:\/\/semmelweis.hu\/oralis-diagnosztika\/files\/2020\/05\/MDPHD-Borb\u00e9ly-Fogp\u00f3tl\u00e1stani-Klinika.pdf\">Digit\u00e1lis fog\u00e1szati munkacsoport<\/a> Fogp\u00f3tl\u00e1stani Klinika Dr. Herczeg Anna \u00e9s Dr. Lohinai Zsolt <a href=\"https:\/\/semmelweis.hu\/oralis-diagnosztika\/files\/2020\/05\/PHD-t\u00e9ma_Herczeg-Anna-Lohinai-Zsolt.pptx\">A kl\u00f3r-dioxid endodonciai alkalmaz\u00e1s\u00e1nak lehet\u0151s\u00e9ge<\/a> Konzerv\u00e1l\u00f3 Fog\u00e1szati Klinika Dr. K\u00f6rm\u00f6czi Kinga <a href=\"https:\/\/semmelweis.hu\/oralis-diagnosztika\/files\/2020\/05\/K_Kinga_PhD_.pdf\">Ultra-finomszemcs\u00e9s tit\u00e1n implant\u00e1tum-alapanyag \u00f6sszehasonl\u00edt\u00f3 vizsg\u00e1lata<\/a> Arc- \u00c1llcsont- Sz\u00e1jseb\u00e9szeti \u00e9s Fog\u00e1szati Klinika Dr. V\u00e1g J\u00e1nos <a href=\"https:\/\/semmelweis.hu\/oralis-diagnosztika\/files\/2020\/05\/Phd-t\u00e9m\u00e1k-V\u00e1g-J\u00e1nos.pdf\">Aktu\u00e1lis PhD t\u00e9m\u00e1inak bemutat\u00e1sa<\/a> Konzerv\u00e1l\u00f3 Fog\u00e1szati Klinika Dr. Varga G\u00e1bor <a href=\"https:\/\/semmelweis.hu\/oralis-diagnosztika\/files\/2020\/05\/2020-Varga-Gabor-PhD-kepzes.pdf\">Bemutatkoz\u00e1s \u00e9s a figyelem felh\u00edv\u00e1sa a doktori.hu honlapra<\/a> Or\u00e1lbiol\u00f3giai Tansz\u00e9k Dr. Zsembery \u00c1kos <a href=\"https:\/\/semmelweis.hu\/oralis-diagnosztika\/files\/2020\/05\/MDPHD-Zsembery-Bemutatkoz\u00e1s-2020-05-11.pptx\">A h\u00e1msejtek iontranszport zavara \u00e9s a bakteri\u00e1lis biofilm k\u00e9pz\u00e9s kapcsolata \u2013 avagy \u00fatban a bikarbon\u00e1t anti-bakteri\u00e1lis (anti-vir\u00e1lis?) hat\u00e1s\u00e1nak meg\u00e9rt\u00e9s\u00e9ben\u00a0<\/a> Or\u00e1lbiol\u00f3giai Tansz\u00e9k &hellip;<\/p>\n","protected":false},"author":126,"featured_media":0,"parent":0,"menu_order":0,"comment_status":"closed","ping_status":"closed","template":"","meta":{"_acf_changed":false,"footnotes":""},"categories":[],"tags":[],"class_list":["post-2543","page","type-page","status-publish","hentry"],"acf":[],"_links":{"self":[{"href":"https:\/\/semmelweis.hu\/oralis-diagnosztika\/wp-json\/wp\/v2\/pages\/2543","targetHints":{"allow":["GET"]}}],"collection":[{"href":"https:\/\/semmelweis.hu\/oralis-diagnosztika\/wp-json\/wp\/v2\/pages"}],"about":[{"href":"https:\/\/semmelweis.hu\/oralis-diagnosztika\/wp-json\/wp\/v2\/types\/page"}],"author":[{"embeddable":true,"href":"https:\/\/semmelweis.hu\/oralis-diagnosztika\/wp-json\/wp\/v2\/users\/126"}],"replies":[{"embeddable":true,"href":"https:\/\/semmelweis.hu\/oralis-diagnosztika\/wp-json\/wp\/v2\/comments?post=2543"}],"version-history":[{"count":10,"href":"https:\/\/semmelweis.hu\/oralis-diagnosztika\/wp-json\/wp\/v2\/pages\/2543\/revisions"}],"predecessor-version":[{"id":2568,"href":"https:\/\/semmelweis.hu\/oralis-diagnosztika\/wp-json\/wp\/v2\/pages\/2543\/revisions\/2568"}],"wp:attachment":[{"href":"https:\/\/semmelweis.hu\/oralis-diagnosztika\/wp-json\/wp\/v2\/media?parent=2543"}],"wp:term":[{"taxonomy":"category","embeddable":true,"href":"https:\/\/semmelweis.hu\/oralis-diagnosztika\/wp-json\/wp\/v2\/categories?post=2543"},{"taxonomy":"post_tag","embeddable":true,"href":"https:\/\/semmelweis.hu\/oralis-diagnosztika\/wp-json\/wp\/v2\/tags?post=2543"}],"curies":[{"name":"wp","href":"https:\/\/api.w.org\/{rel}","templated":true}]}}