{"id":247,"date":"2012-11-14T11:31:22","date_gmt":"2012-11-14T11:31:22","guid":{"rendered":"http:\/\/semmelweis-egyetem.hu\/oralis-diagnosztika\/?page_id=247"},"modified":"2015-03-04T12:24:53","modified_gmt":"2015-03-04T11:24:53","slug":"anomaliak","status":"publish","type":"page","link":"https:\/\/semmelweis.hu\/oralis-diagnosztika\/oktatas\/radiologia\/intraoralis-rontgenkepek-elemzese\/anomaliak\/","title":{"rendered":"Anom\u00e1li\u00e1k"},"content":{"rendered":"<table border=\"0\" width=\"192\" cellspacing=\"0\" cellpadding=\"0\">\n<colgroup>\n<col span=\"3\" width=\"64\" \/> <\/colgroup>\n<tbody>\n<tr>\n<td colspan=\"3\" width=\"192\" height=\"20\">\u00c1tt\u00f6r\u00e9si rendelleness\u00e9gek<\/td>\n<\/tr>\n<tr>\n<td height=\"20\"><\/td>\n<td><\/td>\n<td><\/td>\n<\/tr>\n<tr>\n<td style=\"text-align: center\" align=\"right\" height=\"20\"><a href=\"https:\/\/semmelweis.hu\/oralis-diagnosztika\/files\/2012\/11\/11c-1.doc\">1<\/a><\/td>\n<td style=\"text-align: center\" align=\"right\"><a href=\"https:\/\/semmelweis.hu\/oralis-diagnosztika\/files\/2012\/11\/11c-2.doc\">2<\/a><\/td>\n<td style=\"text-align: center\" align=\"right\"><a href=\"https:\/\/semmelweis.hu\/oralis-diagnosztika\/files\/2012\/11\/11c-3.doc\">3<\/a><\/td>\n<\/tr>\n<tr>\n<td style=\"text-align: center\" align=\"right\" height=\"20\"><a href=\"https:\/\/semmelweis.hu\/oralis-diagnosztika\/files\/2012\/11\/11c-4.doc\">4<\/a><\/td>\n<td style=\"text-align: center\" align=\"right\"><a href=\"https:\/\/semmelweis.hu\/oralis-diagnosztika\/files\/2012\/11\/11c-5.doc\">5<\/a><\/td>\n<td style=\"text-align: center\" align=\"right\"><a href=\"https:\/\/semmelweis.hu\/oralis-diagnosztika\/files\/2012\/11\/11c-6.doc\">6<\/a><\/td>\n<\/tr>\n<tr>\n<td style=\"text-align: center\" align=\"right\" height=\"20\"><a href=\"https:\/\/semmelweis.hu\/oralis-diagnosztika\/files\/2012\/11\/11c-7.doc\">7<\/a><\/td>\n<td style=\"text-align: center\" align=\"right\"><a href=\"https:\/\/semmelweis.hu\/oralis-diagnosztika\/files\/2012\/11\/11c-8.doc\">8<\/a><\/td>\n<td style=\"text-align: center\" align=\"right\"><a href=\"https:\/\/semmelweis.hu\/oralis-diagnosztika\/files\/2015\/03\/11c-9.doc\">9<\/a><\/td>\n<\/tr>\n<tr>\n<td style=\"text-align: center\" align=\"right\" height=\"20\"><a href=\"https:\/\/semmelweis.hu\/oralis-diagnosztika\/files\/2012\/11\/11c-10.doc\">10<\/a><\/td>\n<td><\/td>\n<td><\/td>\n<\/tr>\n<tr>\n<td height=\"20\"><\/td>\n<td><\/td>\n<td><\/td>\n<\/tr>\n<tr>\n<td colspan=\"3\" height=\"20\">Alaki \u00e9s helyzeti elt\u00e9r\u00e9sek<\/td>\n<\/tr>\n<tr>\n<td style=\"text-align: center\" height=\"20\"><\/td>\n<td><\/td>\n<td><\/td>\n<\/tr>\n<tr>\n<td style=\"text-align: center\" align=\"right\" height=\"20\"><a href=\"https:\/\/semmelweis.hu\/oralis-diagnosztika\/files\/2012\/11\/11a-1.doc\">1<\/a><\/td>\n<td style=\"text-align: center\" align=\"right\"><a href=\"https:\/\/semmelweis.hu\/oralis-diagnosztika\/files\/2012\/11\/11a-2.doc\">2<\/a><\/td>\n<td style=\"text-align: center\" align=\"right\"><a href=\"https:\/\/semmelweis.hu\/oralis-diagnosztika\/files\/2012\/11\/11a-3.doc\">3<\/a><\/td>\n<\/tr>\n<tr>\n<td style=\"text-align: center\" align=\"right\" height=\"20\"><a href=\"https:\/\/semmelweis.hu\/oralis-diagnosztika\/files\/2012\/11\/11a-4.doc\">4<\/a><\/td>\n<td style=\"text-align: center\" align=\"right\"><a href=\"https:\/\/semmelweis.hu\/oralis-diagnosztika\/files\/2012\/11\/11a-5.doc\">5<\/a><\/td>\n<td style=\"text-align: center\" align=\"right\"><a href=\"https:\/\/semmelweis.hu\/oralis-diagnosztika\/files\/2012\/11\/11a-6.doc\">6<\/a><\/td>\n<\/tr>\n<tr>\n<td style=\"text-align: center\" align=\"right\" height=\"20\"><a title=\"Anom\u00e1li\u00e1k\" href=\"https:\/\/semmelweis.hu\/oralis-diagnosztika\/files\/2012\/11\/11a-7.doc\">7<\/a><\/td>\n<td style=\"text-align: center\" align=\"right\"><a href=\"https:\/\/semmelweis.hu\/oralis-diagnosztika\/files\/2012\/11\/11a-8.doc\">8<\/a><\/td>\n<td style=\"text-align: center\" align=\"right\"><a href=\"https:\/\/semmelweis.hu\/oralis-diagnosztika\/files\/2012\/11\/11a-9.doc\">9<\/a><\/td>\n<\/tr>\n<tr>\n<td style=\"text-align: center\" align=\"right\" height=\"20\"><a href=\"https:\/\/semmelweis.hu\/oralis-diagnosztika\/files\/2012\/11\/11a-10.doc\">10<\/a><\/td>\n<td style=\"text-align: center\" align=\"right\"><a href=\"https:\/\/semmelweis.hu\/oralis-diagnosztika\/files\/2012\/11\/11a-11.doc\">11<\/a><\/td>\n<td><\/td>\n<\/tr>\n<tr>\n<td height=\"20\"><\/td>\n<td><\/td>\n<td><\/td>\n<\/tr>\n<tr>\n<td colspan=\"2\" height=\"20\">Sz\u00e1mbeli elt\u00e9r\u00e9sek<\/td>\n<td><\/td>\n<\/tr>\n<tr>\n<td height=\"20\"><\/td>\n<td><\/td>\n<td><\/td>\n<\/tr>\n<tr>\n<td style=\"text-align: center\" align=\"right\" height=\"20\"><a href=\"https:\/\/semmelweis.hu\/oralis-diagnosztika\/files\/2012\/11\/11b-1.doc\">1<\/a><\/td>\n<td style=\"text-align: center\" align=\"right\"><a href=\"https:\/\/semmelweis.hu\/oralis-diagnosztika\/files\/2012\/11\/11b-2.doc\">2<\/a><\/td>\n<td style=\"text-align: center\" align=\"right\"><a href=\"https:\/\/semmelweis.hu\/oralis-diagnosztika\/files\/2012\/11\/11b-3.doc\">3<\/a><\/td>\n<\/tr>\n<tr>\n<td style=\"text-align: center\" align=\"right\" height=\"20\"><a href=\"https:\/\/semmelweis.hu\/oralis-diagnosztika\/files\/2012\/11\/11b-4.doc\">4<\/a><\/td>\n<td style=\"text-align: center\" align=\"right\"><a href=\"https:\/\/semmelweis.hu\/oralis-diagnosztika\/files\/2012\/11\/11b-5.doc\">5<\/a><\/td>\n<td style=\"text-align: center\" align=\"right\"><a href=\"https:\/\/semmelweis.hu\/oralis-diagnosztika\/files\/2012\/11\/11b-6.doc\">6<\/a><\/td>\n<\/tr>\n<tr>\n<td style=\"text-align: center\" align=\"right\" height=\"20\"><a href=\"https:\/\/semmelweis.hu\/oralis-diagnosztika\/files\/2012\/11\/11b-7.doc\">7<\/a><\/td>\n<td style=\"text-align: center\" align=\"right\"><a href=\"https:\/\/semmelweis.hu\/oralis-diagnosztika\/files\/2012\/11\/11b-8.doc\">8<\/a><\/td>\n<td style=\"text-align: center\" align=\"right\"><a href=\"https:\/\/semmelweis.hu\/oralis-diagnosztika\/files\/2012\/11\/11b-9.doc\">9<\/a><\/td>\n<\/tr>\n<tr>\n<td height=\"20\"><\/td>\n<td><\/td>\n<td><\/td>\n<\/tr>\n<tr>\n<td colspan=\"3\" height=\"20\">Szerkezeti rendelleness\u00e9gek<\/td>\n<\/tr>\n<tr>\n<td height=\"20\"><\/td>\n<td><\/td>\n<td><\/td>\n<\/tr>\n<tr>\n<td style=\"text-align: center\" align=\"right\" height=\"20\"><a href=\"https:\/\/semmelweis.hu\/oralis-diagnosztika\/files\/2012\/11\/11d-1.doc\">1<\/a><\/td>\n<td style=\"text-align: center\" align=\"right\"><a href=\"https:\/\/semmelweis.hu\/oralis-diagnosztika\/files\/2012\/11\/11d-2.doc\">2<\/a><\/td>\n<td style=\"text-align: center\" align=\"right\"><a href=\"https:\/\/semmelweis.hu\/oralis-diagnosztika\/files\/2012\/11\/11d-3.doc\">3<\/a><\/td>\n<\/tr>\n<tr>\n<td style=\"text-align: center\" align=\"right\" height=\"20\"><a href=\"https:\/\/semmelweis.hu\/oralis-diagnosztika\/files\/2012\/11\/11d-4.doc\">4<\/a><\/td>\n<td><\/td>\n<td><\/td>\n<\/tr>\n<tr>\n<td height=\"20\"><\/td>\n<td><\/td>\n<td><\/td>\n<\/tr>\n<\/tbody>\n<\/table>\n<p>&nbsp;<\/p>\n<p>&nbsp;<\/p>\n","protected":false},"excerpt":{"rendered":"<p>\u00c1tt\u00f6r\u00e9si rendelleness\u00e9gek<\/p>\n<p><a href=\"https:\/\/semmelweis.hu\/oralis-diagnosztika\/files\/2012\/11\/11c-1.doc\">1<\/a><br \/>\n<a href=\"https:\/\/semmelweis.hu\/oralis-diagnosztika\/files\/2012\/11\/11c-2.doc\">2<\/a><br \/>\n<a href=\"https:\/\/semmelweis.hu\/oralis-diagnosztika\/files\/2012\/11\/11c-3.doc\">3<\/a><\/p>\n<p><a href=\"https:\/\/semmelweis.hu\/oralis-diagnosztika\/files\/2012\/11\/11c-4.doc\">4<\/a><br \/>\n<a href=\"https:\/\/semmelweis.hu\/oralis-diagnosztika\/files\/2012\/11\/11c-5.doc\">5<\/a><br \/>\n<a href=\"https:\/\/semmelweis.hu\/oralis-diagnosztika\/files\/2012\/11\/11c-6.doc\">6<\/a><\/p>\n<p><a href=\"https:\/\/semmelweis.hu\/oralis-diagnosztika\/files\/2012\/11\/11c-7.doc\">7<\/a><br \/>\n<a href=\"https:\/\/semmelweis.hu\/oralis-diagnosztika\/files\/2012\/11\/11c-8.doc\">8<\/a><br \/>\n<a href=\"https:\/\/semmelweis.hu\/oralis-diagnosztika\/files\/2015\/03\/11c-9.doc\">9<\/a><\/p>\n<p><a href=\"https:\/\/semmelweis.hu\/oralis-diagnosztika\/files\/2012\/11\/11c-10.doc\">10<\/a><\/p>\n<p>Alaki \u00e9s helyzeti elt\u00e9r\u00e9sek<\/p>\n<p><a href=\"https:\/\/semmelweis.hu\/oralis-diagnosztika\/files\/2012\/11\/11a-1.doc\">1<\/a><br \/>\n<a href=\"https:\/\/semmelweis.hu\/oralis-diagnosztika\/files\/2012\/11\/11a-2.doc\">2<\/a><br \/>\n<a href=\"https:\/\/semmelweis.hu\/oralis-diagnosztika\/files\/2012\/11\/11a-3.doc\">3<\/a><\/p>\n<p><a href=\"https:\/\/semmelweis.hu\/oralis-diagnosztika\/files\/2012\/11\/11a-4.doc\">4<\/a><br \/>\n<a href=\"https:\/\/semmelweis.hu\/oralis-diagnosztika\/files\/2012\/11\/11a-5.doc\">5<\/a><br \/>\n<a href=\"https:\/\/semmelweis.hu\/oralis-diagnosztika\/files\/2012\/11\/11a-6.doc\">6<\/a><\/p>\n<p><a title=\"Anom\u00e1li\u00e1k\" href=\"https:\/\/semmelweis.hu\/oralis-diagnosztika\/files\/2012\/11\/11a-7.doc\">7<\/a><br \/>\n<a href=\"https:\/\/semmelweis.hu\/oralis-diagnosztika\/files\/2012\/11\/11a-8.doc\">8<\/a><br \/>\n<a href=\"https:\/\/semmelweis.hu\/oralis-diagnosztika\/files\/2012\/11\/11a-9.doc\">9<\/a><\/p>\n<p><a href=\"https:\/\/semmelweis.hu\/oralis-diagnosztika\/files\/2012\/11\/11a-10.doc\">10<\/a><br \/>\n<a href=\"https:\/\/semmelweis.hu\/oralis-diagnosztika\/files\/2012\/11\/11a-11.doc\">11<\/a><\/p>\n<p>Sz\u00e1mbeli elt\u00e9r\u00e9sek<\/p>\n<p><a href=\"https:\/\/semmelweis.hu\/oralis-diagnosztika\/files\/2012\/11\/11b-1.doc\">1<\/a><br \/>\n<a href=\"https:\/\/semmelweis.hu\/oralis-diagnosztika\/files\/2012\/11\/11b-2.doc\">2<\/a><br \/>\n<a href=\"https:\/\/semmelweis.hu\/oralis-diagnosztika\/files\/2012\/11\/11b-3.doc\">3<\/a><\/p>\n<p><a href=\"https:\/\/semmelweis.hu\/oralis-diagnosztika\/files\/2012\/11\/11b-4.doc\">4<\/a><br \/>\n<a href=\"https:\/\/semmelweis.hu\/oralis-diagnosztika\/files\/2012\/11\/11b-5.doc\">5<\/a><br \/>\n<a href=\"https:\/\/semmelweis.hu\/oralis-diagnosztika\/files\/2012\/11\/11b-6.doc\">6<\/a><\/p>\n<p><a href=\"https:\/\/semmelweis.hu\/oralis-diagnosztika\/files\/2012\/11\/11b-7.doc\">7<\/a><br \/>\n<a href=\"https:\/\/semmelweis.hu\/oralis-diagnosztika\/files\/2012\/11\/11b-8.doc\">8<\/a><br \/>\n<a href=\"https:\/\/semmelweis.hu\/oralis-diagnosztika\/files\/2012\/11\/11b-9.doc\">9<\/a><\/p>\n<p>Szerkezeti rendelleness\u00e9gek<\/p>\n<p><a href=\"https:\/\/semmelweis.hu\/oralis-diagnosztika\/files\/2012\/11\/11d-1.doc\">1<\/a><br \/>\n<a href=\"https:\/\/semmelweis.hu\/oralis-diagnosztika\/files\/2012\/11\/11d-2.doc\">2<\/a><br \/>\n<a href=\"https:\/\/semmelweis.hu\/oralis-diagnosztika\/files\/2012\/11\/11d-3.doc\">3<\/a><\/p>\n<p><a href=\"https:\/\/semmelweis.hu\/oralis-diagnosztika\/files\/2012\/11\/11d-4.doc\">4<\/a><\/p>\n<p>&nbsp;<br \/>\n&nbsp;<\/p>\n","protected":false},"author":126,"featured_media":0,"parent":48,"menu_order":0,"comment_status":"open","ping_status":"open","template":"","meta":{"_acf_changed":false,"footnotes":""},"categories":[],"tags":[],"class_list":["post-247","page","type-page","status-publish","hentry"],"acf":[],"_links":{"self":[{"href":"https:\/\/semmelweis.hu\/oralis-diagnosztika\/wp-json\/wp\/v2\/pages\/247","targetHints":{"allow":["GET"]}}],"collection":[{"href":"https:\/\/semmelweis.hu\/oralis-diagnosztika\/wp-json\/wp\/v2\/pages"}],"about":[{"href":"https:\/\/semmelweis.hu\/oralis-diagnosztika\/wp-json\/wp\/v2\/types\/page"}],"author":[{"embeddable":true,"href":"https:\/\/semmelweis.hu\/oralis-diagnosztika\/wp-json\/wp\/v2\/users\/126"}],"replies":[{"embeddable":true,"href":"https:\/\/semmelweis.hu\/oralis-diagnosztika\/wp-json\/wp\/v2\/comments?post=247"}],"version-history":[{"count":4,"href":"https:\/\/semmelweis.hu\/oralis-diagnosztika\/wp-json\/wp\/v2\/pages\/247\/revisions"}],"predecessor-version":[{"id":720,"href":"https:\/\/semmelweis.hu\/oralis-diagnosztika\/wp-json\/wp\/v2\/pages\/247\/revisions\/720"}],"up":[{"embeddable":true,"href":"https:\/\/semmelweis.hu\/oralis-diagnosztika\/wp-json\/wp\/v2\/pages\/48"}],"wp:attachment":[{"href":"https:\/\/semmelweis.hu\/oralis-diagnosztika\/wp-json\/wp\/v2\/media?parent=247"}],"wp:term":[{"taxonomy":"category","embeddable":true,"href":"https:\/\/semmelweis.hu\/oralis-diagnosztika\/wp-json\/wp\/v2\/categories?post=247"},{"taxonomy":"post_tag","embeddable":true,"href":"https:\/\/semmelweis.hu\/oralis-diagnosztika\/wp-json\/wp\/v2\/tags?post=247"}],"curies":[{"name":"wp","href":"https:\/\/api.w.org\/{rel}","templated":true}]}}