{"id":2447,"date":"2020-02-07T12:15:38","date_gmt":"2020-02-07T11:15:38","guid":{"rendered":"http:\/\/semmelweis.hu\/oralis-diagnosztika\/?page_id=2447"},"modified":"2022-08-22T16:51:38","modified_gmt":"2022-08-22T14:51:38","slug":"wahlfaecher","status":"publish","type":"page","link":"https:\/\/semmelweis.hu\/oralis-diagnosztika\/de\/studium\/wahlfaecher\/","title":{"rendered":"Wahlf\u00e4cher"},"content":{"rendered":"<p><strong>Digitale R\u00f6ntgendiagnostik in der Zahnarztpraxis<\/strong><\/p>\n<p>Der vollst\u00e4ndige Lehrplan f\u00fcr das Fach ist verf\u00fcgbar im <a href=\"https:\/\/itc.semmelweis.hu\/moodle\/?lang=de\">Moodle-System der Semmelweis-Universit\u00e4t<\/a>. Die Nutzung von E-Learning \/ Moodle-System ist verpflichtet f\u00fcr den Abschluss des Faches.<\/p>\n","protected":false},"excerpt":{"rendered":"<p>Digitale R\u00f6ntgendiagnostik in der Zahnarztpraxis<br \/>\nDer vollst\u00e4ndige Lehrplan f\u00fcr das Fach ist verf\u00fcgbar im <a href=\"https:\/\/itc.semmelweis.hu\/moodle\/?lang=de\">Moodle-System der Semmelweis-Universit\u00e4t<\/a>. Die Nutzung von E-Learning \/ Moodle-System ist verpflichtet f\u00fcr den Abschluss des Faches.<\/p>\n","protected":false},"author":126,"featured_media":0,"parent":1339,"menu_order":8,"comment_status":"closed","ping_status":"closed","template":"","meta":{"_acf_changed":false,"footnotes":""},"categories":[],"tags":[],"class_list":["post-2447","page","type-page","status-publish","hentry"],"acf":[],"_links":{"self":[{"href":"https:\/\/semmelweis.hu\/oralis-diagnosztika\/wp-json\/wp\/v2\/pages\/2447","targetHints":{"allow":["GET"]}}],"collection":[{"href":"https:\/\/semmelweis.hu\/oralis-diagnosztika\/wp-json\/wp\/v2\/pages"}],"about":[{"href":"https:\/\/semmelweis.hu\/oralis-diagnosztika\/wp-json\/wp\/v2\/types\/page"}],"author":[{"embeddable":true,"href":"https:\/\/semmelweis.hu\/oralis-diagnosztika\/wp-json\/wp\/v2\/users\/126"}],"replies":[{"embeddable":true,"href":"https:\/\/semmelweis.hu\/oralis-diagnosztika\/wp-json\/wp\/v2\/comments?post=2447"}],"version-history":[{"count":1,"href":"https:\/\/semmelweis.hu\/oralis-diagnosztika\/wp-json\/wp\/v2\/pages\/2447\/revisions"}],"predecessor-version":[{"id":2448,"href":"https:\/\/semmelweis.hu\/oralis-diagnosztika\/wp-json\/wp\/v2\/pages\/2447\/revisions\/2448"}],"up":[{"embeddable":true,"href":"https:\/\/semmelweis.hu\/oralis-diagnosztika\/wp-json\/wp\/v2\/pages\/1339"}],"wp:attachment":[{"href":"https:\/\/semmelweis.hu\/oralis-diagnosztika\/wp-json\/wp\/v2\/media?parent=2447"}],"wp:term":[{"taxonomy":"category","embeddable":true,"href":"https:\/\/semmelweis.hu\/oralis-diagnosztika\/wp-json\/wp\/v2\/categories?post=2447"},{"taxonomy":"post_tag","embeddable":true,"href":"https:\/\/semmelweis.hu\/oralis-diagnosztika\/wp-json\/wp\/v2\/tags?post=2447"}],"curies":[{"name":"wp","href":"https:\/\/api.w.org\/{rel}","templated":true}]}}